{"id":5394,"date":"2014-09-16T18:21:18","date_gmt":"2014-09-16T16:21:18","guid":{"rendered":"https:\/\/pequod.nesodd1.no\/?page_id=5394"},"modified":"2015-01-12T10:34:31","modified_gmt":"2015-01-12T09:34:31","slug":"tur-til-haoya-14-09","status":"publish","type":"page","link":"https:\/\/pequod.nesodd1.no\/?page_id=5394","title":{"rendered":"Tur til H\u00e5\u00f8ya 14.09."},"content":{"rendered":"<p>Fantastisk h\u00f8st\/sommerv\u00e6r. Jeg og Sunniva dro avg\u00e5rde s\u00f8ndag formiddag. Landhugg i T\u00e5jebukta, spasertur p\u00e5 land og deretter retur.<\/p>\n\n            \n<h3>Related Images:<\/h3>","protected":false},"excerpt":{"rendered":"<p>Fantastisk h\u00f8st\/sommerv\u00e6r. Jeg og Sunniva dro avg\u00e5rde s\u00f8ndag formiddag. Landhugg i T\u00e5jebukta, spasertur p\u00e5 land og deretter retur. Related Images:<\/p>\n","protected":false},"author":1,"featured_media":0,"parent":5392,"menu_order":0,"comment_status":"open","ping_status":"open","template":"","meta":{"_crdt_document":"","ngg_post_thumbnail":0,"jetpack_post_was_ever_published":false,"footnotes":""},"class_list":["post-5394","page","type-page","status-publish","hentry"],"jetpack_shortlink":"https:\/\/wp.me\/P3Zd9b-1p0","jetpack_sharing_enabled":true,"jetpack_likes_enabled":true,"jetpack-related-posts":[],"_links":{"self":[{"href":"https:\/\/pequod.nesodd1.no\/index.php?rest_route=\/wp\/v2\/pages\/5394","targetHints":{"allow":["GET"]}}],"collection":[{"href":"https:\/\/pequod.nesodd1.no\/index.php?rest_route=\/wp\/v2\/pages"}],"about":[{"href":"https:\/\/pequod.nesodd1.no\/index.php?rest_route=\/wp\/v2\/types\/page"}],"author":[{"embeddable":true,"href":"https:\/\/pequod.nesodd1.no\/index.php?rest_route=\/wp\/v2\/users\/1"}],"replies":[{"embeddable":true,"href":"https:\/\/pequod.nesodd1.no\/index.php?rest_route=%2Fwp%2Fv2%2Fcomments&post=5394"}],"version-history":[{"count":2,"href":"https:\/\/pequod.nesodd1.no\/index.php?rest_route=\/wp\/v2\/pages\/5394\/revisions"}],"predecessor-version":[{"id":6573,"href":"https:\/\/pequod.nesodd1.no\/index.php?rest_route=\/wp\/v2\/pages\/5394\/revisions\/6573"}],"up":[{"embeddable":true,"href":"https:\/\/pequod.nesodd1.no\/index.php?rest_route=\/wp\/v2\/pages\/5392"}],"wp:attachment":[{"href":"https:\/\/pequod.nesodd1.no\/index.php?rest_route=%2Fwp%2Fv2%2Fmedia&parent=5394"}],"curies":[{"name":"wp","href":"https:\/\/api.w.org\/{rel}","templated":true}]}}