{"id":542,"date":"2013-10-15T22:36:05","date_gmt":"2013-10-15T20:36:05","guid":{"rendered":"https:\/\/pequod.nesodd1.no\/?page_id=542"},"modified":"2014-11-12T00:30:45","modified_gmt":"2014-11-11T23:30:45","slug":"min-forste-solotur","status":"publish","type":"page","link":"https:\/\/pequod.nesodd1.no\/?page_id=542","title":{"rendered":"Min f\u00f8rste solotur 15. oktober 2013"},"content":{"rendered":"<p>Egentlig ikke helt planlagt, men n\u00e5r det er fint v\u00e6r s\u00e5&#8230; Kunne tatt mange flere bilder, men ettersom det hele ble tatt litt p\u00e5 sparket, s\u00e5 sluknet mobilen ganske tidlig n\u00e5r jeg var utp\u00e5, s\u00e5 det var ikke s\u00e5 mange bilder jeg rakk \u00e5 ta! Men hadde iPaden oppladet, s\u00e5 jeg holdt oversikten over navigeringen (har ikke den med kamera), s\u00e5 alt gikk som en lek!<\/p>\n<p>&nbsp;<\/p>\n\n            <!-- Blueimp gallery -->\n            <div id=\"blueimp-gallery-6180\" class=\"blueimp-gallery blueimp-gallery-controls\">\n                <div class=\"slides\"><\/div>\n                <h3 class=\"title\"><\/h3>\n                <a class=\"prev\">\u2039<\/a>\n                <a class=\"next\">\u203a<\/a>\n                <a class=\"close\">\u00d7<\/a>\n                <a class=\"play-pause\"><\/a>\n                <ol class=\"indicator\"><\/ol>\n                <div class=\"modal fade\">\n                    <div class=\"modal-dialog\">\n                        <div class=\"modal-content\">\n                            <div class=\"modal-header\">\n                                <button type=\"button\" class=\"close\" aria-hidden=\"true\">\u00d7<\/button>\n                                <h4 class=\"modal-title\"><\/h4>\n                            <\/div>\n                            <div class=\"modal-body next\"><\/div>\n                            <div class=\"modal-footer\">\n                                <button type=\"button\" class=\"btn btn-default pull-left prev\">\n                                    <i class=\"glyphicon glyphicon-chevron-left\"><\/i>\n                                    Previous                                <\/button>\n                                <button type=\"button\" class=\"btn btn-primary next\">\n                                    Next                                    <i class=\"glyphicon glyphicon-chevron-right\"><\/i>\n                                <\/button>\n                            <\/div>\n                        <\/div>\n                    <\/div>\n                <\/div>\n            <\/div>\n\n            <script data-jetpack-boost=\"ignore\" type=\"text\/javascript\">\n            jQuery(function() {\n                jQuery.extend(blueimp.Gallery.prototype.options, {\n                    useBootstrapModal: false,\n                    hidePageScrollbars: false,\n                    container: \"#blueimp-gallery-6180\",\n                });\n            });\n            <\/script>\n\n            \n<h3>Related Images:<\/h3>","protected":false},"excerpt":{"rendered":"<p>Egentlig ikke helt planlagt, men n\u00e5r det er fint v\u00e6r s\u00e5&#8230; Kunne tatt mange flere bilder, men ettersom det hele ble tatt litt p\u00e5 sparket, s\u00e5 sluknet mobilen ganske tidlig n\u00e5r jeg var utp\u00e5, s\u00e5 det var ikke s\u00e5 mange bilder jeg rakk \u00e5 ta! Men hadde iPaden oppladet, s\u00e5 jeg holdt oversikten over navigeringen &hellip;<br \/><a href=\"https:\/\/pequod.nesodd1.no\/?p=6180\" class=\"more-link pen_element_default pen_icon_arrow_double\">Les<\/a><\/p>\n","protected":false},"author":1,"featured_media":0,"parent":122,"menu_order":0,"comment_status":"open","ping_status":"open","template":"","meta":{"_crdt_document":"","ngg_post_thumbnail":0,"jetpack_post_was_ever_published":false,"footnotes":""},"class_list":["post-542","page","type-page","status-publish","hentry"],"jetpack_shortlink":"https:\/\/wp.me\/P3Zd9b-8K","jetpack_sharing_enabled":true,"jetpack_likes_enabled":true,"jetpack-related-posts":[],"_links":{"self":[{"href":"https:\/\/pequod.nesodd1.no\/index.php?rest_route=\/wp\/v2\/pages\/542","targetHints":{"allow":["GET"]}}],"collection":[{"href":"https:\/\/pequod.nesodd1.no\/index.php?rest_route=\/wp\/v2\/pages"}],"about":[{"href":"https:\/\/pequod.nesodd1.no\/index.php?rest_route=\/wp\/v2\/types\/page"}],"author":[{"embeddable":true,"href":"https:\/\/pequod.nesodd1.no\/index.php?rest_route=\/wp\/v2\/users\/1"}],"replies":[{"embeddable":true,"href":"https:\/\/pequod.nesodd1.no\/index.php?rest_route=%2Fwp%2Fv2%2Fcomments&post=542"}],"version-history":[{"count":2,"href":"https:\/\/pequod.nesodd1.no\/index.php?rest_route=\/wp\/v2\/pages\/542\/revisions"}],"predecessor-version":[{"id":6181,"href":"https:\/\/pequod.nesodd1.no\/index.php?rest_route=\/wp\/v2\/pages\/542\/revisions\/6181"}],"up":[{"embeddable":true,"href":"https:\/\/pequod.nesodd1.no\/index.php?rest_route=\/wp\/v2\/pages\/122"}],"wp:attachment":[{"href":"https:\/\/pequod.nesodd1.no\/index.php?rest_route=%2Fwp%2Fv2%2Fmedia&parent=542"}],"curies":[{"name":"wp","href":"https:\/\/api.w.org\/{rel}","templated":true}]}}