{"id":5499,"date":"2014-09-28T18:14:48","date_gmt":"2014-09-28T16:14:48","guid":{"rendered":"https:\/\/pequod.nesodd1.no\/?page_id=5499"},"modified":"2020-10-25T10:53:40","modified_gmt":"2020-10-25T09:53:40","slug":"kalvo-gjestehavn-sverige","status":"publish","type":"page","link":"https:\/\/pequod.nesodd1.no\/?page_id=5499","title":{"rendered":"Kalv\u00f6n gjestehavn (Sverige)"},"content":{"rendered":"<p><strong>Vurdering (5 anker er best): <a href=\"https:\/\/i0.wp.com\/pequod.nesodd1.no\/wp-content\/uploads\/2019\/10\/klistremerker-anker-og-tau-design.jpg.jpg?ssl=1\"><img data-recalc-dims=\"1\" loading=\"lazy\" decoding=\"async\" data-attachment-id=\"16489\" data-permalink=\"https:\/\/pequod.nesodd1.no\/?attachment_id=16489\" data-orig-file=\"https:\/\/i0.wp.com\/pequod.nesodd1.no\/wp-content\/uploads\/2019\/10\/klistremerker-anker-og-tau-design.jpg.jpg?fit=25%2C25&amp;ssl=1\" data-orig-size=\"25,25\" data-comments-opened=\"1\" data-image-meta=\"{&quot;aperture&quot;:&quot;0&quot;,&quot;credit&quot;:&quot;tribalium81&quot;,&quot;camera&quot;:&quot;&quot;,&quot;caption&quot;:&quot;&quot;,&quot;created_timestamp&quot;:&quot;0&quot;,&quot;copyright&quot;:&quot;tribalium81&quot;,&quot;focal_length&quot;:&quot;0&quot;,&quot;iso&quot;:&quot;0&quot;,&quot;shutter_speed&quot;:&quot;0&quot;,&quot;title&quot;:&quot;anchor and rope design&quot;,&quot;orientation&quot;:&quot;1&quot;}\" data-image-title=\"anchor and rope design\" data-image-description=\"\" data-image-caption=\"\" data-large-file=\"https:\/\/i0.wp.com\/pequod.nesodd1.no\/wp-content\/uploads\/2019\/10\/klistremerker-anker-og-tau-design.jpg.jpg?fit=25%2C25&amp;ssl=1\" class=\"alignnone size-full wp-image-16489\" src=\"https:\/\/i0.wp.com\/pequod.nesodd1.no\/wp-content\/uploads\/2019\/10\/klistremerker-anker-og-tau-design.jpg.jpg?resize=25%2C25&#038;ssl=1\" alt=\"\" width=\"25\" height=\"25\"><\/a><a href=\"https:\/\/i0.wp.com\/pequod.nesodd1.no\/wp-content\/uploads\/2019\/10\/klistremerker-anker-og-tau-design.jpg.jpg?ssl=1\"><img data-recalc-dims=\"1\" loading=\"lazy\" decoding=\"async\" data-attachment-id=\"16489\" data-permalink=\"https:\/\/pequod.nesodd1.no\/?attachment_id=16489\" data-orig-file=\"https:\/\/i0.wp.com\/pequod.nesodd1.no\/wp-content\/uploads\/2019\/10\/klistremerker-anker-og-tau-design.jpg.jpg?fit=25%2C25&amp;ssl=1\" data-orig-size=\"25,25\" data-comments-opened=\"1\" data-image-meta=\"{&quot;aperture&quot;:&quot;0&quot;,&quot;credit&quot;:&quot;tribalium81&quot;,&quot;camera&quot;:&quot;&quot;,&quot;caption&quot;:&quot;&quot;,&quot;created_timestamp&quot;:&quot;0&quot;,&quot;copyright&quot;:&quot;tribalium81&quot;,&quot;focal_length&quot;:&quot;0&quot;,&quot;iso&quot;:&quot;0&quot;,&quot;shutter_speed&quot;:&quot;0&quot;,&quot;title&quot;:&quot;anchor and rope design&quot;,&quot;orientation&quot;:&quot;1&quot;}\" data-image-title=\"anchor and rope design\" data-image-description=\"\" data-image-caption=\"\" data-large-file=\"https:\/\/i0.wp.com\/pequod.nesodd1.no\/wp-content\/uploads\/2019\/10\/klistremerker-anker-og-tau-design.jpg.jpg?fit=25%2C25&amp;ssl=1\" class=\"alignnone size-full wp-image-16489\" src=\"https:\/\/i0.wp.com\/pequod.nesodd1.no\/wp-content\/uploads\/2019\/10\/klistremerker-anker-og-tau-design.jpg.jpg?resize=25%2C25&#038;ssl=1\" alt=\"\" width=\"25\" height=\"25\"><\/a><a href=\"https:\/\/i0.wp.com\/pequod.nesodd1.no\/wp-content\/uploads\/2019\/10\/klistremerker-anker-og-tau-design.jpg.jpg?ssl=1\"><img data-recalc-dims=\"1\" loading=\"lazy\" decoding=\"async\" data-attachment-id=\"16489\" data-permalink=\"https:\/\/pequod.nesodd1.no\/?attachment_id=16489\" data-orig-file=\"https:\/\/i0.wp.com\/pequod.nesodd1.no\/wp-content\/uploads\/2019\/10\/klistremerker-anker-og-tau-design.jpg.jpg?fit=25%2C25&amp;ssl=1\" data-orig-size=\"25,25\" data-comments-opened=\"1\" data-image-meta=\"{&quot;aperture&quot;:&quot;0&quot;,&quot;credit&quot;:&quot;tribalium81&quot;,&quot;camera&quot;:&quot;&quot;,&quot;caption&quot;:&quot;&quot;,&quot;created_timestamp&quot;:&quot;0&quot;,&quot;copyright&quot;:&quot;tribalium81&quot;,&quot;focal_length&quot;:&quot;0&quot;,&quot;iso&quot;:&quot;0&quot;,&quot;shutter_speed&quot;:&quot;0&quot;,&quot;title&quot;:&quot;anchor and rope design&quot;,&quot;orientation&quot;:&quot;1&quot;}\" data-image-title=\"anchor and rope design\" data-image-description=\"\" data-image-caption=\"\" data-large-file=\"https:\/\/i0.wp.com\/pequod.nesodd1.no\/wp-content\/uploads\/2019\/10\/klistremerker-anker-og-tau-design.jpg.jpg?fit=25%2C25&amp;ssl=1\" class=\"alignnone size-full wp-image-16489\" src=\"https:\/\/i0.wp.com\/pequod.nesodd1.no\/wp-content\/uploads\/2019\/10\/klistremerker-anker-og-tau-design.jpg.jpg?resize=25%2C25&#038;ssl=1\" alt=\"\" width=\"25\" height=\"25\"><\/a><\/strong><br \/>\n<strong>Posisjon:<\/strong> 58\u00b045&#8217;56.9&#8243;N 11\u00b08&#8217;54.1&#8243;E<br \/>\n<strong>Antall bes\u00f8k:<\/strong> 3 &nbsp;<strong>Sist bes\u00f8kt:<\/strong> 12-13.07. 2019 <a href=\"http:\/\/www.svenskagasthamnar.se\/norra-vastkusten\/kalvon\/\" target=\"_blank\" rel=\"noopener noreferrer\">Hjemmeside<\/a>&nbsp;(uoffisiell).<br \/>\n<strong>Fasiliteter: <\/strong>Utedo, s\u00f8ppel. <strong>Havneavgift (for 29-foter):<\/strong> 120 SEK (via <a href=\"https:\/\/betala.tanumshamn.se\/\" target=\"_blank\" rel=\"noopener noreferrer\">betala.tanumshamn.se<\/a>).<br \/>\n<strong>Fort\u00f8yning<\/strong>: Baug mot brygge og b\u00f8ye\/anker, langsides.<br \/>\n<b>Tilrettelagt for funksjonshemmede:<\/b> Nei.<\/p>\n<p><a href=\"https:\/\/i0.wp.com\/pequod.nesodd1.no\/wp-content\/uploads\/2014\/09\/IMG_6497web.jpg\"><img data-recalc-dims=\"1\" loading=\"lazy\" decoding=\"async\" data-attachment-id=\"6716\" data-permalink=\"https:\/\/pequod.nesodd1.no\/?attachment_id=6716\" data-orig-file=\"https:\/\/i0.wp.com\/pequod.nesodd1.no\/wp-content\/uploads\/2014\/09\/IMG_6497web.jpg?fit=600%2C450&amp;ssl=1\" data-orig-size=\"600,450\" data-comments-opened=\"1\" data-image-meta=\"{&quot;aperture&quot;:&quot;0&quot;,&quot;credit&quot;:&quot;&quot;,&quot;camera&quot;:&quot;&quot;,&quot;caption&quot;:&quot;&quot;,&quot;created_timestamp&quot;:&quot;0&quot;,&quot;copyright&quot;:&quot;&quot;,&quot;focal_length&quot;:&quot;0&quot;,&quot;iso&quot;:&quot;0&quot;,&quot;shutter_speed&quot;:&quot;0&quot;,&quot;title&quot;:&quot;&quot;,&quot;orientation&quot;:&quot;0&quot;}\" data-image-title=\"IMG_6497web\" data-image-description=\"&lt;p&gt;Kalv\u00f6n, Kalv\u00f6&lt;\/p&gt;\n\" data-image-caption=\"\" data-large-file=\"https:\/\/i0.wp.com\/pequod.nesodd1.no\/wp-content\/uploads\/2014\/09\/IMG_6497web.jpg?fit=600%2C450&amp;ssl=1\" class=\"size-medium wp-image-6716 alignleft\" src=\"https:\/\/i0.wp.com\/pequod.nesodd1.no\/wp-content\/uploads\/2014\/09\/IMG_6497web-300x225.jpg?resize=300%2C225\" alt=\"IMG_6497web\" width=\"300\" height=\"225\" srcset=\"https:\/\/i0.wp.com\/pequod.nesodd1.no\/wp-content\/uploads\/2014\/09\/IMG_6497web.jpg?resize=300%2C225&amp;ssl=1 300w, https:\/\/i0.wp.com\/pequod.nesodd1.no\/wp-content\/uploads\/2014\/09\/IMG_6497web.jpg?w=600&amp;ssl=1 600w\" sizes=\"auto, (max-width: 300px) 100vw, 300px\" \/><\/a>Denne idylliske havna er jeg egentlig i tvil om jeg skal nevne (har lyst til \u00e5 holde den for meg selv!), men jeg gj\u00f8r n\u00e5 det likevel!<\/p>\n<p>Den ligger nordvest for Havstensund og jeg ble tipset om den av Lars H. p\u00e5 baatplassen.no. Bildene hans fra stedet var s\u00e5pass fristende at jeg la den inn som siste stopp p\u00e5 min f\u00f8rste Sverigetur. Og den ble ogs\u00e5 bes\u00f8kt sommeren 2016 og i 2019.<\/p>\n<p>Adkomsten til havna er ogs\u00e5 s\u00e5 idyllisk at det holder, du kj\u00f8rer inn i en \u00e5pning i en h\u00f8y stenmolo. Den lille gjestebrygga som ligger innerst har ikke plass til mange b\u00e5ter, men jeg fikk presset meg inn.<\/p>\n<p>Det er en veldig enkel gjestehavn uten andre fasiliteter enn en utedo og en s\u00f8ppelkasse. Glem str\u00f8m, vann og slikt! Rett ved gjestebrygga er det et lite skur der det ligger en stabel med b\u00f8ker som du kan l\u00e5ne etter prinsippet om \u00e5 legge igjen en bok istedenfor den du l\u00e5ner, samt en liten kasse hvor du kan legge en lapp og penger.<\/p>\n<p><a href=\"https:\/\/pequod.nesodd1.no\/?attachment_id=9786\" rel=\"attachment wp-att-9786\"><img data-recalc-dims=\"1\" loading=\"lazy\" decoding=\"async\" data-attachment-id=\"9786\" data-permalink=\"https:\/\/pequod.nesodd1.no\/?attachment_id=9786\" data-orig-file=\"https:\/\/i0.wp.com\/pequod.nesodd1.no\/wp-content\/uploads\/2016\/08\/1-IMG_5597.jpg?fit=1024%2C683&amp;ssl=1\" data-orig-size=\"1024,683\" data-comments-opened=\"1\" data-image-meta=\"{&quot;aperture&quot;:&quot;8&quot;,&quot;credit&quot;:&quot;Picasa&quot;,&quot;camera&quot;:&quot;Canon EOS 700D&quot;,&quot;caption&quot;:&quot;&quot;,&quot;created_timestamp&quot;:&quot;1470475946&quot;,&quot;copyright&quot;:&quot;&quot;,&quot;focal_length&quot;:&quot;18&quot;,&quot;iso&quot;:&quot;100&quot;,&quot;shutter_speed&quot;:&quot;0.005&quot;,&quot;title&quot;:&quot;&quot;,&quot;orientation&quot;:&quot;0&quot;}\" data-image-title=\"1-IMG_5597\" data-image-description=\"\" data-image-caption=\"\" data-large-file=\"https:\/\/i0.wp.com\/pequod.nesodd1.no\/wp-content\/uploads\/2016\/08\/1-IMG_5597.jpg?fit=940%2C627&amp;ssl=1\" class=\"size-medium wp-image-9786 alignright\" src=\"https:\/\/i0.wp.com\/pequod.nesodd1.no\/wp-content\/uploads\/2016\/08\/1-IMG_5597-300x200.jpg?resize=300%2C200\" alt=\"1-IMG_5597\" width=\"300\" height=\"200\" srcset=\"https:\/\/i0.wp.com\/pequod.nesodd1.no\/wp-content\/uploads\/2016\/08\/1-IMG_5597.jpg?resize=300%2C200&amp;ssl=1 300w, https:\/\/i0.wp.com\/pequod.nesodd1.no\/wp-content\/uploads\/2016\/08\/1-IMG_5597.jpg?resize=768%2C512&amp;ssl=1 768w, https:\/\/i0.wp.com\/pequod.nesodd1.no\/wp-content\/uploads\/2016\/08\/1-IMG_5597.jpg?w=1024&amp;ssl=1 1024w\" sizes=\"auto, (max-width: 300px) 100vw, 300px\" \/><\/a>Havneavgiften for overnatting (s\u00e5vidt jeg vet er det ingen avgift for dagbes\u00f8k) m\u00e5tte tidligere betales i kontanter, men denne muligheten er n\u00e5 borte. Man betaler n\u00e5 inn via en nettside.<\/p>\n<p>I et av husene i havneomr\u00e5det skal det ha v\u00e6rt en base for norske motstandsfolk og smuglere under andre verdenskrig, men jeg kjenner ikke s\u00e5 mye mer til den historien.<\/p>\n<p>Kalv\u00f5 henger egentlig sammen med to andre \u00f8yer, det er en fin vei du kan rusle langs, og \u00f8ya inneholder alt fra karrig steinlandskap til frodige beitemarker for buskap og flott natur. Omr\u00e5det er da ogs\u00e5 naturreservat.<\/p>\n<p>En skikkelig idyllisk og litt bortgjemt perle som jeg opps\u00f8ker n\u00e5r jeg har anledning! Det er ikke s\u00e5 mange plasser der, men alltid plass til en b\u00e5t p\u00e5 utsiden. Noe grunt p\u00e5 \u00f8stsiden innerst.<\/p>\n<p><strong>OPPDATERING:<\/strong> Ved mitt siste bes\u00f8k sommeren 2019 var den lille, koselige bua der man kunne bytte b\u00f8ker revet. Det er litt synd. Det tredje ankeret er for idyllen, ikke fasilitetene. Betaling skjer n\u00e5 via app eller hjemmesiden til Tanum kommune.<\/p>\n<figure id=\"attachment_16287\" aria-describedby=\"caption-attachment-16287\" style=\"width: 800px\" class=\"wp-caption aligncenter\"><a href=\"https:\/\/i0.wp.com\/pequod.nesodd1.no\/wp-content\/uploads\/2019\/09\/IMG-0020.jpg?ssl=1\"><img data-recalc-dims=\"1\" loading=\"lazy\" decoding=\"async\" data-attachment-id=\"16287\" data-permalink=\"https:\/\/pequod.nesodd1.no\/?attachment_id=16287\" data-orig-file=\"https:\/\/i0.wp.com\/pequod.nesodd1.no\/wp-content\/uploads\/2019\/09\/IMG-0020.jpg?fit=800%2C600&amp;ssl=1\" data-orig-size=\"800,600\" data-comments-opened=\"1\" data-image-meta=\"{&quot;aperture&quot;:&quot;2.8&quot;,&quot;credit&quot;:&quot;&quot;,&quot;camera&quot;:&quot;iPhone 8 Plus&quot;,&quot;caption&quot;:&quot;&quot;,&quot;created_timestamp&quot;:&quot;1562959505&quot;,&quot;copyright&quot;:&quot;&quot;,&quot;focal_length&quot;:&quot;6.6&quot;,&quot;iso&quot;:&quot;20&quot;,&quot;shutter_speed&quot;:&quot;0.0013333333333333&quot;,&quot;title&quot;:&quot;&quot;,&quot;orientation&quot;:&quot;1&quot;}\" data-image-title=\"IMG-0020\" data-image-description=\"&lt;p&gt;Kalv\u00f6, Kalv\u00f6n, Sverige&lt;\/p&gt;\n\" data-image-caption=\"&lt;p&gt;Kalv\u00f6&lt;\/p&gt;\n\" data-large-file=\"https:\/\/i0.wp.com\/pequod.nesodd1.no\/wp-content\/uploads\/2019\/09\/IMG-0020.jpg?fit=800%2C600&amp;ssl=1\" class=\"size-full wp-image-16287\" src=\"https:\/\/i0.wp.com\/pequod.nesodd1.no\/wp-content\/uploads\/2019\/09\/IMG-0020.jpg?resize=800%2C600&#038;ssl=1\" alt=\"\" width=\"800\" height=\"600\" srcset=\"https:\/\/i0.wp.com\/pequod.nesodd1.no\/wp-content\/uploads\/2019\/09\/IMG-0020.jpg?w=800&amp;ssl=1 800w, https:\/\/i0.wp.com\/pequod.nesodd1.no\/wp-content\/uploads\/2019\/09\/IMG-0020.jpg?resize=100%2C75&amp;ssl=1 100w, https:\/\/i0.wp.com\/pequod.nesodd1.no\/wp-content\/uploads\/2019\/09\/IMG-0020.jpg?resize=300%2C225&amp;ssl=1 300w, https:\/\/i0.wp.com\/pequod.nesodd1.no\/wp-content\/uploads\/2019\/09\/IMG-0020.jpg?resize=768%2C576&amp;ssl=1 768w\" sizes=\"auto, (max-width: 800px) 100vw, 800px\" \/><\/a><figcaption id=\"caption-attachment-16287\" class=\"wp-caption-text\">Kalv\u00f6<\/figcaption><\/figure>\n<h3>Related Images:<\/h3>","protected":false},"excerpt":{"rendered":"<p>Vurdering (5 anker er best): Posisjon: 58\u00b045&#8217;56.9&#8243;N 11\u00b08&#8217;54.1&#8243;E Antall bes\u00f8k: 3 &nbsp;Sist bes\u00f8kt: 12-13.07. 2019 Hjemmeside&nbsp;(uoffisiell). Fasiliteter: Utedo, s\u00f8ppel. Havneavgift (for 29-foter): 120 SEK (via betala.tanumshamn.se). Fort\u00f8yning: Baug mot brygge og b\u00f8ye\/anker, langsides. Tilrettelagt for funksjonshemmede: Nei. Denne idylliske havna er jeg egentlig i tvil om jeg skal nevne (har lyst til \u00e5 holde den &hellip;<br \/><a href=\"https:\/\/pequod.nesodd1.no\/?page_id=5499\" class=\"more-link pen_element_default pen_icon_arrow_double\">Les<\/a><\/p>\n","protected":false},"author":1,"featured_media":13346,"parent":5493,"menu_order":0,"comment_status":"open","ping_status":"open","template":"","meta":{"_crdt_document":"","ngg_post_thumbnail":0,"jetpack_post_was_ever_published":false,"footnotes":""},"class_list":["post-5499","page","type-page","status-publish","has-post-thumbnail","hentry"],"jetpack_shortlink":"https:\/\/wp.me\/P3Zd9b-1qH","jetpack_sharing_enabled":true,"jetpack_likes_enabled":true,"jetpack-related-posts":[],"_links":{"self":[{"href":"https:\/\/pequod.nesodd1.no\/index.php?rest_route=\/wp\/v2\/pages\/5499","targetHints":{"allow":["GET"]}}],"collection":[{"href":"https:\/\/pequod.nesodd1.no\/index.php?rest_route=\/wp\/v2\/pages"}],"about":[{"href":"https:\/\/pequod.nesodd1.no\/index.php?rest_route=\/wp\/v2\/types\/page"}],"author":[{"embeddable":true,"href":"https:\/\/pequod.nesodd1.no\/index.php?rest_route=\/wp\/v2\/users\/1"}],"replies":[{"embeddable":true,"href":"https:\/\/pequod.nesodd1.no\/index.php?rest_route=%2Fwp%2Fv2%2Fcomments&post=5499"}],"version-history":[{"count":19,"href":"https:\/\/pequod.nesodd1.no\/index.php?rest_route=\/wp\/v2\/pages\/5499\/revisions"}],"predecessor-version":[{"id":20429,"href":"https:\/\/pequod.nesodd1.no\/index.php?rest_route=\/wp\/v2\/pages\/5499\/revisions\/20429"}],"up":[{"embeddable":true,"href":"https:\/\/pequod.nesodd1.no\/index.php?rest_route=\/wp\/v2\/pages\/5493"}],"wp:featuredmedia":[{"embeddable":true,"href":"https:\/\/pequod.nesodd1.no\/index.php?rest_route=\/wp\/v2\/media\/13346"}],"wp:attachment":[{"href":"https:\/\/pequod.nesodd1.no\/index.php?rest_route=%2Fwp%2Fv2%2Fmedia&parent=5499"}],"curies":[{"name":"wp","href":"https:\/\/api.w.org\/{rel}","templated":true}]}}