{"id":5503,"date":"2014-09-28T18:16:02","date_gmt":"2014-09-28T16:16:02","guid":{"rendered":"https:\/\/pequod.nesodd1.no\/?page_id=5503"},"modified":"2022-12-03T22:44:05","modified_gmt":"2022-12-03T21:44:05","slug":"son-gjestehavn","status":"publish","type":"page","link":"https:\/\/pequod.nesodd1.no\/?page_id=5503","title":{"rendered":"Son gjestehavn"},"content":{"rendered":"<p><strong>Vurdering (5 anker er best): <a href=\"https:\/\/i0.wp.com\/pequod.nesodd1.no\/wp-content\/uploads\/2019\/10\/klistremerker-anker-og-tau-design.jpg.jpg?ssl=1\"><img data-recalc-dims=\"1\" loading=\"lazy\" decoding=\"async\" data-attachment-id=\"16489\" data-permalink=\"https:\/\/pequod.nesodd1.no\/?attachment_id=16489\" data-orig-file=\"https:\/\/i0.wp.com\/pequod.nesodd1.no\/wp-content\/uploads\/2019\/10\/klistremerker-anker-og-tau-design.jpg.jpg?fit=25%2C25&amp;ssl=1\" data-orig-size=\"25,25\" data-comments-opened=\"1\" data-image-meta=\"{&quot;aperture&quot;:&quot;0&quot;,&quot;credit&quot;:&quot;tribalium81&quot;,&quot;camera&quot;:&quot;&quot;,&quot;caption&quot;:&quot;&quot;,&quot;created_timestamp&quot;:&quot;0&quot;,&quot;copyright&quot;:&quot;tribalium81&quot;,&quot;focal_length&quot;:&quot;0&quot;,&quot;iso&quot;:&quot;0&quot;,&quot;shutter_speed&quot;:&quot;0&quot;,&quot;title&quot;:&quot;anchor and rope design&quot;,&quot;orientation&quot;:&quot;1&quot;}\" data-image-title=\"anchor and rope design\" data-image-description=\"\" data-image-caption=\"\" data-large-file=\"https:\/\/i0.wp.com\/pequod.nesodd1.no\/wp-content\/uploads\/2019\/10\/klistremerker-anker-og-tau-design.jpg.jpg?fit=25%2C25&amp;ssl=1\" class=\"alignnone size-full wp-image-16489\" src=\"https:\/\/i0.wp.com\/pequod.nesodd1.no\/wp-content\/uploads\/2019\/10\/klistremerker-anker-og-tau-design.jpg.jpg?resize=25%2C25&#038;ssl=1\" alt=\"\" width=\"25\" height=\"25\"><\/a><a href=\"https:\/\/i0.wp.com\/pequod.nesodd1.no\/wp-content\/uploads\/2019\/10\/klistremerker-anker-og-tau-design.jpg.jpg?ssl=1\"><img data-recalc-dims=\"1\" loading=\"lazy\" decoding=\"async\" data-attachment-id=\"16489\" data-permalink=\"https:\/\/pequod.nesodd1.no\/?attachment_id=16489\" data-orig-file=\"https:\/\/i0.wp.com\/pequod.nesodd1.no\/wp-content\/uploads\/2019\/10\/klistremerker-anker-og-tau-design.jpg.jpg?fit=25%2C25&amp;ssl=1\" data-orig-size=\"25,25\" data-comments-opened=\"1\" data-image-meta=\"{&quot;aperture&quot;:&quot;0&quot;,&quot;credit&quot;:&quot;tribalium81&quot;,&quot;camera&quot;:&quot;&quot;,&quot;caption&quot;:&quot;&quot;,&quot;created_timestamp&quot;:&quot;0&quot;,&quot;copyright&quot;:&quot;tribalium81&quot;,&quot;focal_length&quot;:&quot;0&quot;,&quot;iso&quot;:&quot;0&quot;,&quot;shutter_speed&quot;:&quot;0&quot;,&quot;title&quot;:&quot;anchor and rope design&quot;,&quot;orientation&quot;:&quot;1&quot;}\" data-image-title=\"anchor and rope design\" data-image-description=\"\" data-image-caption=\"\" data-large-file=\"https:\/\/i0.wp.com\/pequod.nesodd1.no\/wp-content\/uploads\/2019\/10\/klistremerker-anker-og-tau-design.jpg.jpg?fit=25%2C25&amp;ssl=1\" class=\"alignnone size-full wp-image-16489\" src=\"https:\/\/i0.wp.com\/pequod.nesodd1.no\/wp-content\/uploads\/2019\/10\/klistremerker-anker-og-tau-design.jpg.jpg?resize=25%2C25&#038;ssl=1\" alt=\"\" width=\"25\" height=\"25\"><\/a><\/strong><br \/>\n<strong>Posisjon:<\/strong> 59\u00b031&#8217;27.1&#8243;N 10\u00b041&#8217;7.9&#8243;E<br \/>\n<strong>Bes\u00f8kt antall ganger:<\/strong> 14 <strong>Sist bes\u00f8kt:<\/strong> 30.11.22 <strong>Webkamera: <\/strong><a href=\"https:\/\/sonhavn.rj45.no:9997\/web-bilder\/vidvinkel\/vidvinkel000M.jpg\" target=\"_blank\" rel=\"noopener noreferrer\">1<\/a> <a href=\"https:\/\/sonhavn.rj45.no:9997\/web-bilder\/syd\/syd000M.jpg\" target=\"_blank\" rel=\"noopener noreferrer\">2<\/a> <a href=\"https:\/\/sonhavn.rj45.no:9997\/web-bilder\/dampskipskaia\/dampskip000M.jpg\" target=\"_blank\" rel=\"noopener noreferrer\">3<\/a> <a href=\"https:\/\/sonhavn.rj45.no:9997\/web-bilder\/landganggb2\/landganggb2000M.jpg\" target=\"_blank\" rel=\"noopener noreferrer\">4<\/a> <a href=\"https:\/\/sonhavn.rj45.no:9997\/web-bilder\/indrehavnelager\/indrehavnelager000M.jpg\" target=\"_blank\" rel=\"noopener noreferrer\">5<\/a> <a href=\"https:\/\/sonhavn.rj45.no:9997\/web-bilder\/indrebryggenb\/indrebryggenb000M.jpg\" target=\"_blank\" rel=\"noopener noreferrer\">6<\/a> <a href=\"https:\/\/sonhavn.rj45.no:9997\/web-bilder\/landgangnb\/landgangnb000M.jpg\" target=\"_blank\" rel=\"noopener noreferrer\">7<\/a> <a href=\"https:\/\/sonhavn.rj45.no:9997\/web-bilder\/septik\/septik000M.jpg\" target=\"_blank\" rel=\"noopener noreferrer\">8<\/a>&nbsp;<a title=\"Son\" href=\"\/\/www.sonhavn.no\/gjestehavn\/\" target=\"_blank\" rel=\"noopener noreferrer\">Hjemmeside<\/a><br \/>\n<strong>Fasiliteter:<\/strong> Str\u00f8m, vann, toaletter, dusj, internett, vaskemaskiner, bokl\u00e5n, septikt\u00f8mming..<br \/>\nButikk, kafe og b\u00e5tutstyrsbutikk i umiddelbar n\u00e6rhet.<br \/>\n<strong>Havneavgift (for 29-foter):<\/strong> 340 NOK. Automat. Dockspot.<br \/>\n<strong>Fort\u00f8yning:<\/strong> B\u00e5s og langsides.&nbsp;<br \/>\n<b>Tilrettelagt for funksjonshemmede:<\/b> Ja, egen handicapbrygge. Bra Son! Men et stort minus at den hverken har str\u00f8m eller vann! Er kanskje strengt tatt ikke beregnet p\u00e5 overnatting.<\/p>\n<p><a href=\"https:\/\/i0.wp.com\/pequod.nesodd1.no\/wp-content\/uploads\/2014\/09\/IMG_0266web.jpg\"><img data-recalc-dims=\"1\" loading=\"lazy\" decoding=\"async\" data-attachment-id=\"6720\" data-permalink=\"https:\/\/pequod.nesodd1.no\/?attachment_id=6720\" data-orig-file=\"https:\/\/i0.wp.com\/pequod.nesodd1.no\/wp-content\/uploads\/2014\/09\/IMG_0266web.jpg?fit=600%2C401&amp;ssl=1\" data-orig-size=\"600,401\" data-comments-opened=\"1\" data-image-meta=\"{&quot;aperture&quot;:&quot;0&quot;,&quot;credit&quot;:&quot;&quot;,&quot;camera&quot;:&quot;&quot;,&quot;caption&quot;:&quot;&quot;,&quot;created_timestamp&quot;:&quot;0&quot;,&quot;copyright&quot;:&quot;&quot;,&quot;focal_length&quot;:&quot;0&quot;,&quot;iso&quot;:&quot;0&quot;,&quot;shutter_speed&quot;:&quot;0&quot;,&quot;title&quot;:&quot;&quot;,&quot;orientation&quot;:&quot;0&quot;}\" data-image-title=\"IMG_0266web\" data-image-description=\"&lt;p&gt;Son&lt;\/p&gt;\n\" data-image-caption=\"\" data-large-file=\"https:\/\/i0.wp.com\/pequod.nesodd1.no\/wp-content\/uploads\/2014\/09\/IMG_0266web.jpg?fit=600%2C401&amp;ssl=1\" class=\"alignright size-medium wp-image-6720\" src=\"https:\/\/i0.wp.com\/pequod.nesodd1.no\/wp-content\/uploads\/2014\/09\/IMG_0266web-300x201.jpg?resize=300%2C201\" alt=\"IMG_0266web\" width=\"300\" height=\"201\" srcset=\"https:\/\/i0.wp.com\/pequod.nesodd1.no\/wp-content\/uploads\/2014\/09\/IMG_0266web.jpg?resize=300%2C201&amp;ssl=1 300w, https:\/\/i0.wp.com\/pequod.nesodd1.no\/wp-content\/uploads\/2014\/09\/IMG_0266web.jpg?w=600&amp;ssl=1 600w\" sizes=\"auto, (max-width: 300px) 100vw, 300px\" \/><\/a>F\u00f8rste gang jeg bes\u00f8kte Son&nbsp;var da jeg og mine to d\u00f8tre dro p\u00e5 en tre dager lang b\u00e5ttur i august 2014. Vi overnattet f\u00f8rste natt nettopp i gjestehavna i Son, og ankom havna da klokka var litt f\u00f8r 22.<\/p>\n<p>I midten av august &#8211; og p\u00e5 en torsdag &#8211; var det ikke veldig mange andre b\u00e5ter \u00e5 se i havna da vi kom, og i tillegg var det jo begynt \u00e5 blir m\u00f8rkt. Men vi fant fram til betalingsautomaten, som sto helt oppe ved servicebygget. P\u00e5 kvitteringen stod ogs\u00e5 kode til l\u00e5sen til servicebygget, og koden til det tr\u00e5dl\u00f8se nettverket.<\/p>\n<p>Inne i selve bygget er det rene og flotte toaletter, dusjrom og vaskemaskiner, samt en liten avdeling med b\u00f8ker til byttel\u00e5n (legg-igjen-en-bok-og-l\u00e5n-med-deg-en-annen-prinsippet).<\/p>\n<p>N\u00e5 trengte vi ikke \u00e5 bruke annet enn toalett og fort\u00f8yningsb\u00e5sen, og slikt sett var kanskje 250 kroner noe i overkant? Hadde vi kommet p\u00e5 formiddagen og f\u00e5tt med oss Son i tillegg ville det kanskje ikke v\u00e6rt s\u00e5 ille.<\/p>\n<figure id=\"attachment_13277\" aria-describedby=\"caption-attachment-13277\" style=\"width: 300px\" class=\"wp-caption alignright\"><a href=\"https:\/\/i0.wp.com\/pequod.nesodd1.no\/wp-content\/uploads\/2018\/01\/IMG_7223.JPG.d030d8085fcd8d9c172052147325cd55.jpg?ssl=1\"><img data-recalc-dims=\"1\" loading=\"lazy\" decoding=\"async\" data-attachment-id=\"13277\" data-permalink=\"https:\/\/pequod.nesodd1.no\/?attachment_id=13277\" data-orig-file=\"https:\/\/i0.wp.com\/pequod.nesodd1.no\/wp-content\/uploads\/2018\/01\/IMG_7223.JPG.d030d8085fcd8d9c172052147325cd55.jpg?fit=1000%2C749&amp;ssl=1\" data-orig-size=\"1000,749\" data-comments-opened=\"1\" data-image-meta=\"{&quot;aperture&quot;:&quot;0&quot;,&quot;credit&quot;:&quot;&quot;,&quot;camera&quot;:&quot;&quot;,&quot;caption&quot;:&quot;&quot;,&quot;created_timestamp&quot;:&quot;0&quot;,&quot;copyright&quot;:&quot;&quot;,&quot;focal_length&quot;:&quot;0&quot;,&quot;iso&quot;:&quot;0&quot;,&quot;shutter_speed&quot;:&quot;0&quot;,&quot;title&quot;:&quot;&quot;,&quot;orientation&quot;:&quot;0&quot;}\" data-image-title=\"IMG_7223.JPG.d030d8085fcd8d9c172052147325cd55\" data-image-description=\"&lt;p&gt;Son&lt;\/p&gt;\n\" data-image-caption=\"&lt;p&gt;P\u00e5 plass i Son!&lt;\/p&gt;\n\" data-large-file=\"https:\/\/i0.wp.com\/pequod.nesodd1.no\/wp-content\/uploads\/2018\/01\/IMG_7223.JPG.d030d8085fcd8d9c172052147325cd55.jpg?fit=940%2C704&amp;ssl=1\" class=\"size-medium wp-image-13277\" src=\"https:\/\/i0.wp.com\/pequod.nesodd1.no\/wp-content\/uploads\/2018\/01\/IMG_7223.JPG.d030d8085fcd8d9c172052147325cd55.jpg?resize=300%2C225&#038;ssl=1\" alt=\"\" width=\"300\" height=\"225\" srcset=\"https:\/\/i0.wp.com\/pequod.nesodd1.no\/wp-content\/uploads\/2018\/01\/IMG_7223.JPG.d030d8085fcd8d9c172052147325cd55.jpg?resize=300%2C225&amp;ssl=1 300w, https:\/\/i0.wp.com\/pequod.nesodd1.no\/wp-content\/uploads\/2018\/01\/IMG_7223.JPG.d030d8085fcd8d9c172052147325cd55.jpg?resize=100%2C75&amp;ssl=1 100w, https:\/\/i0.wp.com\/pequod.nesodd1.no\/wp-content\/uploads\/2018\/01\/IMG_7223.JPG.d030d8085fcd8d9c172052147325cd55.jpg?resize=768%2C575&amp;ssl=1 768w, https:\/\/i0.wp.com\/pequod.nesodd1.no\/wp-content\/uploads\/2018\/01\/IMG_7223.JPG.d030d8085fcd8d9c172052147325cd55.jpg?w=1000&amp;ssl=1 1000w\" sizes=\"auto, (max-width: 300px) 100vw, 300px\" \/><\/a><figcaption id=\"caption-attachment-13277\" class=\"wp-caption-text\">P\u00e5 plass i Son med gamleb\u00e5ten<\/figcaption><\/figure>\n<p>Denne gangen kom vi alts\u00e5 sent, lagde en sen middag i b\u00e5ten og sov til ti-tiden dagen etter. Da hadde vi to timer p\u00e5 oss til \u00e5 handle og se litt av stedet f\u00f8r vi m\u00e5tte dra, for da gikk billetten ut. Litt lite igjen for pengene kanskje&#8230;<\/p>\n<p>Men gjestehavna er flott den, og gjestebrygga er den f\u00f8rste du f\u00e5r p\u00e5 styrbord side n\u00e5r du kommer inn. Etterp\u00e5 fant vi ogs\u00e5 ut at det var mulig \u00e5 legge seg longside helt inne ved bryggene langs land.<\/p>\n<p>Noe irriterende synes jeg det er at prisene ikke st\u00e5r oppf\u00f8rt p\u00e5 hjemmesiden. P\u00e5 den positive siden er vel dette den gjestehavna som har flest webkameraer tilgjengelig &#8211; hele \u00e5tte! Da er det fort gjort \u00e5 sjekke om det ser fullt ut eller ikke, noe jeg liker \u00e5 ha muligheten til.<\/p>\n<p>Mitt andre bes\u00f8k ble gjennomf\u00f8rt i oktober 2015, og mitt tredje i november. Begge gangene la jeg til ved handicapbrygga og overnattet. Gjestehavna kj\u00f8rte da et lavsesongstilbud der alle b\u00e5ter betalte 250 kr &#8211; som er prisen for b\u00e5ter opp til 29 fot. Sikkert fint for de som har store b\u00e5ter, men en som jeg, som alts\u00e5 har en 24 fots b\u00e5t, m\u00e5 alts\u00e5 betale h\u00f8ysesongpris hele \u00e5ret&#8230; Tydelig hva slags kunder de \u00f8nsker \u00e5 ha!<\/p>\n<p>De seneste \u00e5rene er det blitt enda verre. Nederste trinn er n\u00e5 satt til under 39 fot og prisen er satt opp til 340 kroner. S\u00e5 ved mitt bes\u00f8k i november 2022 betalte jeg full pris, like mye som om det hadde v\u00e6rt p\u00e5 sommeren!&nbsp;<\/p>\n<figure id=\"attachment_15690\" aria-describedby=\"caption-attachment-15690\" style=\"width: 300px\" class=\"wp-caption alignleft\"><a href=\"https:\/\/i0.wp.com\/pequod.nesodd1.no\/wp-content\/uploads\/2019\/05\/IMG-8753.jpg?ssl=1\"><img data-recalc-dims=\"1\" loading=\"lazy\" decoding=\"async\" data-attachment-id=\"15690\" data-permalink=\"https:\/\/pequod.nesodd1.no\/?attachment_id=15690\" data-orig-file=\"https:\/\/i0.wp.com\/pequod.nesodd1.no\/wp-content\/uploads\/2019\/05\/IMG-8753.jpg?fit=4032%2C3024&amp;ssl=1\" data-orig-size=\"4032,3024\" data-comments-opened=\"1\" data-image-meta=\"{&quot;aperture&quot;:&quot;1.8&quot;,&quot;credit&quot;:&quot;&quot;,&quot;camera&quot;:&quot;iPhone 8 Plus&quot;,&quot;caption&quot;:&quot;&quot;,&quot;created_timestamp&quot;:&quot;1556478776&quot;,&quot;copyright&quot;:&quot;&quot;,&quot;focal_length&quot;:&quot;3.99&quot;,&quot;iso&quot;:&quot;20&quot;,&quot;shutter_speed&quot;:&quot;0.00075018754688672&quot;,&quot;title&quot;:&quot;&quot;,&quot;orientation&quot;:&quot;1&quot;}\" data-image-title=\"IMG-8753\" data-image-description=\"&lt;p&gt;Son, drivstoff&lt;\/p&gt;\n\" data-image-caption=\"&lt;p&gt;Ved drivstoffbrygga i Son for f\u00f8rste gang&lt;\/p&gt;\n\" data-large-file=\"https:\/\/i0.wp.com\/pequod.nesodd1.no\/wp-content\/uploads\/2019\/05\/IMG-8753.jpg?fit=940%2C705&amp;ssl=1\" class=\"size-medium wp-image-15690\" src=\"https:\/\/i0.wp.com\/pequod.nesodd1.no\/wp-content\/uploads\/2019\/05\/IMG-8753.jpg?resize=300%2C225&#038;ssl=1\" alt=\"\" width=\"300\" height=\"225\" srcset=\"https:\/\/i0.wp.com\/pequod.nesodd1.no\/wp-content\/uploads\/2019\/05\/IMG-8753.jpg?resize=300%2C225&amp;ssl=1 300w, https:\/\/i0.wp.com\/pequod.nesodd1.no\/wp-content\/uploads\/2019\/05\/IMG-8753.jpg?resize=100%2C75&amp;ssl=1 100w, https:\/\/i0.wp.com\/pequod.nesodd1.no\/wp-content\/uploads\/2019\/05\/IMG-8753.jpg?resize=768%2C576&amp;ssl=1 768w, https:\/\/i0.wp.com\/pequod.nesodd1.no\/wp-content\/uploads\/2019\/05\/IMG-8753.jpg?resize=1024%2C768&amp;ssl=1 1024w, https:\/\/i0.wp.com\/pequod.nesodd1.no\/wp-content\/uploads\/2019\/05\/IMG-8753.jpg?w=1880&amp;ssl=1 1880w, https:\/\/i0.wp.com\/pequod.nesodd1.no\/wp-content\/uploads\/2019\/05\/IMG-8753.jpg?w=2820&amp;ssl=1 2820w\" sizes=\"auto, (max-width: 300px) 100vw, 300px\" \/><\/a><figcaption id=\"caption-attachment-15690\" class=\"wp-caption-text\">Ved drivstoffbrygga med nyb\u00e5ten<\/figcaption><\/figure>\n<p>Det er ogs\u00e5&nbsp;fint med egen handicap-brygge, og det er den eneste gjestehavna jeg har v\u00e6rt i som har en slik brygge. Men det er et stort minus ved den, og det er at at det hverken er str\u00f8m eller vann tilgjengelig p\u00e5 den? Trenger ikke funksjonshemmede det like mye som andre b\u00e5tfolk? Brygga er tydeligvis mest ment for av- og p\u00e5lessing eller dagsopphold, og drar dermed egentlig det positive f\u00f8rsteinntrykket med en slik brygge ganske kraftig ned!<\/p>\n<p>Dessverre er det ogs\u00e5 blitt slik at jeg unng\u00e5r denne havna n\u00e5r jeg kan, spesielt utenfor h\u00f8ysesongen, p\u00e5 grunn av det noe provoserende &laquo;pristilbudet&raquo;.&nbsp; De burde heller ha gjort som for eksempel i Mandal, der prisen halveres for alle b\u00e5tst\u00f8rrelser i lavsesongen.<\/p>\n<p>Akkurat som p\u00e5 Aker Brygge gjestehavn f\u00f8ler jeg meg egentlig ikke s\u00e5 veldig velkommen i en 24-foter i Son, det er helt tydelig hva slags kunder de \u00f8nsker \u00e5 ha! Jeg har overnattet der ved noen tilfeller, men kommer heretter til \u00e5 velge enten Moss eller Oscarsborg istedenfor. Du f\u00e5r mer for en rimeligere penge i begge disse havnene.<\/p>\n<p>Har bes\u00f8kt Son flere ganger enn det som st\u00e5r oppf\u00f8rt, blant annet for \u00e5 tanke, samt en overnatting hvor jeg l\u00e5nte en privat plass. Men greit \u00e5 ligge her p\u00e5 en dagplass for \u00e5 kunne handle p\u00e5 butikken eller ta en matbit p\u00e5 en av de mange restaurantene i omr\u00e5det. Har forel\u00f8pig bare pr\u00f8vd to av dem. Son er jo et koselig sted. Har ogs\u00e5 m\u00f8tt havnesjefen &#8211; som ble k\u00e5ret til \u00c5rets Havnevert i 2016 &#8211; og han virket jo hyggelig nok.<\/p>\n<p>Men dette er alts\u00e5 langt fra favoritthavna mi. Og det er prisniv\u00e5et \u00e5ret rundt samt at de opererer med h\u00f8yere minsteklasser i st\u00f8rrelse enn omtrent alle andre gjestehavner jeg har bes\u00f8kt, som gj\u00f8r at jeg fortsatt unng\u00e5r Son hvis jeg ikke m\u00e5.<\/p>\n<p><a href=\"https:\/\/i0.wp.com\/pequod.nesodd1.no\/wp-content\/uploads\/2020\/03\/IMG-2242.jpg?ssl=1\"><img data-recalc-dims=\"1\" loading=\"lazy\" decoding=\"async\" data-attachment-id=\"17602\" data-permalink=\"https:\/\/pequod.nesodd1.no\/?attachment_id=17602\" data-orig-file=\"https:\/\/i0.wp.com\/pequod.nesodd1.no\/wp-content\/uploads\/2020\/03\/IMG-2242.jpg?fit=900%2C675&amp;ssl=1\" data-orig-size=\"900,675\" data-comments-opened=\"1\" data-image-meta=\"{&quot;aperture&quot;:&quot;1.8&quot;,&quot;credit&quot;:&quot;&quot;,&quot;camera&quot;:&quot;iPhone 8 Plus&quot;,&quot;caption&quot;:&quot;&quot;,&quot;created_timestamp&quot;:&quot;1570362856&quot;,&quot;copyright&quot;:&quot;&quot;,&quot;focal_length&quot;:&quot;3.99&quot;,&quot;iso&quot;:&quot;20&quot;,&quot;shutter_speed&quot;:&quot;0.00033300033300033&quot;,&quot;title&quot;:&quot;&quot;,&quot;orientation&quot;:&quot;1&quot;}\" data-image-title=\"IMG-2242\" data-image-description=\"&lt;p&gt;Son, gjestehavn&lt;\/p&gt;\n\" data-image-caption=\"&lt;p&gt;Son er langt fra en favoritt&amp;#8230;&lt;\/p&gt;\n\" data-large-file=\"https:\/\/i0.wp.com\/pequod.nesodd1.no\/wp-content\/uploads\/2020\/03\/IMG-2242.jpg?fit=900%2C675&amp;ssl=1\" class=\"aligncenter size-full wp-image-17602\" src=\"https:\/\/i0.wp.com\/pequod.nesodd1.no\/wp-content\/uploads\/2020\/03\/IMG-2242.jpg?resize=900%2C675&#038;ssl=1\" alt=\"\" width=\"900\" height=\"675\" srcset=\"https:\/\/i0.wp.com\/pequod.nesodd1.no\/wp-content\/uploads\/2020\/03\/IMG-2242.jpg?w=900&amp;ssl=1 900w, https:\/\/i0.wp.com\/pequod.nesodd1.no\/wp-content\/uploads\/2020\/03\/IMG-2242.jpg?resize=300%2C225&amp;ssl=1 300w, https:\/\/i0.wp.com\/pequod.nesodd1.no\/wp-content\/uploads\/2020\/03\/IMG-2242.jpg?resize=100%2C75&amp;ssl=1 100w, https:\/\/i0.wp.com\/pequod.nesodd1.no\/wp-content\/uploads\/2020\/03\/IMG-2242.jpg?resize=768%2C576&amp;ssl=1 768w\" sizes=\"auto, (max-width: 900px) 100vw, 900px\" \/><\/a><\/p>\n<p>&nbsp;<\/p>\n<p>&nbsp;<\/p>\n<h3>Related Images:<\/h3>","protected":false},"excerpt":{"rendered":"<p>Vurdering (5 anker er best): Posisjon: 59\u00b031&#8217;27.1&#8243;N 10\u00b041&#8217;7.9&#8243;E Bes\u00f8kt antall ganger: 14 Sist bes\u00f8kt: 30.11.22 Webkamera: 1 2 3 4 5 6 7 8&nbsp;Hjemmeside Fasiliteter: Str\u00f8m, vann, toaletter, dusj, internett, vaskemaskiner, bokl\u00e5n, septikt\u00f8mming.. Butikk, kafe og b\u00e5tutstyrsbutikk i umiddelbar n\u00e6rhet. Havneavgift (for 29-foter): 340 NOK. Automat. Dockspot. Fort\u00f8yning: B\u00e5s og langsides.&nbsp; Tilrettelagt for funksjonshemmede: Ja, &hellip;<br \/><a href=\"https:\/\/pequod.nesodd1.no\/?page_id=5503\" class=\"more-link pen_element_default pen_icon_arrow_double\">Les<\/a><\/p>\n","protected":false},"author":1,"featured_media":15148,"parent":5493,"menu_order":0,"comment_status":"open","ping_status":"open","template":"","meta":{"_crdt_document":"","ngg_post_thumbnail":0,"jetpack_post_was_ever_published":false,"footnotes":""},"class_list":["post-5503","page","type-page","status-publish","has-post-thumbnail","hentry"],"jetpack_shortlink":"https:\/\/wp.me\/P3Zd9b-1qL","jetpack_sharing_enabled":true,"jetpack_likes_enabled":true,"jetpack-related-posts":[],"_links":{"self":[{"href":"https:\/\/pequod.nesodd1.no\/index.php?rest_route=\/wp\/v2\/pages\/5503","targetHints":{"allow":["GET"]}}],"collection":[{"href":"https:\/\/pequod.nesodd1.no\/index.php?rest_route=\/wp\/v2\/pages"}],"about":[{"href":"https:\/\/pequod.nesodd1.no\/index.php?rest_route=\/wp\/v2\/types\/page"}],"author":[{"embeddable":true,"href":"https:\/\/pequod.nesodd1.no\/index.php?rest_route=\/wp\/v2\/users\/1"}],"replies":[{"embeddable":true,"href":"https:\/\/pequod.nesodd1.no\/index.php?rest_route=%2Fwp%2Fv2%2Fcomments&post=5503"}],"version-history":[{"count":32,"href":"https:\/\/pequod.nesodd1.no\/index.php?rest_route=\/wp\/v2\/pages\/5503\/revisions"}],"predecessor-version":[{"id":25756,"href":"https:\/\/pequod.nesodd1.no\/index.php?rest_route=\/wp\/v2\/pages\/5503\/revisions\/25756"}],"up":[{"embeddable":true,"href":"https:\/\/pequod.nesodd1.no\/index.php?rest_route=\/wp\/v2\/pages\/5493"}],"wp:featuredmedia":[{"embeddable":true,"href":"https:\/\/pequod.nesodd1.no\/index.php?rest_route=\/wp\/v2\/media\/15148"}],"wp:attachment":[{"href":"https:\/\/pequod.nesodd1.no\/index.php?rest_route=%2Fwp%2Fv2%2Fmedia&parent=5503"}],"curies":[{"name":"wp","href":"https:\/\/api.w.org\/{rel}","templated":true}]}}