{"id":5509,"date":"2014-09-28T18:17:46","date_gmt":"2014-09-28T16:17:46","guid":{"rendered":"https:\/\/pequod.nesodd1.no\/?page_id=5509"},"modified":"2025-08-12T00:07:07","modified_gmt":"2025-08-11T22:07:07","slug":"tajebukta-haoya","status":"publish","type":"page","link":"https:\/\/pequod.nesodd1.no\/?page_id=5509","title":{"rendered":"T\u00e5jebukta (H\u00e5\u00f8ya)"},"content":{"rendered":"<p><strong>Vurdering (5 anker er best): <a href=\"https:\/\/i0.wp.com\/pequod.nesodd1.no\/wp-content\/uploads\/2019\/10\/klistremerker-anker-og-tau-design.jpg.jpg?ssl=1\"><img data-recalc-dims=\"1\" loading=\"lazy\" decoding=\"async\" data-attachment-id=\"16489\" data-permalink=\"https:\/\/pequod.nesodd1.no\/?attachment_id=16489\" data-orig-file=\"https:\/\/i0.wp.com\/pequod.nesodd1.no\/wp-content\/uploads\/2019\/10\/klistremerker-anker-og-tau-design.jpg.jpg?fit=25%2C25&amp;ssl=1\" data-orig-size=\"25,25\" data-comments-opened=\"1\" data-image-meta=\"{&quot;aperture&quot;:&quot;0&quot;,&quot;credit&quot;:&quot;tribalium81&quot;,&quot;camera&quot;:&quot;&quot;,&quot;caption&quot;:&quot;&quot;,&quot;created_timestamp&quot;:&quot;0&quot;,&quot;copyright&quot;:&quot;tribalium81&quot;,&quot;focal_length&quot;:&quot;0&quot;,&quot;iso&quot;:&quot;0&quot;,&quot;shutter_speed&quot;:&quot;0&quot;,&quot;title&quot;:&quot;anchor and rope design&quot;,&quot;orientation&quot;:&quot;1&quot;}\" data-image-title=\"anchor and rope design\" data-image-description=\"\" data-image-caption=\"\" data-large-file=\"https:\/\/i0.wp.com\/pequod.nesodd1.no\/wp-content\/uploads\/2019\/10\/klistremerker-anker-og-tau-design.jpg.jpg?fit=25%2C25&amp;ssl=1\" class=\"alignnone size-full wp-image-16489\" src=\"https:\/\/i0.wp.com\/pequod.nesodd1.no\/wp-content\/uploads\/2019\/10\/klistremerker-anker-og-tau-design.jpg.jpg?resize=25%2C25&#038;ssl=1\" alt=\"\" width=\"25\" height=\"25\"><\/a><a href=\"https:\/\/i0.wp.com\/pequod.nesodd1.no\/wp-content\/uploads\/2019\/10\/klistremerker-anker-og-tau-design.jpg.jpg?ssl=1\"><img data-recalc-dims=\"1\" loading=\"lazy\" decoding=\"async\" data-attachment-id=\"16489\" data-permalink=\"https:\/\/pequod.nesodd1.no\/?attachment_id=16489\" data-orig-file=\"https:\/\/i0.wp.com\/pequod.nesodd1.no\/wp-content\/uploads\/2019\/10\/klistremerker-anker-og-tau-design.jpg.jpg?fit=25%2C25&amp;ssl=1\" data-orig-size=\"25,25\" data-comments-opened=\"1\" data-image-meta=\"{&quot;aperture&quot;:&quot;0&quot;,&quot;credit&quot;:&quot;tribalium81&quot;,&quot;camera&quot;:&quot;&quot;,&quot;caption&quot;:&quot;&quot;,&quot;created_timestamp&quot;:&quot;0&quot;,&quot;copyright&quot;:&quot;tribalium81&quot;,&quot;focal_length&quot;:&quot;0&quot;,&quot;iso&quot;:&quot;0&quot;,&quot;shutter_speed&quot;:&quot;0&quot;,&quot;title&quot;:&quot;anchor and rope design&quot;,&quot;orientation&quot;:&quot;1&quot;}\" data-image-title=\"anchor and rope design\" data-image-description=\"\" data-image-caption=\"\" data-large-file=\"https:\/\/i0.wp.com\/pequod.nesodd1.no\/wp-content\/uploads\/2019\/10\/klistremerker-anker-og-tau-design.jpg.jpg?fit=25%2C25&amp;ssl=1\" class=\"alignnone size-full wp-image-16489\" src=\"https:\/\/i0.wp.com\/pequod.nesodd1.no\/wp-content\/uploads\/2019\/10\/klistremerker-anker-og-tau-design.jpg.jpg?resize=25%2C25&#038;ssl=1\" alt=\"\" width=\"25\" height=\"25\"><\/a><a href=\"https:\/\/i0.wp.com\/pequod.nesodd1.no\/wp-content\/uploads\/2019\/10\/klistremerker-anker-og-tau-design.jpg.jpg?ssl=1\"><img data-recalc-dims=\"1\" loading=\"lazy\" decoding=\"async\" data-attachment-id=\"16489\" data-permalink=\"https:\/\/pequod.nesodd1.no\/?attachment_id=16489\" data-orig-file=\"https:\/\/i0.wp.com\/pequod.nesodd1.no\/wp-content\/uploads\/2019\/10\/klistremerker-anker-og-tau-design.jpg.jpg?fit=25%2C25&amp;ssl=1\" data-orig-size=\"25,25\" data-comments-opened=\"1\" data-image-meta=\"{&quot;aperture&quot;:&quot;0&quot;,&quot;credit&quot;:&quot;tribalium81&quot;,&quot;camera&quot;:&quot;&quot;,&quot;caption&quot;:&quot;&quot;,&quot;created_timestamp&quot;:&quot;0&quot;,&quot;copyright&quot;:&quot;tribalium81&quot;,&quot;focal_length&quot;:&quot;0&quot;,&quot;iso&quot;:&quot;0&quot;,&quot;shutter_speed&quot;:&quot;0&quot;,&quot;title&quot;:&quot;anchor and rope design&quot;,&quot;orientation&quot;:&quot;1&quot;}\" data-image-title=\"anchor and rope design\" data-image-description=\"\" data-image-caption=\"\" data-large-file=\"https:\/\/i0.wp.com\/pequod.nesodd1.no\/wp-content\/uploads\/2019\/10\/klistremerker-anker-og-tau-design.jpg.jpg?fit=25%2C25&amp;ssl=1\" class=\"alignnone size-full wp-image-16489\" src=\"https:\/\/i0.wp.com\/pequod.nesodd1.no\/wp-content\/uploads\/2019\/10\/klistremerker-anker-og-tau-design.jpg.jpg?resize=25%2C25&#038;ssl=1\" alt=\"\" width=\"25\" height=\"25\"><\/a><\/strong><br \/>\n<strong>Posisjon:<\/strong> 59\u00b041&#8217;53.9&#8243;N 10\u00b033&#8217;30.6&#8243;E<br \/>\n<strong>Antall bes\u00f8k<\/strong>: 7 <strong>Sist bes\u00f8kt:&nbsp;<\/strong>August 2025<br \/>\n<strong>Fasiliteter:<\/strong> &nbsp;Toaletter, utedusj, s\u00f8ppelt\u00f8mming, flaskepant. Toalettene oppgradert betydelig ved mitt siste bes\u00f8k. Kaf\u00e9.<br \/>\n<b>Tilrettelagt for funksjonshemmede:<\/b> Ikke spesielt bortsett fra handicaptoalett er p\u00e5 plass.<\/p>\n<p>T\u00e5jebukta ligger idyllisk til p\u00e5 vestre side av H\u00e5\u00f8ya, etter Dragsund.<\/p>\n<figure id=\"attachment_11591\" aria-describedby=\"caption-attachment-11591\" style=\"width: 300px\" class=\"wp-caption alignleft\"><a href=\"https:\/\/i0.wp.com\/pequod.nesodd1.no\/wp-content\/uploads\/2017\/03\/img_1411.jpg?ssl=1\"><img data-recalc-dims=\"1\" loading=\"lazy\" decoding=\"async\" data-attachment-id=\"11591\" data-permalink=\"https:\/\/pequod.nesodd1.no\/?attachment_id=11591\" data-orig-file=\"https:\/\/i0.wp.com\/pequod.nesodd1.no\/wp-content\/uploads\/2017\/03\/img_1411.jpg?fit=1024%2C768&amp;ssl=1\" data-orig-size=\"1024,768\" data-comments-opened=\"1\" data-image-meta=\"{&quot;aperture&quot;:&quot;0&quot;,&quot;credit&quot;:&quot;&quot;,&quot;camera&quot;:&quot;&quot;,&quot;caption&quot;:&quot;&quot;,&quot;created_timestamp&quot;:&quot;0&quot;,&quot;copyright&quot;:&quot;&quot;,&quot;focal_length&quot;:&quot;0&quot;,&quot;iso&quot;:&quot;0&quot;,&quot;shutter_speed&quot;:&quot;0&quot;,&quot;title&quot;:&quot;&quot;,&quot;orientation&quot;:&quot;1&quot;}\" data-image-title=\"img_1411.jpg\" data-image-description=\"&lt;p&gt;T\u00e5jebukta, Nidelv 24, H\u00e5\u00f8ya&lt;\/p&gt;\n\" data-image-caption=\"&lt;p&gt;T\u00e5jebukta p\u00e5 H\u00e5\u00f8ya er ogs\u00e5 det jeg vil kalle en uthavn.&lt;\/p&gt;\n\" data-large-file=\"https:\/\/i0.wp.com\/pequod.nesodd1.no\/wp-content\/uploads\/2017\/03\/img_1411.jpg?fit=940%2C705&amp;ssl=1\" class=\"wp-image-11591 size-medium\" src=\"https:\/\/i0.wp.com\/pequod.nesodd1.no\/wp-content\/uploads\/2017\/03\/img_1411.jpg?resize=300%2C225&#038;ssl=1\" alt=\"\" width=\"300\" height=\"225\" srcset=\"https:\/\/i0.wp.com\/pequod.nesodd1.no\/wp-content\/uploads\/2017\/03\/img_1411.jpg?resize=300%2C225&amp;ssl=1 300w, https:\/\/i0.wp.com\/pequod.nesodd1.no\/wp-content\/uploads\/2017\/03\/img_1411.jpg?resize=768%2C576&amp;ssl=1 768w, https:\/\/i0.wp.com\/pequod.nesodd1.no\/wp-content\/uploads\/2017\/03\/img_1411.jpg?w=1024&amp;ssl=1 1024w\" sizes=\"auto, (max-width: 300px) 100vw, 300px\" \/><\/a><figcaption id=\"caption-attachment-11591\" class=\"wp-caption-text\"><em>Fra et av mine f\u00f8rste bes\u00f8k.<\/em><\/figcaption><\/figure>\n<p>T\u00e5jebukta er et veldig koselig sted, og egentlig foretrekker jeg \u00e5 ligge her framfor i Dragsund lenger nord. Men det er f\u00e5 plasser her og veldig spartansk utstyrt per i dag, s\u00e5 derfor ikke mer enn to anker. I tillegg er s\u00e6rlig den ytterste delen av trebrygga i sesongen okkupert av personer som tror de har &laquo;hevd&raquo; p\u00e5 \u00e5 v\u00e6re der, og som av egen erfaring ikke akkurat er spesielt gjestfrie eller hilser p\u00e5 andre b\u00e5tfolk&#8230;<\/p>\n<p>Det har ikke v\u00e6rt noe stort problem hos meg ettersom jeg de gangene jeg har v\u00e6rt der stort sett er utenom hovedsesongen eller p\u00e5 stille dager. Da er det en liten idyll.<\/p>\n<p>Det er noen enkle toaletter like ved. Ved de to f\u00f8rste bes\u00f8kene mine denne sommeren fungerte ikke vannet der, slik at det sto to p\u00f8ser utenfor som du m\u00e5tte bruke for \u00e5 hente sj\u00f8vann til \u00e5 skylle ned med selv.&nbsp;I mai 2016 fungerte toalettene som de skulle.<\/p>\n<p>Om sommeren (f\u00f8rste gang i 2014) er det samme vei, men lengre innover, \u00e5pen en liten kafe\/bakeri som serverer b\u00e5de hjemmebakte br\u00f8d og egenlaget ost fra geitene p\u00e5 \u00f8ya. H\u00e5\u00f8ya Naturverksted heter det.<\/p>\n<p><strong><a href=\"https:\/\/i0.wp.com\/pequod.nesodd1.no\/wp-content\/uploads\/2021\/04\/171891846_10157754540227032_2752064128002064423_n.jpg?ssl=1\"><img data-recalc-dims=\"1\" loading=\"lazy\" decoding=\"async\" data-attachment-id=\"21560\" data-permalink=\"https:\/\/pequod.nesodd1.no\/?attachment_id=21560\" data-orig-file=\"https:\/\/i0.wp.com\/pequod.nesodd1.no\/wp-content\/uploads\/2021\/04\/171891846_10157754540227032_2752064128002064423_n.jpg?fit=960%2C720&amp;ssl=1\" data-orig-size=\"960,720\" data-comments-opened=\"1\" data-image-meta=\"{&quot;aperture&quot;:&quot;0&quot;,&quot;credit&quot;:&quot;&quot;,&quot;camera&quot;:&quot;&quot;,&quot;caption&quot;:&quot;&quot;,&quot;created_timestamp&quot;:&quot;0&quot;,&quot;copyright&quot;:&quot;&quot;,&quot;focal_length&quot;:&quot;0&quot;,&quot;iso&quot;:&quot;0&quot;,&quot;shutter_speed&quot;:&quot;0&quot;,&quot;title&quot;:&quot;&quot;,&quot;orientation&quot;:&quot;0&quot;}\" data-image-title=\"171891846_10157754540227032_2752064128002064423_n\" data-image-description=\"&lt;p&gt;T\u00e5jebukta, H\u00e5\u00f8ya&lt;\/p&gt;\n\" data-image-caption=\"\" data-large-file=\"https:\/\/i0.wp.com\/pequod.nesodd1.no\/wp-content\/uploads\/2021\/04\/171891846_10157754540227032_2752064128002064423_n.jpg?fit=940%2C705&amp;ssl=1\" class=\"alignright wp-image-21560 size-medium\" src=\"https:\/\/i0.wp.com\/pequod.nesodd1.no\/wp-content\/uploads\/2021\/04\/171891846_10157754540227032_2752064128002064423_n.jpg?resize=300%2C225&#038;ssl=1\" alt=\"\" width=\"300\" height=\"225\" srcset=\"https:\/\/i0.wp.com\/pequod.nesodd1.no\/wp-content\/uploads\/2021\/04\/171891846_10157754540227032_2752064128002064423_n.jpg?resize=300%2C225&amp;ssl=1 300w, https:\/\/i0.wp.com\/pequod.nesodd1.no\/wp-content\/uploads\/2021\/04\/171891846_10157754540227032_2752064128002064423_n.jpg?resize=100%2C75&amp;ssl=1 100w, https:\/\/i0.wp.com\/pequod.nesodd1.no\/wp-content\/uploads\/2021\/04\/171891846_10157754540227032_2752064128002064423_n.jpg?resize=768%2C576&amp;ssl=1 768w, https:\/\/i0.wp.com\/pequod.nesodd1.no\/wp-content\/uploads\/2021\/04\/171891846_10157754540227032_2752064128002064423_n.jpg?w=960&amp;ssl=1 960w\" sizes=\"auto, (max-width: 300px) 100vw, 300px\" \/><\/a>OPPDATERING 2021:<\/strong> Arbeidet med \u00e5 legge ut flere flytebrygger og b\u00f8yer\/staker ble p\u00e5begynt h\u00f8sten 2020.&nbsp; Bildet til h\u00f8yre er fra et bes\u00f8k i 2021. Flere flytebrygger er i ferd med \u00e5 settes p\u00e5 plass. Det skal legges ut utriggere ogs\u00e5. Men inntil videre ser det ut til at det er longsidefort\u00f8yning som gjelder. En del arbeide gjenst\u00e5r ogs\u00e5 p\u00e5 bryggene p\u00e5 landsiden. Kan bli veldig bra dette!<\/p>\n<p><strong>OPPDATERING 2025:<\/strong><\/p>\n<p>Kom meg endelig p\u00e5 et nytt bes\u00f8k her, fire \u00e5r etter sist gang.&nbsp; Det var p\u00e5 tide, for mye har skjedd! Alle de nye flytebryggene er for lengst p\u00e5 plass og det er b\u00e5ser med gangbare utriggere p\u00e5 de fleste plassene. Kun mulighet til \u00e5 ligge langsides p\u00e5 ytterste brygge.<\/p>\n<p><a href=\"https:\/\/i0.wp.com\/pequod.nesodd1.no\/wp-content\/uploads\/2025\/08\/531269724_10161282328157032_1480656682727232266_n.jpg?ssl=1\"><img data-recalc-dims=\"1\" loading=\"lazy\" decoding=\"async\" data-attachment-id=\"30598\" data-permalink=\"https:\/\/pequod.nesodd1.no\/?attachment_id=30598\" data-orig-file=\"https:\/\/i0.wp.com\/pequod.nesodd1.no\/wp-content\/uploads\/2025\/08\/531269724_10161282328157032_1480656682727232266_n.jpg?fit=2048%2C1536&amp;ssl=1\" data-orig-size=\"2048,1536\" data-comments-opened=\"1\" data-image-meta=\"{&quot;aperture&quot;:&quot;0&quot;,&quot;credit&quot;:&quot;&quot;,&quot;camera&quot;:&quot;&quot;,&quot;caption&quot;:&quot;&quot;,&quot;created_timestamp&quot;:&quot;0&quot;,&quot;copyright&quot;:&quot;&quot;,&quot;focal_length&quot;:&quot;0&quot;,&quot;iso&quot;:&quot;0&quot;,&quot;shutter_speed&quot;:&quot;0&quot;,&quot;title&quot;:&quot;&quot;,&quot;orientation&quot;:&quot;0&quot;}\" data-image-title=\"531269724_10161282328157032_1480656682727232266_n\" data-image-description=\"&lt;p&gt;T\u00e5jebukta&lt;\/p&gt;\n\" data-image-caption=\"\" data-large-file=\"https:\/\/i0.wp.com\/pequod.nesodd1.no\/wp-content\/uploads\/2025\/08\/531269724_10161282328157032_1480656682727232266_n.jpg?fit=940%2C705&amp;ssl=1\" class=\"alignleft wp-image-30598 size-medium\" src=\"https:\/\/i0.wp.com\/pequod.nesodd1.no\/wp-content\/uploads\/2025\/08\/531269724_10161282328157032_1480656682727232266_n.jpg?resize=300%2C225&#038;ssl=1\" alt=\"\" width=\"300\" height=\"225\" srcset=\"https:\/\/i0.wp.com\/pequod.nesodd1.no\/wp-content\/uploads\/2025\/08\/531269724_10161282328157032_1480656682727232266_n.jpg?resize=300%2C225&amp;ssl=1 300w, https:\/\/i0.wp.com\/pequod.nesodd1.no\/wp-content\/uploads\/2025\/08\/531269724_10161282328157032_1480656682727232266_n.jpg?resize=1024%2C768&amp;ssl=1 1024w, https:\/\/i0.wp.com\/pequod.nesodd1.no\/wp-content\/uploads\/2025\/08\/531269724_10161282328157032_1480656682727232266_n.jpg?resize=100%2C75&amp;ssl=1 100w, https:\/\/i0.wp.com\/pequod.nesodd1.no\/wp-content\/uploads\/2025\/08\/531269724_10161282328157032_1480656682727232266_n.jpg?resize=768%2C576&amp;ssl=1 768w, https:\/\/i0.wp.com\/pequod.nesodd1.no\/wp-content\/uploads\/2025\/08\/531269724_10161282328157032_1480656682727232266_n.jpg?resize=1536%2C1152&amp;ssl=1 1536w, https:\/\/i0.wp.com\/pequod.nesodd1.no\/wp-content\/uploads\/2025\/08\/531269724_10161282328157032_1480656682727232266_n.jpg?w=2048&amp;ssl=1 2048w, https:\/\/i0.wp.com\/pequod.nesodd1.no\/wp-content\/uploads\/2025\/08\/531269724_10161282328157032_1480656682727232266_n.jpg?w=1880&amp;ssl=1 1880w\" sizes=\"auto, (max-width: 300px) 100vw, 300px\" \/><\/a>Det er ikke noe str\u00f8m eller vann tilgjengelig, men det er avfallscontainere plassert p\u00e5 den innerste brygga. Der er det ogs\u00e5 plassert en container for flaskepant.<\/p>\n<p>Kafeen til H\u00e5\u00f8ya Naturverksted er flyttet fra lenger nord p\u00e5 \u00f8ya og ned til T\u00e5jebukta. Der er det sitteplasser b\u00e5de inne og ute.<\/p>\n<p>P\u00e5 bes\u00f8ket i august 2025 var de tomme for sine kanelsnurrer, men solgte et surdeigsbr\u00f8d som smakte veldig godt og som var bakt samme dag p\u00e5 \u00f8ya, i en vedfyrt ovn. I kafeen f\u00e5r man ogs\u00e5 varm mat.<\/p>\n<p>Geitene p\u00e5 \u00f8ya s\u00f8rger b\u00e5de for at \u00f8ya ikke blir helt nedgrodd og for melk til osten som ogs\u00e5 lages her. Popul\u00e6re \u00e5 bes\u00f8ke b\u00e5de for barn og voksne, skulle jeg tro.<\/p>\n<p>&nbsp;<\/p>\n<p><a href=\"https:\/\/i0.wp.com\/pequod.nesodd1.no\/wp-content\/uploads\/2025\/08\/531319099_10161282328257032_6779986834904736016_n.jpg?ssl=1\"><img data-recalc-dims=\"1\" loading=\"lazy\" decoding=\"async\" data-attachment-id=\"30602\" data-permalink=\"https:\/\/pequod.nesodd1.no\/?attachment_id=30602\" data-orig-file=\"https:\/\/i0.wp.com\/pequod.nesodd1.no\/wp-content\/uploads\/2025\/08\/531319099_10161282328257032_6779986834904736016_n.jpg?fit=2048%2C1152&amp;ssl=1\" data-orig-size=\"2048,1152\" data-comments-opened=\"1\" data-image-meta=\"{&quot;aperture&quot;:&quot;0&quot;,&quot;credit&quot;:&quot;&quot;,&quot;camera&quot;:&quot;&quot;,&quot;caption&quot;:&quot;&quot;,&quot;created_timestamp&quot;:&quot;0&quot;,&quot;copyright&quot;:&quot;&quot;,&quot;focal_length&quot;:&quot;0&quot;,&quot;iso&quot;:&quot;0&quot;,&quot;shutter_speed&quot;:&quot;0&quot;,&quot;title&quot;:&quot;&quot;,&quot;orientation&quot;:&quot;0&quot;}\" data-image-title=\"531319099_10161282328257032_6779986834904736016_n\" data-image-description=\"\" data-image-caption=\"\" data-large-file=\"https:\/\/i0.wp.com\/pequod.nesodd1.no\/wp-content\/uploads\/2025\/08\/531319099_10161282328257032_6779986834904736016_n.jpg?fit=940%2C529&amp;ssl=1\" class=\"aligncenter size-large wp-image-30602\" src=\"https:\/\/i0.wp.com\/pequod.nesodd1.no\/wp-content\/uploads\/2025\/08\/531319099_10161282328257032_6779986834904736016_n.jpg?resize=940%2C529&#038;ssl=1\" alt=\"\" width=\"940\" height=\"529\" srcset=\"https:\/\/i0.wp.com\/pequod.nesodd1.no\/wp-content\/uploads\/2025\/08\/531319099_10161282328257032_6779986834904736016_n.jpg?resize=1024%2C576&amp;ssl=1 1024w, https:\/\/i0.wp.com\/pequod.nesodd1.no\/wp-content\/uploads\/2025\/08\/531319099_10161282328257032_6779986834904736016_n.jpg?resize=300%2C169&amp;ssl=1 300w, https:\/\/i0.wp.com\/pequod.nesodd1.no\/wp-content\/uploads\/2025\/08\/531319099_10161282328257032_6779986834904736016_n.jpg?resize=100%2C56&amp;ssl=1 100w, https:\/\/i0.wp.com\/pequod.nesodd1.no\/wp-content\/uploads\/2025\/08\/531319099_10161282328257032_6779986834904736016_n.jpg?resize=768%2C432&amp;ssl=1 768w, https:\/\/i0.wp.com\/pequod.nesodd1.no\/wp-content\/uploads\/2025\/08\/531319099_10161282328257032_6779986834904736016_n.jpg?resize=1536%2C864&amp;ssl=1 1536w, https:\/\/i0.wp.com\/pequod.nesodd1.no\/wp-content\/uploads\/2025\/08\/531319099_10161282328257032_6779986834904736016_n.jpg?w=2048&amp;ssl=1 2048w, https:\/\/i0.wp.com\/pequod.nesodd1.no\/wp-content\/uploads\/2025\/08\/531319099_10161282328257032_6779986834904736016_n.jpg?w=1880&amp;ssl=1 1880w\" sizes=\"auto, (max-width: 940px) 100vw, 940px\" \/><\/a><\/p>\n<p>&nbsp;<\/p>\n<h3>Related Images:<\/h3>","protected":false},"excerpt":{"rendered":"<p>Vurdering (5 anker er best): Posisjon: 59\u00b041&#8217;53.9&#8243;N 10\u00b033&#8217;30.6&#8243;E Antall bes\u00f8k: 7 Sist bes\u00f8kt:&nbsp;August 2025 Fasiliteter: &nbsp;Toaletter, utedusj, s\u00f8ppelt\u00f8mming, flaskepant. Toalettene oppgradert betydelig ved mitt siste bes\u00f8k. Kaf\u00e9. Tilrettelagt for funksjonshemmede: Ikke spesielt bortsett fra handicaptoalett er p\u00e5 plass. T\u00e5jebukta ligger idyllisk til p\u00e5 vestre side av H\u00e5\u00f8ya, etter Dragsund. T\u00e5jebukta er et veldig koselig sted, &hellip;<br \/><a href=\"https:\/\/pequod.nesodd1.no\/?page_id=5509\" class=\"more-link pen_element_default pen_icon_arrow_double\">Les<\/a><\/p>\n","protected":false},"author":1,"featured_media":30601,"parent":5495,"menu_order":0,"comment_status":"open","ping_status":"open","template":"","meta":{"_crdt_document":"","ngg_post_thumbnail":0,"jetpack_post_was_ever_published":false,"footnotes":""},"class_list":["post-5509","page","type-page","status-publish","has-post-thumbnail","hentry"],"jetpack_shortlink":"https:\/\/wp.me\/P3Zd9b-1qR","jetpack_sharing_enabled":true,"jetpack_likes_enabled":true,"jetpack-related-posts":[],"_links":{"self":[{"href":"https:\/\/pequod.nesodd1.no\/index.php?rest_route=\/wp\/v2\/pages\/5509","targetHints":{"allow":["GET"]}}],"collection":[{"href":"https:\/\/pequod.nesodd1.no\/index.php?rest_route=\/wp\/v2\/pages"}],"about":[{"href":"https:\/\/pequod.nesodd1.no\/index.php?rest_route=\/wp\/v2\/types\/page"}],"author":[{"embeddable":true,"href":"https:\/\/pequod.nesodd1.no\/index.php?rest_route=\/wp\/v2\/users\/1"}],"replies":[{"embeddable":true,"href":"https:\/\/pequod.nesodd1.no\/index.php?rest_route=%2Fwp%2Fv2%2Fcomments&post=5509"}],"version-history":[{"count":21,"href":"https:\/\/pequod.nesodd1.no\/index.php?rest_route=\/wp\/v2\/pages\/5509\/revisions"}],"predecessor-version":[{"id":30605,"href":"https:\/\/pequod.nesodd1.no\/index.php?rest_route=\/wp\/v2\/pages\/5509\/revisions\/30605"}],"up":[{"embeddable":true,"href":"https:\/\/pequod.nesodd1.no\/index.php?rest_route=\/wp\/v2\/pages\/5495"}],"wp:featuredmedia":[{"embeddable":true,"href":"https:\/\/pequod.nesodd1.no\/index.php?rest_route=\/wp\/v2\/media\/30601"}],"wp:attachment":[{"href":"https:\/\/pequod.nesodd1.no\/index.php?rest_route=%2Fwp%2Fv2%2Fmedia&parent=5509"}],"curies":[{"name":"wp","href":"https:\/\/api.w.org\/{rel}","templated":true}]}}