{"id":5639,"date":"2014-10-13T10:35:51","date_gmt":"2014-10-13T08:35:51","guid":{"rendered":"https:\/\/pequod.nesodd1.no\/?page_id=5639"},"modified":"2025-08-24T22:19:54","modified_gmt":"2025-08-24T20:19:54","slug":"sykehusbrygga-horten","status":"publish","type":"page","link":"https:\/\/pequod.nesodd1.no\/?page_id=5639","title":{"rendered":"Horten, sykehusbrygga"},"content":{"rendered":"<p><strong>Vurdering (5 anker er best): <a href=\"https:\/\/i0.wp.com\/pequod.nesodd1.no\/wp-content\/uploads\/2019\/10\/klistremerker-anker-og-tau-design.jpg.jpg?ssl=1\"><img data-recalc-dims=\"1\" loading=\"lazy\" decoding=\"async\" data-attachment-id=\"16489\" data-permalink=\"https:\/\/pequod.nesodd1.no\/?attachment_id=16489\" data-orig-file=\"https:\/\/i0.wp.com\/pequod.nesodd1.no\/wp-content\/uploads\/2019\/10\/klistremerker-anker-og-tau-design.jpg.jpg?fit=25%2C25&amp;ssl=1\" data-orig-size=\"25,25\" data-comments-opened=\"1\" data-image-meta=\"{&quot;aperture&quot;:&quot;0&quot;,&quot;credit&quot;:&quot;tribalium81&quot;,&quot;camera&quot;:&quot;&quot;,&quot;caption&quot;:&quot;&quot;,&quot;created_timestamp&quot;:&quot;0&quot;,&quot;copyright&quot;:&quot;tribalium81&quot;,&quot;focal_length&quot;:&quot;0&quot;,&quot;iso&quot;:&quot;0&quot;,&quot;shutter_speed&quot;:&quot;0&quot;,&quot;title&quot;:&quot;anchor and rope design&quot;,&quot;orientation&quot;:&quot;1&quot;}\" data-image-title=\"anchor and rope design\" data-image-description=\"\" data-image-caption=\"\" data-large-file=\"https:\/\/i0.wp.com\/pequod.nesodd1.no\/wp-content\/uploads\/2019\/10\/klistremerker-anker-og-tau-design.jpg.jpg?fit=25%2C25&amp;ssl=1\" class=\"alignnone size-full wp-image-16489\" src=\"https:\/\/i0.wp.com\/pequod.nesodd1.no\/wp-content\/uploads\/2019\/10\/klistremerker-anker-og-tau-design.jpg.jpg?resize=25%2C25&#038;ssl=1\" alt=\"\" width=\"25\" height=\"25\"><\/a><a href=\"https:\/\/i0.wp.com\/pequod.nesodd1.no\/wp-content\/uploads\/2019\/10\/klistremerker-anker-og-tau-design.jpg.jpg?ssl=1\"><img data-recalc-dims=\"1\" loading=\"lazy\" decoding=\"async\" data-attachment-id=\"16489\" data-permalink=\"https:\/\/pequod.nesodd1.no\/?attachment_id=16489\" data-orig-file=\"https:\/\/i0.wp.com\/pequod.nesodd1.no\/wp-content\/uploads\/2019\/10\/klistremerker-anker-og-tau-design.jpg.jpg?fit=25%2C25&amp;ssl=1\" data-orig-size=\"25,25\" data-comments-opened=\"1\" data-image-meta=\"{&quot;aperture&quot;:&quot;0&quot;,&quot;credit&quot;:&quot;tribalium81&quot;,&quot;camera&quot;:&quot;&quot;,&quot;caption&quot;:&quot;&quot;,&quot;created_timestamp&quot;:&quot;0&quot;,&quot;copyright&quot;:&quot;tribalium81&quot;,&quot;focal_length&quot;:&quot;0&quot;,&quot;iso&quot;:&quot;0&quot;,&quot;shutter_speed&quot;:&quot;0&quot;,&quot;title&quot;:&quot;anchor and rope design&quot;,&quot;orientation&quot;:&quot;1&quot;}\" data-image-title=\"anchor and rope design\" data-image-description=\"\" data-image-caption=\"\" data-large-file=\"https:\/\/i0.wp.com\/pequod.nesodd1.no\/wp-content\/uploads\/2019\/10\/klistremerker-anker-og-tau-design.jpg.jpg?fit=25%2C25&amp;ssl=1\" class=\"alignnone size-full wp-image-16489\" src=\"https:\/\/i0.wp.com\/pequod.nesodd1.no\/wp-content\/uploads\/2019\/10\/klistremerker-anker-og-tau-design.jpg.jpg?resize=25%2C25&#038;ssl=1\" alt=\"\" width=\"25\" height=\"25\"><\/a><\/strong><br \/>\n<strong>Posisjon:<\/strong> 59\u00b025&#8217;30.5&#8243;N 10\u00b029&#8217;9.9&#8243;E<br \/>\n<strong>Antall bes\u00f8k:<\/strong> 5 <strong>Sist bes\u00f8kt:<\/strong> Juli 2025 <a href=\"https:\/\/www.hortenhavn.no\/vaer-og-vind-webkamera\/#cam-1\" target=\"_blank\" rel=\"noopener\">Webkamera <\/a>&nbsp; <a title=\"Sykehusbrygga\" href=\"http:\/\/www.hortenhavn.no\" target=\"_blank\" rel=\"noopener noreferrer\">Hjemmeside<\/a><br \/>\n<strong>Fasiliteter:<\/strong> Ingen. Kafe Breda i umiddelbar n\u00e6rhet. Toalett der.<br \/>\n<strong>Havneavgift (for 29-foter):<\/strong> 130 NOK d\u00f8gn. Betales p\u00e5 Europarks automat.<br \/>\n<b>Tilrettelagt for funksjonshemmede:<\/b> Nei. Det ligger to flytebrygger der man kan legge til longside, men det er ikke utpreget enkelt \u00e5 komme seg i land derfra. Selve sykehusbrygga er absolutt ikke tilrettelagt.<\/p>\n<p><a href=\"https:\/\/i0.wp.com\/pequod.nesodd1.no\/wp-content\/uploads\/2014\/10\/sykehusbrygga.jpg\"><img data-recalc-dims=\"1\" loading=\"lazy\" decoding=\"async\" data-attachment-id=\"5644\" data-permalink=\"https:\/\/pequod.nesodd1.no\/?attachment_id=5644\" data-orig-file=\"https:\/\/i0.wp.com\/pequod.nesodd1.no\/wp-content\/uploads\/2014\/10\/sykehusbrygga-e1413705954458.jpg?fit=800%2C600&amp;ssl=1\" data-orig-size=\"800,600\" data-comments-opened=\"1\" data-image-meta=\"{&quot;aperture&quot;:&quot;2.2&quot;,&quot;credit&quot;:&quot;&quot;,&quot;camera&quot;:&quot;iPhone 5s&quot;,&quot;caption&quot;:&quot;&quot;,&quot;created_timestamp&quot;:&quot;1413108257&quot;,&quot;copyright&quot;:&quot;&quot;,&quot;focal_length&quot;:&quot;4.12&quot;,&quot;iso&quot;:&quot;32&quot;,&quot;shutter_speed&quot;:&quot;0.000780031201248&quot;,&quot;title&quot;:&quot;&quot;,&quot;orientation&quot;:&quot;1&quot;}\" data-image-title=\"sykehusbrygga\" data-image-description=\"&lt;p&gt;Horten&lt;\/p&gt;\n\" data-image-caption=\"\" data-large-file=\"https:\/\/i0.wp.com\/pequod.nesodd1.no\/wp-content\/uploads\/2014\/10\/sykehusbrygga-e1413705954458.jpg?fit=940%2C705&amp;ssl=1\" class=\"size-medium wp-image-5644 alignleft\" src=\"https:\/\/i0.wp.com\/pequod.nesodd1.no\/wp-content\/uploads\/2014\/10\/sykehusbrygga-300x225.jpg?resize=300%2C225\" alt=\"sykehusbrygga\" width=\"300\" height=\"225\"><\/a><\/p>\n<p>Egentlig var jeg litt i tvil om jeg skulle f\u00f8re denne opp blant gjestehavner ettersom det tross alt ikke er noe annet der enn bryggene. Men siden kommunen\/Europark tross alt tar betalt for \u00e5 ligge der, s\u00e5 lar jeg det v\u00e6re kriteriet.<\/p>\n<p>Det er alts\u00e5 kun snakk om et sted \u00e5 legge til. Etter mitt f\u00f8rste bes\u00f8k i 2014 har det kommet to flytebrygger nord for selve Sykehusbrygga. De har ikke str\u00f8m eller vann. P\u00e5 h\u00f8sten fjernes landgangene p\u00e5 disse, og da er det bare gamlebrygga som kan benyttes.<\/p>\n<p>Denne havna ligger flott til rett ved Hortenskanalens nordside, og det er to minutter \u00e5 g\u00e5 i sakte fart til Marinemuseet og Preus fotomuseum. Et bes\u00f8k p\u00e5 begge disse anbefales! Egentlig er dette gjestehavna jeg foretrekker i Horten, stille og rolig og ingen utesteder i n\u00e6rheten, s\u00e5 om sommeren er det en relativt fredelig plass (bortsett fra nabob\u00e5tene&#8230;!) Men alts\u00e5 ingen fasiliteter utover fort\u00f8yning, derfor kun to anker fra meg.<\/p>\n<p>Til h\u00f8yre for brygga ligger ogs\u00e5 et lokalhistorisk senter med en kafe, Kafe Breda. Der er det i alle fall toaletter som kan benyttes. Vaflene er gode!<\/p>\n<p>Har du en b\u00e5t som ikke er for h\u00f8y er det ganske s\u00e5 idyllisk \u00e5 t\u00f8ffe videre s\u00f8rover via Hortenskanalen. Men det er tre lave broer der. Med snekka kunne jeg fint ta den turen, men Tresfjorden er for h\u00f8y. Savner det litt. N\u00e5r du er ute av kanalen kommer du rett inn i sm\u00e5b\u00e5thavna til Horten Motorb\u00e5tforening. Der er det noen gjesteplasser p\u00e5 babord side n\u00e5r du kommer ut fra kanalen, tror det kalles Fyllinga av lokalkjente,<\/p>\n<p><strong>OPPDATERING:&nbsp;<\/strong>Sykehusbrygga, som var stengt store deler i fjor p\u00e5 grunn av oppgradering og reparasjoner, er n\u00e5 \u00e5pen, og de to vanlige flytebryggene er ogs\u00e5 lagt ut igjen denne sommeren (2021).<\/p>\n<figure id=\"attachment_16315\" aria-describedby=\"caption-attachment-16315\" style=\"width: 800px\" class=\"wp-caption aligncenter\"><a href=\"https:\/\/i0.wp.com\/pequod.nesodd1.no\/wp-content\/uploads\/2019\/09\/9B437CFC-40EA-4ABC-B0C7-4C40039FFC51.jpg?ssl=1\"><img data-recalc-dims=\"1\" loading=\"lazy\" decoding=\"async\" data-attachment-id=\"16315\" data-permalink=\"https:\/\/pequod.nesodd1.no\/?attachment_id=16315\" data-orig-file=\"https:\/\/i0.wp.com\/pequod.nesodd1.no\/wp-content\/uploads\/2019\/09\/9B437CFC-40EA-4ABC-B0C7-4C40039FFC51.jpg?fit=800%2C600&amp;ssl=1\" data-orig-size=\"800,600\" data-comments-opened=\"1\" data-image-meta=\"{&quot;aperture&quot;:&quot;1.8&quot;,&quot;credit&quot;:&quot;&quot;,&quot;camera&quot;:&quot;iPhone 8 Plus&quot;,&quot;caption&quot;:&quot;&quot;,&quot;created_timestamp&quot;:&quot;1561907976&quot;,&quot;copyright&quot;:&quot;&quot;,&quot;focal_length&quot;:&quot;3.99&quot;,&quot;iso&quot;:&quot;20&quot;,&quot;shutter_speed&quot;:&quot;0.00033300033300033&quot;,&quot;title&quot;:&quot;&quot;,&quot;orientation&quot;:&quot;1&quot;}\" data-image-title=\"9B437CFC-40EA-4ABC-B0C7-4C40039FFC51\" data-image-description=\"&lt;p&gt;Horten, sykehusbrygga&lt;\/p&gt;\n\" data-image-caption=\"&lt;p&gt;P\u00e5 plass i Horten&lt;\/p&gt;\n\" data-large-file=\"https:\/\/i0.wp.com\/pequod.nesodd1.no\/wp-content\/uploads\/2019\/09\/9B437CFC-40EA-4ABC-B0C7-4C40039FFC51.jpg?fit=800%2C600&amp;ssl=1\" class=\"size-full wp-image-16315\" src=\"https:\/\/i0.wp.com\/pequod.nesodd1.no\/wp-content\/uploads\/2019\/09\/9B437CFC-40EA-4ABC-B0C7-4C40039FFC51.jpg?resize=800%2C600&#038;ssl=1\" alt=\"\" width=\"800\" height=\"600\" srcset=\"https:\/\/i0.wp.com\/pequod.nesodd1.no\/wp-content\/uploads\/2019\/09\/9B437CFC-40EA-4ABC-B0C7-4C40039FFC51.jpg?w=800&amp;ssl=1 800w, https:\/\/i0.wp.com\/pequod.nesodd1.no\/wp-content\/uploads\/2019\/09\/9B437CFC-40EA-4ABC-B0C7-4C40039FFC51.jpg?resize=100%2C75&amp;ssl=1 100w, https:\/\/i0.wp.com\/pequod.nesodd1.no\/wp-content\/uploads\/2019\/09\/9B437CFC-40EA-4ABC-B0C7-4C40039FFC51.jpg?resize=300%2C225&amp;ssl=1 300w, https:\/\/i0.wp.com\/pequod.nesodd1.no\/wp-content\/uploads\/2019\/09\/9B437CFC-40EA-4ABC-B0C7-4C40039FFC51.jpg?resize=768%2C576&amp;ssl=1 768w\" sizes=\"auto, (max-width: 800px) 100vw, 800px\" \/><\/a><figcaption id=\"caption-attachment-16315\" class=\"wp-caption-text\">P\u00e5 plass i Horten ved flytebryggene. Bildet tatt fra selve Sykehusbrygga, som passer best for st\u00f8rre b\u00e5ter.<\/figcaption><\/figure>\n<p>&nbsp;<\/p>\n<h3>Related Images:<\/h3>","protected":false},"excerpt":{"rendered":"<p>Vurdering (5 anker er best): Posisjon: 59\u00b025&#8217;30.5&#8243;N 10\u00b029&#8217;9.9&#8243;E Antall bes\u00f8k: 5 Sist bes\u00f8kt: Juli 2025 Webkamera &nbsp; Hjemmeside Fasiliteter: Ingen. Kafe Breda i umiddelbar n\u00e6rhet. Toalett der. Havneavgift (for 29-foter): 130 NOK d\u00f8gn. Betales p\u00e5 Europarks automat. Tilrettelagt for funksjonshemmede: Nei. Det ligger to flytebrygger der man kan legge til longside, men det er ikke &hellip;<br \/><a href=\"https:\/\/pequod.nesodd1.no\/?page_id=5639\" class=\"more-link pen_element_default pen_icon_arrow_double\">Les<\/a><\/p>\n","protected":false},"author":1,"featured_media":12993,"parent":5493,"menu_order":0,"comment_status":"open","ping_status":"open","template":"","meta":{"_crdt_document":"","ngg_post_thumbnail":0,"jetpack_post_was_ever_published":false,"footnotes":""},"class_list":["post-5639","page","type-page","status-publish","has-post-thumbnail","hentry"],"jetpack_shortlink":"https:\/\/wp.me\/P3Zd9b-1sX","jetpack_sharing_enabled":true,"jetpack_likes_enabled":true,"jetpack-related-posts":[],"_links":{"self":[{"href":"https:\/\/pequod.nesodd1.no\/index.php?rest_route=\/wp\/v2\/pages\/5639","targetHints":{"allow":["GET"]}}],"collection":[{"href":"https:\/\/pequod.nesodd1.no\/index.php?rest_route=\/wp\/v2\/pages"}],"about":[{"href":"https:\/\/pequod.nesodd1.no\/index.php?rest_route=\/wp\/v2\/types\/page"}],"author":[{"embeddable":true,"href":"https:\/\/pequod.nesodd1.no\/index.php?rest_route=\/wp\/v2\/users\/1"}],"replies":[{"embeddable":true,"href":"https:\/\/pequod.nesodd1.no\/index.php?rest_route=%2Fwp%2Fv2%2Fcomments&post=5639"}],"version-history":[{"count":22,"href":"https:\/\/pequod.nesodd1.no\/index.php?rest_route=\/wp\/v2\/pages\/5639\/revisions"}],"predecessor-version":[{"id":30666,"href":"https:\/\/pequod.nesodd1.no\/index.php?rest_route=\/wp\/v2\/pages\/5639\/revisions\/30666"}],"up":[{"embeddable":true,"href":"https:\/\/pequod.nesodd1.no\/index.php?rest_route=\/wp\/v2\/pages\/5493"}],"wp:featuredmedia":[{"embeddable":true,"href":"https:\/\/pequod.nesodd1.no\/index.php?rest_route=\/wp\/v2\/media\/12993"}],"wp:attachment":[{"href":"https:\/\/pequod.nesodd1.no\/index.php?rest_route=%2Fwp%2Fv2%2Fmedia&parent=5639"}],"curies":[{"name":"wp","href":"https:\/\/api.w.org\/{rel}","templated":true}]}}