{"id":5651,"date":"2014-10-13T11:13:04","date_gmt":"2014-10-13T09:13:04","guid":{"rendered":"https:\/\/pequod.nesodd1.no\/?page_id=5651"},"modified":"2020-10-26T09:33:17","modified_gmt":"2020-10-26T08:33:17","slug":"revlingen","status":"publish","type":"page","link":"https:\/\/pequod.nesodd1.no\/?page_id=5651","title":{"rendered":"Revlingen (Moss)"},"content":{"rendered":"<p><strong>Vurdering (5 anker er best): <a href=\"https:\/\/i0.wp.com\/pequod.nesodd1.no\/wp-content\/uploads\/2019\/10\/klistremerker-anker-og-tau-design.jpg.jpg?ssl=1\"><img data-recalc-dims=\"1\" loading=\"lazy\" decoding=\"async\" data-attachment-id=\"16489\" data-permalink=\"https:\/\/pequod.nesodd1.no\/?attachment_id=16489\" data-orig-file=\"https:\/\/i0.wp.com\/pequod.nesodd1.no\/wp-content\/uploads\/2019\/10\/klistremerker-anker-og-tau-design.jpg.jpg?fit=25%2C25&amp;ssl=1\" data-orig-size=\"25,25\" data-comments-opened=\"1\" data-image-meta=\"{&quot;aperture&quot;:&quot;0&quot;,&quot;credit&quot;:&quot;tribalium81&quot;,&quot;camera&quot;:&quot;&quot;,&quot;caption&quot;:&quot;&quot;,&quot;created_timestamp&quot;:&quot;0&quot;,&quot;copyright&quot;:&quot;tribalium81&quot;,&quot;focal_length&quot;:&quot;0&quot;,&quot;iso&quot;:&quot;0&quot;,&quot;shutter_speed&quot;:&quot;0&quot;,&quot;title&quot;:&quot;anchor and rope design&quot;,&quot;orientation&quot;:&quot;1&quot;}\" data-image-title=\"anchor and rope design\" data-image-description=\"\" data-image-caption=\"\" data-large-file=\"https:\/\/i0.wp.com\/pequod.nesodd1.no\/wp-content\/uploads\/2019\/10\/klistremerker-anker-og-tau-design.jpg.jpg?fit=25%2C25&amp;ssl=1\" class=\"alignnone size-full wp-image-16489\" src=\"https:\/\/i0.wp.com\/pequod.nesodd1.no\/wp-content\/uploads\/2019\/10\/klistremerker-anker-og-tau-design.jpg.jpg?resize=25%2C25&#038;ssl=1\" alt=\"\" width=\"25\" height=\"25\"><\/a><\/strong><br \/>\n<strong>Posisjon:<\/strong> 59\u00b023&#8217;57.9&#8243;N 10\u00b038&#8217;12.4&#8243;E<br \/>\n<strong>Antall bes\u00f8k<\/strong>: 1&nbsp;&nbsp;<strong>Sist bes\u00f8kt:<\/strong>&nbsp; 25-26.08.2014<br \/>\n<strong>Fasiliteter:<\/strong>&nbsp;&nbsp;Utedo. S\u00f8ppelkasser.<br \/>\n<b>Tilrettelagt for funksjonshemmede:<\/b> Nei. Du kan riktignok legge til longside ved den lille flytebrygga, og en rullestol kommer seg nok opp p\u00e5 land med hjelp, men tilrettelagt? Nei.<\/p>\n<p>Revlingen er en \u00f8y (eller to, den minste er naturreservat) rett s\u00f8r for Moss. Popul\u00e6rt sted \u00e5 v\u00e6re om sommeren til bading og soling. S\u00e5vidt jeg vet m\u00e5 man ha egen b\u00e5t for \u00e5 komme seg ut dit.<\/p>\n<p>P\u00e5 \u00f8stsiden er det en liten, enkel flytebrygge for mindre b\u00e5ter. La til der og sov over p\u00e5 turen til Koster i august 2014. Men den er vel egentlig bare tenkt til sm\u00e5b\u00e5ter som ligger der noen timer p\u00e5 dagtid. Var litt sliten og skr\u00f8pelig.<\/p>\n<p>Utsatt for vind og b\u00f8lger. Utedo og noen s\u00f8ppelkasser p\u00e5 selve \u00f8ya. Ikke et sted jeg anbefaler for overnatting.<\/p>\n<p>&nbsp;<\/p>\n<h3>Related Images:<\/h3>","protected":false},"excerpt":{"rendered":"<p>Vurdering (5 anker er best): Posisjon: 59\u00b023&#8217;57.9&#8243;N 10\u00b038&#8217;12.4&#8243;E Antall bes\u00f8k: 1&nbsp;&nbsp;Sist bes\u00f8kt:&nbsp; 25-26.08.2014 Fasiliteter:&nbsp;&nbsp;Utedo. S\u00f8ppelkasser. Tilrettelagt for funksjonshemmede: Nei. Du kan riktignok legge til longside ved den lille flytebrygga, og en rullestol kommer seg nok opp p\u00e5 land med hjelp, men tilrettelagt? Nei. Revlingen er en \u00f8y (eller to, den minste er naturreservat) rett s\u00f8r &hellip;<br \/><a href=\"https:\/\/pequod.nesodd1.no\/?page_id=5651\" class=\"more-link pen_element_default pen_icon_arrow_double\">Les<\/a><\/p>\n","protected":false},"author":1,"featured_media":6725,"parent":5495,"menu_order":0,"comment_status":"open","ping_status":"open","template":"","meta":{"_crdt_document":"","ngg_post_thumbnail":0,"jetpack_post_was_ever_published":false,"footnotes":""},"class_list":["post-5651","page","type-page","status-publish","has-post-thumbnail","hentry"],"jetpack_shortlink":"https:\/\/wp.me\/P3Zd9b-1t9","jetpack_sharing_enabled":true,"jetpack_likes_enabled":true,"jetpack-related-posts":[],"_links":{"self":[{"href":"https:\/\/pequod.nesodd1.no\/index.php?rest_route=\/wp\/v2\/pages\/5651","targetHints":{"allow":["GET"]}}],"collection":[{"href":"https:\/\/pequod.nesodd1.no\/index.php?rest_route=\/wp\/v2\/pages"}],"about":[{"href":"https:\/\/pequod.nesodd1.no\/index.php?rest_route=\/wp\/v2\/types\/page"}],"author":[{"embeddable":true,"href":"https:\/\/pequod.nesodd1.no\/index.php?rest_route=\/wp\/v2\/users\/1"}],"replies":[{"embeddable":true,"href":"https:\/\/pequod.nesodd1.no\/index.php?rest_route=%2Fwp%2Fv2%2Fcomments&post=5651"}],"version-history":[{"count":9,"href":"https:\/\/pequod.nesodd1.no\/index.php?rest_route=\/wp\/v2\/pages\/5651\/revisions"}],"predecessor-version":[{"id":20483,"href":"https:\/\/pequod.nesodd1.no\/index.php?rest_route=\/wp\/v2\/pages\/5651\/revisions\/20483"}],"up":[{"embeddable":true,"href":"https:\/\/pequod.nesodd1.no\/index.php?rest_route=\/wp\/v2\/pages\/5495"}],"wp:featuredmedia":[{"embeddable":true,"href":"https:\/\/pequod.nesodd1.no\/index.php?rest_route=\/wp\/v2\/media\/6725"}],"wp:attachment":[{"href":"https:\/\/pequod.nesodd1.no\/index.php?rest_route=%2Fwp%2Fv2%2Fmedia&parent=5651"}],"curies":[{"name":"wp","href":"https:\/\/api.w.org\/{rel}","templated":true}]}}