{"id":5660,"date":"2014-10-13T12:54:38","date_gmt":"2014-10-13T10:54:38","guid":{"rendered":"https:\/\/pequod.nesodd1.no\/?page_id=5660"},"modified":"2020-10-25T12:48:37","modified_gmt":"2020-10-25T11:48:37","slug":"husbergoya","status":"publish","type":"page","link":"https:\/\/pequod.nesodd1.no\/?page_id=5660","title":{"rendered":"Husberg\u00f8ya"},"content":{"rendered":"<p><strong>Vurdering (5 anker er best): <a href=\"https:\/\/i0.wp.com\/pequod.nesodd1.no\/wp-content\/uploads\/2019\/10\/klistremerker-anker-og-tau-design.jpg.jpg?ssl=1\"><img data-recalc-dims=\"1\" loading=\"lazy\" decoding=\"async\" data-attachment-id=\"16489\" data-permalink=\"https:\/\/pequod.nesodd1.no\/?attachment_id=16489\" data-orig-file=\"https:\/\/i0.wp.com\/pequod.nesodd1.no\/wp-content\/uploads\/2019\/10\/klistremerker-anker-og-tau-design.jpg.jpg?fit=25%2C25&amp;ssl=1\" data-orig-size=\"25,25\" data-comments-opened=\"1\" data-image-meta=\"{&quot;aperture&quot;:&quot;0&quot;,&quot;credit&quot;:&quot;tribalium81&quot;,&quot;camera&quot;:&quot;&quot;,&quot;caption&quot;:&quot;&quot;,&quot;created_timestamp&quot;:&quot;0&quot;,&quot;copyright&quot;:&quot;tribalium81&quot;,&quot;focal_length&quot;:&quot;0&quot;,&quot;iso&quot;:&quot;0&quot;,&quot;shutter_speed&quot;:&quot;0&quot;,&quot;title&quot;:&quot;anchor and rope design&quot;,&quot;orientation&quot;:&quot;1&quot;}\" data-image-title=\"anchor and rope design\" data-image-description=\"\" data-image-caption=\"\" data-medium-file=\"https:\/\/i0.wp.com\/pequod.nesodd1.no\/wp-content\/uploads\/2019\/10\/klistremerker-anker-og-tau-design.jpg.jpg?fit=25%2C25&amp;ssl=1\" data-large-file=\"https:\/\/i0.wp.com\/pequod.nesodd1.no\/wp-content\/uploads\/2019\/10\/klistremerker-anker-og-tau-design.jpg.jpg?fit=25%2C25&amp;ssl=1\" class=\"alignnone size-full wp-image-16489\" src=\"https:\/\/i0.wp.com\/pequod.nesodd1.no\/wp-content\/uploads\/2019\/10\/klistremerker-anker-og-tau-design.jpg.jpg?resize=25%2C25&#038;ssl=1\" alt=\"\" width=\"25\" height=\"25\"><\/a><a href=\"https:\/\/i0.wp.com\/pequod.nesodd1.no\/wp-content\/uploads\/2019\/10\/klistremerker-anker-og-tau-design.jpg.jpg?ssl=1\"><img data-recalc-dims=\"1\" loading=\"lazy\" decoding=\"async\" data-attachment-id=\"16489\" data-permalink=\"https:\/\/pequod.nesodd1.no\/?attachment_id=16489\" data-orig-file=\"https:\/\/i0.wp.com\/pequod.nesodd1.no\/wp-content\/uploads\/2019\/10\/klistremerker-anker-og-tau-design.jpg.jpg?fit=25%2C25&amp;ssl=1\" data-orig-size=\"25,25\" data-comments-opened=\"1\" data-image-meta=\"{&quot;aperture&quot;:&quot;0&quot;,&quot;credit&quot;:&quot;tribalium81&quot;,&quot;camera&quot;:&quot;&quot;,&quot;caption&quot;:&quot;&quot;,&quot;created_timestamp&quot;:&quot;0&quot;,&quot;copyright&quot;:&quot;tribalium81&quot;,&quot;focal_length&quot;:&quot;0&quot;,&quot;iso&quot;:&quot;0&quot;,&quot;shutter_speed&quot;:&quot;0&quot;,&quot;title&quot;:&quot;anchor and rope design&quot;,&quot;orientation&quot;:&quot;1&quot;}\" data-image-title=\"anchor and rope design\" data-image-description=\"\" data-image-caption=\"\" data-medium-file=\"https:\/\/i0.wp.com\/pequod.nesodd1.no\/wp-content\/uploads\/2019\/10\/klistremerker-anker-og-tau-design.jpg.jpg?fit=25%2C25&amp;ssl=1\" data-large-file=\"https:\/\/i0.wp.com\/pequod.nesodd1.no\/wp-content\/uploads\/2019\/10\/klistremerker-anker-og-tau-design.jpg.jpg?fit=25%2C25&amp;ssl=1\" class=\"alignnone size-full wp-image-16489\" src=\"https:\/\/i0.wp.com\/pequod.nesodd1.no\/wp-content\/uploads\/2019\/10\/klistremerker-anker-og-tau-design.jpg.jpg?resize=25%2C25&#038;ssl=1\" alt=\"\" width=\"25\" height=\"25\"><\/a><\/strong><br \/>\n<strong>Posisjon:<\/strong> 59\u00b051&#8217;50.5&#8243;N 10\u00b043&#8217;2.5&#8243;E<br \/>\n<b>Bes\u00f8kt antall ganger:<\/b> 3 <b>Sist bes\u00f8kt:<\/b> 8.2.2014<br \/>\n<b>Fasiliteter:<\/b> Toaletter, grillplass med overbygg, hytte som kan leies via Oslofjordens Friluftsr\u00e5d.<br \/>\n<b>Tilrettelagt for funksjonshemmede:<\/b> Ikke hvis du kommer med sm\u00e5b\u00e5t. Du m\u00e5 da legge til flytebryggen og det er litt kranglete og ulendt \u00e5 komme seg p\u00e5 land. Men toalettene er handicapvennlige med rullestolrampe. Tydeligvis beregnet for de som ankommer med st\u00f8rre b\u00e5ter som legger til ved den store stenbrygga. Men det er sv\u00e6rt ulendt og bratt terreng over hele \u00f8ya.<\/p>\n<figure id=\"attachment_6733\" aria-describedby=\"caption-attachment-6733\" style=\"width: 300px\" class=\"wp-caption alignleft\"><a href=\"https:\/\/i0.wp.com\/pequod.nesodd1.no\/wp-content\/uploads\/2014\/10\/IMG_2338web.jpg\"><img data-recalc-dims=\"1\" loading=\"lazy\" decoding=\"async\" data-attachment-id=\"6733\" data-permalink=\"https:\/\/pequod.nesodd1.no\/?attachment_id=6733\" data-orig-file=\"https:\/\/i0.wp.com\/pequod.nesodd1.no\/wp-content\/uploads\/2014\/10\/IMG_2338web.jpg?fit=600%2C448&amp;ssl=1\" data-orig-size=\"600,448\" data-comments-opened=\"1\" data-image-meta=\"{&quot;aperture&quot;:&quot;0&quot;,&quot;credit&quot;:&quot;&quot;,&quot;camera&quot;:&quot;&quot;,&quot;caption&quot;:&quot;&quot;,&quot;created_timestamp&quot;:&quot;0&quot;,&quot;copyright&quot;:&quot;&quot;,&quot;focal_length&quot;:&quot;0&quot;,&quot;iso&quot;:&quot;0&quot;,&quot;shutter_speed&quot;:&quot;0&quot;,&quot;title&quot;:&quot;&quot;,&quot;orientation&quot;:&quot;0&quot;}\" data-image-title=\"IMG_2338web\" data-image-description=\"&lt;p&gt;Husberg\u00f8ya&lt;\/p&gt;\n\" data-image-caption=\"&lt;p&gt;Dette bildet er fra februar 2014. Landgangen er reparert n\u00e5!&lt;\/p&gt;\n\" data-medium-file=\"https:\/\/i0.wp.com\/pequod.nesodd1.no\/wp-content\/uploads\/2014\/10\/IMG_2338web.jpg?fit=300%2C224&amp;ssl=1\" data-large-file=\"https:\/\/i0.wp.com\/pequod.nesodd1.no\/wp-content\/uploads\/2014\/10\/IMG_2338web.jpg?fit=600%2C448&amp;ssl=1\" class=\"size-medium wp-image-6733\" src=\"https:\/\/i0.wp.com\/pequod.nesodd1.no\/wp-content\/uploads\/2014\/10\/IMG_2338web-300x224.jpg?resize=300%2C224\" alt=\"Dette bildet er fra februar 2014. Landgangen er reparert n\u00e5!\" width=\"300\" height=\"224\" srcset=\"https:\/\/i0.wp.com\/pequod.nesodd1.no\/wp-content\/uploads\/2014\/10\/IMG_2338web.jpg?resize=300%2C224&amp;ssl=1 300w, https:\/\/i0.wp.com\/pequod.nesodd1.no\/wp-content\/uploads\/2014\/10\/IMG_2338web.jpg?w=600&amp;ssl=1 600w\" sizes=\"auto, (max-width: 300px) 100vw, 300px\" \/><\/a><figcaption id=\"caption-attachment-6733\" class=\"wp-caption-text\">Dette bildet er fra februar 2014. Landgangen er reparert n\u00e5!<\/figcaption><\/figure>\n<p>Huseberg\u00f8ya er noe annerledes enn de andre Oslo\u00f8yene. Den er rett og slett ikke s\u00e5 idyllisk. Ingen s\u00f8te sm\u00e5hus i friske farger, men med et kupert og heller ugjestmildt terreng.<\/p>\n<p>Men jeg har likevel bes\u00f8kt den flere ganger!<\/p>\n<p>Det ligger en st\u00f8rre kai der som stammer fra n\u00e5r det var fabrikkanlegg for&nbsp;tran- og sildolje p\u00e5 \u00f8ya. Etter at den brant ned overtok Forsvaret den, f\u00f8r Oslo kommune fikk ansvaret.<\/p>\n<p>G\u00e5r du den bratte stien til toppen er det et noe nedslitt utkikkst\u00e5rn der som gir deg en fantastisk utsikt over indre Oslofjord.<\/p>\n<p>Direkt\u00f8rboligen like ved kan leies som hytte via Oslofjordens Friluftsr\u00e5d. Det er ogs\u00e5 et par andre hus der, men jeg er ikke helt sikker p\u00e5 hvem som eier dem. Regner med at de er kommunale.<\/p>\n<p>Like ved den store kaia ligger det en flytebrygge der man kan legge til med sm\u00e5b\u00e5ter. Vel p\u00e5 land er det bygd sitteplasser under tak og anlagt en grillplass. Det er ogs\u00e5 toaletter der, har ikke pr\u00f8vd dem, mulig de er stengt utenom sommersesongen.<\/p>\n<p>Og det er vel det som er \u00e5 skrive om \u00f8ya&#8230;<\/p>\n<p>Les om <a title=\"Nyttig guide for Oslo-\u00f8yene\" href=\"https:\/\/pequod.nesodd1.no\/?p=4013\">Turguiden til Oslo\u00f8yene <\/a>her!<\/p>\n<p>&nbsp;<\/p>\n<h3>Related Images:<\/h3>","protected":false},"excerpt":{"rendered":"<p>Vurdering (5 anker er best): Posisjon: 59\u00b051&#8217;50.5&#8243;N 10\u00b043&#8217;2.5&#8243;E Bes\u00f8kt antall ganger: 3 Sist bes\u00f8kt: 8.2.2014 Fasiliteter: Toaletter, grillplass med overbygg, hytte som kan leies via Oslofjordens Friluftsr\u00e5d. Tilrettelagt for funksjonshemmede: Ikke hvis du kommer med sm\u00e5b\u00e5t. Du m\u00e5 da legge til flytebryggen og det er litt kranglete og ulendt \u00e5 komme seg p\u00e5 land. Men &hellip;<br \/><a href=\"https:\/\/pequod.nesodd1.no\/?page_id=5660\" class=\"more-link pen_element_default pen_icon_arrow_double\">Les<\/a><\/p>\n","protected":false},"author":1,"featured_media":1883,"parent":5656,"menu_order":0,"comment_status":"open","ping_status":"open","template":"","meta":{"_crdt_document":"","ngg_post_thumbnail":0,"jetpack_post_was_ever_published":false,"footnotes":""},"class_list":["post-5660","page","type-page","status-publish","has-post-thumbnail","hentry"],"jetpack_shortlink":"https:\/\/wp.me\/P3Zd9b-1ti","jetpack_sharing_enabled":true,"jetpack_likes_enabled":true,"jetpack-related-posts":[],"_links":{"self":[{"href":"https:\/\/pequod.nesodd1.no\/index.php?rest_route=\/wp\/v2\/pages\/5660","targetHints":{"allow":["GET"]}}],"collection":[{"href":"https:\/\/pequod.nesodd1.no\/index.php?rest_route=\/wp\/v2\/pages"}],"about":[{"href":"https:\/\/pequod.nesodd1.no\/index.php?rest_route=\/wp\/v2\/types\/page"}],"author":[{"embeddable":true,"href":"https:\/\/pequod.nesodd1.no\/index.php?rest_route=\/wp\/v2\/users\/1"}],"replies":[{"embeddable":true,"href":"https:\/\/pequod.nesodd1.no\/index.php?rest_route=%2Fwp%2Fv2%2Fcomments&post=5660"}],"version-history":[{"count":10,"href":"https:\/\/pequod.nesodd1.no\/index.php?rest_route=\/wp\/v2\/pages\/5660\/revisions"}],"predecessor-version":[{"id":20447,"href":"https:\/\/pequod.nesodd1.no\/index.php?rest_route=\/wp\/v2\/pages\/5660\/revisions\/20447"}],"up":[{"embeddable":true,"href":"https:\/\/pequod.nesodd1.no\/index.php?rest_route=\/wp\/v2\/pages\/5656"}],"wp:featuredmedia":[{"embeddable":true,"href":"https:\/\/pequod.nesodd1.no\/index.php?rest_route=\/wp\/v2\/media\/1883"}],"wp:attachment":[{"href":"https:\/\/pequod.nesodd1.no\/index.php?rest_route=%2Fwp%2Fv2%2Fmedia&parent=5660"}],"curies":[{"name":"wp","href":"https:\/\/api.w.org\/{rel}","templated":true}]}}