{"id":5674,"date":"2014-10-13T13:36:11","date_gmt":"2014-10-13T11:36:11","guid":{"rendered":"https:\/\/pequod.nesodd1.no\/?page_id=5674"},"modified":"2023-04-06T17:54:58","modified_gmt":"2023-04-06T15:54:58","slug":"storsand-bathavn-hurum","status":"publish","type":"page","link":"https:\/\/pequod.nesodd1.no\/?page_id=5674","title":{"rendered":"Storsand b\u00e5thavn (Hurum)"},"content":{"rendered":"<p><strong>Vurdering (5 anker er best):<\/strong> <a href=\"https:\/\/i0.wp.com\/pequod.nesodd1.no\/wp-content\/uploads\/2019\/10\/klistremerker-anker-og-tau-design.jpg.jpg?ssl=1\"><img data-recalc-dims=\"1\" loading=\"lazy\" decoding=\"async\" data-attachment-id=\"16489\" data-permalink=\"https:\/\/pequod.nesodd1.no\/?attachment_id=16489\" data-orig-file=\"https:\/\/i0.wp.com\/pequod.nesodd1.no\/wp-content\/uploads\/2019\/10\/klistremerker-anker-og-tau-design.jpg.jpg?fit=25%2C25&amp;ssl=1\" data-orig-size=\"25,25\" data-comments-opened=\"1\" data-image-meta=\"{&quot;aperture&quot;:&quot;0&quot;,&quot;credit&quot;:&quot;tribalium81&quot;,&quot;camera&quot;:&quot;&quot;,&quot;caption&quot;:&quot;&quot;,&quot;created_timestamp&quot;:&quot;0&quot;,&quot;copyright&quot;:&quot;tribalium81&quot;,&quot;focal_length&quot;:&quot;0&quot;,&quot;iso&quot;:&quot;0&quot;,&quot;shutter_speed&quot;:&quot;0&quot;,&quot;title&quot;:&quot;anchor and rope design&quot;,&quot;orientation&quot;:&quot;1&quot;}\" data-image-title=\"anchor and rope design\" data-image-description=\"\" data-image-caption=\"\" data-large-file=\"https:\/\/i0.wp.com\/pequod.nesodd1.no\/wp-content\/uploads\/2019\/10\/klistremerker-anker-og-tau-design.jpg.jpg?fit=25%2C25&amp;ssl=1\" class=\"alignnone size-full wp-image-16489\" src=\"https:\/\/i0.wp.com\/pequod.nesodd1.no\/wp-content\/uploads\/2019\/10\/klistremerker-anker-og-tau-design.jpg.jpg?resize=25%2C25&#038;ssl=1\" alt=\"\" width=\"25\" height=\"25\"><\/a><br \/>\n<strong>Posisjon:<\/strong> 59\u00b039&#8217;35.2&#8243;N 10\u00b035&#8217;57.4&#8243;E<br \/>\n<b>Antall bes\u00f8k:<\/b> 3 <b>Sist bes\u00f8kt:<\/b> 26-27.06.2015 <a href=\"https:\/\/www.storsandbaathavn.no\/webkamera.html\" target=\"_blank\" rel=\"noopener\">Webkamera<\/a> <a href=\"https:\/\/www.storsandbaathavn.no\/index.html\" target=\"_blank\" rel=\"noopener\">Hjemmeside<\/a><br \/>\n<b>Fasiliteter:<\/b> Noe bortgjemte mobile toaletter.<br \/>\n<b>Tilrettelagt for funksjonshemmede:<\/b> Nei.<\/p>\n<p><a href=\"https:\/\/i0.wp.com\/pequod.nesodd1.no\/wp-content\/uploads\/ngg_featured\/IMG_7939.jpg?ssl=1\"><img data-recalc-dims=\"1\" loading=\"lazy\" decoding=\"async\" data-attachment-id=\"3234\" data-permalink=\"https:\/\/pequod.nesodd1.no\/?attachment_id=3234\" data-orig-file=\"https:\/\/i0.wp.com\/pequod.nesodd1.no\/wp-content\/uploads\/ngg_featured\/IMG_7939.jpg?fit=800%2C534&amp;ssl=1\" data-orig-size=\"800,534\" data-comments-opened=\"1\" data-image-meta=\"{&quot;aperture&quot;:&quot;8&quot;,&quot;credit&quot;:&quot;Picasa&quot;,&quot;camera&quot;:&quot;Canon EOS 700D&quot;,&quot;caption&quot;:&quot;&quot;,&quot;created_timestamp&quot;:&quot;1401509020&quot;,&quot;copyright&quot;:&quot;&quot;,&quot;focal_length&quot;:&quot;18&quot;,&quot;iso&quot;:&quot;200&quot;,&quot;shutter_speed&quot;:&quot;0.005&quot;,&quot;title&quot;:&quot;&quot;}\" data-image-title=\"IMG_7939\" data-image-description=\"&lt;p&gt;Storsand-l\u00f8rdag-morgen&lt;\/p&gt;\n\" data-image-caption=\"\" data-large-file=\"https:\/\/i0.wp.com\/pequod.nesodd1.no\/wp-content\/uploads\/ngg_featured\/IMG_7939.jpg?fit=800%2C534&amp;ssl=1\" class=\"alignleft size-medium wp-image-3234\" src=\"https:\/\/i0.wp.com\/pequod.nesodd1.no\/wp-content\/uploads\/ngg_featured\/IMG_7939.jpg?resize=300%2C200&#038;ssl=1\" alt=\"\" width=\"300\" height=\"200\" srcset=\"https:\/\/i0.wp.com\/pequod.nesodd1.no\/wp-content\/uploads\/ngg_featured\/IMG_7939.jpg?resize=300%2C200&amp;ssl=1 300w, https:\/\/i0.wp.com\/pequod.nesodd1.no\/wp-content\/uploads\/ngg_featured\/IMG_7939.jpg?w=800&amp;ssl=1 800w\" sizes=\"auto, (max-width: 300px) 100vw, 300px\" \/><\/a>Storsand b\u00e5thavn ligger p\u00e5 vestsiden av Dr\u00f8bakssundet etter at du har passert Oscarsborg. Den ligger egentlig litt bortgjemt. Etter at du har passert jeteen foran festningen tar du til styrbord etter skj\u00e6rene der.<\/p>\n<p>Inn- og utseilingen er idyllisk og omtrent verdt hele turen!<\/p>\n<p>Selve b\u00e5thavna ligger inne i et sandtak, og er du f\u00f8rst kommet inn synes jeg idyllen forsvinner noe. Den virker litt trang, f\u00e5r n\u00e6rmest en slags klaustrofobisk f\u00f8lelse!<\/p>\n<p>Men n\u00e5r det er sagt ligger du nok ganske s\u00e5 trygt for v\u00e6r og vind n\u00e5r du er kommet inn der.<\/p>\n<p>De gangene jeg har v\u00e6rt p\u00e5 bes\u00f8k der har det v\u00e6rt ganske sent om kvelden, og jeg har dratt ganske tidlig. Jeg tror derfor ikke at de tar betalt for gjesteplasser, jeg har ikke sett noe oppslag om det.<\/p>\n<p>Jeg er heller ikke 100 prosent sikker p\u00e5 at det er gjestebrygga jeg har fort\u00f8yd til (om de i det hele tatt har noen!), men den jeg har brukt er en litt sliten flytebrygge som du f\u00e5r p\u00e5 babord side etter \u00e5 ha passert slippen med l\u00f8ftekrana.<\/p>\n<p>Det er str\u00f8m p\u00e5 brygga, men jeg har ikke brukt den. Husker i farta ikke om det er vann der. Skal sjekke det neste gang jeg er innom.<\/p>\n<p>G\u00e5r du til venstre for den store hovedbygningen er det en trapp opp helt innerst. G\u00e5r du opp trappa st\u00e5r det noen mobiltoaletter der som kan brukes.<\/p>\n<p>Fungerer bra til en rask og billig overnatting.<\/p>\n<p>&nbsp;<\/p>\n<h3>Related Images:<\/h3>","protected":false},"excerpt":{"rendered":"<p>Vurdering (5 anker er best): Posisjon: 59\u00b039&#8217;35.2&#8243;N 10\u00b035&#8217;57.4&#8243;E Antall bes\u00f8k: 3 Sist bes\u00f8kt: 26-27.06.2015 Webkamera Hjemmeside Fasiliteter: Noe bortgjemte mobile toaletter. Tilrettelagt for funksjonshemmede: Nei. Storsand b\u00e5thavn ligger p\u00e5 vestsiden av Dr\u00f8bakssundet etter at du har passert Oscarsborg. Den ligger egentlig litt bortgjemt. Etter at du har passert jeteen foran festningen tar du til styrbord &hellip;<br \/><a href=\"https:\/\/pequod.nesodd1.no\/?page_id=5674\" class=\"more-link pen_element_default pen_icon_arrow_double\">Les<\/a><\/p>\n","protected":false},"author":1,"featured_media":6876,"parent":5665,"menu_order":0,"comment_status":"open","ping_status":"open","template":"","meta":{"_crdt_document":"","ngg_post_thumbnail":0,"jetpack_post_was_ever_published":false,"footnotes":""},"class_list":["post-5674","page","type-page","status-publish","has-post-thumbnail","hentry"],"jetpack_shortlink":"https:\/\/wp.me\/P3Zd9b-1tw","jetpack_sharing_enabled":true,"jetpack_likes_enabled":true,"jetpack-related-posts":[],"_links":{"self":[{"href":"https:\/\/pequod.nesodd1.no\/index.php?rest_route=\/wp\/v2\/pages\/5674","targetHints":{"allow":["GET"]}}],"collection":[{"href":"https:\/\/pequod.nesodd1.no\/index.php?rest_route=\/wp\/v2\/pages"}],"about":[{"href":"https:\/\/pequod.nesodd1.no\/index.php?rest_route=\/wp\/v2\/types\/page"}],"author":[{"embeddable":true,"href":"https:\/\/pequod.nesodd1.no\/index.php?rest_route=\/wp\/v2\/users\/1"}],"replies":[{"embeddable":true,"href":"https:\/\/pequod.nesodd1.no\/index.php?rest_route=%2Fwp%2Fv2%2Fcomments&post=5674"}],"version-history":[{"count":10,"href":"https:\/\/pequod.nesodd1.no\/index.php?rest_route=\/wp\/v2\/pages\/5674\/revisions"}],"predecessor-version":[{"id":26377,"href":"https:\/\/pequod.nesodd1.no\/index.php?rest_route=\/wp\/v2\/pages\/5674\/revisions\/26377"}],"up":[{"embeddable":true,"href":"https:\/\/pequod.nesodd1.no\/index.php?rest_route=\/wp\/v2\/pages\/5665"}],"wp:featuredmedia":[{"embeddable":true,"href":"https:\/\/pequod.nesodd1.no\/index.php?rest_route=\/wp\/v2\/media\/6876"}],"wp:attachment":[{"href":"https:\/\/pequod.nesodd1.no\/index.php?rest_route=%2Fwp%2Fv2%2Fmedia&parent=5674"}],"curies":[{"name":"wp","href":"https:\/\/api.w.org\/{rel}","templated":true}]}}