{"id":6056,"date":"2015-11-17T11:41:21","date_gmt":"2015-11-17T10:41:21","guid":{"rendered":"https:\/\/pequod.nesodd1.no\/?page_id=6056"},"modified":"2015-11-17T11:46:17","modified_gmt":"2015-11-17T10:46:17","slug":"nordre-langara","status":"publish","type":"page","link":"https:\/\/pequod.nesodd1.no\/?page_id=6056","title":{"rendered":"Nordre Lang\u00e5ra"},"content":{"rendered":"<p><b>Bes\u00f8kt antall ganger:<\/b>\u00a01\u00a0<b>Sist bes\u00f8kt:<\/b>\u00a04.11.2014<br \/>\n<b>Fasiliteter: <\/b>Nei. Toaletter i den r\u00f8de bygningen som leies ut til feriegjester. S\u00f8ppelkasser. S\u00e5 noen bygninger som kan ha v\u00e6rt toaletter, men sjekket dem ikke.<br \/>\n<b>Havneavgift (for 24-foter):<\/b>\u00a0Nei.<br \/>\n<b>Tilrettelagt for funksjonshemmede:<\/b>\u00a0Nei. Bruker du krykker kan du vel komme deg litt rundt p\u00e5 stiene.<\/p>\n<p><a href=\"https:\/\/i0.wp.com\/pequod.nesodd1.no\/wp-content\/uploads\/2015\/11\/image45.jpg\"><img data-recalc-dims=\"1\" loading=\"lazy\" decoding=\"async\" data-attachment-id=\"7615\" data-permalink=\"https:\/\/pequod.nesodd1.no\/?attachment_id=7615\" data-orig-file=\"https:\/\/i0.wp.com\/pequod.nesodd1.no\/wp-content\/uploads\/2015\/11\/image45.jpg?fit=800%2C534&amp;ssl=1\" data-orig-size=\"800,534\" data-comments-opened=\"1\" data-image-meta=\"{&quot;aperture&quot;:&quot;0&quot;,&quot;credit&quot;:&quot;&quot;,&quot;camera&quot;:&quot;&quot;,&quot;caption&quot;:&quot;&quot;,&quot;created_timestamp&quot;:&quot;0&quot;,&quot;copyright&quot;:&quot;&quot;,&quot;focal_length&quot;:&quot;0&quot;,&quot;iso&quot;:&quot;0&quot;,&quot;shutter_speed&quot;:&quot;0&quot;,&quot;title&quot;:&quot;&quot;,&quot;orientation&quot;:&quot;1&quot;}\" data-image-title=\"image\" data-image-description=\"&lt;p&gt;Nordre Lang\u00e5ra&lt;\/p&gt;\n\" data-image-caption=\"\" data-large-file=\"https:\/\/i0.wp.com\/pequod.nesodd1.no\/wp-content\/uploads\/2015\/11\/image45.jpg?fit=800%2C534&amp;ssl=1\" class=\"alignright size-medium wp-image-7615\" src=\"https:\/\/i0.wp.com\/pequod.nesodd1.no\/wp-content\/uploads\/2015\/11\/image45-300x200.jpg?resize=300%2C200\" alt=\"image\" width=\"300\" height=\"200\" srcset=\"https:\/\/i0.wp.com\/pequod.nesodd1.no\/wp-content\/uploads\/2015\/11\/image45.jpg?resize=300%2C200&amp;ssl=1 300w, https:\/\/i0.wp.com\/pequod.nesodd1.no\/wp-content\/uploads\/2015\/11\/image45.jpg?w=800&amp;ssl=1 800w\" sizes=\"auto, (max-width: 300px) 100vw, 300px\" \/><\/a>Nordre Lang\u00e5ra er \u00f8ya som ligger p\u00e5 \u00f8stsiden av den popul\u00e6re Middagsbukta i Lang\u00e5rsundet i Asker. P\u00e5 den nordligste delen p\u00e5 vestsiden fort\u00f8yer b\u00e5tene med baugen inn i hopetall om sommeren. P\u00e5 den s\u00f8rligste enden av \u00f8ya ligger det et par brygger hvor jeg la til i den relativt folketomme oktober m\u00e5ned&#8230;<\/p>\n<p>S\u00e5vidt jeg vet kan denne brygga ogs\u00e5 brukes helt legitimt ogs\u00e5 om sommeren. Det er en brygge litt lenger nord som er reservert for anl\u00f8p av en liten ferge om sommeren, men de andre skal kunne benyttes av alle.<\/p>\n<p>Nordsk Folkehjelp har en vaktstasjon der i bruk om sommeren, og en stor r\u00f8d bygning kan leies av Oslofjordens Friluftslag. Den er visstnok en gammel butikk. Utenfor er det trebenker \u00e5 sitte p\u00e5 om man \u00f8nsker det. Og grillmuligheter.<\/p>\n<p>Da jeg var i land her gikk jeg bare rundt p\u00e5 den s\u00f8ndre delen av \u00f8ya. Har ikke utforsket den nordre delen enn\u00e5.<\/p>\n<h3>Related Images:<\/h3>","protected":false},"excerpt":{"rendered":"<p>Bes\u00f8kt antall ganger:\u00a01\u00a0Sist bes\u00f8kt:\u00a04.11.2014 Fasiliteter: Nei. Toaletter i den r\u00f8de bygningen som leies ut til feriegjester. S\u00f8ppelkasser. S\u00e5 noen bygninger som kan ha v\u00e6rt toaletter, men sjekket dem ikke. Havneavgift (for 24-foter):\u00a0Nei. Tilrettelagt for funksjonshemmede:\u00a0Nei. Bruker du krykker kan du vel komme deg litt rundt p\u00e5 stiene. Nordre Lang\u00e5ra er \u00f8ya som ligger p\u00e5 \u00f8stsiden &hellip;<br \/><a href=\"https:\/\/pequod.nesodd1.no\/?page_id=6056\" class=\"more-link pen_element_default pen_icon_arrow_double\">Les<\/a><\/p>\n","protected":false},"author":1,"featured_media":0,"parent":5665,"menu_order":0,"comment_status":"open","ping_status":"open","template":"","meta":{"_crdt_document":"","ngg_post_thumbnail":0,"jetpack_post_was_ever_published":false,"footnotes":""},"class_list":["post-6056","page","type-page","status-publish","hentry"],"jetpack_shortlink":"https:\/\/wp.me\/P3Zd9b-1zG","jetpack_sharing_enabled":true,"jetpack_likes_enabled":true,"jetpack-related-posts":[],"_links":{"self":[{"href":"https:\/\/pequod.nesodd1.no\/index.php?rest_route=\/wp\/v2\/pages\/6056","targetHints":{"allow":["GET"]}}],"collection":[{"href":"https:\/\/pequod.nesodd1.no\/index.php?rest_route=\/wp\/v2\/pages"}],"about":[{"href":"https:\/\/pequod.nesodd1.no\/index.php?rest_route=\/wp\/v2\/types\/page"}],"author":[{"embeddable":true,"href":"https:\/\/pequod.nesodd1.no\/index.php?rest_route=\/wp\/v2\/users\/1"}],"replies":[{"embeddable":true,"href":"https:\/\/pequod.nesodd1.no\/index.php?rest_route=%2Fwp%2Fv2%2Fcomments&post=6056"}],"version-history":[{"count":9,"href":"https:\/\/pequod.nesodd1.no\/index.php?rest_route=\/wp\/v2\/pages\/6056\/revisions"}],"predecessor-version":[{"id":7618,"href":"https:\/\/pequod.nesodd1.no\/index.php?rest_route=\/wp\/v2\/pages\/6056\/revisions\/7618"}],"up":[{"embeddable":true,"href":"https:\/\/pequod.nesodd1.no\/index.php?rest_route=\/wp\/v2\/pages\/5665"}],"wp:attachment":[{"href":"https:\/\/pequod.nesodd1.no\/index.php?rest_route=%2Fwp%2Fv2%2Fmedia&parent=6056"}],"curies":[{"name":"wp","href":"https:\/\/api.w.org\/{rel}","templated":true}]}}