{"id":6083,"date":"2014-10-20T09:57:39","date_gmt":"2014-10-20T07:57:39","guid":{"rendered":"https:\/\/pequod.nesodd1.no\/?page_id=6083"},"modified":"2026-04-01T19:07:51","modified_gmt":"2026-04-01T17:07:51","slug":"holmestrand-gjestehavn-2","status":"publish","type":"page","link":"https:\/\/pequod.nesodd1.no\/?page_id=6083","title":{"rendered":"Holmestrand gjestehavn"},"content":{"rendered":"<p><strong>Vurdering (5 anker er best): <a href=\"https:\/\/i0.wp.com\/pequod.nesodd1.no\/wp-content\/uploads\/2019\/10\/klistremerker-anker-og-tau-design.jpg.jpg?ssl=1\"><img data-recalc-dims=\"1\" loading=\"lazy\" decoding=\"async\" data-attachment-id=\"16489\" data-permalink=\"https:\/\/pequod.nesodd1.no\/?attachment_id=16489\" data-orig-file=\"https:\/\/i0.wp.com\/pequod.nesodd1.no\/wp-content\/uploads\/2019\/10\/klistremerker-anker-og-tau-design.jpg.jpg?fit=25%2C25&amp;ssl=1\" data-orig-size=\"25,25\" data-comments-opened=\"1\" data-image-meta=\"{&quot;aperture&quot;:&quot;0&quot;,&quot;credit&quot;:&quot;tribalium81&quot;,&quot;camera&quot;:&quot;&quot;,&quot;caption&quot;:&quot;&quot;,&quot;created_timestamp&quot;:&quot;0&quot;,&quot;copyright&quot;:&quot;tribalium81&quot;,&quot;focal_length&quot;:&quot;0&quot;,&quot;iso&quot;:&quot;0&quot;,&quot;shutter_speed&quot;:&quot;0&quot;,&quot;title&quot;:&quot;anchor and rope design&quot;,&quot;orientation&quot;:&quot;1&quot;}\" data-image-title=\"anchor and rope design\" data-image-description=\"\" data-image-caption=\"\" data-medium-file=\"https:\/\/i0.wp.com\/pequod.nesodd1.no\/wp-content\/uploads\/2019\/10\/klistremerker-anker-og-tau-design.jpg.jpg?fit=25%2C25&amp;ssl=1\" data-large-file=\"https:\/\/i0.wp.com\/pequod.nesodd1.no\/wp-content\/uploads\/2019\/10\/klistremerker-anker-og-tau-design.jpg.jpg?fit=25%2C25&amp;ssl=1\" class=\"alignnone size-full wp-image-16489\" src=\"https:\/\/i0.wp.com\/pequod.nesodd1.no\/wp-content\/uploads\/2019\/10\/klistremerker-anker-og-tau-design.jpg.jpg?resize=25%2C25&#038;ssl=1\" alt=\"\" width=\"25\" height=\"25\"><\/a><a href=\"https:\/\/i0.wp.com\/pequod.nesodd1.no\/wp-content\/uploads\/2019\/10\/klistremerker-anker-og-tau-design.jpg.jpg?ssl=1\"><img data-recalc-dims=\"1\" loading=\"lazy\" decoding=\"async\" data-attachment-id=\"16489\" data-permalink=\"https:\/\/pequod.nesodd1.no\/?attachment_id=16489\" data-orig-file=\"https:\/\/i0.wp.com\/pequod.nesodd1.no\/wp-content\/uploads\/2019\/10\/klistremerker-anker-og-tau-design.jpg.jpg?fit=25%2C25&amp;ssl=1\" data-orig-size=\"25,25\" data-comments-opened=\"1\" data-image-meta=\"{&quot;aperture&quot;:&quot;0&quot;,&quot;credit&quot;:&quot;tribalium81&quot;,&quot;camera&quot;:&quot;&quot;,&quot;caption&quot;:&quot;&quot;,&quot;created_timestamp&quot;:&quot;0&quot;,&quot;copyright&quot;:&quot;tribalium81&quot;,&quot;focal_length&quot;:&quot;0&quot;,&quot;iso&quot;:&quot;0&quot;,&quot;shutter_speed&quot;:&quot;0&quot;,&quot;title&quot;:&quot;anchor and rope design&quot;,&quot;orientation&quot;:&quot;1&quot;}\" data-image-title=\"anchor and rope design\" data-image-description=\"\" data-image-caption=\"\" data-medium-file=\"https:\/\/i0.wp.com\/pequod.nesodd1.no\/wp-content\/uploads\/2019\/10\/klistremerker-anker-og-tau-design.jpg.jpg?fit=25%2C25&amp;ssl=1\" data-large-file=\"https:\/\/i0.wp.com\/pequod.nesodd1.no\/wp-content\/uploads\/2019\/10\/klistremerker-anker-og-tau-design.jpg.jpg?fit=25%2C25&amp;ssl=1\" class=\"alignnone size-full wp-image-16489\" src=\"https:\/\/i0.wp.com\/pequod.nesodd1.no\/wp-content\/uploads\/2019\/10\/klistremerker-anker-og-tau-design.jpg.jpg?resize=25%2C25&#038;ssl=1\" alt=\"\" width=\"25\" height=\"25\"><\/a><a href=\"https:\/\/i0.wp.com\/pequod.nesodd1.no\/wp-content\/uploads\/2019\/10\/klistremerker-anker-og-tau-design.jpg.jpg?ssl=1\"><img data-recalc-dims=\"1\" loading=\"lazy\" decoding=\"async\" data-attachment-id=\"16489\" data-permalink=\"https:\/\/pequod.nesodd1.no\/?attachment_id=16489\" data-orig-file=\"https:\/\/i0.wp.com\/pequod.nesodd1.no\/wp-content\/uploads\/2019\/10\/klistremerker-anker-og-tau-design.jpg.jpg?fit=25%2C25&amp;ssl=1\" data-orig-size=\"25,25\" data-comments-opened=\"1\" data-image-meta=\"{&quot;aperture&quot;:&quot;0&quot;,&quot;credit&quot;:&quot;tribalium81&quot;,&quot;camera&quot;:&quot;&quot;,&quot;caption&quot;:&quot;&quot;,&quot;created_timestamp&quot;:&quot;0&quot;,&quot;copyright&quot;:&quot;tribalium81&quot;,&quot;focal_length&quot;:&quot;0&quot;,&quot;iso&quot;:&quot;0&quot;,&quot;shutter_speed&quot;:&quot;0&quot;,&quot;title&quot;:&quot;anchor and rope design&quot;,&quot;orientation&quot;:&quot;1&quot;}\" data-image-title=\"anchor and rope design\" data-image-description=\"\" data-image-caption=\"\" data-medium-file=\"https:\/\/i0.wp.com\/pequod.nesodd1.no\/wp-content\/uploads\/2019\/10\/klistremerker-anker-og-tau-design.jpg.jpg?fit=25%2C25&amp;ssl=1\" data-large-file=\"https:\/\/i0.wp.com\/pequod.nesodd1.no\/wp-content\/uploads\/2019\/10\/klistremerker-anker-og-tau-design.jpg.jpg?fit=25%2C25&amp;ssl=1\" class=\"alignnone size-full wp-image-16489\" src=\"https:\/\/i0.wp.com\/pequod.nesodd1.no\/wp-content\/uploads\/2019\/10\/klistremerker-anker-og-tau-design.jpg.jpg?resize=25%2C25&#038;ssl=1\" alt=\"\" width=\"25\" height=\"25\"><\/a><\/strong><br \/>\n<strong>Posisjon:<\/strong> 59\u00b029&#8217;24.1&#8243;N 10\u00b019&#8217;1.9&#8243;E<br \/>\n<strong>Bes\u00f8kt antall ganger:<\/strong> 4 &nbsp;<strong>Sist bes\u00f8kt:<\/strong> 30.06.2019 <a href=\"https:\/\/holmestrand.kommune.no\/arets-batkommune-2022\/velkommen-til-gjestehavna\/\" target=\"_blank\" rel=\"noopener\">Hjemmeside<\/a> <a href=\"https:\/\/holmestrandsmabathavn.no\/Kamera.aspx\" target=\"_blank\" rel=\"noopener\">Webkamera<\/a><br \/>\n<strong>Fasiliteter:<\/strong>&nbsp;Str\u00f8m, vann, toalett, dusj, vaskemaskin, kiosk, drivstoff.<br \/>\nButikker og Vinmonopol&nbsp;i umiddelbar n\u00e6rhet.<br \/>\n<strong>Havneavgift (under 30 fot):<\/strong> 175 NOK. Automat. Inkludert str\u00f8m.&nbsp;<br \/>\n<b>Tilrettelagt for funksjonshemmede:<\/b> Nja. De fleste plassene er longside en h\u00f8y brygge, da b\u00f8r du ha en h\u00f8y b\u00e5r for \u00e5 komme i land. Ved de tre flytebryggene g\u00e5r det fors\u00e5vidt greit, men rampen opp til land kan v\u00e6re bratt. I tillegg er servicebygget veldig langt fra gjestehavna.<\/p>\n<figure id=\"attachment_6714\" aria-describedby=\"caption-attachment-6714\" style=\"width: 300px\" class=\"wp-caption alignleft\"><a href=\"https:\/\/i0.wp.com\/pequod.nesodd1.no\/wp-content\/uploads\/2014\/10\/IMG_6820web.jpg\"><img data-recalc-dims=\"1\" loading=\"lazy\" decoding=\"async\" data-attachment-id=\"6714\" data-permalink=\"https:\/\/pequod.nesodd1.no\/?attachment_id=6714\" data-orig-file=\"https:\/\/i0.wp.com\/pequod.nesodd1.no\/wp-content\/uploads\/2014\/10\/IMG_6820web.jpg?fit=600%2C450&amp;ssl=1\" data-orig-size=\"600,450\" data-comments-opened=\"1\" data-image-meta=\"{&quot;aperture&quot;:&quot;0&quot;,&quot;credit&quot;:&quot;&quot;,&quot;camera&quot;:&quot;&quot;,&quot;caption&quot;:&quot;&quot;,&quot;created_timestamp&quot;:&quot;0&quot;,&quot;copyright&quot;:&quot;&quot;,&quot;focal_length&quot;:&quot;0&quot;,&quot;iso&quot;:&quot;0&quot;,&quot;shutter_speed&quot;:&quot;0&quot;,&quot;title&quot;:&quot;&quot;,&quot;orientation&quot;:&quot;0&quot;}\" data-image-title=\"IMG_6820web\" data-image-description=\"&lt;p&gt;Holmestrand&lt;\/p&gt;\n\" data-image-caption=\"\" data-medium-file=\"https:\/\/i0.wp.com\/pequod.nesodd1.no\/wp-content\/uploads\/2014\/10\/IMG_6820web.jpg?fit=300%2C225&amp;ssl=1\" data-large-file=\"https:\/\/i0.wp.com\/pequod.nesodd1.no\/wp-content\/uploads\/2014\/10\/IMG_6820web.jpg?fit=600%2C450&amp;ssl=1\" class=\"wp-image-6714 size-medium\" src=\"https:\/\/i0.wp.com\/pequod.nesodd1.no\/wp-content\/uploads\/2014\/10\/IMG_6820web-300x225.jpg?resize=300%2C225\" alt=\"IMG_6820web\" width=\"300\" height=\"225\" srcset=\"https:\/\/i0.wp.com\/pequod.nesodd1.no\/wp-content\/uploads\/2014\/10\/IMG_6820web.jpg?resize=300%2C225&amp;ssl=1 300w, https:\/\/i0.wp.com\/pequod.nesodd1.no\/wp-content\/uploads\/2014\/10\/IMG_6820web.jpg?w=600&amp;ssl=1 600w\" sizes=\"auto, (max-width: 300px) 100vw, 300px\" \/><\/a><figcaption id=\"caption-attachment-6714\" class=\"wp-caption-text\">Ved drivstoffkaia i 2014. Gjestehavna foran baugen.<\/figcaption><\/figure>\n<p>Jeg har v\u00e6rt i Holmestrand gjestehavn flere ganger. F\u00f8rste gang i 2014 og da kun for for \u00e5 fylle diesel og vente litt p\u00e5 at vinden skulle l\u00f8ye&#8230;<\/p>\n<p>Andre gang var i begynnelsen av november 2018, da ble det en overnatting i h\u00f8stregn.&nbsp;Tredje og fjerde gang var i 2019. Da hadde de endret betalingssystemet for str\u00f8m til at det er inkludert i havneavgiften. Ved de to f\u00f8rste bes\u00f8kene mine m\u00e5tte str\u00f8m betales i tillegg.<\/p>\n<p>Gjestehavna best\u00e5r av flytebrygger som du ser p\u00e5 styrbord side n\u00e5r du kommer inn i havna. Du kan ogs\u00e5 legge til longside langs kaikanten. Da jeg var her i 2018 var det kommet en lang flytebrygge\/b\u00f8lgebryter foran moloen &#8211; men denne er ikke beregnet p\u00e5 \u00e5 fort\u00f8ye til.&nbsp;<\/p>\n<p><a href=\"https:\/\/i0.wp.com\/pequod.nesodd1.no\/wp-content\/uploads\/2019\/07\/IMG-9505.jpg?ssl=1\"><img data-recalc-dims=\"1\" loading=\"lazy\" decoding=\"async\" data-attachment-id=\"15986\" data-permalink=\"https:\/\/pequod.nesodd1.no\/?attachment_id=15986\" data-orig-file=\"https:\/\/i0.wp.com\/pequod.nesodd1.no\/wp-content\/uploads\/2019\/07\/IMG-9505.jpg?fit=800%2C600&amp;ssl=1\" data-orig-size=\"800,600\" data-comments-opened=\"1\" data-image-meta=\"{&quot;aperture&quot;:&quot;1.8&quot;,&quot;credit&quot;:&quot;&quot;,&quot;camera&quot;:&quot;iPhone 8 Plus&quot;,&quot;caption&quot;:&quot;&quot;,&quot;created_timestamp&quot;:&quot;1561297160&quot;,&quot;copyright&quot;:&quot;&quot;,&quot;focal_length&quot;:&quot;3.99&quot;,&quot;iso&quot;:&quot;20&quot;,&quot;shutter_speed&quot;:&quot;0.00033300033300033&quot;,&quot;title&quot;:&quot;&quot;,&quot;orientation&quot;:&quot;1&quot;}\" data-image-title=\"IMG-9505\" data-image-description=\"\" data-image-caption=\"\" data-medium-file=\"https:\/\/i0.wp.com\/pequod.nesodd1.no\/wp-content\/uploads\/2019\/07\/IMG-9505.jpg?fit=300%2C225&amp;ssl=1\" data-large-file=\"https:\/\/i0.wp.com\/pequod.nesodd1.no\/wp-content\/uploads\/2019\/07\/IMG-9505.jpg?fit=800%2C600&amp;ssl=1\" class=\"alignright size-medium wp-image-15986\" src=\"https:\/\/i0.wp.com\/pequod.nesodd1.no\/wp-content\/uploads\/2019\/07\/IMG-9505.jpg?resize=300%2C225&#038;ssl=1\" alt=\"\" width=\"300\" height=\"225\" srcset=\"https:\/\/i0.wp.com\/pequod.nesodd1.no\/wp-content\/uploads\/2019\/07\/IMG-9505.jpg?resize=300%2C225&amp;ssl=1 300w, https:\/\/i0.wp.com\/pequod.nesodd1.no\/wp-content\/uploads\/2019\/07\/IMG-9505.jpg?resize=100%2C75&amp;ssl=1 100w, https:\/\/i0.wp.com\/pequod.nesodd1.no\/wp-content\/uploads\/2019\/07\/IMG-9505.jpg?resize=768%2C576&amp;ssl=1 768w, https:\/\/i0.wp.com\/pequod.nesodd1.no\/wp-content\/uploads\/2019\/07\/IMG-9505.jpg?w=800&amp;ssl=1 800w\" sizes=\"auto, (max-width: 300px) 100vw, 300px\" \/><\/a>For\u00f8vrig noe pussig organisering av gjestehavna. Mens omtrent 95 prosent av gjestehavna l\u00e5 p\u00e5 den siden jeg la meg, er servicebygget p\u00e5 motsatt side ved moloen! For meg, som g\u00e5r litt saktere p\u00e5 grunn av protesen, ville det sikkert tatt 15-20 minutter \u00e5 g\u00e5 rundt dit!<\/p>\n<p>P\u00e5 siden jeg l\u00e5 var det bare tilgjengelig ett \u00e5pent offentlig toalett. Skulle v\u00e6re en dusj der ogs\u00e5, men den s\u00e5 ut til \u00e5 v\u00e6re stengt. Koden p\u00e5 havneavgiftskvitteringen virket i alle fall ikke. Noe merkelig ordning!<\/p>\n<p>P\u00e5 kartet over gjestehavna ser det ut til \u00e5 v\u00e6re kun \u00e9n liten kaiplass like ved serviceanlegget, jeg vil anta at det ikke er plass til mer enn to-tre b\u00e5ter der av gjennomsnittlig st\u00f8rrelse.<\/p>\n<p>\u00c5rsaken er nok at serviceanlegget er mer tenkt for bobilgjester enn b\u00e5tgjester, siden det er bobilparkering p\u00e5 den andre siden, men l\u00f8sningen er langt fra ideell for b\u00e5tfolket! Og med bare ett toalett og \u00e9n dusj p\u00e5 den siden mesteparten av gjestehavna ligger, s\u00e5 tror jeg at jeg unng\u00e5r Holmestrand i toppsesongen!!!<\/p>\n<p>Uansett virket havna veldig hyggelig, s\u00e5 det er nok mer liv og mer koselig stemning i sommerm\u00e5nedene.&nbsp;<\/p>\n<p>Drivstoffprisen (diesel) ligger imidlertid et par kroner h\u00f8yere per liter enn de fleste andre i n\u00e6rheten, s\u00e5 er det sagt&#8230;<\/p>\n<figure id=\"attachment_15997\" aria-describedby=\"caption-attachment-15997\" style=\"width: 800px\" class=\"wp-caption aligncenter\"><a href=\"https:\/\/i0.wp.com\/pequod.nesodd1.no\/wp-content\/uploads\/2019\/07\/IMG-9498.jpg?ssl=1\"><img data-recalc-dims=\"1\" loading=\"lazy\" decoding=\"async\" data-attachment-id=\"15997\" data-permalink=\"https:\/\/pequod.nesodd1.no\/?attachment_id=15997\" data-orig-file=\"https:\/\/i0.wp.com\/pequod.nesodd1.no\/wp-content\/uploads\/2019\/07\/IMG-9498.jpg?fit=800%2C600&amp;ssl=1\" data-orig-size=\"800,600\" data-comments-opened=\"1\" data-image-meta=\"{&quot;aperture&quot;:&quot;1.8&quot;,&quot;credit&quot;:&quot;&quot;,&quot;camera&quot;:&quot;iPhone 8 Plus&quot;,&quot;caption&quot;:&quot;&quot;,&quot;created_timestamp&quot;:&quot;1561296644&quot;,&quot;copyright&quot;:&quot;&quot;,&quot;focal_length&quot;:&quot;3.99&quot;,&quot;iso&quot;:&quot;25&quot;,&quot;shutter_speed&quot;:&quot;0.00031201248049922&quot;,&quot;title&quot;:&quot;&quot;,&quot;orientation&quot;:&quot;1&quot;}\" data-image-title=\"IMG-9498\" data-image-description=\"&lt;p&gt;Holmestrand&lt;\/p&gt;\n\" data-image-caption=\"&lt;p&gt;P\u00e5 plass i Holmestrand i 2019.&lt;\/p&gt;\n\" data-medium-file=\"https:\/\/i0.wp.com\/pequod.nesodd1.no\/wp-content\/uploads\/2019\/07\/IMG-9498.jpg?fit=300%2C225&amp;ssl=1\" data-large-file=\"https:\/\/i0.wp.com\/pequod.nesodd1.no\/wp-content\/uploads\/2019\/07\/IMG-9498.jpg?fit=800%2C600&amp;ssl=1\" class=\"size-full wp-image-15997\" src=\"https:\/\/i0.wp.com\/pequod.nesodd1.no\/wp-content\/uploads\/2019\/07\/IMG-9498.jpg?resize=800%2C600&#038;ssl=1\" alt=\"\" width=\"800\" height=\"600\" srcset=\"https:\/\/i0.wp.com\/pequod.nesodd1.no\/wp-content\/uploads\/2019\/07\/IMG-9498.jpg?w=800&amp;ssl=1 800w, https:\/\/i0.wp.com\/pequod.nesodd1.no\/wp-content\/uploads\/2019\/07\/IMG-9498.jpg?resize=100%2C75&amp;ssl=1 100w, https:\/\/i0.wp.com\/pequod.nesodd1.no\/wp-content\/uploads\/2019\/07\/IMG-9498.jpg?resize=300%2C225&amp;ssl=1 300w, https:\/\/i0.wp.com\/pequod.nesodd1.no\/wp-content\/uploads\/2019\/07\/IMG-9498.jpg?resize=768%2C576&amp;ssl=1 768w\" sizes=\"auto, (max-width: 800px) 100vw, 800px\" \/><\/a><figcaption id=\"caption-attachment-15997\" class=\"wp-caption-text\">P\u00e5 plass i Holmestrand i 2019.<\/figcaption><\/figure>\n<h3>Related Images:<\/h3>","protected":false},"excerpt":{"rendered":"<p>Vurdering (5 anker er best): Posisjon: 59\u00b029&#8217;24.1&#8243;N 10\u00b019&#8217;1.9&#8243;E Bes\u00f8kt antall ganger: 4 &nbsp;Sist bes\u00f8kt: 30.06.2019 Hjemmeside Webkamera Fasiliteter:&nbsp;Str\u00f8m, vann, toalett, dusj, vaskemaskin, kiosk, drivstoff. Butikker og Vinmonopol&nbsp;i umiddelbar n\u00e6rhet. Havneavgift (under 30 fot): 175 NOK. Automat. Inkludert str\u00f8m.&nbsp; Tilrettelagt for funksjonshemmede: Nja. De fleste plassene er longside en h\u00f8y brygge, da b\u00f8r du ha en &hellip;<br \/><a href=\"https:\/\/pequod.nesodd1.no\/?page_id=6083\" class=\"more-link pen_element_default pen_icon_arrow_double\">Les<\/a><\/p>\n","protected":false},"author":1,"featured_media":15143,"parent":5493,"menu_order":0,"comment_status":"open","ping_status":"open","template":"","meta":{"_crdt_document":"","ngg_post_thumbnail":0,"jetpack_post_was_ever_published":false,"footnotes":""},"class_list":["post-6083","page","type-page","status-publish","has-post-thumbnail","hentry"],"jetpack_shortlink":"https:\/\/wp.me\/P3Zd9b-1A7","jetpack_sharing_enabled":true,"jetpack_likes_enabled":true,"jetpack-related-posts":[],"_links":{"self":[{"href":"https:\/\/pequod.nesodd1.no\/index.php?rest_route=\/wp\/v2\/pages\/6083","targetHints":{"allow":["GET"]}}],"collection":[{"href":"https:\/\/pequod.nesodd1.no\/index.php?rest_route=\/wp\/v2\/pages"}],"about":[{"href":"https:\/\/pequod.nesodd1.no\/index.php?rest_route=\/wp\/v2\/types\/page"}],"author":[{"embeddable":true,"href":"https:\/\/pequod.nesodd1.no\/index.php?rest_route=\/wp\/v2\/users\/1"}],"replies":[{"embeddable":true,"href":"https:\/\/pequod.nesodd1.no\/index.php?rest_route=%2Fwp%2Fv2%2Fcomments&post=6083"}],"version-history":[{"count":15,"href":"https:\/\/pequod.nesodd1.no\/index.php?rest_route=\/wp\/v2\/pages\/6083\/revisions"}],"predecessor-version":[{"id":31292,"href":"https:\/\/pequod.nesodd1.no\/index.php?rest_route=\/wp\/v2\/pages\/6083\/revisions\/31292"}],"up":[{"embeddable":true,"href":"https:\/\/pequod.nesodd1.no\/index.php?rest_route=\/wp\/v2\/pages\/5493"}],"wp:featuredmedia":[{"embeddable":true,"href":"https:\/\/pequod.nesodd1.no\/index.php?rest_route=\/wp\/v2\/media\/15143"}],"wp:attachment":[{"href":"https:\/\/pequod.nesodd1.no\/index.php?rest_route=%2Fwp%2Fv2%2Fmedia&parent=6083"}],"curies":[{"name":"wp","href":"https:\/\/api.w.org\/{rel}","templated":true}]}}