{"id":6150,"date":"2014-11-10T23:46:40","date_gmt":"2014-11-10T22:46:40","guid":{"rendered":"https:\/\/pequod.nesodd1.no\/?page_id=6150"},"modified":"2023-10-09T23:45:37","modified_gmt":"2023-10-09T21:45:37","slug":"gjestebrygga-vollen-marina","status":"publish","type":"page","link":"https:\/\/pequod.nesodd1.no\/?page_id=6150","title":{"rendered":"Vollen Marina, gjestebrygger"},"content":{"rendered":"<p><strong>Vurdering (5 anker er best): <a href=\"https:\/\/i0.wp.com\/pequod.nesodd1.no\/wp-content\/uploads\/2019\/10\/klistremerker-anker-og-tau-design.jpg.jpg?ssl=1\"><img data-recalc-dims=\"1\" loading=\"lazy\" decoding=\"async\" data-attachment-id=\"16489\" data-permalink=\"https:\/\/pequod.nesodd1.no\/?attachment_id=16489\" data-orig-file=\"https:\/\/i0.wp.com\/pequod.nesodd1.no\/wp-content\/uploads\/2019\/10\/klistremerker-anker-og-tau-design.jpg.jpg?fit=25%2C25&amp;ssl=1\" data-orig-size=\"25,25\" data-comments-opened=\"1\" data-image-meta=\"{&quot;aperture&quot;:&quot;0&quot;,&quot;credit&quot;:&quot;tribalium81&quot;,&quot;camera&quot;:&quot;&quot;,&quot;caption&quot;:&quot;&quot;,&quot;created_timestamp&quot;:&quot;0&quot;,&quot;copyright&quot;:&quot;tribalium81&quot;,&quot;focal_length&quot;:&quot;0&quot;,&quot;iso&quot;:&quot;0&quot;,&quot;shutter_speed&quot;:&quot;0&quot;,&quot;title&quot;:&quot;anchor and rope design&quot;,&quot;orientation&quot;:&quot;1&quot;}\" data-image-title=\"anchor and rope design\" data-image-description=\"\" data-image-caption=\"\" data-large-file=\"https:\/\/i0.wp.com\/pequod.nesodd1.no\/wp-content\/uploads\/2019\/10\/klistremerker-anker-og-tau-design.jpg.jpg?fit=25%2C25&amp;ssl=1\" class=\"alignnone size-full wp-image-16489\" src=\"https:\/\/i0.wp.com\/pequod.nesodd1.no\/wp-content\/uploads\/2019\/10\/klistremerker-anker-og-tau-design.jpg.jpg?resize=25%2C25&#038;ssl=1\" alt=\"\" width=\"25\" height=\"25\"><\/a><a href=\"https:\/\/i0.wp.com\/pequod.nesodd1.no\/wp-content\/uploads\/2019\/10\/klistremerker-anker-og-tau-design.jpg.jpg?ssl=1\"><img data-recalc-dims=\"1\" loading=\"lazy\" decoding=\"async\" data-attachment-id=\"16489\" data-permalink=\"https:\/\/pequod.nesodd1.no\/?attachment_id=16489\" data-orig-file=\"https:\/\/i0.wp.com\/pequod.nesodd1.no\/wp-content\/uploads\/2019\/10\/klistremerker-anker-og-tau-design.jpg.jpg?fit=25%2C25&amp;ssl=1\" data-orig-size=\"25,25\" data-comments-opened=\"1\" data-image-meta=\"{&quot;aperture&quot;:&quot;0&quot;,&quot;credit&quot;:&quot;tribalium81&quot;,&quot;camera&quot;:&quot;&quot;,&quot;caption&quot;:&quot;&quot;,&quot;created_timestamp&quot;:&quot;0&quot;,&quot;copyright&quot;:&quot;tribalium81&quot;,&quot;focal_length&quot;:&quot;0&quot;,&quot;iso&quot;:&quot;0&quot;,&quot;shutter_speed&quot;:&quot;0&quot;,&quot;title&quot;:&quot;anchor and rope design&quot;,&quot;orientation&quot;:&quot;1&quot;}\" data-image-title=\"anchor and rope design\" data-image-description=\"\" data-image-caption=\"\" data-large-file=\"https:\/\/i0.wp.com\/pequod.nesodd1.no\/wp-content\/uploads\/2019\/10\/klistremerker-anker-og-tau-design.jpg.jpg?fit=25%2C25&amp;ssl=1\" class=\"alignnone size-full wp-image-16489\" src=\"https:\/\/i0.wp.com\/pequod.nesodd1.no\/wp-content\/uploads\/2019\/10\/klistremerker-anker-og-tau-design.jpg.jpg?resize=25%2C25&#038;ssl=1\" alt=\"\" width=\"25\" height=\"25\"><\/a><\/strong><br \/>\n<strong>Posisjon:<\/strong> 59\u00b048&#8217;34.2&#8243;N 10\u00b029&#8217;13.4&#8243;E<br \/>\n<strong>Bes\u00f8kt antall ganger:<\/strong> 5 &nbsp;<strong>Sist bes\u00f8kt:<\/strong> 18. april 2021 <strong>Webkamera:<\/strong> Nei <a title=\"Vollen\" href=\"https:\/\/www.vollen-marina.no\/\" target=\"_blank\" rel=\"noopener noreferrer\">Hjemmeside<\/a><br \/>\n<strong>Fasiliteter:<\/strong> Str\u00f8m, vann, toaletter, dusj, drivstoff. Butikker, kafeer, bakeri og b\u00e5tutstyrsbutikk i umiddelbar n\u00e6rhet. Skrogvask og vannscooterutleie. Oslofjordmuseet rett over bukta.<br \/>\n<strong>Fort\u00f8yning:<\/strong> Langsides, i b\u00e5ser p\u00e5 det nyeste anlegget helt ytterst.<br \/>\n<strong>Havneavgift (for 29-foter):<\/strong> 390 NOK + str\u00f8m for overnatting, 95 NOK for fire timer. Betales med appen Marina Booking. Her betales ogs\u00e5 vask\/t\u00f8rk\/dusj som koster 60 kr per stk.<br \/>\n<strong>Tilrettelagt for funksjonshemmede:&nbsp;<\/strong>Ikke spesielt, men det g\u00e5r greit \u00e5 komme seg opp fra flytebrygga.<br \/>\n<a href=\"https:\/\/i0.wp.com\/pequod.nesodd1.no\/wp-content\/uploads\/2014\/11\/vollenmarina.jpg\"><img data-recalc-dims=\"1\" loading=\"lazy\" decoding=\"async\" data-attachment-id=\"6151\" data-permalink=\"https:\/\/pequod.nesodd1.no\/?attachment_id=6151\" data-orig-file=\"https:\/\/i0.wp.com\/pequod.nesodd1.no\/wp-content\/uploads\/2014\/11\/vollenmarina.jpg?fit=640%2C480&amp;ssl=1\" data-orig-size=\"640,480\" data-comments-opened=\"1\" data-image-meta=\"{&quot;aperture&quot;:&quot;2.2&quot;,&quot;credit&quot;:&quot;&quot;,&quot;camera&quot;:&quot;iPhone 5s&quot;,&quot;caption&quot;:&quot;&quot;,&quot;created_timestamp&quot;:&quot;1415529089&quot;,&quot;copyright&quot;:&quot;&quot;,&quot;focal_length&quot;:&quot;4.12&quot;,&quot;iso&quot;:&quot;32&quot;,&quot;shutter_speed&quot;:&quot;0.00787401574803&quot;,&quot;title&quot;:&quot;&quot;,&quot;orientation&quot;:&quot;1&quot;}\" data-image-title=\"vollenmarina\" data-image-description=\"&lt;p&gt;Vollen&lt;\/p&gt;\n\" data-image-caption=\"\" data-large-file=\"https:\/\/i0.wp.com\/pequod.nesodd1.no\/wp-content\/uploads\/2014\/11\/vollenmarina.jpg?fit=640%2C480&amp;ssl=1\" class=\"wp-image-6151 alignleft\" src=\"https:\/\/i0.wp.com\/pequod.nesodd1.no\/wp-content\/uploads\/2014\/11\/vollenmarina-300x225.jpg?resize=331%2C248\" alt=\"vollenmarina\" width=\"331\" height=\"248\" srcset=\"https:\/\/i0.wp.com\/pequod.nesodd1.no\/wp-content\/uploads\/2014\/11\/vollenmarina.jpg?resize=300%2C225&amp;ssl=1 300w, https:\/\/i0.wp.com\/pequod.nesodd1.no\/wp-content\/uploads\/2014\/11\/vollenmarina.jpg?w=640&amp;ssl=1 640w\" sizes=\"auto, (max-width: 331px) 100vw, 331px\" \/><\/a><\/p>\n<p>Idylliske Vollen bes\u00f8kte jeg for f\u00f8rste gang i november. Jeg kombinerte oppholdet med et jobbseminar p\u00e5 Leangkollen og lot b\u00e5ten ligge ved gjestebrygga over natten fra l\u00f8rdag morgen. S\u00f8ndag rakk jeg en tur innom Oslofjordmuseet f\u00f8r jeg satte baugen hjemover.<\/p>\n<p>Gjestebrygga (flytebrygge) er lett \u00e5 finne n\u00e5r du n\u00e6rmer deg b\u00e5thavna. Den ligger ved t\u00e5rnbygningen, mellom bryggene for drivstoffp\u00e5fylling og det vanlige bryggeanlegget til b\u00e5tforeningens medlemmer. Ikke veldig mange gjesteplasser, s\u00e5 blir nok fort fullt om sommeren.<\/p>\n<p>Da jeg fort\u00f8yde ved brygga kom jeg i snakk med en som jeg tror enten jobbet i b\u00e5tutstyrsbutikken eller hadde b\u00e5t selv i havna. Han ga meg det tipset at havna var litt utsatt fra b\u00f8lgene til blant annet Kielferga, og ba meg fort\u00f8ye med god slakk og mye fendring, noe jeg da ogs\u00e5 gjorde.<\/p>\n<p>Foruten en kafe (som var stengt da jeg var der) ligger det ogs\u00e5 en kiosk\/b\u00e5tutstyrsbutikk like ved gjestebrygga og pumpene. Den var \u00e5pen da jeg ankom l\u00f8rdag, men stengt s\u00f8ndag n\u00e5 utenfor sesongen. P\u00e5 hjemmesiden st\u00e5r det at n\u00f8kkel til toalettene m\u00e5 hentes der. Usikker hvordan det fungerer n\u00e5r det er stengt&#8230;<\/p>\n<figure id=\"attachment_6171\" aria-describedby=\"caption-attachment-6171\" style=\"width: 332px\" class=\"wp-caption alignleft\"><a href=\"https:\/\/i0.wp.com\/pequod.nesodd1.no\/wp-content\/uploads\/2014\/11\/IMG_2418.jpg\"><img data-recalc-dims=\"1\" loading=\"lazy\" decoding=\"async\" data-attachment-id=\"6171\" data-permalink=\"https:\/\/pequod.nesodd1.no\/?attachment_id=6171\" data-orig-file=\"https:\/\/i0.wp.com\/pequod.nesodd1.no\/wp-content\/uploads\/2014\/11\/IMG_2418.jpg?fit=800%2C534&amp;ssl=1\" data-orig-size=\"800,534\" data-comments-opened=\"1\" data-image-meta=\"{&quot;aperture&quot;:&quot;6.3&quot;,&quot;credit&quot;:&quot;Picasa&quot;,&quot;camera&quot;:&quot;Canon EOS 700D&quot;,&quot;caption&quot;:&quot;&quot;,&quot;created_timestamp&quot;:&quot;1415527684&quot;,&quot;copyright&quot;:&quot;&quot;,&quot;focal_length&quot;:&quot;55&quot;,&quot;iso&quot;:&quot;200&quot;,&quot;shutter_speed&quot;:&quot;0.01&quot;,&quot;title&quot;:&quot;&quot;,&quot;orientation&quot;:&quot;0&quot;}\" data-image-title=\"IMG_2418\" data-image-description=\"&lt;p&gt;Vollen&lt;\/p&gt;\n\" data-image-caption=\"\" data-large-file=\"https:\/\/i0.wp.com\/pequod.nesodd1.no\/wp-content\/uploads\/2014\/11\/IMG_2418.jpg?fit=800%2C534&amp;ssl=1\" class=\"wp-image-6171\" src=\"https:\/\/i0.wp.com\/pequod.nesodd1.no\/wp-content\/uploads\/2014\/11\/IMG_2418-300x200.jpg?resize=332%2C221\" alt=\"IMG_2418\" width=\"332\" height=\"221\" srcset=\"https:\/\/i0.wp.com\/pequod.nesodd1.no\/wp-content\/uploads\/2014\/11\/IMG_2418.jpg?resize=300%2C200&amp;ssl=1 300w, https:\/\/i0.wp.com\/pequod.nesodd1.no\/wp-content\/uploads\/2014\/11\/IMG_2418.jpg?w=800&amp;ssl=1 800w\" sizes=\"auto, (max-width: 332px) 100vw, 332px\" \/><\/a><figcaption id=\"caption-attachment-6171\" class=\"wp-caption-text\">Sett fra Oslofjordmuseet<\/figcaption><\/figure>\n<p>Vollen Marina ligger rett ved sentrum av Vollen, en liten s\u00f8rlandsidyll i Asker med masse fine trehus like ved sj\u00f8en. Fem minutters spasertur ( ta til venstre n\u00e5r du kommer opp til hovedveien) tar deg til et lite sentrum med flere butikker, bakeri og kafe, Rema, fris\u00f8r, klesbutikker osv. Flere av disse var ogs\u00e5 \u00e5pne denne s\u00f8ndagen i november.<\/p>\n<p>G\u00e5r du forbi disse butikkene og tar ned til venstre ved den bygningen som huser Rema, kommer du ned til den gamle dampskipsbrygga, den noe nyere brygga som brukes av hurtigb\u00e5ten fra Oslo p\u00e5 hverdagene (morgen og ettermiddag) samt Oslofjordmuseet.<\/p>\n<figure id=\"attachment_14353\" aria-describedby=\"caption-attachment-14353\" style=\"width: 300px\" class=\"wp-caption alignright\"><a href=\"https:\/\/i0.wp.com\/pequod.nesodd1.no\/wp-content\/uploads\/2018\/08\/38777314_10155429584092032_3764639225509576704_n.jpg?ssl=1\"><img data-recalc-dims=\"1\" loading=\"lazy\" decoding=\"async\" data-attachment-id=\"14353\" data-permalink=\"https:\/\/pequod.nesodd1.no\/?attachment_id=14353\" data-orig-file=\"https:\/\/i0.wp.com\/pequod.nesodd1.no\/wp-content\/uploads\/2018\/08\/38777314_10155429584092032_3764639225509576704_n.jpg?fit=960%2C720&amp;ssl=1\" data-orig-size=\"960,720\" data-comments-opened=\"1\" data-image-meta=\"{&quot;aperture&quot;:&quot;0&quot;,&quot;credit&quot;:&quot;&quot;,&quot;camera&quot;:&quot;&quot;,&quot;caption&quot;:&quot;&quot;,&quot;created_timestamp&quot;:&quot;0&quot;,&quot;copyright&quot;:&quot;&quot;,&quot;focal_length&quot;:&quot;0&quot;,&quot;iso&quot;:&quot;0&quot;,&quot;shutter_speed&quot;:&quot;0&quot;,&quot;title&quot;:&quot;&quot;,&quot;orientation&quot;:&quot;0&quot;}\" data-image-title=\"38777314_10155429584092032_3764639225509576704_n\" data-image-description=\"&lt;p&gt;Vollen, Maudbukta, Oslofjordmuseet&lt;\/p&gt;\n\" data-image-caption=\"&lt;p&gt;Neste gang jeg skal p\u00e5 museet legger jeg til her igjen!&lt;\/p&gt;\n\" data-large-file=\"https:\/\/i0.wp.com\/pequod.nesodd1.no\/wp-content\/uploads\/2018\/08\/38777314_10155429584092032_3764639225509576704_n.jpg?fit=940%2C705&amp;ssl=1\" class=\"size-medium wp-image-14353\" src=\"https:\/\/i0.wp.com\/pequod.nesodd1.no\/wp-content\/uploads\/2018\/08\/38777314_10155429584092032_3764639225509576704_n.jpg?resize=300%2C225&#038;ssl=1\" alt=\"\" width=\"300\" height=\"225\" srcset=\"https:\/\/i0.wp.com\/pequod.nesodd1.no\/wp-content\/uploads\/2018\/08\/38777314_10155429584092032_3764639225509576704_n.jpg?resize=300%2C225&amp;ssl=1 300w, https:\/\/i0.wp.com\/pequod.nesodd1.no\/wp-content\/uploads\/2018\/08\/38777314_10155429584092032_3764639225509576704_n.jpg?resize=100%2C75&amp;ssl=1 100w, https:\/\/i0.wp.com\/pequod.nesodd1.no\/wp-content\/uploads\/2018\/08\/38777314_10155429584092032_3764639225509576704_n.jpg?resize=768%2C576&amp;ssl=1 768w, https:\/\/i0.wp.com\/pequod.nesodd1.no\/wp-content\/uploads\/2018\/08\/38777314_10155429584092032_3764639225509576704_n.jpg?w=960&amp;ssl=1 960w\" sizes=\"auto, (max-width: 300px) 100vw, 300px\" \/><\/a><figcaption id=\"caption-attachment-14353\" class=\"wp-caption-text\">Ved Oslofjordmuseet er det ogs\u00e5 noen gjesteplasser<\/figcaption><\/figure>\n<p>Museet er ikke stort, og kanskje heller ikke s\u00e5 veldig spennende hvis du ikke er spesielt opptatt av kystkultur, men jeg hadde glede av \u00e5 oppdage en klassisk With-jolle som lignet veldig p\u00e5 den jeg n\u00e6rmest vokste opp i, og rob\u00e5tsimulatoren i andre etasje var ogs\u00e5 fiffig.<\/p>\n<p>Til 40 kroner i inngang (som jeg for \u00f8vrig slapp ettersom det var gratis adgang i forbindelse med en utstillings\u00e5pning denne s\u00f8ndagen) er det uansett verdt prisen! Og museet har ogs\u00e5 en egen <a href=\"https:\/\/pequod.nesodd1.no\/?page_id=14272\">gjestebrygge<\/a> for litt mindre b\u00e5ter.<\/p>\n<p>Uansett et hyggelig sted som jeg nok kommer til \u00e5 pr\u00f8ve \u00e5 bes\u00f8ke i l\u00f8pet av v\u00e5ren\/sommeren neste \u00e5r.<\/p>\n<p><strong>OPPDATERING:&nbsp;<\/strong>Har bes\u00f8kt stedet et flere ganger n\u00e5, i sommersesongen er det pur idyll med ferskt bakverk p\u00e5 Cafe Oscar&#8230;Absolutt vel verdt et bes\u00f8k.<\/p>\n<p><strong>OPPDATERING 2021:&nbsp;<\/strong>Har ikke bes\u00f8kt Vollen i \u00e5r enn\u00e5, men p\u00e5 sine nettsider skriver de at de fra i \u00e5r utvider gjesteplasskapasiteten med en ny brygge som er plassert ytterst p\u00e5 det eksisterende bryggeanlegget der det er faste b\u00e5tplasser. Der skal det ogs\u00e5 komme et serviceanlegg med toaletter og dusj.<\/p>\n<p><strong>OPPDATERING APRIL 2021:&nbsp;<\/strong><\/p>\n<p>Var innom for \u00e5 ta det nye anlegget i n\u00e6rmere \u00f8yesyn. \u00c5pner ikke offisielt f\u00f8r 1. mai, s\u00e5 vet enn\u00e5 ikke hva det vil koste \u00e5 ligge der, men anlegget s\u00e5 veldig bra ut. S\u00e6rlig utriggerne falt i smak for en amputert skipper med litt d\u00e5rlig balanse. Solide og mye mer st\u00f8dige enn jeg er vant til. Serviceanlegget var ikke ferdig enn\u00e5 og derfor heller ikke \u00e5pnet. Vet ikke om str\u00f8mmen var tilkoblet da jeg ikke brukte den. Men dette ser veldig bra ut, og gj\u00f8r at Vollen nok blir enda mer attraktivt for b\u00e5tfolk framover &#8211; hvis de da ikke priser seg helt bort. Noen bilder fra det nye anlegget under.<\/p>\n<p><strong>OPPDATERING 2023:<\/strong><\/p>\n<p>Har ikke lagt til her i \u00e5r enn\u00e5, men hvis jeg gj\u00f8r det blir det kun for noen timer p\u00e5 dagen. For som jeg skrev i forrige oppdatering fryktet jeg at de priser seg bort. Noe det viser seg at de har gjort. If\u00f8lge nettsidene tar de n\u00e5 390 kroner pluss str\u00f8m! Det gj\u00f8r at det ikke blir bes\u00f8k her s\u00e6rlig ofte, nei. S\u00c5 interessant er det ikke p\u00e5 Vollen til at det rettferdiggj\u00f8r den prisen. I tillegg er dette prisen du m\u00e5 betale fra 1. mai og helt til 31. oktober, noe som gj\u00f8r stedet enda mer usympatisk. S\u00e5 her blir det i h\u00f8yden \u00e5 legge seg til for noen timer f\u00f8r man fortsetter til gjestehavner i n\u00e6rheten, som ligger nesten halvparten i pris. For eksempel S\u00e6tre.<\/p>\n<p>Man kan visstnok legge seg p\u00e5 den gamle gjestebrygga lenger inn (regner med at det er den som du ser snekka ligger ved p\u00e5 bildet oppe til venstre). Den er uten str\u00f8mtilbud og betaling p\u00e5 automat\/havnevert. Vet ikke prisen. men gjelder kun b\u00e5ter opp til 26 fot.<\/p>\n<p><a href=\"https:\/\/i0.wp.com\/pequod.nesodd1.no\/wp-content\/uploads\/2021\/04\/IMG-2239.jpg?ssl=1\"><img data-recalc-dims=\"1\" loading=\"lazy\" decoding=\"async\" data-attachment-id=\"21624\" data-permalink=\"https:\/\/pequod.nesodd1.no\/?attachment_id=21624\" data-orig-file=\"https:\/\/i0.wp.com\/pequod.nesodd1.no\/wp-content\/uploads\/2021\/04\/IMG-2239.jpg?fit=960%2C720&amp;ssl=1\" data-orig-size=\"960,720\" data-comments-opened=\"1\" data-image-meta=\"{&quot;aperture&quot;:&quot;1.8&quot;,&quot;credit&quot;:&quot;&quot;,&quot;camera&quot;:&quot;iPhone 11 Pro Max&quot;,&quot;caption&quot;:&quot;&quot;,&quot;created_timestamp&quot;:&quot;1618758529&quot;,&quot;copyright&quot;:&quot;&quot;,&quot;focal_length&quot;:&quot;4.25&quot;,&quot;iso&quot;:&quot;32&quot;,&quot;shutter_speed&quot;:&quot;0.00032&quot;,&quot;title&quot;:&quot;&quot;,&quot;orientation&quot;:&quot;1&quot;}\" data-image-title=\"IMG-2239\" data-image-description=\"&lt;p&gt;Vollen, gjesteplasser&lt;\/p&gt;\n\" data-image-caption=\"\" data-large-file=\"https:\/\/i0.wp.com\/pequod.nesodd1.no\/wp-content\/uploads\/2021\/04\/IMG-2239.jpg?fit=940%2C705&amp;ssl=1\" class=\"aligncenter wp-image-21624 size-full\" src=\"https:\/\/i0.wp.com\/pequod.nesodd1.no\/wp-content\/uploads\/2021\/04\/IMG-2239.jpg?resize=940%2C705&#038;ssl=1\" alt=\"\" width=\"940\" height=\"705\" srcset=\"https:\/\/i0.wp.com\/pequod.nesodd1.no\/wp-content\/uploads\/2021\/04\/IMG-2239.jpg?w=960&amp;ssl=1 960w, https:\/\/i0.wp.com\/pequod.nesodd1.no\/wp-content\/uploads\/2021\/04\/IMG-2239.jpg?resize=300%2C225&amp;ssl=1 300w, https:\/\/i0.wp.com\/pequod.nesodd1.no\/wp-content\/uploads\/2021\/04\/IMG-2239.jpg?resize=100%2C75&amp;ssl=1 100w, https:\/\/i0.wp.com\/pequod.nesodd1.no\/wp-content\/uploads\/2021\/04\/IMG-2239.jpg?resize=768%2C576&amp;ssl=1 768w\" sizes=\"auto, (max-width: 940px) 100vw, 940px\" \/><\/a> <a href=\"https:\/\/i0.wp.com\/pequod.nesodd1.no\/wp-content\/uploads\/2021\/04\/IMG-2242.jpg?ssl=1\"><img data-recalc-dims=\"1\" loading=\"lazy\" decoding=\"async\" data-attachment-id=\"21625\" data-permalink=\"https:\/\/pequod.nesodd1.no\/?attachment_id=21625\" data-orig-file=\"https:\/\/i0.wp.com\/pequod.nesodd1.no\/wp-content\/uploads\/2021\/04\/IMG-2242.jpg?fit=960%2C720&amp;ssl=1\" data-orig-size=\"960,720\" data-comments-opened=\"1\" data-image-meta=\"{&quot;aperture&quot;:&quot;1.8&quot;,&quot;credit&quot;:&quot;&quot;,&quot;camera&quot;:&quot;iPhone 11 Pro Max&quot;,&quot;caption&quot;:&quot;&quot;,&quot;created_timestamp&quot;:&quot;1618759290&quot;,&quot;copyright&quot;:&quot;&quot;,&quot;focal_length&quot;:&quot;4.25&quot;,&quot;iso&quot;:&quot;32&quot;,&quot;shutter_speed&quot;:&quot;0.00021701388888889&quot;,&quot;title&quot;:&quot;&quot;,&quot;orientation&quot;:&quot;1&quot;}\" data-image-title=\"IMG-2242\" data-image-description=\"&lt;p&gt;Vollen, gjesteplasser&lt;\/p&gt;\n\" data-image-caption=\"\" data-large-file=\"https:\/\/i0.wp.com\/pequod.nesodd1.no\/wp-content\/uploads\/2021\/04\/IMG-2242.jpg?fit=940%2C705&amp;ssl=1\" class=\"aligncenter wp-image-21625 size-full\" src=\"https:\/\/i0.wp.com\/pequod.nesodd1.no\/wp-content\/uploads\/2021\/04\/IMG-2242.jpg?resize=940%2C705&#038;ssl=1\" alt=\"\" width=\"940\" height=\"705\" srcset=\"https:\/\/i0.wp.com\/pequod.nesodd1.no\/wp-content\/uploads\/2021\/04\/IMG-2242.jpg?w=960&amp;ssl=1 960w, https:\/\/i0.wp.com\/pequod.nesodd1.no\/wp-content\/uploads\/2021\/04\/IMG-2242.jpg?resize=300%2C225&amp;ssl=1 300w, https:\/\/i0.wp.com\/pequod.nesodd1.no\/wp-content\/uploads\/2021\/04\/IMG-2242.jpg?resize=100%2C75&amp;ssl=1 100w, https:\/\/i0.wp.com\/pequod.nesodd1.no\/wp-content\/uploads\/2021\/04\/IMG-2242.jpg?resize=768%2C576&amp;ssl=1 768w\" sizes=\"auto, (max-width: 940px) 100vw, 940px\" \/><\/a> <a href=\"https:\/\/i0.wp.com\/pequod.nesodd1.no\/wp-content\/uploads\/2021\/04\/IMG-2244.jpg?ssl=1\"><img data-recalc-dims=\"1\" loading=\"lazy\" decoding=\"async\" class=\"aligncenter size-full wp-image-21626\" src=\"https:\/\/i0.wp.com\/pequod.nesodd1.no\/wp-content\/uploads\/2021\/04\/IMG-2244.jpg?resize=940%2C705&#038;ssl=1\" alt=\"\" width=\"940\" height=\"705\"><\/a><\/p>\n<p>&nbsp;<\/p>\n<p>&nbsp;<\/p>\n<h3>Related Images:<\/h3>","protected":false},"excerpt":{"rendered":"<p>Vurdering (5 anker er best): Posisjon: 59\u00b048&#8217;34.2&#8243;N 10\u00b029&#8217;13.4&#8243;E Bes\u00f8kt antall ganger: 5 &nbsp;Sist bes\u00f8kt: 18. april 2021 Webkamera: Nei Hjemmeside Fasiliteter: Str\u00f8m, vann, toaletter, dusj, drivstoff. Butikker, kafeer, bakeri og b\u00e5tutstyrsbutikk i umiddelbar n\u00e6rhet. Skrogvask og vannscooterutleie. Oslofjordmuseet rett over bukta. Fort\u00f8yning: Langsides, i b\u00e5ser p\u00e5 det nyeste anlegget helt ytterst. Havneavgift (for 29-foter): 390 &hellip;<br \/><a href=\"https:\/\/pequod.nesodd1.no\/?page_id=6150\" class=\"more-link pen_element_default pen_icon_arrow_double\">Les<\/a><\/p>\n","protected":false},"author":1,"featured_media":14359,"parent":5493,"menu_order":0,"comment_status":"open","ping_status":"open","template":"","meta":{"_crdt_document":"","ngg_post_thumbnail":0,"jetpack_post_was_ever_published":false,"footnotes":""},"class_list":["post-6150","page","type-page","status-publish","has-post-thumbnail","hentry"],"jetpack_shortlink":"https:\/\/wp.me\/P3Zd9b-1Bc","jetpack_sharing_enabled":true,"jetpack_likes_enabled":true,"jetpack-related-posts":[],"_links":{"self":[{"href":"https:\/\/pequod.nesodd1.no\/index.php?rest_route=\/wp\/v2\/pages\/6150","targetHints":{"allow":["GET"]}}],"collection":[{"href":"https:\/\/pequod.nesodd1.no\/index.php?rest_route=\/wp\/v2\/pages"}],"about":[{"href":"https:\/\/pequod.nesodd1.no\/index.php?rest_route=\/wp\/v2\/types\/page"}],"author":[{"embeddable":true,"href":"https:\/\/pequod.nesodd1.no\/index.php?rest_route=\/wp\/v2\/users\/1"}],"replies":[{"embeddable":true,"href":"https:\/\/pequod.nesodd1.no\/index.php?rest_route=%2Fwp%2Fv2%2Fcomments&post=6150"}],"version-history":[{"count":19,"href":"https:\/\/pequod.nesodd1.no\/index.php?rest_route=\/wp\/v2\/pages\/6150\/revisions"}],"predecessor-version":[{"id":27882,"href":"https:\/\/pequod.nesodd1.no\/index.php?rest_route=\/wp\/v2\/pages\/6150\/revisions\/27882"}],"up":[{"embeddable":true,"href":"https:\/\/pequod.nesodd1.no\/index.php?rest_route=\/wp\/v2\/pages\/5493"}],"wp:featuredmedia":[{"embeddable":true,"href":"https:\/\/pequod.nesodd1.no\/index.php?rest_route=\/wp\/v2\/media\/14359"}],"wp:attachment":[{"href":"https:\/\/pequod.nesodd1.no\/index.php?rest_route=%2Fwp%2Fv2%2Fmedia&parent=6150"}],"curies":[{"name":"wp","href":"https:\/\/api.w.org\/{rel}","templated":true}]}}