{"id":639,"date":"2013-10-20T02:03:26","date_gmt":"2013-10-20T00:03:26","guid":{"rendered":"https:\/\/pequod.nesodd1.no\/?page_id=639"},"modified":"2014-11-11T21:44:39","modified_gmt":"2014-11-11T20:44:39","slug":"oscarsborgtur-19-oktober-2013","status":"publish","type":"page","link":"https:\/\/pequod.nesodd1.no\/?page_id=639","title":{"rendered":"Oscarsborgtur 19. oktober 2013"},"content":{"rendered":"<p>Noen bilder fra v\u00e5r tur til Oscarsborg l\u00f8rdag 19. oktober &#8211; v\u00e5r f\u00f8rste langtur med &laquo;Bergtatt&raquo;. I overkant av seks timer i b\u00e5ten tur\/retur, pluss tiden i land.<\/p>\n<p>&nbsp;<\/p>\n\n            <!-- Blueimp gallery -->\n            <div id=\"blueimp-gallery-6162\" class=\"blueimp-gallery blueimp-gallery-controls\">\n                <div class=\"slides\"><\/div>\n                <h3 class=\"title\"><\/h3>\n                <a class=\"prev\">\u2039<\/a>\n                <a class=\"next\">\u203a<\/a>\n                <a class=\"close\">\u00d7<\/a>\n                <a class=\"play-pause\"><\/a>\n                <ol class=\"indicator\"><\/ol>\n                <div class=\"modal fade\">\n                    <div class=\"modal-dialog\">\n                        <div class=\"modal-content\">\n                            <div class=\"modal-header\">\n                                <button type=\"button\" class=\"close\" aria-hidden=\"true\">\u00d7<\/button>\n                                <h4 class=\"modal-title\"><\/h4>\n                            <\/div>\n                            <div class=\"modal-body next\"><\/div>\n                            <div class=\"modal-footer\">\n                                <button type=\"button\" class=\"btn btn-default pull-left prev\">\n                                    <i class=\"glyphicon glyphicon-chevron-left\"><\/i>\n                                    Previous                                <\/button>\n                                <button type=\"button\" class=\"btn btn-primary next\">\n                                    Next                                    <i class=\"glyphicon glyphicon-chevron-right\"><\/i>\n                                <\/button>\n                            <\/div>\n                        <\/div>\n                    <\/div>\n                <\/div>\n            <\/div>\n\n            <script data-jetpack-boost=\"ignore\" type=\"text\/javascript\">\n            jQuery(function() {\n                jQuery.extend(blueimp.Gallery.prototype.options, {\n                    useBootstrapModal: false,\n                    hidePageScrollbars: false,\n                    container: \"#blueimp-gallery-6162\",\n                });\n            });\n            <\/script>\n\n            \n<h3>Related Images:<\/h3>","protected":false},"excerpt":{"rendered":"<p>Noen bilder fra v\u00e5r tur til Oscarsborg l\u00f8rdag 19. oktober &#8211; v\u00e5r f\u00f8rste langtur med &laquo;Bergtatt&raquo;. I overkant av seks timer i b\u00e5ten tur\/retur, pluss tiden i land. &nbsp; Related Images:<\/p>\n","protected":false},"author":1,"featured_media":0,"parent":122,"menu_order":0,"comment_status":"open","ping_status":"open","template":"","meta":{"_crdt_document":"","ngg_post_thumbnail":0,"jetpack_post_was_ever_published":false,"footnotes":""},"class_list":["post-639","page","type-page","status-publish","hentry"],"jetpack_shortlink":"https:\/\/wp.me\/P3Zd9b-aj","jetpack_sharing_enabled":true,"jetpack_likes_enabled":true,"jetpack-related-posts":[],"_links":{"self":[{"href":"https:\/\/pequod.nesodd1.no\/index.php?rest_route=\/wp\/v2\/pages\/639","targetHints":{"allow":["GET"]}}],"collection":[{"href":"https:\/\/pequod.nesodd1.no\/index.php?rest_route=\/wp\/v2\/pages"}],"about":[{"href":"https:\/\/pequod.nesodd1.no\/index.php?rest_route=\/wp\/v2\/types\/page"}],"author":[{"embeddable":true,"href":"https:\/\/pequod.nesodd1.no\/index.php?rest_route=\/wp\/v2\/users\/1"}],"replies":[{"embeddable":true,"href":"https:\/\/pequod.nesodd1.no\/index.php?rest_route=%2Fwp%2Fv2%2Fcomments&post=639"}],"version-history":[{"count":3,"href":"https:\/\/pequod.nesodd1.no\/index.php?rest_route=\/wp\/v2\/pages\/639\/revisions"}],"predecessor-version":[{"id":6164,"href":"https:\/\/pequod.nesodd1.no\/index.php?rest_route=\/wp\/v2\/pages\/639\/revisions\/6164"}],"up":[{"embeddable":true,"href":"https:\/\/pequod.nesodd1.no\/index.php?rest_route=\/wp\/v2\/pages\/122"}],"wp:attachment":[{"href":"https:\/\/pequod.nesodd1.no\/index.php?rest_route=%2Fwp%2Fv2%2Fmedia&parent=639"}],"curies":[{"name":"wp","href":"https:\/\/api.w.org\/{rel}","templated":true}]}}