{"id":6492,"date":"2015-01-03T23:47:25","date_gmt":"2015-01-03T22:47:25","guid":{"rendered":"https:\/\/pequod.nesodd1.no\/?page_id=6492"},"modified":"2021-04-30T08:23:14","modified_gmt":"2021-04-30T06:23:14","slug":"logg-2015","status":"publish","type":"page","link":"https:\/\/pequod.nesodd1.no\/?page_id=6492","title":{"rendered":"Logg 2015"},"content":{"rendered":"<p><strong>&nbsp;Turoversikt 2015:<\/strong><\/p>\n<p>(Se rubrikkforklaring under tabellen.)<\/p>\n<table border=\"2\">\n<tbody>\n<tr>\n<td style=\"text-align: center;\"><strong>Antall turer<\/strong><\/td>\n<td style=\"text-align: center;\"><strong>Turer i \u00e5r<\/strong><\/td>\n<td><b>Dato<\/b><\/td>\n<td><b>Tidspunkt<\/b><\/td>\n<td><b>Rute<\/b><\/td>\n<td><b>V\u00e6r<\/b><\/td>\n<\/tr>\n<tr>\n<td><strong>Januar<\/strong><\/td>\n<\/tr>\n<tr>\n<td>155<\/td>\n<td style=\"text-align: center;\">1<\/td>\n<td>03.01^*\/*<\/td>\n<td>11.50 &#8211; 18.20<\/td>\n<td>Oksval &#8211; Tjuvholmen &#8211; Bj\u00f8rvika &#8211; Lang\u00f8yene &#8211; Lind\u00f8ya (landgang) &#8211; Dyna fyr &#8211; Tjuvholmen (landgang) &#8211; Nakkholmen &#8211; Oksval.<\/td>\n<td>Sol\/bl\u00e5 himmel, speilblankt\/lite sj\u00f8.<\/td>\n<\/tr>\n<tr>\n<td>156<\/td>\n<td style=\"text-align: center;\">2<\/td>\n<td>07.01<\/td>\n<td>14.45 &#8211; 16.00<\/td>\n<td>Oksval &#8211; Ramberg\u00f8ya &#8211; Sjurs\u00f8ya &#8211; Bj\u00f8rvika &#8211; Pipervika &#8211; Hoved\u00f8ya &#8211; Nakkholmen &#8211; Oksval.<\/td>\n<td>Overskyet, speilblank\/lite sj\u00f8.<\/td>\n<\/tr>\n<tr>\n<td>157<\/td>\n<td style=\"text-align: center;\">3<\/td>\n<td>17.01<\/td>\n<td>15.00 &#8211; 17.10<\/td>\n<td>Oksval &#8211; Lang\u00f8yene &#8211; Gressholmen &#8211; Hoved\u00f8ya &#8211; Bj\u00f8rvika &#8211; Heggholmen &#8211; Oksval.<\/td>\n<td>Sol\/lett overskyet, lite sj\u00f8.<\/td>\n<\/tr>\n<tr>\n<td>158<\/td>\n<td style=\"text-align: center;\">4<\/td>\n<td>19.01^*<\/td>\n<td>12.40 &#8211; 16.55<\/td>\n<td>Oksval &#8211; Tjuvholmen &#8211; Bj\u00f8rvika &#8211; Hoved\u00f8ya &#8211; Lind\u00f8ya (landgang) &#8211; Heggholmen &#8211; Nakkholmen &#8211; Tjuvholmen -Oksval.<\/td>\n<td>Overskyet\/sn\u00f8, lite sj\u00f8.<\/td>\n<\/tr>\n<tr>\n<td>159<\/td>\n<td style=\"text-align: center;\">5<\/td>\n<td>25.01<\/td>\n<td>14.50 &#8211; 16.50<\/td>\n<td>Oksval &#8211; Nesoddtangen &#8211; Flaskebekk &#8211; Kavringen &#8211; Ildjernet &#8211; Nesoddtangen -Oksval.<\/td>\n<td>Overskyet, lite sj\u00f8.<\/td>\n<\/tr>\n<tr>\n<td>160<\/td>\n<td style=\"text-align: center;\">6<\/td>\n<td>27.01<\/td>\n<td>11.05 &#8211; 17.35<\/td>\n<td>Oksval &#8211; Nesoddtangen &#8211; Flaskebekk &#8211; Ildjernet &#8211; Fyrsteilene &#8211; Oscarsborg (landhugg) &#8211; Steilnene &#8211; Flaskebekk &#8211; Nesoddtangen -Oksval.<\/td>\n<td>Sol, bl\u00e5 himmel, lite sj\u00f8.<\/td>\n<\/tr>\n<tr>\n<td>161<\/td>\n<td style=\"text-align: center;\">7<\/td>\n<td>29.01<\/td>\n<td>14.55 &#8211; 16.20<\/td>\n<td>Oksval &#8211; Heggholmen &#8211; Vippetangen &#8211; Hoved\u00f8ya &#8211; Nakkholmen -Oksval.<\/td>\n<td>Sol, bl\u00e5 himmel, lite\/middels sj\u00f8.<\/td>\n<\/tr>\n<tr>\n<td><strong>Februar<\/strong><\/td>\n<\/tr>\n<tr>\n<td>162<\/td>\n<td style=\"text-align: center;\">8<\/td>\n<td>03.02<\/td>\n<td>13.40 &#8211; 15.20<\/td>\n<td>Oksval &#8211; Huk&nbsp;&#8211; Dyna fyr&nbsp;&#8211; Lind\u00f8ya&nbsp;&#8211; Heggholmen &#8211; Lang\u00f8yene&nbsp;-Oksval.<\/td>\n<td>Sol, bl\u00e5 himmel\/overskyet, speilblank sj\u00f8.<\/td>\n<\/tr>\n<tr>\n<td>163<\/td>\n<td style=\"text-align: center;\">9<\/td>\n<td>06.02<\/td>\n<td>13.55 &#8211; 17.20<\/td>\n<td>Oksval &#8211; Vassholmene &#8211; Huk&nbsp;&#8211; Dyna fyr&nbsp;&#8211; Tjuvholmen- Pipervika&nbsp;&#8211; Nakkholmen&nbsp;-Oksval.<\/td>\n<td>Sol, bl\u00e5 himmel, speilblank sj\u00f8.<\/td>\n<\/tr>\n<tr>\n<td>164<\/td>\n<td style=\"text-align: center;\">10<\/td>\n<td>08.02<\/td>\n<td>12.20&nbsp;&#8211; 16.05<\/td>\n<td>Oksval &#8211; Nesoddtangen&nbsp;&#8211; Ildjernet&nbsp;&#8211; Steilene&nbsp;&#8211; Nesoddtangen-&nbsp;Oksval.<\/td>\n<td>Sol\/overskyet. speilblank\/litt sj\u00f8.<\/td>\n<\/tr>\n<tr>\n<td>165<\/td>\n<td style=\"text-align: center;\">11<\/td>\n<td>10.02<\/td>\n<td>14.40 &#8211; 17.10<\/td>\n<td>Oksval &#8211; Lind\u00f8ya (tanking) &#8211; Nakkholmen-&nbsp;Oksval.<\/td>\n<td>Sol\/overskyet. speilblank\/litt sj\u00f8.<\/td>\n<\/tr>\n<tr>\n<td>166<\/td>\n<td style=\"text-align: center;\">12<\/td>\n<td>12.02<\/td>\n<td>13.25&nbsp;&#8211; 16.50<\/td>\n<td>Oksval &#8211; Skj\u00e6lholmene &#8211; Malm\u00f8ykalven &#8211; Bleik\u00f8ya &#8211; Vippetangen &#8211; Hoved\u00f8ya &#8211; Huk&nbsp;&#8211;&nbsp;Oksval.<\/td>\n<td>Sol\/overskyet\/t\u00e5ke, speilblank sj\u00f8.<\/td>\n<\/tr>\n<tr>\n<td>167<\/td>\n<td style=\"text-align: center;\">13<\/td>\n<td>14.02<\/td>\n<td>14.15&nbsp;&#8211; 19.10<\/td>\n<td>Oksval &#8211; Heggholmen &#8211; Oksval &#8211; Heggholmen &#8211; Bj\u00f8rvika (kort landhugg) &#8211; Hoved\u00f8ya &#8211; Nakkholmen &#8211; Tjuvholmen &#8211; Nakkholmen&nbsp;&#8211;&nbsp;Oksval.<\/td>\n<td>Overskyet, speilblank sj\u00f8.<\/td>\n<\/tr>\n<tr>\n<td>168<\/td>\n<td style=\"text-align: center;\">14<\/td>\n<td>27.02<\/td>\n<td>15.35&nbsp;&#8211; 18.00<\/td>\n<td>Oksval &#8211; Nakkholmen &#8211; Hoved\u00f8ya&nbsp;(kort landhugg) &#8211; Bleik\u00f8ya &#8211; Sjurs\u00f8ya- Ramberg\u00f8ya&nbsp;&#8211;&nbsp;Oksval.<\/td>\n<td>Overskyet\/sol, speilblank\/litt sj\u00f8.<\/td>\n<\/tr>\n<tr>\n<td><b>Mars\/April<\/b><\/td>\n<\/tr>\n<tr>\n<td>&#8211;<\/td>\n<td style=\"text-align: center;\">&#8211;<\/td>\n<td>&#8211;<\/td>\n<td>&#8211;<\/td>\n<td>Ingen turer pga. sykehusinnleggelse og amputasjon<\/td>\n<td>&#8211;<\/td>\n<\/tr>\n<tr>\n<td><strong>Mai<\/strong><\/td>\n<\/tr>\n<tr>\n<td>169<\/td>\n<td style=\"text-align: center;\">15<\/td>\n<td>25.05^^*<\/td>\n<td>14.00 &#8211; 16.20<\/td>\n<td>Oksval &#8211; Nesoddtangen &#8211; Vassholmene &#8211; Huk &#8211; Dyna Fyr &#8211; Lind\u00f8ya &#8211; Heggholmen &#8211; Oksval.<\/td>\n<td>Sol\/overskyet\/regn, litt sj\u00f8.<\/td>\n<\/tr>\n<tr>\n<td><strong>Juni<\/strong><\/td>\n<\/tr>\n<tr>\n<td>170<\/td>\n<td style=\"text-align: center;\">16<\/td>\n<td>20.06<\/td>\n<td>15.50 &#8211; 19.25<\/td>\n<td>Oksval &#8211; Nesoddtangen &#8211; Kavringen &#8211; G\u00e5s\u00f8ya &#8211; Store Ostsund &#8211; Kalv\u00f8ya &#8211; Danmark &#8211; Snar\u00f8ysundet &#8211; Vassholmene &#8211; Oksval.<\/td>\n<td>Sol\/overskyet, lite sj\u00f8.<\/td>\n<\/tr>\n<tr>\n<td>171<\/td>\n<td style=\"text-align: center;\">17<\/td>\n<td>26-27.06*\/**\/^^*<\/td>\n<td>21.10- 01.05<\/td>\n<td>Oksval &#8211; Nesoddtangen &#8211; Kavringen &#8211; Steilene &#8211; Oscarsborg &#8211; Storsand.<\/td>\n<td>Sol\/overskyet, litt sj\u00f8.<\/td>\n<\/tr>\n<tr>\n<td>172<\/td>\n<td style=\"text-align: center;\">18<\/td>\n<td>27.06*\/**\/^^*<\/td>\n<td>09.55 &#8211; 10.30<\/td>\n<td>Storsand &#8211; Dr\u00f8bak.<\/td>\n<td>Sol\/overskyet, middels sj\u00f8.<\/td>\n<\/tr>\n<tr>\n<td>173<\/td>\n<td style=\"text-align: center;\">19<\/td>\n<td>27.06*\/**\/^^*<\/td>\n<td>13.55 &#8211; 16.40<\/td>\n<td>Dr\u00f8bak &#8211; Oscarsborg &#8211; H\u00e5\u00f8ya &#8211; Dr\u00f8bak.<\/td>\n<td>Sol, middels\/mye sj\u00f8.<\/td>\n<\/tr>\n<tr>\n<td>174<\/td>\n<td style=\"text-align: center;\">20<\/td>\n<td>27-28.06*\/**\/***\/^^*<\/td>\n<td>23.40 &#8211; 03.10<\/td>\n<td>Dr\u00f8bak &#8211; Oscarsborg &#8211; Fagerstrand &#8211; Steilene &#8211; Kavringen &#8211; Nesoddtangen &#8211; Oksval.<\/td>\n<td>Sol\/overskyet, middels\/lite sj\u00f8.<\/td>\n<\/tr>\n<tr>\n<td><strong>Juli<\/strong><\/td>\n<\/tr>\n<tr>\n<td>175<\/td>\n<td style=\"text-align: center;\">21<\/td>\n<td>03.07*<\/td>\n<td>19.45 &#8211; 00.25<\/td>\n<td>Oksval &#8211; Lind\u00f8ya &#8211; Kongen &#8211; Dyna Fyr &#8211; Snar\u00f8ysundet &#8211; Oksen\u00f8ya &#8211; Snar\u00f8ysundet &#8211; Vassholmene &#8211; Nesoddtangen &#8211; Oksval.<\/td>\n<td>Sol\/overskyet, lite sj\u00f8.<\/td>\n<\/tr>\n<tr>\n<td>176<\/td>\n<td style=\"text-align: center;\">22<\/td>\n<td>05.07*<\/td>\n<td>14.35 &#8211; 21.30<\/td>\n<td>Oksval &#8211; Vassholmene &#8211; Bj\u00f8rnen &#8211; Middagsbukta &#8211; Vollen &#8211; \u00c5ros &#8211; Sandspollen &#8211; Oscarsborg &#8211; Steilene &#8211; Kavringen&nbsp;&#8211; Nesoddtangen &#8211; Oksval.<\/td>\n<td>Sol, lite\/litt sj\u00f8.<\/td>\n<\/tr>\n<tr>\n<td>177<\/td>\n<td style=\"text-align: center;\">23<\/td>\n<td>11.07**<\/td>\n<td>13.50&nbsp;&#8211; 18.55<\/td>\n<td>Oksval &#8211; Vassholmene &#8211; Snar\u00f8ysundet &#8211; Bor\u00f8ya &#8211; Vendelsundet&nbsp;&#8211; Middagsbukta &#8211; Bj\u00f8rnen&nbsp;&#8211; Vassholmene&nbsp;&#8211; Huk&nbsp;&#8211; Nakkholmen&nbsp;&#8211; Hoved\u00f8ya&nbsp;&#8211; Bj\u00f8rvika&nbsp;&#8211; Lind\u00f8ya&nbsp;&#8211; Oksval.<\/td>\n<td>Sol, lite\/endel sj\u00f8.<\/td>\n<\/tr>\n<tr>\n<td>178<\/td>\n<td style=\"text-align: center;\">24<\/td>\n<td>12.07*\/^^*<\/td>\n<td>14.30&nbsp;&#8211; 22.55<\/td>\n<td>Oksval &#8211; Nesoddtangen &#8211; Kavringen &#8211; Steilene -H\u00e5\u00f8ya &#8211; S\u00e6tre &#8211; Husvikholmen &#8211; Fagerstrand &#8211; Steilene &#8211; Kavringen &#8211; Nesoddtangen&nbsp;&#8211; Oksval.<\/td>\n<td>Sol, lite\/mye sj\u00f8.<\/td>\n<\/tr>\n<\/tbody>\n<tbody>\n<tr>\n<td>179<\/td>\n<td style=\"text-align: center;\">25<\/td>\n<td>19.07<\/td>\n<td>13.35 &#8211; 16.45<\/td>\n<td>Oksval &#8211; Huseberg\u00f8ya &#8211; Lang\u00f8yene &#8211; Orm\u00f8ya &#8211; Bleik\u00f8ya &#8211; Sjurs\u00f8ya &#8211; Vippetangen &#8211; Hoved\u00f8ya &#8211; Lind\u00f8ya &#8211; Gressholmen &#8211; Ramberg\u00f8ya&nbsp;&#8211; Oksval.<\/td>\n<td>Sol\/overskyet, litt\/mye sj\u00f8<\/td>\n<\/tr>\n<tr>\n<td><strong>August<\/strong><\/td>\n<\/tr>\n<tr>\n<td>180<\/td>\n<td style=\"text-align: center;\">26<\/td>\n<td>29.08^^*<\/td>\n<td>17.30 &#8211; 21.25<\/td>\n<td>Oksval &#8211; Vassholmene &#8211; Snar\u00f8ysundet &#8211; Oksen\u00f8ya (tanking) &#8211; Dyna fyr &#8211; Tjuvholmen &#8211; Vippetangen &#8211; Bj\u00f8rvika &#8211; Hoved\u00f8ya &#8211; Lind\u00f8ya &#8211; Gressholmen &#8211; Oksval.<\/td>\n<td>Sol\/overskyet, litt\/mye sj\u00f8<\/td>\n<\/tr>\n<tr>\n<td><strong>September<\/strong><\/td>\n<\/tr>\n<tr>\n<td>181<\/td>\n<td style=\"text-align: center;\">27<\/td>\n<td>11.09^^*<\/td>\n<td>19.00 &#8211; 21.20<\/td>\n<td>Oksval &#8211; Nesoddtangen &#8211; Kavringen &#8211; Steilene &#8211; Oksval.<\/td>\n<td>Sol, stille sj\u00f8<\/td>\n<\/tr>\n<tr>\n<td>182<\/td>\n<td style=\"text-align: center;\">28<\/td>\n<td>20.09<\/td>\n<td>11.45&nbsp;&#8211; 13.45<\/td>\n<td>Oksval &#8211; Husberg\u00f8ya &#8211; Lang\u00f8yene &#8211; Gressholmen &#8211; Bleik\u00f8ya &#8211; Vippetangen &#8211; Hoved\u00f8ya &#8211; Lind\u00f8ya &#8211; Heggholmen&nbsp;&#8211;&nbsp;Oksval.<\/td>\n<td>Overskyet\/sol, speilblank\/lite sj\u00f8.<\/td>\n<\/tr>\n<tr>\n<td>183<\/td>\n<td style=\"text-align: center;\">29<\/td>\n<td>23.09<\/td>\n<td>16.00&nbsp;&#8211;&nbsp;20.35<\/td>\n<td>Oksval &#8211; Skj\u00e6lholmene &#8211; Malm\u00f8ya &#8211; Ulv\u00f8ya &#8211; Padda &#8211; Orm\u00f8ya &#8211; Sjurs\u00f8ya &#8211; Bj\u00f8rvika &#8211; Hoved\u00f8ya &#8211; Lind\u00f8ya &#8211; Nakkholmen&nbsp;&#8211; Oksval.<\/td>\n<td>Overskyet, speilblankt.<\/td>\n<\/tr>\n<tr>\n<td>184<\/td>\n<td style=\"text-align: center;\">30<\/td>\n<td>27.09&lt;3*<\/td>\n<td>16.15 &#8211; 19.00<\/td>\n<td>Oksval &#8211; Flaskebekk &#8211; Kavringen &#8211; G\u00e5s\u00f8ya &#8211; Store Ostsund &#8211; Lille Ostsund &#8211; Vassholmene &nbsp;&#8211; Oksval.<\/td>\n<td>Bl\u00e5 himmel, speilblankt.<\/td>\n<\/tr>\n<tr>\n<td>185<\/td>\n<td style=\"text-align: center;\">31<\/td>\n<td>29.09<\/td>\n<td>16.00&nbsp;&#8211; 20.25<\/td>\n<td>Oksval &#8211; Hellvik &#8211; Bomannsvik &#8211; Blylaget &#8211; Nesset &#8211; Ingierstrand&nbsp;&#8211; Oksval.<\/td>\n<td>Sol, lite\/litt&nbsp;sj\u00f8.<\/td>\n<\/tr>\n<tr>\n<td>186<\/td>\n<td style=\"text-align: center;\">32<\/td>\n<td>30.09**\/^^*<\/td>\n<td>16.15 &#8211; 20.05<\/td>\n<td>Oksval &#8211; Nesoddtangen &#8211; Vassholmene &#8211; Oksen\u00f8ya (tanking) &#8211; Store Ostsund &#8211; Middagsbukta&nbsp;&#8211; &nbsp;Nesoddtangen &#8211; Oksval.<\/td>\n<td>Sol, lite\/litt&nbsp;sj\u00f8.<\/td>\n<\/tr>\n<tr>\n<td><b>Oktober<\/b><\/td>\n<\/tr>\n<tr>\n<td>187<\/td>\n<td style=\"text-align: center;\">33<\/td>\n<td>03.10<\/td>\n<td>15.30- 21.25<\/td>\n<td>Oksval &#8211; Nesoddtangen &#8211; &nbsp;Steilene &#8211; Dr\u00f8bak &#8211; Son.<\/td>\n<td>Sol\/overskyet, lite\/littsj\u00f8<\/td>\n<\/tr>\n<tr>\n<td>188<\/td>\n<td style=\"text-align: center;\">34<\/td>\n<td>04.10<\/td>\n<td>15.30- 22.10<\/td>\n<td>Son &#8211; Moss &#8211; Str\u00f8mtangen &#8211; Hvaler &#8211; Singlefjorden &#8211; Halden<\/td>\n<td>Sol\/overskyet, speilblankt<\/td>\n<\/tr>\n<tr>\n<td>189<\/td>\n<td style=\"text-align: center;\">35<\/td>\n<td>05.10<\/td>\n<td>13.55- 15.40<\/td>\n<td>Halden (tanking)- Iddefjorden &#8211; Bakke (Byhella).<\/td>\n<td>Sol\/overskyet, speilblankt\/lite sj\u00f8.<\/td>\n<\/tr>\n<tr>\n<td>190<\/td>\n<td style=\"text-align: center;\">36<\/td>\n<td>11.10<\/td>\n<td>15.25- 17.35<\/td>\n<td>Bakke (Byhella) &#8211; Krokstrand &#8211; Ystehede &#8211; Bakke.<\/td>\n<td>Overskyet, speilblankt\/lite sj\u00f8.<\/td>\n<\/tr>\n<tr>\n<td>191<\/td>\n<td style=\"text-align: center;\">37<\/td>\n<td>17.10<\/td>\n<td>16.15- 17.35<\/td>\n<td>Bakke (Byhella) &#8211; Skotteneholmen&nbsp; &#8211; Bakke.<\/td>\n<td>Sol, speilblankt\/lite sj\u00f8.<\/td>\n<\/tr>\n<tr>\n<td>192<\/td>\n<td style=\"text-align: center;\">38<\/td>\n<td>18.10<\/td>\n<td>14.25- 17.30<\/td>\n<td>Bakke (Byhella) &#8211; H\u00e4llesm\u00f6rk (Sverige)&nbsp;&#8211; Bakke.<\/td>\n<td>Sol, speilblankt.<\/td>\n<\/tr>\n<tr>\n<td>193<\/td>\n<td style=\"text-align: center;\">39<\/td>\n<td>19.10<\/td>\n<td>17.20- 18.15<\/td>\n<td>Bakke (Byhella) &#8211; Sandviken (Sverige)&nbsp;&#8211; Bakke.<\/td>\n<td>Sol, speilblankt.<\/td>\n<\/tr>\n<tr>\n<td>194<\/td>\n<td style=\"text-align: center;\">40<\/td>\n<td>23.10<\/td>\n<td>15.35- 17.15<\/td>\n<td>Bakke (Byhella) &#8211; Halden.<\/td>\n<td>Sol, speilblankt.<\/td>\n<\/tr>\n<tr>\n<td>195<\/td>\n<td style=\"text-align: center;\">41<\/td>\n<td>25.10^^*<\/td>\n<td>20.20- 22.00<\/td>\n<td>Halden &#8211; Bakke (Byhella).<\/td>\n<td>M\u00e5neskinn, speilblankt.<\/td>\n<\/tr>\n<tr>\n<td>196<\/td>\n<td style=\"text-align: center;\">42<\/td>\n<td>27.10<\/td>\n<td>10.25- 11.50<\/td>\n<td>Bakke (Byhella) &#8211; Bakke brygge &#8211; Krokstrand &#8211; Bakke (Byhella)<\/td>\n<td>Sol, speilblankt.<\/td>\n<\/tr>\n<tr>\n<td>197<\/td>\n<td style=\"text-align: center;\">43<\/td>\n<td>27.10^^*<\/td>\n<td>17.00- 18.10<\/td>\n<td>Bakke (Byhella) &#8211; Skotteneholmen&nbsp; &#8211; Bakke.<\/td>\n<td>Skyet, speilblankt.<\/td>\n<\/tr>\n<tr>\n<td>198<\/td>\n<td style=\"text-align: center;\">44<\/td>\n<td>29.10<\/td>\n<td>11.30- 12.35<\/td>\n<td>Bakke (Byhella) &#8211; B\u00e5gen (Sverige)&nbsp; &#8211; Bakke.<\/td>\n<td>Sol, speilblankt.<\/td>\n<\/tr>\n<tr>\n<td>199<\/td>\n<td style=\"text-align: center;\">45<\/td>\n<td>30.10<\/td>\n<td>16.45- 18.20<\/td>\n<td>Bakke (Byhella) &#8211; Halden.<\/td>\n<td>Overskyet, lite sj\u00f8.<\/td>\n<\/tr>\n<tr>\n<td>200<\/td>\n<td style=\"text-align: center;\">46<\/td>\n<td>31.10<\/td>\n<td>10.20- 14.40<\/td>\n<td>Halden &#8211; Str\u00f6mstad (Sverige).<\/td>\n<td>Overskyet, noe sj\u00f8.<\/td>\n<\/tr>\n<tr>\n<td><b>November<\/b><\/td>\n<\/tr>\n<tr>\n<td>201<\/td>\n<td style=\"text-align: center;\">47<\/td>\n<td>01.11<\/td>\n<td>11.15 &#8211; 17.40<\/td>\n<td>Str\u00f6mstad (Sverige) .- Halden (tanking) &#8211; Bakke.<\/td>\n<td>Overskyet\/sol, litt\/noe sj\u00f8.<\/td>\n<\/tr>\n<tr>\n<td>202<\/td>\n<td style=\"text-align: center;\">48<\/td>\n<td>04.11<\/td>\n<td>11.25 &#8211; 12.35<\/td>\n<td>Bakke &#8211; Skotteneholmen &#8211; Bakke.<\/td>\n<td>Sol\/delvis skyet, speilblankt.<\/td>\n<\/tr>\n<tr>\n<td>203<\/td>\n<td style=\"text-align: center;\">49<\/td>\n<td>05.11<\/td>\n<td>11.15 &#8211; 12.35<\/td>\n<td>Bakke &#8211; Ystehedeneset &#8211; Bakke.<\/td>\n<td>Overskyet, litt t\u00e5ke, speilblankt.<\/td>\n<\/tr>\n<tr>\n<td>204<\/td>\n<td style=\"text-align: center;\">50<\/td>\n<td>06.11<\/td>\n<td>09.50 &#8211; 15.35<\/td>\n<td>Bakke &#8211; Str\u00f8mtangen.<\/td>\n<td>Overskyet, litt t\u00e5ke, speilblankt\/litt sj\u00f8.<\/td>\n<\/tr>\n<tr>\n<td>205<\/td>\n<td style=\"text-align: center;\">51<\/td>\n<td>07.11<\/td>\n<td>10.35 &#8211; 15.45<\/td>\n<td>Str\u00f8mtangen &#8211; Moss &#8211; Son.<\/td>\n<td>Sol\/overskyet, endel\/litt sj\u00f8.<\/td>\n<\/tr>\n<tr>\n<td>206<\/td>\n<td style=\"text-align: center;\">52<\/td>\n<td>08.11<\/td>\n<td>09.25 &#8211; 12.30<\/td>\n<td>Son &#8211; Oscarsborg &#8211; S\u00e6tre.<\/td>\n<td>Sol\/overskyet, lite sj\u00f8\/speilblankt.<\/td>\n<\/tr>\n<tr>\n<td>207<\/td>\n<td style=\"text-align: center;\">53<\/td>\n<td>09.11<\/td>\n<td>08.00 &#8211; 11.05<\/td>\n<td>S\u00e6tre &#8211; Dragsund &#8211; Steilene &#8211; Kavringen &#8211; Oksval.<\/td>\n<td>Sol\/overskyet, litt sj\u00f8.<\/td>\n<\/tr>\n<tr>\n<td>208<\/td>\n<td style=\"text-align: center;\">54<\/td>\n<td>15.11<\/td>\n<td>10.30 &#8211; 17.25<\/td>\n<td>Oksval &#8211; Oksen\u00f8ya (tanking) &#8211; H\u00e5\u00f8ya &#8211; Oscarsborg &#8211; Son &#8211; Moss.<\/td>\n<td>Sol\/overskyet, litt sj\u00f8.<\/td>\n<\/tr>\n<tr>\n<td>209<\/td>\n<td style=\"text-align: center;\">55<\/td>\n<td>16.11<\/td>\n<td>10.25 &#8211; 16.00<\/td>\n<td>Moss &#8211; Dr\u00f8bak &#8211; Steilene &#8211; Kavringen &#8211; Nesoddtangen &#8211; Oksval.<\/td>\n<td>Overskyet\/mye regn\/t\u00e5ke, lite\/endel sj\u00f8.<\/td>\n<\/tr>\n<tr>\n<td>210<\/td>\n<td style=\"text-align: center;\">56<\/td>\n<td>22.11<\/td>\n<td>15.35 &#8211; 17.10<\/td>\n<td>Oksval &#8211; Lang\u00f8yene &#8211; Gressholmen &#8211; Bleik\u00f8ya &#8211; Bj\u00f8rvika &#8211; Hoved\u00f8ya &#8211; Lind\u00f8ya &#8211; Heggholmen &#8211; Oksval.<\/td>\n<td>Sol\/bl\u00e5 himmel\/m\u00e5neskinn, speilblankt\/lite sj\u00f8.<\/td>\n<\/tr>\n<tr>\n<td><b>Desember<\/b><\/td>\n<\/tr>\n<tr>\n<td>211<\/td>\n<td style=\"text-align: center;\">57<\/td>\n<td>04.12<\/td>\n<td>15.45 &#8211; 19.00<\/td>\n<td>Oksval &#8211; Nakkholmen &#8211; Aker Brygge (landhugg)- Lind\u00f8ya &#8211; Heggholmen &#8211; Oksval.<\/td>\n<td>Sol\/bl\u00e5 himmel, speilblankt\/lite sj\u00f8.<\/td>\n<\/tr>\n<\/tbody>\n<\/table>\n<p><em>*Sunniva (1996) var med! &nbsp;**Victoria (1999) var med! ***Robin (1997) var med! ^*Turist\/er var med! &nbsp; ^^*Venner\/andre var med! &nbsp;&lt;3*Rederinnen var med<\/em><\/p>\n<p><strong>OBS:<\/strong> Ingen turer i mars og april og sv\u00e6rt f\u00e5 i&nbsp;mai, juni, juli, august og september p\u00e5 grunn av sykehusinnleggelse og opphold p\u00e5 rehabiliterings- og opptreningssenter.<\/p>\n<p><strong>Definisjon av turer:<\/strong> Her regner jeg i utgangspunktet tur\/retur hjemmehavna som \u00e9n tur, selv om jeg g\u00e5r i land en eller flere steder i l\u00f8pet av turen. Unntaket er langturer med overnatting eller flere timers opphold i land, da regner jeg hver etappe fram til det stedet hvor jeg overnatter som \u00e9n tur. Jeg loggf\u00f8rer hver tur jeg tar med b\u00e5ten, men det kommer n\u00f8dvendigvis ikke turrapporter eller bilder fra alle turene!<\/p>\n<p><a title=\"Logg 2014\" href=\"https:\/\/pequod.nesodd1.no\/?page_id=1972\">Logg for 2014.<\/a><br \/>\n<a title=\"Logg 2013\" href=\"https:\/\/pequod.nesodd1.no\/?page_id=1968\">Logg for 2013.<\/a><\/p>\n<h3>Related Images:<\/h3>","protected":false},"excerpt":{"rendered":"<p>&nbsp;Turoversikt 2015: (Se rubrikkforklaring under tabellen.) Antall turer Turer i \u00e5r Dato Tidspunkt Rute V\u00e6r Januar 155 1 03.01^*\/* 11.50 &#8211; 18.20 Oksval &#8211; Tjuvholmen &#8211; Bj\u00f8rvika &#8211; Lang\u00f8yene &#8211; Lind\u00f8ya (landgang) &#8211; Dyna fyr &#8211; Tjuvholmen (landgang) &#8211; Nakkholmen &#8211; Oksval. Sol\/bl\u00e5 himmel, speilblankt\/lite sj\u00f8. 156 2 07.01 14.45 &#8211; 16.00 Oksval &#8211; Ramberg\u00f8ya &hellip;<br \/><a href=\"https:\/\/pequod.nesodd1.no\/?page_id=6492\" class=\"more-link pen_element_default pen_icon_arrow_double\">Les<\/a><\/p>\n","protected":false},"author":1,"featured_media":0,"parent":1966,"menu_order":0,"comment_status":"open","ping_status":"open","template":"","meta":{"_crdt_document":"","ngg_post_thumbnail":0,"jetpack_post_was_ever_published":false,"footnotes":""},"class_list":["post-6492","page","type-page","status-publish","hentry"],"jetpack_shortlink":"https:\/\/wp.me\/P3Zd9b-1GI","jetpack_sharing_enabled":true,"jetpack_likes_enabled":true,"jetpack-related-posts":[],"_links":{"self":[{"href":"https:\/\/pequod.nesodd1.no\/index.php?rest_route=\/wp\/v2\/pages\/6492","targetHints":{"allow":["GET"]}}],"collection":[{"href":"https:\/\/pequod.nesodd1.no\/index.php?rest_route=\/wp\/v2\/pages"}],"about":[{"href":"https:\/\/pequod.nesodd1.no\/index.php?rest_route=\/wp\/v2\/types\/page"}],"author":[{"embeddable":true,"href":"https:\/\/pequod.nesodd1.no\/index.php?rest_route=\/wp\/v2\/users\/1"}],"replies":[{"embeddable":true,"href":"https:\/\/pequod.nesodd1.no\/index.php?rest_route=%2Fwp%2Fv2%2Fcomments&post=6492"}],"version-history":[{"count":101,"href":"https:\/\/pequod.nesodd1.no\/index.php?rest_route=\/wp\/v2\/pages\/6492\/revisions"}],"predecessor-version":[{"id":21764,"href":"https:\/\/pequod.nesodd1.no\/index.php?rest_route=\/wp\/v2\/pages\/6492\/revisions\/21764"}],"up":[{"embeddable":true,"href":"https:\/\/pequod.nesodd1.no\/index.php?rest_route=\/wp\/v2\/pages\/1966"}],"wp:attachment":[{"href":"https:\/\/pequod.nesodd1.no\/index.php?rest_route=%2Fwp%2Fv2%2Fmedia&parent=6492"}],"curies":[{"name":"wp","href":"https:\/\/api.w.org\/{rel}","templated":true}]}}