{"id":6609,"date":"2015-01-15T15:51:42","date_gmt":"2015-01-15T14:51:42","guid":{"rendered":"https:\/\/pequod.nesodd1.no\/?page_id=6609"},"modified":"2015-01-15T15:52:06","modified_gmt":"2015-01-15T14:52:06","slug":"arets-forste-tur-3-1","status":"publish","type":"page","link":"https:\/\/pequod.nesodd1.no\/?page_id=6609","title":{"rendered":"\u00c5rets f\u00f8rste tur! 3.1."},"content":{"rendered":"<p>\u00c5rets f\u00f8rste tur gikk av stabelen p\u00e5 en flott l\u00f8rdag med sol og stille sj\u00f8 mesteparten av tiden. Om bord hadde jeg en gjest fra Taiwan. Plukket ham opp p\u00e5 Tjuvholmen og deretter kj\u00f8rte vi via Vippetangen, Operaen, Lang\u00f8yene. Gressholmen og deretter et landhugg p\u00e5 Lind\u00f8ya f\u00f8r vi dro tilbake til Tjuvholmen.<\/p>\n\n            <!-- Blueimp gallery -->\n            <div id=\"blueimp-gallery-6602\" class=\"blueimp-gallery blueimp-gallery-controls\">\n                <div class=\"slides\"><\/div>\n                <h3 class=\"title\"><\/h3>\n                <a class=\"prev\">\u2039<\/a>\n                <a class=\"next\">\u203a<\/a>\n                <a class=\"close\">\u00d7<\/a>\n                <a class=\"play-pause\"><\/a>\n                <ol class=\"indicator\"><\/ol>\n                <div class=\"modal fade\">\n                    <div class=\"modal-dialog\">\n                        <div class=\"modal-content\">\n                            <div class=\"modal-header\">\n                                <button type=\"button\" class=\"close\" aria-hidden=\"true\">\u00d7<\/button>\n                                <h4 class=\"modal-title\"><\/h4>\n                            <\/div>\n                            <div class=\"modal-body next\"><\/div>\n                            <div class=\"modal-footer\">\n                                <button type=\"button\" class=\"btn btn-default pull-left prev\">\n                                    <i class=\"glyphicon glyphicon-chevron-left\"><\/i>\n                                    Previous                                <\/button>\n                                <button type=\"button\" class=\"btn btn-primary next\">\n                                    Next                                    <i class=\"glyphicon glyphicon-chevron-right\"><\/i>\n                                <\/button>\n                            <\/div>\n                        <\/div>\n                    <\/div>\n                <\/div>\n            <\/div>\n\n            <script data-jetpack-boost=\"ignore\" type=\"text\/javascript\">\n            jQuery(function() {\n                jQuery.extend(blueimp.Gallery.prototype.options, {\n                    useBootstrapModal: false,\n                    hidePageScrollbars: false,\n                    container: \"#blueimp-gallery-6602\",\n                });\n            });\n            <\/script>\n\n            \n<h3>Related Images:<\/h3>","protected":false},"excerpt":{"rendered":"<p>\u00c5rets f\u00f8rste tur gikk av stabelen p\u00e5 en flott l\u00f8rdag med sol og stille sj\u00f8 mesteparten av tiden. Om bord hadde jeg en gjest fra Taiwan. Plukket ham opp p\u00e5 Tjuvholmen og deretter kj\u00f8rte vi via Vippetangen, Operaen, Lang\u00f8yene. Gressholmen og deretter et landhugg p\u00e5 Lind\u00f8ya f\u00f8r vi dro tilbake til Tjuvholmen. Related Images:<\/p>\n","protected":false},"author":1,"featured_media":0,"parent":6607,"menu_order":0,"comment_status":"open","ping_status":"open","template":"","meta":{"_crdt_document":"","ngg_post_thumbnail":0,"jetpack_post_was_ever_published":false,"footnotes":""},"class_list":["post-6609","page","type-page","status-publish","hentry"],"jetpack_shortlink":"https:\/\/wp.me\/P3Zd9b-1IB","jetpack_sharing_enabled":true,"jetpack_likes_enabled":true,"jetpack-related-posts":[],"_links":{"self":[{"href":"https:\/\/pequod.nesodd1.no\/index.php?rest_route=\/wp\/v2\/pages\/6609","targetHints":{"allow":["GET"]}}],"collection":[{"href":"https:\/\/pequod.nesodd1.no\/index.php?rest_route=\/wp\/v2\/pages"}],"about":[{"href":"https:\/\/pequod.nesodd1.no\/index.php?rest_route=\/wp\/v2\/types\/page"}],"author":[{"embeddable":true,"href":"https:\/\/pequod.nesodd1.no\/index.php?rest_route=\/wp\/v2\/users\/1"}],"replies":[{"embeddable":true,"href":"https:\/\/pequod.nesodd1.no\/index.php?rest_route=%2Fwp%2Fv2%2Fcomments&post=6609"}],"version-history":[{"count":2,"href":"https:\/\/pequod.nesodd1.no\/index.php?rest_route=\/wp\/v2\/pages\/6609\/revisions"}],"predecessor-version":[{"id":6611,"href":"https:\/\/pequod.nesodd1.no\/index.php?rest_route=\/wp\/v2\/pages\/6609\/revisions\/6611"}],"up":[{"embeddable":true,"href":"https:\/\/pequod.nesodd1.no\/index.php?rest_route=\/wp\/v2\/pages\/6607"}],"wp:attachment":[{"href":"https:\/\/pequod.nesodd1.no\/index.php?rest_route=%2Fwp%2Fv2%2Fmedia&parent=6609"}],"curies":[{"name":"wp","href":"https:\/\/api.w.org\/{rel}","templated":true}]}}