{"id":7,"date":"2013-09-19T17:01:04","date_gmt":"2013-09-19T15:01:04","guid":{"rendered":"https:\/\/pequod.nesodd1.no\/?page_id=7"},"modified":"2023-06-30T11:13:35","modified_gmt":"2023-06-30T09:13:35","slug":"om-pequod","status":"publish","type":"page","link":"https:\/\/pequod.nesodd1.no\/?page_id=7","title":{"rendered":"Om Pequod"},"content":{"rendered":"<p><a href=\"https:\/\/i0.wp.com\/pequod.nesodd1.no\/wp-content\/uploads\/2020\/10\/pequod1.png?ssl=1\"><img data-recalc-dims=\"1\" loading=\"lazy\" decoding=\"async\" data-attachment-id=\"20244\" data-permalink=\"https:\/\/pequod.nesodd1.no\/?attachment_id=20244\" data-orig-file=\"https:\/\/i0.wp.com\/pequod.nesodd1.no\/wp-content\/uploads\/2020\/10\/pequod1.png?fit=300%2C520&amp;ssl=1\" data-orig-size=\"300,520\" data-comments-opened=\"1\" data-image-meta=\"{&quot;aperture&quot;:&quot;0&quot;,&quot;credit&quot;:&quot;&quot;,&quot;camera&quot;:&quot;&quot;,&quot;caption&quot;:&quot;&quot;,&quot;created_timestamp&quot;:&quot;0&quot;,&quot;copyright&quot;:&quot;&quot;,&quot;focal_length&quot;:&quot;0&quot;,&quot;iso&quot;:&quot;0&quot;,&quot;shutter_speed&quot;:&quot;0&quot;,&quot;title&quot;:&quot;&quot;,&quot;orientation&quot;:&quot;0&quot;}\" data-image-title=\"pequod1\" data-image-description=\"&lt;p&gt;Pequod, cv, b\u00e5tcv, erfaring&lt;\/p&gt;\n\" data-image-caption=\"\" data-large-file=\"https:\/\/i0.wp.com\/pequod.nesodd1.no\/wp-content\/uploads\/2020\/10\/pequod1.png?fit=300%2C520&amp;ssl=1\" class=\"alignleft wp-image-20244 size-full\" src=\"https:\/\/i0.wp.com\/pequod.nesodd1.no\/wp-content\/uploads\/2020\/10\/pequod1.png?resize=300%2C520&#038;ssl=1\" alt=\"\" width=\"300\" height=\"520\" srcset=\"https:\/\/i0.wp.com\/pequod.nesodd1.no\/wp-content\/uploads\/2020\/10\/pequod1.png?w=300&amp;ssl=1 300w, https:\/\/i0.wp.com\/pequod.nesodd1.no\/wp-content\/uploads\/2020\/10\/pequod1.png?resize=173%2C300&amp;ssl=1 173w, https:\/\/i0.wp.com\/pequod.nesodd1.no\/wp-content\/uploads\/2020\/10\/pequod1.png?resize=46%2C80&amp;ssl=1 46w\" sizes=\"auto, (max-width: 300px) 100vw, 300px\" \/><\/a>Hei! Jeg heter Per-Helge og startet denne b\u00e5tbloggen i 2013. &nbsp;Da jeg startet i september 2013 hadde jeg ikke b\u00e5t, planen var \u00e5 skaffe en i l\u00f8pet av vinteren (over nytt\u00e5r) slik at jeg f\u00f8r b\u00e5tsesongen 2014 var klar til \u00e5 oppleve sj\u00f8ens gleder.<\/p>\n<p>Det gikk ikke slik&#8230; Allerede mandag 7. oktober fikk jeg tilslaget p\u00e5 en Nidelv 24 fra 1974, og onsdag 9. oktober ble papirene undertegnet og b\u00e5ten overlevert. Min f\u00f8rste egne b\u00e5t!<\/p>\n<p>Jeg er n\u00e6rmest f\u00f8dt og oppvokst i b\u00e5t, har opplevd mange somre og mange fisketurer om bord i en With-jolle, og etterhvert n\u00e5r jeg ble eldre, om bord i en M\u00f8rebas med 20 hk Mercury bak. Tror det var en 17-foter, men er ikke helt sikker.<\/p>\n<p>Mine beste b\u00e5tminner fra barne- og ungdomstiden var nok somrene om bord i With-jolla, der jeg kunne ro ut og v\u00e6re borte i mange, mange timer.<\/p>\n<p>I tillegg var faren min sj\u00f8mann i utenriksfart, s\u00e5 jeg har v\u00e6rt med om bord p\u00e5 mange forskjellige skip opp gjennom \u00e5rene. N\u00e5r jeg ble eldre stort sett i skoleferier. Var derfor ganske s\u00e5 bereist i ung alder&#8230; alt fra store oljetankere med visitter i Afrika til mindre bulklasteskip i regelmessig fart i \u00d8stersj\u00f8en.<\/p>\n<p><a href=\"https:\/\/i0.wp.com\/pequod.nesodd1.no\/wp-content\/uploads\/2014\/10\/IMG_0005.jpg?ssl=1\"><img data-recalc-dims=\"1\" loading=\"lazy\" decoding=\"async\" data-attachment-id=\"5813\" data-permalink=\"https:\/\/pequod.nesodd1.no\/?attachment_id=5813\" data-orig-file=\"https:\/\/i0.wp.com\/pequod.nesodd1.no\/wp-content\/uploads\/2014\/10\/IMG_0005.jpg?fit=800%2C829&amp;ssl=1\" data-orig-size=\"800,829\" data-comments-opened=\"1\" data-image-meta=\"{&quot;aperture&quot;:&quot;0&quot;,&quot;credit&quot;:&quot;&quot;,&quot;camera&quot;:&quot;&quot;,&quot;caption&quot;:&quot;&quot;,&quot;created_timestamp&quot;:&quot;0&quot;,&quot;copyright&quot;:&quot;&quot;,&quot;focal_length&quot;:&quot;0&quot;,&quot;iso&quot;:&quot;0&quot;,&quot;shutter_speed&quot;:&quot;0&quot;,&quot;title&quot;:&quot;&quot;,&quot;orientation&quot;:&quot;0&quot;}\" data-image-title=\"IMG_0005\" data-image-description=\"&lt;p&gt;With, \u00d8yjord, Narvik&lt;\/p&gt;\n\" data-image-caption=\"&lt;p&gt;De f\u00e5 gode minnene jeg har fra oppveksten inkluderer kun meg selv, for eksempel om bord i Withen.&lt;\/p&gt;\n\" data-large-file=\"https:\/\/i0.wp.com\/pequod.nesodd1.no\/wp-content\/uploads\/2014\/10\/IMG_0005.jpg?fit=800%2C829&amp;ssl=1\" class=\"wp-image-5813 alignright\" src=\"https:\/\/i0.wp.com\/pequod.nesodd1.no\/wp-content\/uploads\/2014\/10\/IMG_0005.jpg?resize=193%2C200&#038;ssl=1\" alt=\"\" width=\"193\" height=\"200\" srcset=\"https:\/\/i0.wp.com\/pequod.nesodd1.no\/wp-content\/uploads\/2014\/10\/IMG_0005.jpg?resize=289%2C300&amp;ssl=1 289w, https:\/\/i0.wp.com\/pequod.nesodd1.no\/wp-content\/uploads\/2014\/10\/IMG_0005.jpg?w=800&amp;ssl=1 800w\" sizes=\"auto, (max-width: 193px) 100vw, 193px\" \/><\/a>Jeg kan ikke huske sikkert n\u00e5r jeg var sj\u00f8syk for f\u00f8rste (og fram til n\u00e5 siste!) gang, men husker spesielt godt en episode fra \u00d8stersj\u00f8en en gang p\u00e5 70-tallet. Jeg stod opp om morgenen som ingenting, men la fort merke til at det var mye sj\u00f8, for skipet kastet voldsomt p\u00e5 seg og det var faktisk ingen lett oppgave \u00e5 komme seg opp p\u00e5 broa. Men jeg klarte det, og kom meg inn i bestikken der en av styrmennene sto b\u00f8yd over kartet og Deccaen som hang over kartbordet.&nbsp;<\/p>\n<p>Jeg husker jeg sa &laquo;god morgen&raquo; eller &laquo;hei&raquo; eller noe slikt, men da han snudde seg mot meg s\u00e5 jeg at han var n\u00e6rmest gr\u00f8nn i ansiktet av sj\u00f8syke. Da han oppdaget det blide og helt sj\u00f8sykefrie ansiktet mitt sa han bare \u00e9n ting: -Ut! \ud83d\ude00<\/p>\n<p>Etter at jeg dro hjemmefra og etterhvert, for det meste, holdt til i Oslo-omr\u00e5det, har det blitt d\u00e5rligere med sj\u00f8livet, selv om jeg jo har hatt muligheten. Jeg har v\u00e6rt p\u00e5 fjorden innimellom, som passasjer, men aldri eid min egen b\u00e5t.&nbsp;Lysten til \u00e5 ha b\u00e5t \u00f8kte stadig, spesielt etter at jeg flyttet ut til Nesodden, og til slutt fikk jeg bestemt meg: Det BLE b\u00e5t.<\/p>\n<p><a href=\"https:\/\/i0.wp.com\/pequod.nesodd1.no\/wp-content\/uploads\/2013\/09\/vitafors.jpg?ssl=1\"><img data-recalc-dims=\"1\" loading=\"lazy\" decoding=\"async\" data-attachment-id=\"146\" data-permalink=\"https:\/\/pequod.nesodd1.no\/?attachment_id=146\" data-orig-file=\"https:\/\/i0.wp.com\/pequod.nesodd1.no\/wp-content\/uploads\/2013\/09\/vitafors.jpg?fit=604%2C551&amp;ssl=1\" data-orig-size=\"604,551\" data-comments-opened=\"1\" data-image-meta=\"{&quot;aperture&quot;:&quot;0&quot;,&quot;credit&quot;:&quot;&quot;,&quot;camera&quot;:&quot;&quot;,&quot;caption&quot;:&quot;&quot;,&quot;created_timestamp&quot;:&quot;0&quot;,&quot;copyright&quot;:&quot;&quot;,&quot;focal_length&quot;:&quot;0&quot;,&quot;iso&quot;:&quot;0&quot;,&quot;shutter_speed&quot;:&quot;0&quot;,&quot;title&quot;:&quot;&quot;}\" data-image-title=\"vitafors\" data-image-description=\"\" data-image-caption=\"\" data-large-file=\"https:\/\/i0.wp.com\/pequod.nesodd1.no\/wp-content\/uploads\/2013\/09\/vitafors.jpg?fit=604%2C551&amp;ssl=1\" class=\"wp-image-146 alignright\" src=\"https:\/\/i0.wp.com\/pequod.nesodd1.no\/wp-content\/uploads\/2013\/09\/vitafors.jpg?resize=214%2C195&#038;ssl=1\" alt=\"\" width=\"214\" height=\"195\" srcset=\"https:\/\/i0.wp.com\/pequod.nesodd1.no\/wp-content\/uploads\/2013\/09\/vitafors.jpg?resize=300%2C273&amp;ssl=1 300w, https:\/\/i0.wp.com\/pequod.nesodd1.no\/wp-content\/uploads\/2013\/09\/vitafors.jpg?w=604&amp;ssl=1 604w\" sizes=\"auto, (max-width: 214px) 100vw, 214px\" \/><\/a>Jeg ferdes p\u00e5 fjorden med b\u00e5ten \u00e5ret rundt. Det startet egentlig tilfeldig med hel\u00e5rsbruken ettersom b\u00e5de h\u00f8sten og vinteren 2013\/2014 var sv\u00e6rt mild, og dermed fikk jeg sansen for det! B\u00e5ten tas opp en til to ganger i \u00e5ret for ettersyn, vask og stoffing.<\/p>\n<p>I<a href=\"https:\/\/i0.wp.com\/pequod.nesodd1.no\/wp-content\/uploads\/2013\/09\/13325455_1700078060246340_4733434185222654756_n.jpg?ssl=1\"><img data-recalc-dims=\"1\" loading=\"lazy\" decoding=\"async\" data-attachment-id=\"9133\" data-permalink=\"https:\/\/pequod.nesodd1.no\/?attachment_id=9133\" data-orig-file=\"https:\/\/i0.wp.com\/pequod.nesodd1.no\/wp-content\/uploads\/2013\/09\/13325455_1700078060246340_4733434185222654756_n.jpg?fit=960%2C960&amp;ssl=1\" data-orig-size=\"960,960\" data-comments-opened=\"1\" data-image-meta=\"{&quot;aperture&quot;:&quot;0&quot;,&quot;credit&quot;:&quot;&quot;,&quot;camera&quot;:&quot;&quot;,&quot;caption&quot;:&quot;&quot;,&quot;created_timestamp&quot;:&quot;0&quot;,&quot;copyright&quot;:&quot;&quot;,&quot;focal_length&quot;:&quot;0&quot;,&quot;iso&quot;:&quot;0&quot;,&quot;shutter_speed&quot;:&quot;0&quot;,&quot;title&quot;:&quot;&quot;,&quot;orientation&quot;:&quot;0&quot;}\" data-image-title=\"13325455_1700078060246340_4733434185222654756_n\" data-image-description=\"&lt;p&gt;amputert, baug, oksval, nidelv 24&lt;\/p&gt;\n\" data-image-caption=\"\" data-large-file=\"https:\/\/i0.wp.com\/pequod.nesodd1.no\/wp-content\/uploads\/2013\/09\/13325455_1700078060246340_4733434185222654756_n.jpg?fit=940%2C940&amp;ssl=1\" class=\" wp-image-9133 alignleft\" src=\"https:\/\/i0.wp.com\/pequod.nesodd1.no\/wp-content\/uploads\/2013\/09\/13325455_1700078060246340_4733434185222654756_n.jpg?resize=231%2C231&#038;ssl=1\" alt=\"\" width=\"231\" height=\"231\" srcset=\"https:\/\/i0.wp.com\/pequod.nesodd1.no\/wp-content\/uploads\/2013\/09\/13325455_1700078060246340_4733434185222654756_n.jpg?resize=300%2C300&amp;ssl=1 300w, https:\/\/i0.wp.com\/pequod.nesodd1.no\/wp-content\/uploads\/2013\/09\/13325455_1700078060246340_4733434185222654756_n.jpg?resize=150%2C150&amp;ssl=1 150w, https:\/\/i0.wp.com\/pequod.nesodd1.no\/wp-content\/uploads\/2013\/09\/13325455_1700078060246340_4733434185222654756_n.jpg?resize=768%2C768&amp;ssl=1 768w, https:\/\/i0.wp.com\/pequod.nesodd1.no\/wp-content\/uploads\/2013\/09\/13325455_1700078060246340_4733434185222654756_n.jpg?w=960&amp;ssl=1 960w\" sizes=\"auto, (max-width: 231px) 100vw, 231px\" \/><\/a> 2015 fikk b\u00e5tlivet mitt en ny dimensjon. I april det \u00e5ret m\u00e5tte jeg amputere h\u00f8yre ben under kneet, og i august m\u00e5tte jeg amputere venstre stort\u00e5 (noe som faktisk betyr mye for balansen). S\u00e5 sent som i desember m\u00e5tte jeg ta litt av nok en t\u00e5&#8230; I 2015 ble&nbsp;dermed b\u00e5taktiviteten kraftig redusert, eller amputert som jeg bruker \u00e5 skrive&#8230; .-) Men m\u00e5let mitt har hele tiden v\u00e6rt \u00e5 komme tilbake til b\u00e5ten og fortsette dette fantastiske b\u00e5tlivet som jeg s\u00e5 raskt har blitt s\u00e5 glad i. Og den m\u00e5lsettingen har jeg alts\u00e5 klart!<\/p>\n<p>Min f\u00f8rste b\u00e5ttur etter amputasjonen fant sted allerede 25. mai 2015, da uten protese og med hjelp av gode venner. 20. juni hadde jeg min f\u00f8rste tur med protese, og 19. juli gjennomf\u00f8rte jeg min f\u00f8rste b\u00e5ttur helt alene siden februar. P\u00e5 grunn av langvarig sykehusopphold og deretter opphold p\u00e5 et opptreningssenter fikk&nbsp;jeg ikke v\u00e6rt s\u00e5 mye i b\u00e5ten som jeg \u00f8nsket i 2015, men det har jeg tatt igjen etterp\u00e5&#8230;<\/p>\n<p><a href=\"https:\/\/i0.wp.com\/pequod.nesodd1.no\/wp-content\/uploads\/2020\/10\/122132541_10157369844822032_6468741863827756082_n.jpg?ssl=1\"><img data-recalc-dims=\"1\" loading=\"lazy\" decoding=\"async\" data-attachment-id=\"20304\" data-permalink=\"https:\/\/pequod.nesodd1.no\/?attachment_id=20304\" data-orig-file=\"https:\/\/i0.wp.com\/pequod.nesodd1.no\/wp-content\/uploads\/2020\/10\/122132541_10157369844822032_6468741863827756082_n.jpg?fit=960%2C720&amp;ssl=1\" data-orig-size=\"960,720\" data-comments-opened=\"1\" data-image-meta=\"{&quot;aperture&quot;:&quot;0&quot;,&quot;credit&quot;:&quot;&quot;,&quot;camera&quot;:&quot;&quot;,&quot;caption&quot;:&quot;&quot;,&quot;created_timestamp&quot;:&quot;0&quot;,&quot;copyright&quot;:&quot;&quot;,&quot;focal_length&quot;:&quot;0&quot;,&quot;iso&quot;:&quot;0&quot;,&quot;shutter_speed&quot;:&quot;0&quot;,&quot;title&quot;:&quot;&quot;,&quot;orientation&quot;:&quot;0&quot;}\" data-image-title=\"122132541_10157369844822032_6468741863827756082_n\" data-image-description=\"&lt;p&gt;S\u00e6tre, Tresfjord&lt;\/p&gt;\n\" data-image-caption=\"\" data-large-file=\"https:\/\/i0.wp.com\/pequod.nesodd1.no\/wp-content\/uploads\/2020\/10\/122132541_10157369844822032_6468741863827756082_n.jpg?fit=940%2C705&amp;ssl=1\" class=\"alignright size-medium wp-image-20304\" src=\"https:\/\/i0.wp.com\/pequod.nesodd1.no\/wp-content\/uploads\/2020\/10\/122132541_10157369844822032_6468741863827756082_n.jpg?resize=300%2C225&#038;ssl=1\" alt=\"\" width=\"300\" height=\"225\" srcset=\"https:\/\/i0.wp.com\/pequod.nesodd1.no\/wp-content\/uploads\/2020\/10\/122132541_10157369844822032_6468741863827756082_n.jpg?resize=300%2C225&amp;ssl=1 300w, https:\/\/i0.wp.com\/pequod.nesodd1.no\/wp-content\/uploads\/2020\/10\/122132541_10157369844822032_6468741863827756082_n.jpg?resize=100%2C75&amp;ssl=1 100w, https:\/\/i0.wp.com\/pequod.nesodd1.no\/wp-content\/uploads\/2020\/10\/122132541_10157369844822032_6468741863827756082_n.jpg?resize=768%2C576&amp;ssl=1 768w, https:\/\/i0.wp.com\/pequod.nesodd1.no\/wp-content\/uploads\/2020\/10\/122132541_10157369844822032_6468741863827756082_n.jpg?w=960&amp;ssl=1 960w\" sizes=\"auto, (max-width: 300px) 100vw, 300px\" \/><\/a>I april 2019 fikk b\u00e5tlivet mitt en ny vri: Jeg solgte Nidelven rett f\u00f8r p\u00e5ske, og noen f\u00e5 dager etter p\u00e5sken var jeg eier av en Tresfjord 29&#8230; Egentlig var jeg p\u00e5 jakt etter en Nidelv 26, men slik kan det g\u00e5&#8230;<\/p>\n<p>Ellers om meg: Opprinnelig nordfra, men flyttet s\u00f8rover i 1981. Jobber som journalist, for tiden singel og har tre barn f\u00f8dt i 1996, 1997 og 1999 fra et tidligere forhold.<\/p>\n<p>Foruten b\u00e5tlivets gleder liker jeg \u00e5 fotografere, lese b\u00f8ker, dra til London og \u00e5 spille trommer (noe jeg har fortsatt med ogs\u00e5 etter amputasjonen). Spiller i band, mest for g\u00f8ys skyld, men vi har vel ambisjoner om \u00e5 spille for folk ogs\u00e5? Kanskje p\u00e5 et b\u00e5ttreff? Vi har i alle fall et maritimt navn &#8211; Long John Silver &amp; The Crew &#8211; og er hovedsaklig et coverband som spiller 70-talls rock. Bare \u00e5 kontakte meg hvis du har et b\u00e5ttreff p\u00e5 trappene som trenger et band! Vi har ingen bandbuss &#8211; men bandb\u00e5t!<\/p>\n<p><strong><a href=\"https:\/\/i0.wp.com\/pequod.nesodd1.no\/wp-content\/uploads\/2020\/03\/last-ned.jpg?ssl=1\"><img data-recalc-dims=\"1\" loading=\"lazy\" decoding=\"async\" data-attachment-id=\"17857\" data-permalink=\"https:\/\/pequod.nesodd1.no\/?attachment_id=17857\" data-orig-file=\"https:\/\/i0.wp.com\/pequod.nesodd1.no\/wp-content\/uploads\/2020\/03\/last-ned.jpg?fit=198%2C255&amp;ssl=1\" data-orig-size=\"198,255\" data-comments-opened=\"1\" data-image-meta=\"{&quot;aperture&quot;:&quot;0&quot;,&quot;credit&quot;:&quot;&quot;,&quot;camera&quot;:&quot;&quot;,&quot;caption&quot;:&quot;&quot;,&quot;created_timestamp&quot;:&quot;0&quot;,&quot;copyright&quot;:&quot;&quot;,&quot;focal_length&quot;:&quot;0&quot;,&quot;iso&quot;:&quot;0&quot;,&quot;shutter_speed&quot;:&quot;0&quot;,&quot;title&quot;:&quot;&quot;,&quot;orientation&quot;:&quot;0&quot;}\" data-image-title=\"last ned\" data-image-description=\"&lt;p&gt;Moby Dick, Herman Melville, bok&lt;\/p&gt;\n\" data-image-caption=\"\" data-large-file=\"https:\/\/i0.wp.com\/pequod.nesodd1.no\/wp-content\/uploads\/2020\/03\/last-ned.jpg?fit=198%2C255&amp;ssl=1\" class=\"wp-image-17857 alignleft\" src=\"https:\/\/i0.wp.com\/pequod.nesodd1.no\/wp-content\/uploads\/2020\/03\/last-ned.jpg?resize=128%2C165&#038;ssl=1\" alt=\"\" width=\"128\" height=\"165\" srcset=\"https:\/\/i0.wp.com\/pequod.nesodd1.no\/wp-content\/uploads\/2020\/03\/last-ned.jpg?w=198&amp;ssl=1 198w, https:\/\/i0.wp.com\/pequod.nesodd1.no\/wp-content\/uploads\/2020\/03\/last-ned.jpg?resize=62%2C80&amp;ssl=1 62w\" sizes=\"auto, (max-width: 128px) 100vw, 128px\" \/><\/a>Hvorfor navnet Pequod?<\/strong><br \/>\nVel, det er selvsagt hentet fra Herman Melvilles bok <a title=\"Om Moby Dick\" href=\"http:\/\/http:\/\/no.wikipedia.org\/wiki\/Moby_Dick\" target=\"_blank\" rel=\"noopener noreferrer\">Moby Dick<\/a>, og er et fint navn. Det er ikke navnet p\u00e5 b\u00e5ten, som ble <strong>Bergtatt<\/strong>, &nbsp;men online, her p\u00e5 bloggen og i b\u00e5tforumet p\u00e5 baatplassen.no, er det i det minste mitt nick. Det fordi Bergtatt var opptatt da jeg f\u00f8rste gang registrerte meg p\u00e5 b\u00e5tforumene. Denne b\u00e5tbloggen het i to \u00e5r <em>Pequods b\u00e5tblogg<\/em> f\u00f8r jeg skiftet navn til <strong>P\u00e5 tokt med Bergtatt<\/strong> i september 2015.<\/p>\n<p><strong>Om Bippe<\/strong><br \/>\nP\u00e5 grunn av amputasjonen s\u00f8kte jeg h\u00f8sten 2015 om \u00e5 f\u00e5 tildelt en s\u00e5kalt &laquo;mobilitetsscooter&raquo;. Det er en elektrisk (batteridrevet) scooter p\u00e5 fire hjul som rusler avg\u00e5rde i fem knop (rundt 10 km\/t). Hastigheten passer jo bra for en skipper som er vant til samme fart til sj\u00f8s&#8230; \ud83d\ude42 Den ble levert 23. desember. Siden jeg ikke har bil eller lappen, s\u00e5 var dette den eneste muligheten jeg hadde til \u00e5 skaffe meg et transportmiddel som kunne avlaste meg litt.<\/p>\n<p><a href=\"https:\/\/pequod.nesodd1.no\/?attachment_id=7684\" rel=\"attachment wp-att-7684\"><img data-recalc-dims=\"1\" loading=\"lazy\" decoding=\"async\" data-attachment-id=\"7684\" data-permalink=\"https:\/\/pequod.nesodd1.no\/?attachment_id=7684\" data-orig-file=\"https:\/\/i0.wp.com\/pequod.nesodd1.no\/wp-content\/uploads\/2015\/12\/IMG_6090.jpg?fit=640%2C480&amp;ssl=1\" data-orig-size=\"640,480\" data-comments-opened=\"1\" data-image-meta=\"{&quot;aperture&quot;:&quot;2.2&quot;,&quot;credit&quot;:&quot;&quot;,&quot;camera&quot;:&quot;iPhone 6&quot;,&quot;caption&quot;:&quot;&quot;,&quot;created_timestamp&quot;:&quot;1450877238&quot;,&quot;copyright&quot;:&quot;&quot;,&quot;focal_length&quot;:&quot;4.15&quot;,&quot;iso&quot;:&quot;64&quot;,&quot;shutter_speed&quot;:&quot;0.0333333333333&quot;,&quot;title&quot;:&quot;&quot;,&quot;orientation&quot;:&quot;1&quot;}\" data-image-title=\"IMG_6090\" data-image-description=\"&lt;p&gt;Bippe&lt;\/p&gt;\n\" data-image-caption=\"&lt;p&gt;Den f\u00f8rste Bippe fra 2015 til 2019.&lt;\/p&gt;\n\" data-large-file=\"https:\/\/i0.wp.com\/pequod.nesodd1.no\/wp-content\/uploads\/2015\/12\/IMG_6090.jpg?fit=640%2C480&amp;ssl=1\" class=\"wp-image-7684 alignleft\" src=\"https:\/\/i0.wp.com\/pequod.nesodd1.no\/wp-content\/uploads\/2015\/12\/IMG_6090-300x225.jpg?resize=260%2C195\" alt=\"IMG_6090\" width=\"260\" height=\"195\" srcset=\"https:\/\/i0.wp.com\/pequod.nesodd1.no\/wp-content\/uploads\/2015\/12\/IMG_6090.jpg?resize=300%2C225&amp;ssl=1 300w, https:\/\/i0.wp.com\/pequod.nesodd1.no\/wp-content\/uploads\/2015\/12\/IMG_6090.jpg?w=640&amp;ssl=1 640w\" sizes=\"auto, (max-width: 260px) 100vw, 260px\" \/><\/a>Jeg klarer meg fint uten hjelp b\u00e5de med og uten krykker, men av og til blir det tungvint og litt vanskelig \u00e5 bruke buss. Da er det veldig praktisk \u00e5 sette seg ned i scooteren og t\u00f8ffe avg\u00e5rde. Jeg bruker den hovedsakelig til \u00e6render i butikken (som ligger flere busstopp unna) hvis jeg skal ha litt mer enn en pose, og kanskje mest n\u00e5r jeg skal ned i b\u00e5thavna. S\u00e6rlig n\u00e5r jeg skal p\u00e5 langtur er det fint \u00e5 fylle den opp til randen med sekker og bager!<\/p>\n<p>Jeg bruker den ogs\u00e5 ned til brygga n\u00e5r jeg skal p\u00e5 jobb, litt avhengig av v\u00e6ret. Da er det s\u00e5 mye enklere \u00e5 bruke &laquo;Bippe&raquo; &#8211; som jeg har d\u00f8pt scooteren for (oppkalt etter Bippe Stankelbein i Per Ulv-tegnefilmene fordi lyden hornet gir ligner p\u00e5 lyden til Bippe&#8230;). Det begynte jeg ikke med f\u00f8r under pandemien, da lysten p\u00e5 \u00e5 ta buss ikke var s\u00e5 stor, og det har jeg fortsatt med etter pandemien.<\/p>\n<p>Samtidig er det ogs\u00e5 den eneste gangen jeg f\u00f8ler meg som funksjonshemmet n\u00e5r jeg setter meg i scooteren, s\u00e5 jeg er ikke alltid like bekvem. Jeg klarer meg jo utmerket som amputert, er i full jobb og aktiv p\u00e5 flere fronter, men f\u00f8ler meg &laquo;eldgammel&raquo; n\u00e5r jeg setter meg i den. Men jeg har etter hvert &#8211; noe motstrebende &#8211; l\u00e6rt meg \u00e5 sette pris p\u00e5 \u00e5 ha den muligheten. Og jeg har pimpet den litt opp med b\u00e5de terninger og Wunderbaum! \ud83d\ude00<\/p>\n<figure id=\"attachment_13386\" aria-describedby=\"caption-attachment-13386\" style=\"width: 1024px\" class=\"wp-caption aligncenter\"><a href=\"https:\/\/i0.wp.com\/pequod.nesodd1.no\/wp-content\/uploads\/2018\/01\/IMG_8961.jpg?ssl=1\"><img data-recalc-dims=\"1\" loading=\"lazy\" decoding=\"async\" data-attachment-id=\"13386\" data-permalink=\"https:\/\/pequod.nesodd1.no\/?attachment_id=13386\" data-orig-file=\"https:\/\/i0.wp.com\/pequod.nesodd1.no\/wp-content\/uploads\/2018\/01\/IMG_8961.jpg?fit=5184%2C3456&amp;ssl=1\" data-orig-size=\"5184,3456\" data-comments-opened=\"1\" data-image-meta=\"{&quot;aperture&quot;:&quot;8&quot;,&quot;credit&quot;:&quot;&quot;,&quot;camera&quot;:&quot;Canon EOS 7D&quot;,&quot;caption&quot;:&quot;&quot;,&quot;created_timestamp&quot;:&quot;1504362766&quot;,&quot;copyright&quot;:&quot;&quot;,&quot;focal_length&quot;:&quot;17&quot;,&quot;iso&quot;:&quot;100&quot;,&quot;shutter_speed&quot;:&quot;0.004&quot;,&quot;title&quot;:&quot;&quot;,&quot;orientation&quot;:&quot;1&quot;}\" data-image-title=\"IMG_8961\" data-image-description=\"&lt;p&gt;enbeint skipper, Stavern&lt;\/p&gt;\n\" data-image-caption=\"&lt;p&gt;Foto: Vetle B\u00f8rresen, B\u00e5tens Verden&lt;\/p&gt;\n\" data-large-file=\"https:\/\/i0.wp.com\/pequod.nesodd1.no\/wp-content\/uploads\/2018\/01\/IMG_8961.jpg?fit=940%2C627&amp;ssl=1\" class=\"size-large wp-image-13386\" src=\"https:\/\/i0.wp.com\/pequod.nesodd1.no\/wp-content\/uploads\/2018\/01\/IMG_8961.jpg?resize=940%2C627&#038;ssl=1\" alt=\"\" width=\"940\" height=\"627\" srcset=\"https:\/\/i0.wp.com\/pequod.nesodd1.no\/wp-content\/uploads\/2018\/01\/IMG_8961.jpg?resize=1024%2C683&amp;ssl=1 1024w, https:\/\/i0.wp.com\/pequod.nesodd1.no\/wp-content\/uploads\/2018\/01\/IMG_8961.jpg?resize=100%2C67&amp;ssl=1 100w, https:\/\/i0.wp.com\/pequod.nesodd1.no\/wp-content\/uploads\/2018\/01\/IMG_8961.jpg?resize=300%2C200&amp;ssl=1 300w, https:\/\/i0.wp.com\/pequod.nesodd1.no\/wp-content\/uploads\/2018\/01\/IMG_8961.jpg?resize=768%2C512&amp;ssl=1 768w, https:\/\/i0.wp.com\/pequod.nesodd1.no\/wp-content\/uploads\/2018\/01\/IMG_8961.jpg?w=1880&amp;ssl=1 1880w, https:\/\/i0.wp.com\/pequod.nesodd1.no\/wp-content\/uploads\/2018\/01\/IMG_8961.jpg?w=2820&amp;ssl=1 2820w\" sizes=\"auto, (max-width: 940px) 100vw, 940px\" \/><\/a><figcaption id=\"caption-attachment-13386\" class=\"wp-caption-text\">Foto: Vetle B\u00f8rresen, B\u00e5tens Verden. Tatt under H\u00f8stspretten i Stavern i 2017.<\/figcaption><\/figure>\n<p>&nbsp;<\/p>\n<h3>Related Images:<\/h3>","protected":false},"excerpt":{"rendered":"<p>Hei! Jeg heter Per-Helge og startet denne b\u00e5tbloggen i 2013. &nbsp;Da jeg startet i september 2013 hadde jeg ikke b\u00e5t, planen var \u00e5 skaffe en i l\u00f8pet av vinteren (over nytt\u00e5r) slik at jeg f\u00f8r b\u00e5tsesongen 2014 var klar til \u00e5 oppleve sj\u00f8ens gleder. Det gikk ikke slik&#8230; Allerede mandag 7. oktober fikk jeg tilslaget &hellip;<br \/><a href=\"https:\/\/pequod.nesodd1.no\/?page_id=7\" class=\"more-link pen_element_default pen_icon_arrow_double\">Les<\/a><\/p>\n","protected":false},"author":1,"featured_media":0,"parent":10071,"menu_order":0,"comment_status":"open","ping_status":"open","template":"","meta":{"_crdt_document":"","ngg_post_thumbnail":0,"jetpack_post_was_ever_published":false,"footnotes":""},"class_list":["post-7","page","type-page","status-publish","hentry"],"jetpack_shortlink":"https:\/\/wp.me\/P3Zd9b-7","jetpack_sharing_enabled":true,"jetpack_likes_enabled":true,"jetpack-related-posts":[],"_links":{"self":[{"href":"https:\/\/pequod.nesodd1.no\/index.php?rest_route=\/wp\/v2\/pages\/7","targetHints":{"allow":["GET"]}}],"collection":[{"href":"https:\/\/pequod.nesodd1.no\/index.php?rest_route=\/wp\/v2\/pages"}],"about":[{"href":"https:\/\/pequod.nesodd1.no\/index.php?rest_route=\/wp\/v2\/types\/page"}],"author":[{"embeddable":true,"href":"https:\/\/pequod.nesodd1.no\/index.php?rest_route=\/wp\/v2\/users\/1"}],"replies":[{"embeddable":true,"href":"https:\/\/pequod.nesodd1.no\/index.php?rest_route=%2Fwp%2Fv2%2Fcomments&post=7"}],"version-history":[{"count":42,"href":"https:\/\/pequod.nesodd1.no\/index.php?rest_route=\/wp\/v2\/pages\/7\/revisions"}],"predecessor-version":[{"id":27142,"href":"https:\/\/pequod.nesodd1.no\/index.php?rest_route=\/wp\/v2\/pages\/7\/revisions\/27142"}],"up":[{"embeddable":true,"href":"https:\/\/pequod.nesodd1.no\/index.php?rest_route=\/wp\/v2\/pages\/10071"}],"wp:attachment":[{"href":"https:\/\/pequod.nesodd1.no\/index.php?rest_route=%2Fwp%2Fv2%2Fmedia&parent=7"}],"curies":[{"name":"wp","href":"https:\/\/api.w.org\/{rel}","templated":true}]}}