{"id":7013,"date":"2015-07-19T11:57:28","date_gmt":"2015-07-19T09:57:28","guid":{"rendered":"https:\/\/pequod.nesodd1.no\/?page_id=7013"},"modified":"2021-04-05T08:42:39","modified_gmt":"2021-04-05T06:42:39","slug":"havstensund-sverige","status":"publish","type":"page","link":"https:\/\/pequod.nesodd1.no\/?page_id=7013","title":{"rendered":"Havstensund (Sverige)"},"content":{"rendered":"<p><strong>Vurdering (5 anker er best): <a href=\"https:\/\/i0.wp.com\/pequod.nesodd1.no\/wp-content\/uploads\/2019\/10\/klistremerker-anker-og-tau-design.jpg.jpg?ssl=1\"><img data-recalc-dims=\"1\" loading=\"lazy\" decoding=\"async\" data-attachment-id=\"16489\" data-permalink=\"https:\/\/pequod.nesodd1.no\/?attachment_id=16489\" data-orig-file=\"https:\/\/i0.wp.com\/pequod.nesodd1.no\/wp-content\/uploads\/2019\/10\/klistremerker-anker-og-tau-design.jpg.jpg?fit=25%2C25&amp;ssl=1\" data-orig-size=\"25,25\" data-comments-opened=\"1\" data-image-meta=\"{&quot;aperture&quot;:&quot;0&quot;,&quot;credit&quot;:&quot;tribalium81&quot;,&quot;camera&quot;:&quot;&quot;,&quot;caption&quot;:&quot;&quot;,&quot;created_timestamp&quot;:&quot;0&quot;,&quot;copyright&quot;:&quot;tribalium81&quot;,&quot;focal_length&quot;:&quot;0&quot;,&quot;iso&quot;:&quot;0&quot;,&quot;shutter_speed&quot;:&quot;0&quot;,&quot;title&quot;:&quot;anchor and rope design&quot;,&quot;orientation&quot;:&quot;1&quot;}\" data-image-title=\"anchor and rope design\" data-image-description=\"\" data-image-caption=\"\" data-large-file=\"https:\/\/i0.wp.com\/pequod.nesodd1.no\/wp-content\/uploads\/2019\/10\/klistremerker-anker-og-tau-design.jpg.jpg?fit=25%2C25&amp;ssl=1\" class=\"alignnone size-full wp-image-16489\" src=\"https:\/\/i0.wp.com\/pequod.nesodd1.no\/wp-content\/uploads\/2019\/10\/klistremerker-anker-og-tau-design.jpg.jpg?resize=25%2C25&#038;ssl=1\" alt=\"\" width=\"25\" height=\"25\"><\/a><a href=\"https:\/\/i0.wp.com\/pequod.nesodd1.no\/wp-content\/uploads\/2019\/10\/klistremerker-anker-og-tau-design.jpg.jpg?ssl=1\"><img data-recalc-dims=\"1\" loading=\"lazy\" decoding=\"async\" data-attachment-id=\"16489\" data-permalink=\"https:\/\/pequod.nesodd1.no\/?attachment_id=16489\" data-orig-file=\"https:\/\/i0.wp.com\/pequod.nesodd1.no\/wp-content\/uploads\/2019\/10\/klistremerker-anker-og-tau-design.jpg.jpg?fit=25%2C25&amp;ssl=1\" data-orig-size=\"25,25\" data-comments-opened=\"1\" data-image-meta=\"{&quot;aperture&quot;:&quot;0&quot;,&quot;credit&quot;:&quot;tribalium81&quot;,&quot;camera&quot;:&quot;&quot;,&quot;caption&quot;:&quot;&quot;,&quot;created_timestamp&quot;:&quot;0&quot;,&quot;copyright&quot;:&quot;tribalium81&quot;,&quot;focal_length&quot;:&quot;0&quot;,&quot;iso&quot;:&quot;0&quot;,&quot;shutter_speed&quot;:&quot;0&quot;,&quot;title&quot;:&quot;anchor and rope design&quot;,&quot;orientation&quot;:&quot;1&quot;}\" data-image-title=\"anchor and rope design\" data-image-description=\"\" data-image-caption=\"\" data-large-file=\"https:\/\/i0.wp.com\/pequod.nesodd1.no\/wp-content\/uploads\/2019\/10\/klistremerker-anker-og-tau-design.jpg.jpg?fit=25%2C25&amp;ssl=1\" class=\"alignnone size-full wp-image-16489\" src=\"https:\/\/i0.wp.com\/pequod.nesodd1.no\/wp-content\/uploads\/2019\/10\/klistremerker-anker-og-tau-design.jpg.jpg?resize=25%2C25&#038;ssl=1\" alt=\"\" width=\"25\" height=\"25\"><\/a><\/strong><br \/>\n<strong>Posisjon:<\/strong> 58\u00b045&#8217;26.4&#8243;N 11\u00b010&#8217;42.3&#8243;E<br \/>\n<strong>Antall bes\u00f8k:<\/strong> 5 &nbsp;<strong>Sist bes\u00f8kt:<\/strong> Juli 2019. <strong>Webkamera:<\/strong> Nei<br \/>\n<strong>Fasiliteter: <\/strong>Drivstoff, vann, str\u00f8m, vaskemaskin, dusj, toaletter, b\u00e5tsalg\/verksted, b\u00e5tutstyrsbutikk\/kiosk og restauranter.<br \/>\n<strong style=\"line-height: 1.5;\">Havneavgift (for 24-foter):<\/strong><span style=\"line-height: 1.5;\">&nbsp;<\/span><span style=\"line-height: 1.5;\">Vet ikke. Betales manuelt i butikken ved anlegget.<\/span><br \/>\n<b>Tilrettelagt for funksjonshemmede:<\/b> Ja. Hvis man legger til longside ytterst er det lett adkomst, ogs\u00e5 med rullestol (se bilde to).<\/p>\n<p>Jeg bes\u00f8kte denne havna veldig kort. La meg bare p\u00e5 utsiden av flytebrygga og stakk innom en butikk like ved kaia, som var en mellomting mellom b\u00e5tutstyrsbutikk og dagligvarebutikk. Det var omtrent tomt for dagligvarer selv om jeg var her i 13-tiden p\u00e5 dagen, s\u00e5 det ble kjeks og is som ble innkj\u00f8pt&#8230; Jeg var jo her n\u00e5r sesongen var over, s\u00e5 vareutvalget bar vel preg av det.<\/p>\n<p><a href=\"https:\/\/i0.wp.com\/pequod.nesodd1.no\/wp-content\/uploads\/2015\/07\/1-IMG_6400.jpg\"><img data-recalc-dims=\"1\" loading=\"lazy\" decoding=\"async\" data-attachment-id=\"7016\" data-permalink=\"https:\/\/pequod.nesodd1.no\/?attachment_id=7016\" data-orig-file=\"https:\/\/i0.wp.com\/pequod.nesodd1.no\/wp-content\/uploads\/2015\/07\/1-IMG_6400.jpg?fit=640%2C374&amp;ssl=1\" data-orig-size=\"640,374\" data-comments-opened=\"1\" data-image-meta=\"{&quot;aperture&quot;:&quot;2.2&quot;,&quot;credit&quot;:&quot;Picasa&quot;,&quot;camera&quot;:&quot;iPhone 5s&quot;,&quot;caption&quot;:&quot;&quot;,&quot;created_timestamp&quot;:&quot;1409146081&quot;,&quot;copyright&quot;:&quot;&quot;,&quot;focal_length&quot;:&quot;4.12&quot;,&quot;iso&quot;:&quot;40&quot;,&quot;shutter_speed&quot;:&quot;0.000268024658269&quot;,&quot;title&quot;:&quot;&quot;,&quot;orientation&quot;:&quot;0&quot;}\" data-image-title=\"1-IMG_6400\" data-image-description=\"&lt;p&gt;Havstenssund&lt;\/p&gt;\n\" data-image-caption=\"\" data-large-file=\"https:\/\/i0.wp.com\/pequod.nesodd1.no\/wp-content\/uploads\/2015\/07\/1-IMG_6400.jpg?fit=640%2C374&amp;ssl=1\" class=\"alignleft size-medium wp-image-7016\" src=\"https:\/\/i0.wp.com\/pequod.nesodd1.no\/wp-content\/uploads\/2015\/07\/1-IMG_6400-300x175.jpg?resize=300%2C175\" alt=\"1-IMG_6400\" width=\"300\" height=\"175\" srcset=\"https:\/\/i0.wp.com\/pequod.nesodd1.no\/wp-content\/uploads\/2015\/07\/1-IMG_6400.jpg?resize=300%2C175&amp;ssl=1 300w, https:\/\/i0.wp.com\/pequod.nesodd1.no\/wp-content\/uploads\/2015\/07\/1-IMG_6400.jpg?w=640&amp;ssl=1 640w\" sizes=\"auto, (max-width: 300px) 100vw, 300px\" \/><\/a> <a href=\"https:\/\/i0.wp.com\/pequod.nesodd1.no\/wp-content\/uploads\/2015\/07\/1-IMG_6403.jpg\"><img data-recalc-dims=\"1\" loading=\"lazy\" decoding=\"async\" data-attachment-id=\"7017\" data-permalink=\"https:\/\/pequod.nesodd1.no\/?attachment_id=7017\" data-orig-file=\"https:\/\/i0.wp.com\/pequod.nesodd1.no\/wp-content\/uploads\/2015\/07\/1-IMG_6403.jpg?fit=640%2C480&amp;ssl=1\" data-orig-size=\"640,480\" data-comments-opened=\"1\" data-image-meta=\"{&quot;aperture&quot;:&quot;2.2&quot;,&quot;credit&quot;:&quot;Picasa&quot;,&quot;camera&quot;:&quot;iPhone 5s&quot;,&quot;caption&quot;:&quot;&quot;,&quot;created_timestamp&quot;:&quot;1409146984&quot;,&quot;copyright&quot;:&quot;&quot;,&quot;focal_length&quot;:&quot;4.12&quot;,&quot;iso&quot;:&quot;40&quot;,&quot;shutter_speed&quot;:&quot;0.00029197080292&quot;,&quot;title&quot;:&quot;&quot;,&quot;orientation&quot;:&quot;0&quot;}\" data-image-title=\"1-IMG_6403\" data-image-description=\"&lt;p&gt;Havstenssund&lt;\/p&gt;\n\" data-image-caption=\"\" data-large-file=\"https:\/\/i0.wp.com\/pequod.nesodd1.no\/wp-content\/uploads\/2015\/07\/1-IMG_6403.jpg?fit=640%2C480&amp;ssl=1\" class=\"size-medium wp-image-7017 alignright\" src=\"https:\/\/i0.wp.com\/pequod.nesodd1.no\/wp-content\/uploads\/2015\/07\/1-IMG_6403-300x225.jpg?resize=300%2C225\" alt=\"1-IMG_6403\" width=\"300\" height=\"225\" srcset=\"https:\/\/i0.wp.com\/pequod.nesodd1.no\/wp-content\/uploads\/2015\/07\/1-IMG_6403.jpg?resize=300%2C225&amp;ssl=1 300w, https:\/\/i0.wp.com\/pequod.nesodd1.no\/wp-content\/uploads\/2015\/07\/1-IMG_6403.jpg?w=640&amp;ssl=1 640w\" sizes=\"auto, (max-width: 300px) 100vw, 300px\" \/><\/a>Det finnes to gjestehavner i denne meget sentralt plasserte havna, og jeg tror jeg la meg til ved den som er drevet av Grebbestad B\u00e5t og Motor (jfr. Havneguiden). Det finnes ogs\u00e5 muligheter til \u00e5 legge til noen meter&nbsp;lenger s\u00f8rover, i &laquo;Fiskhamnen&raquo;.<\/p>\n<p>Hva det koster \u00e5 ligge her aner jeg ikke. Jeg s\u00e5 ikke noe skilt med prisopplysning, og jeg l\u00e5 ikke der mer enn rundt 20 minutter f\u00f8r jeg fortsatte.<\/p>\n<p>Det var mange restauranter langs brygga bortover, men om de var \u00e5pne er jeg jaggu meg ikke sikker p\u00e5, det var i alle fall sparsomt med folk \u00e5 se, tross det flotte v\u00e6ret.<\/p>\n<p>Jeg la meg p\u00e5 utsiden, longside, av en lang flytebrygge, og jeg kan nok tenke meg at den plasseringen er ganske utsatt med tanke p\u00e5 b\u00e5de vind og v\u00e6r og passerende b\u00e5ter i stor fart, men det var ikke noe problem den korte tiden jeg var der, ettersom det var b\u00e5de lite sj\u00f8&nbsp;og lite med b\u00e5ttrafikk.<\/p>\n<p>Men stedet virket koselig, og det er visst mulig \u00e5 spasere opp til et flott utkikkspunkt litt lenger s\u00f8r, s\u00e5 det er kanskje noe jeg pr\u00f8ver p\u00e5 neste gang!<\/p>\n<p><strong>Oppdatering: <\/strong>Jeg vet fortsatt ikke hva det koster \u00e5 overnatte der, ettersom jeg ankom stedet sommeren 2016 etter at kiosken hadde stengt, og dro dagen etter f\u00f8r den hadde \u00e5pnet! Da hadde jeg med meg d\u00f8trene og vi tok en liten tur rundt i stedet, som var ganske idyllisk enkelte steder. Det var ikke gjort med vilje, det ble bare s\u00e5nn!&nbsp; Det var stengt da vi kom og stengt da vi dro. Jeg fikk koden til toalettene og dusjene av en nabob\u00e5t, noe d\u00f8trene mine var veldig glade for. Har v\u00e6rt der flere ganger etterp\u00e5, ogs\u00e5 med nyb\u00e5ten, men kun for korte bes\u00f8k og stopp. Softisen p\u00e5 bryggekiosken er god!<\/p>\n<p>&nbsp;<\/p>\n<p><a href=\"https:\/\/i0.wp.com\/pequod.nesodd1.no\/wp-content\/uploads\/2020\/03\/IMG-9994.jpg?ssl=1\"><img data-recalc-dims=\"1\" loading=\"lazy\" decoding=\"async\" data-attachment-id=\"17695\" data-permalink=\"https:\/\/pequod.nesodd1.no\/?attachment_id=17695\" data-orig-file=\"https:\/\/i0.wp.com\/pequod.nesodd1.no\/wp-content\/uploads\/2020\/03\/IMG-9994.jpg?fit=800%2C600&amp;ssl=1\" data-orig-size=\"800,600\" data-comments-opened=\"1\" data-image-meta=\"{&quot;aperture&quot;:&quot;1.8&quot;,&quot;credit&quot;:&quot;&quot;,&quot;camera&quot;:&quot;iPhone 8 Plus&quot;,&quot;caption&quot;:&quot;&quot;,&quot;created_timestamp&quot;:&quot;1562940642&quot;,&quot;copyright&quot;:&quot;&quot;,&quot;focal_length&quot;:&quot;3.99&quot;,&quot;iso&quot;:&quot;20&quot;,&quot;shutter_speed&quot;:&quot;0.00025&quot;,&quot;title&quot;:&quot;&quot;,&quot;orientation&quot;:&quot;1&quot;}\" data-image-title=\"IMG-9994\" data-image-description=\"&lt;p&gt;Havstenssund&lt;\/p&gt;\n\" data-image-caption=\"\" data-large-file=\"https:\/\/i0.wp.com\/pequod.nesodd1.no\/wp-content\/uploads\/2020\/03\/IMG-9994.jpg?fit=800%2C600&amp;ssl=1\" class=\"aligncenter size-full wp-image-17695\" src=\"https:\/\/i0.wp.com\/pequod.nesodd1.no\/wp-content\/uploads\/2020\/03\/IMG-9994.jpg?resize=800%2C600&#038;ssl=1\" alt=\"\" width=\"800\" height=\"600\" srcset=\"https:\/\/i0.wp.com\/pequod.nesodd1.no\/wp-content\/uploads\/2020\/03\/IMG-9994.jpg?w=800&amp;ssl=1 800w, https:\/\/i0.wp.com\/pequod.nesodd1.no\/wp-content\/uploads\/2020\/03\/IMG-9994.jpg?resize=300%2C225&amp;ssl=1 300w, https:\/\/i0.wp.com\/pequod.nesodd1.no\/wp-content\/uploads\/2020\/03\/IMG-9994.jpg?resize=100%2C75&amp;ssl=1 100w, https:\/\/i0.wp.com\/pequod.nesodd1.no\/wp-content\/uploads\/2020\/03\/IMG-9994.jpg?resize=768%2C576&amp;ssl=1 768w\" sizes=\"auto, (max-width: 800px) 100vw, 800px\" \/><\/a><\/p>\n<h3>Related Images:<\/h3>","protected":false},"excerpt":{"rendered":"<p>Vurdering (5 anker er best): Posisjon: 58\u00b045&#8217;26.4&#8243;N 11\u00b010&#8217;42.3&#8243;E Antall bes\u00f8k: 5 &nbsp;Sist bes\u00f8kt: Juli 2019. Webkamera: Nei Fasiliteter: Drivstoff, vann, str\u00f8m, vaskemaskin, dusj, toaletter, b\u00e5tsalg\/verksted, b\u00e5tutstyrsbutikk\/kiosk og restauranter. Havneavgift (for 24-foter):&nbsp;Vet ikke. Betales manuelt i butikken ved anlegget. Tilrettelagt for funksjonshemmede: Ja. Hvis man legger til longside ytterst er det lett adkomst, ogs\u00e5 med rullestol &hellip;<br \/><a href=\"https:\/\/pequod.nesodd1.no\/?page_id=7013\" class=\"more-link pen_element_default pen_icon_arrow_double\">Les<\/a><\/p>\n","protected":false},"author":1,"featured_media":9775,"parent":5493,"menu_order":0,"comment_status":"open","ping_status":"open","template":"","meta":{"_crdt_document":"","ngg_post_thumbnail":0,"jetpack_post_was_ever_published":false,"footnotes":""},"class_list":["post-7013","page","type-page","status-publish","has-post-thumbnail","hentry"],"jetpack_shortlink":"https:\/\/wp.me\/P3Zd9b-1P7","jetpack_sharing_enabled":true,"jetpack_likes_enabled":true,"jetpack-related-posts":[],"_links":{"self":[{"href":"https:\/\/pequod.nesodd1.no\/index.php?rest_route=\/wp\/v2\/pages\/7013","targetHints":{"allow":["GET"]}}],"collection":[{"href":"https:\/\/pequod.nesodd1.no\/index.php?rest_route=\/wp\/v2\/pages"}],"about":[{"href":"https:\/\/pequod.nesodd1.no\/index.php?rest_route=\/wp\/v2\/types\/page"}],"author":[{"embeddable":true,"href":"https:\/\/pequod.nesodd1.no\/index.php?rest_route=\/wp\/v2\/users\/1"}],"replies":[{"embeddable":true,"href":"https:\/\/pequod.nesodd1.no\/index.php?rest_route=%2Fwp%2Fv2%2Fcomments&post=7013"}],"version-history":[{"count":14,"href":"https:\/\/pequod.nesodd1.no\/index.php?rest_route=\/wp\/v2\/pages\/7013\/revisions"}],"predecessor-version":[{"id":21497,"href":"https:\/\/pequod.nesodd1.no\/index.php?rest_route=\/wp\/v2\/pages\/7013\/revisions\/21497"}],"up":[{"embeddable":true,"href":"https:\/\/pequod.nesodd1.no\/index.php?rest_route=\/wp\/v2\/pages\/5493"}],"wp:featuredmedia":[{"embeddable":true,"href":"https:\/\/pequod.nesodd1.no\/index.php?rest_route=\/wp\/v2\/media\/9775"}],"wp:attachment":[{"href":"https:\/\/pequod.nesodd1.no\/index.php?rest_route=%2Fwp%2Fv2%2Fmedia&parent=7013"}],"curies":[{"name":"wp","href":"https:\/\/api.w.org\/{rel}","templated":true}]}}