{"id":7080,"date":"2015-08-13T19:05:25","date_gmt":"2015-08-13T17:05:25","guid":{"rendered":"https:\/\/pequod.nesodd1.no\/?page_id=7080"},"modified":"2023-10-04T12:12:11","modified_gmt":"2023-10-04T10:12:11","slug":"saetre-gjestehavn","status":"publish","type":"page","link":"https:\/\/pequod.nesodd1.no\/?page_id=7080","title":{"rendered":"S\u00e6tre gjestehavn"},"content":{"rendered":"<p><strong>Vurdering (5 anker er best):&nbsp;<a href=\"https:\/\/i0.wp.com\/pequod.nesodd1.no\/wp-content\/uploads\/2019\/10\/klistremerker-anker-og-tau-design.jpg.jpg?ssl=1\"><img loading=\"lazy\" decoding=\"async\" data-attachment-id=\"16489\" data-permalink=\"https:\/\/pequod.nesodd1.no\/?attachment_id=16489\" data-orig-file=\"https:\/\/i0.wp.com\/pequod.nesodd1.no\/wp-content\/uploads\/2019\/10\/klistremerker-anker-og-tau-design.jpg.jpg?fit=25%2C25&amp;ssl=1\" data-orig-size=\"25,25\" data-comments-opened=\"1\" data-image-meta=\"{&quot;aperture&quot;:&quot;0&quot;,&quot;credit&quot;:&quot;tribalium81&quot;,&quot;camera&quot;:&quot;&quot;,&quot;caption&quot;:&quot;&quot;,&quot;created_timestamp&quot;:&quot;0&quot;,&quot;copyright&quot;:&quot;tribalium81&quot;,&quot;focal_length&quot;:&quot;0&quot;,&quot;iso&quot;:&quot;0&quot;,&quot;shutter_speed&quot;:&quot;0&quot;,&quot;title&quot;:&quot;anchor and rope design&quot;,&quot;orientation&quot;:&quot;1&quot;}\" data-image-title=\"anchor and rope design\" data-image-description=\"\" data-image-caption=\"\" data-large-file=\"https:\/\/i0.wp.com\/pequod.nesodd1.no\/wp-content\/uploads\/2019\/10\/klistremerker-anker-og-tau-design.jpg.jpg?fit=25%2C25&amp;ssl=1\" class=\"alignnone size-full wp-image-16489 jetpack-lazy-image jetpack-lazy-image--handled\" src=\"https:\/\/i0.wp.com\/pequod.nesodd1.no\/wp-content\/uploads\/2019\/10\/klistremerker-anker-og-tau-design.jpg.jpg?resize=25%2C25&amp;ssl=1\" alt=\"\" width=\"25\" height=\"25\" data-attachment-id=\"16489\" data-permalink=\"https:\/\/pequod.nesodd1.no\/?attachment_id=16489\" data-orig-file=\"https:\/\/i0.wp.com\/pequod.nesodd1.no\/wp-content\/uploads\/2019\/10\/klistremerker-anker-og-tau-design.jpg.jpg?fit=25%2C25&amp;ssl=1\" data-orig-size=\"25,25\" data-comments-opened=\"1\" data-image-meta=\"{&quot;aperture&quot;:&quot;0&quot;,&quot;credit&quot;:&quot;tribalium81&quot;,&quot;camera&quot;:&quot;&quot;,&quot;caption&quot;:&quot;&quot;,&quot;created_timestamp&quot;:&quot;0&quot;,&quot;copyright&quot;:&quot;tribalium81&quot;,&quot;focal_length&quot;:&quot;0&quot;,&quot;iso&quot;:&quot;0&quot;,&quot;shutter_speed&quot;:&quot;0&quot;,&quot;title&quot;:&quot;anchor and rope design&quot;,&quot;orientation&quot;:&quot;1&quot;}\" data-image-title=\"anchor and rope design\" data-image-description=\"\" data-medium-file=\"https:\/\/i0.wp.com\/pequod.nesodd1.no\/wp-content\/uploads\/2019\/10\/klistremerker-anker-og-tau-design.jpg.jpg?fit=25%2C25&amp;ssl=1\" data-large-file=\"https:\/\/i0.wp.com\/pequod.nesodd1.no\/wp-content\/uploads\/2019\/10\/klistremerker-anker-og-tau-design.jpg.jpg?fit=25%2C25&amp;ssl=1\" data-recalc-dims=\"1\" data-lazy-loaded=\"1\"><\/a><a href=\"https:\/\/i0.wp.com\/pequod.nesodd1.no\/wp-content\/uploads\/2019\/10\/klistremerker-anker-og-tau-design.jpg.jpg?ssl=1\"><img loading=\"lazy\" decoding=\"async\" data-attachment-id=\"16489\" data-permalink=\"https:\/\/pequod.nesodd1.no\/?attachment_id=16489\" data-orig-file=\"https:\/\/i0.wp.com\/pequod.nesodd1.no\/wp-content\/uploads\/2019\/10\/klistremerker-anker-og-tau-design.jpg.jpg?fit=25%2C25&amp;ssl=1\" data-orig-size=\"25,25\" data-comments-opened=\"1\" data-image-meta=\"{&quot;aperture&quot;:&quot;0&quot;,&quot;credit&quot;:&quot;tribalium81&quot;,&quot;camera&quot;:&quot;&quot;,&quot;caption&quot;:&quot;&quot;,&quot;created_timestamp&quot;:&quot;0&quot;,&quot;copyright&quot;:&quot;tribalium81&quot;,&quot;focal_length&quot;:&quot;0&quot;,&quot;iso&quot;:&quot;0&quot;,&quot;shutter_speed&quot;:&quot;0&quot;,&quot;title&quot;:&quot;anchor and rope design&quot;,&quot;orientation&quot;:&quot;1&quot;}\" data-image-title=\"anchor and rope design\" data-image-description=\"\" data-image-caption=\"\" data-large-file=\"https:\/\/i0.wp.com\/pequod.nesodd1.no\/wp-content\/uploads\/2019\/10\/klistremerker-anker-og-tau-design.jpg.jpg?fit=25%2C25&amp;ssl=1\" class=\"alignnone size-full wp-image-16489 jetpack-lazy-image jetpack-lazy-image--handled\" src=\"https:\/\/i0.wp.com\/pequod.nesodd1.no\/wp-content\/uploads\/2019\/10\/klistremerker-anker-og-tau-design.jpg.jpg?resize=25%2C25&amp;ssl=1\" alt=\"\" width=\"25\" height=\"25\" data-attachment-id=\"16489\" data-permalink=\"https:\/\/pequod.nesodd1.no\/?attachment_id=16489\" data-orig-file=\"https:\/\/i0.wp.com\/pequod.nesodd1.no\/wp-content\/uploads\/2019\/10\/klistremerker-anker-og-tau-design.jpg.jpg?fit=25%2C25&amp;ssl=1\" data-orig-size=\"25,25\" data-comments-opened=\"1\" data-image-meta=\"{&quot;aperture&quot;:&quot;0&quot;,&quot;credit&quot;:&quot;tribalium81&quot;,&quot;camera&quot;:&quot;&quot;,&quot;caption&quot;:&quot;&quot;,&quot;created_timestamp&quot;:&quot;0&quot;,&quot;copyright&quot;:&quot;tribalium81&quot;,&quot;focal_length&quot;:&quot;0&quot;,&quot;iso&quot;:&quot;0&quot;,&quot;shutter_speed&quot;:&quot;0&quot;,&quot;title&quot;:&quot;anchor and rope design&quot;,&quot;orientation&quot;:&quot;1&quot;}\" data-image-title=\"anchor and rope design\" data-image-description=\"\" data-medium-file=\"https:\/\/i0.wp.com\/pequod.nesodd1.no\/wp-content\/uploads\/2019\/10\/klistremerker-anker-og-tau-design.jpg.jpg?fit=25%2C25&amp;ssl=1\" data-large-file=\"https:\/\/i0.wp.com\/pequod.nesodd1.no\/wp-content\/uploads\/2019\/10\/klistremerker-anker-og-tau-design.jpg.jpg?fit=25%2C25&amp;ssl=1\" data-recalc-dims=\"1\" data-lazy-loaded=\"1\"><\/a><a href=\"https:\/\/i0.wp.com\/pequod.nesodd1.no\/wp-content\/uploads\/2019\/10\/klistremerker-anker-og-tau-design.jpg.jpg?ssl=1\"><img loading=\"lazy\" decoding=\"async\" data-attachment-id=\"16489\" data-permalink=\"https:\/\/pequod.nesodd1.no\/?attachment_id=16489\" data-orig-file=\"https:\/\/i0.wp.com\/pequod.nesodd1.no\/wp-content\/uploads\/2019\/10\/klistremerker-anker-og-tau-design.jpg.jpg?fit=25%2C25&amp;ssl=1\" data-orig-size=\"25,25\" data-comments-opened=\"1\" data-image-meta=\"{&quot;aperture&quot;:&quot;0&quot;,&quot;credit&quot;:&quot;tribalium81&quot;,&quot;camera&quot;:&quot;&quot;,&quot;caption&quot;:&quot;&quot;,&quot;created_timestamp&quot;:&quot;0&quot;,&quot;copyright&quot;:&quot;tribalium81&quot;,&quot;focal_length&quot;:&quot;0&quot;,&quot;iso&quot;:&quot;0&quot;,&quot;shutter_speed&quot;:&quot;0&quot;,&quot;title&quot;:&quot;anchor and rope design&quot;,&quot;orientation&quot;:&quot;1&quot;}\" data-image-title=\"anchor and rope design\" data-image-description=\"\" data-image-caption=\"\" data-large-file=\"https:\/\/i0.wp.com\/pequod.nesodd1.no\/wp-content\/uploads\/2019\/10\/klistremerker-anker-og-tau-design.jpg.jpg?fit=25%2C25&amp;ssl=1\" class=\"alignnone size-full wp-image-16489 jetpack-lazy-image jetpack-lazy-image--handled\" src=\"https:\/\/i0.wp.com\/pequod.nesodd1.no\/wp-content\/uploads\/2019\/10\/klistremerker-anker-og-tau-design.jpg.jpg?resize=25%2C25&amp;ssl=1\" alt=\"\" width=\"25\" height=\"25\" data-attachment-id=\"16489\" data-permalink=\"https:\/\/pequod.nesodd1.no\/?attachment_id=16489\" data-orig-file=\"https:\/\/i0.wp.com\/pequod.nesodd1.no\/wp-content\/uploads\/2019\/10\/klistremerker-anker-og-tau-design.jpg.jpg?fit=25%2C25&amp;ssl=1\" data-orig-size=\"25,25\" data-comments-opened=\"1\" data-image-meta=\"{&quot;aperture&quot;:&quot;0&quot;,&quot;credit&quot;:&quot;tribalium81&quot;,&quot;camera&quot;:&quot;&quot;,&quot;caption&quot;:&quot;&quot;,&quot;created_timestamp&quot;:&quot;0&quot;,&quot;copyright&quot;:&quot;tribalium81&quot;,&quot;focal_length&quot;:&quot;0&quot;,&quot;iso&quot;:&quot;0&quot;,&quot;shutter_speed&quot;:&quot;0&quot;,&quot;title&quot;:&quot;anchor and rope design&quot;,&quot;orientation&quot;:&quot;1&quot;}\" data-image-title=\"anchor and rope design\" data-image-description=\"\" data-medium-file=\"https:\/\/i0.wp.com\/pequod.nesodd1.no\/wp-content\/uploads\/2019\/10\/klistremerker-anker-og-tau-design.jpg.jpg?fit=25%2C25&amp;ssl=1\" data-large-file=\"https:\/\/i0.wp.com\/pequod.nesodd1.no\/wp-content\/uploads\/2019\/10\/klistremerker-anker-og-tau-design.jpg.jpg?fit=25%2C25&amp;ssl=1\" data-recalc-dims=\"1\" data-lazy-loaded=\"1\"><\/a><\/strong><br \/>\n<b>Bes\u00f8kt antall ganger: <\/b>19<b>&nbsp;Sist bes\u00f8kt:<\/b> Mai 2023 <a href=\"https:\/\/www.asker.kommune.no\/natur-og-friluft\/sjo-og-batliv\/gjestehavner-og-smabatplasser\/\" target=\"_blank\" rel=\"noopener\">Hjemmeside<\/a><br \/>\n<strong>Posisjon: <\/strong>59\u00b041&#8217;2.1&#8243;N 10\u00b031&#8217;47.8&#8243;E<br \/>\n<b>Fasiliteter: <\/b> Str\u00f8m, vann, s\u00f8ppel. Toalett, dusj. Butikker, restauranter i umiddelbar n\u00e6rhet. Drivstoff i marinaen.<br \/>\n<b>Havneavgift (for 29-foter):<\/b> 200 NOK d\u00f8gn pluss str\u00f8m. Kreves av havnevakt som g\u00e5r runde etter kl.18, tar bilde av b\u00e5ten og legger igjen lapp med kontonummer hvis du ikke er til stede. Fra 2020 ogs\u00e5 automat p\u00e5 land og betaling via app (Marina Booking)<br \/>\n<b>Tilrettelagt for funksjonshemmede:<\/b> Nja. Jeg l\u00e5 p\u00e5 den nyeste flytebrygga med bare longsideplasser, men den ligger til gjengjeld veldig langt fra den sentrale marinaen med kafe, kiosk og b\u00e5tutstyrsbutikk. Ved drivstoffbrygga var det veldig bratt \u00e5 komme seg opp, hadde problemer med \u00e5 komme meg opp med krykker.<\/p>\n<p>Dette er egentlig to gjestehavner i ett. N\u00e5r du kommer inn fra H\u00e5\u00f8yfjorden ligger det en st\u00f8rre marina med b\u00e5tutstyrsbutikk og kafe til babord (eller p\u00e5 sydsiden om man vil). Havna ligger godt beskyttet for de fleste vindretningene.<\/p>\n<figure id=\"attachment_7165\" aria-describedby=\"caption-attachment-7165\" style=\"width: 300px\" class=\"wp-caption alignleft\"><a href=\"https:\/\/i0.wp.com\/pequod.nesodd1.no\/wp-content\/uploads\/2015\/08\/IMG_0490.jpg\"><img data-recalc-dims=\"1\" loading=\"lazy\" decoding=\"async\" data-attachment-id=\"7165\" data-permalink=\"https:\/\/pequod.nesodd1.no\/?attachment_id=7165\" data-orig-file=\"https:\/\/i0.wp.com\/pequod.nesodd1.no\/wp-content\/uploads\/2015\/08\/IMG_0490.jpg?fit=1632%2C1224&amp;ssl=1\" data-orig-size=\"1632,1224\" data-comments-opened=\"1\" data-image-meta=\"{&quot;aperture&quot;:&quot;2.2&quot;,&quot;credit&quot;:&quot;&quot;,&quot;camera&quot;:&quot;iPhone 5s&quot;,&quot;caption&quot;:&quot;&quot;,&quot;created_timestamp&quot;:&quot;1436717084&quot;,&quot;copyright&quot;:&quot;&quot;,&quot;focal_length&quot;:&quot;4.12&quot;,&quot;iso&quot;:&quot;32&quot;,&quot;shutter_speed&quot;:&quot;0.00036496350365&quot;,&quot;title&quot;:&quot;&quot;,&quot;orientation&quot;:&quot;1&quot;}\" data-image-title=\"IMG_0490\" data-image-description=\"\" data-image-caption=\"\" data-large-file=\"https:\/\/i0.wp.com\/pequod.nesodd1.no\/wp-content\/uploads\/2015\/08\/IMG_0490.jpg?fit=940%2C705&amp;ssl=1\" class=\"wp-image-7165 size-medium\" src=\"https:\/\/i0.wp.com\/pequod.nesodd1.no\/wp-content\/uploads\/2015\/08\/IMG_0490-300x225.jpg?resize=300%2C225\" alt=\"IMG_0490\" width=\"300\" height=\"225\" srcset=\"https:\/\/i0.wp.com\/pequod.nesodd1.no\/wp-content\/uploads\/2015\/08\/IMG_0490.jpg?resize=300%2C225&amp;ssl=1 300w, https:\/\/i0.wp.com\/pequod.nesodd1.no\/wp-content\/uploads\/2015\/08\/IMG_0490.jpg?resize=1024%2C768&amp;ssl=1 1024w, https:\/\/i0.wp.com\/pequod.nesodd1.no\/wp-content\/uploads\/2015\/08\/IMG_0490.jpg?w=1632&amp;ssl=1 1632w\" sizes=\"auto, (max-width: 300px) 100vw, 300px\" \/><\/a><figcaption id=\"caption-attachment-7165\" class=\"wp-caption-text\">Bilde tatt fra S\u00e6tre Marina i 2014. Brygga i midten (bak det lille huset) er gjestehavna,<\/figcaption><\/figure>\n<p>Jeg har aldri v\u00e6rt her f\u00f8r, og er derfor usikker p\u00e5 hvem gjestebrygga jeg la til tilh\u00f8rer, S\u00e6tre Marina til babord, eller S\u00e6tre b\u00e5tforening til styrbord (eller nord)&#8230; Men jeg tror nok det er f\u00f8rstnevnte. .<\/p>\n<p>Det er ogs\u00e5 noen gjesteplasser ved marinaen, og det skal ogs\u00e5 v\u00e6re noen gjesteplasser i b\u00e5thavna som ligger nord for den nye gjestebrygga som jeg la til p\u00e5. Den nye brygga ble anlagt til treb\u00e5tfestivalen som ble arrangert der for f\u00f8rste gang sommeren 2015.<\/p>\n<p>S\u00e6tre virket som et hyggelig sted, og jeg tok meg en p\u00f8lse, is og kaffe fra en kiosk p\u00e5 brygga mens jeg ventet p\u00e5 de to passasjerene jeg skulle plukke opp her. Mannen som stod i kiosken tilb\u00f8d seg uoppfordret til \u00e5 komme ut med kaffen da han s\u00e5 at jeg gikk rundt med krykker. S\u00e5 jeg satte meg ned ved et bord og slappet av, og han var raskt p\u00e5 pletten med god kaffe. S\u00e5 det ga et meget godt inntrykk!<\/p>\n<p><strong><a href=\"https:\/\/i0.wp.com\/pequod.nesodd1.no\/wp-content\/uploads\/2020\/09\/IMG-9919.jpg?ssl=1\"><img data-recalc-dims=\"1\" loading=\"lazy\" decoding=\"async\" data-attachment-id=\"19763\" data-permalink=\"https:\/\/pequod.nesodd1.no\/?attachment_id=19763\" data-orig-file=\"https:\/\/i0.wp.com\/pequod.nesodd1.no\/wp-content\/uploads\/2020\/09\/IMG-9919.jpg?fit=800%2C600&amp;ssl=1\" data-orig-size=\"800,600\" data-comments-opened=\"1\" data-image-meta=\"{&quot;aperture&quot;:&quot;1.8&quot;,&quot;credit&quot;:&quot;&quot;,&quot;camera&quot;:&quot;iPhone 8 Plus&quot;,&quot;caption&quot;:&quot;&quot;,&quot;created_timestamp&quot;:&quot;1600097222&quot;,&quot;copyright&quot;:&quot;&quot;,&quot;focal_length&quot;:&quot;3.99&quot;,&quot;iso&quot;:&quot;20&quot;,&quot;shutter_speed&quot;:&quot;0.00066711140760507&quot;,&quot;title&quot;:&quot;&quot;,&quot;orientation&quot;:&quot;1&quot;}\" data-image-title=\"IMG-9919\" data-image-description=\"&lt;p&gt;S\u00e6tre&lt;\/p&gt;\n\" data-image-caption=\"\" data-large-file=\"https:\/\/i0.wp.com\/pequod.nesodd1.no\/wp-content\/uploads\/2020\/09\/IMG-9919.jpg?fit=800%2C600&amp;ssl=1\" class=\"size-medium wp-image-19763 alignright\" src=\"https:\/\/i0.wp.com\/pequod.nesodd1.no\/wp-content\/uploads\/2020\/09\/IMG-9919.jpg?resize=300%2C225&#038;ssl=1\" alt=\"\" width=\"300\" height=\"225\" srcset=\"https:\/\/i0.wp.com\/pequod.nesodd1.no\/wp-content\/uploads\/2020\/09\/IMG-9919.jpg?resize=300%2C225&amp;ssl=1 300w, https:\/\/i0.wp.com\/pequod.nesodd1.no\/wp-content\/uploads\/2020\/09\/IMG-9919.jpg?resize=100%2C75&amp;ssl=1 100w, https:\/\/i0.wp.com\/pequod.nesodd1.no\/wp-content\/uploads\/2020\/09\/IMG-9919.jpg?resize=768%2C576&amp;ssl=1 768w, https:\/\/i0.wp.com\/pequod.nesodd1.no\/wp-content\/uploads\/2020\/09\/IMG-9919.jpg?w=800&amp;ssl=1 800w\" sizes=\"auto, (max-width: 300px) 100vw, 300px\" \/><\/a>OPPDATERING 2016<\/strong>: Det viser seg at gjestebrygga tilh\u00f8rer Hurum Havn, som ogs\u00e5 driver gjestehavna i Holmsbu<\/p>\n<p>Mitt andre bes\u00f8k i havna var i mai 2016. Da ble det en overnatting. Jeg var&nbsp;imidlertid ikke om bord da havnevakta tok runden p\u00e5 kvelden, samt at jeg dro f\u00f8r vakta kom om morgenen dagen etter. Resultatet var at jeg fikk en lapp med beskjed om \u00e5 betale inn 200 kroner til en konto. Det er fors\u00e5vidt helt greit, men jeg kommer til \u00e5 kontakte dem og be om \u00e5 f\u00e5 halvert bel\u00f8pet. \u00c5rsaken er at det ikke var str\u00f8m eller vann tilgjengelig da jeg l\u00e5 der, og i tillegg fikk jeg ikke sove s\u00e6rlig natt til l\u00f8rdag da de polske bryggearbeiderne som holdt p\u00e5 med reparasjoner tydeligvis tok seg en fest da&#8230;<\/p>\n<p>&nbsp;<\/p>\n<figure id=\"attachment_20294\" aria-describedby=\"caption-attachment-20294\" style=\"width: 225px\" class=\"wp-caption alignleft\"><a href=\"https:\/\/i0.wp.com\/pequod.nesodd1.no\/wp-content\/uploads\/2020\/10\/IMG-0493.jpg?ssl=1\"><img data-recalc-dims=\"1\" loading=\"lazy\" decoding=\"async\" data-attachment-id=\"20294\" data-permalink=\"https:\/\/pequod.nesodd1.no\/?attachment_id=20294\" data-orig-file=\"https:\/\/i0.wp.com\/pequod.nesodd1.no\/wp-content\/uploads\/2020\/10\/IMG-0493.jpg?fit=400%2C533&amp;ssl=1\" data-orig-size=\"400,533\" data-comments-opened=\"1\" data-image-meta=\"{&quot;aperture&quot;:&quot;1.8&quot;,&quot;credit&quot;:&quot;&quot;,&quot;camera&quot;:&quot;iPhone 11 Pro Max&quot;,&quot;caption&quot;:&quot;&quot;,&quot;created_timestamp&quot;:&quot;1603120499&quot;,&quot;copyright&quot;:&quot;&quot;,&quot;focal_length&quot;:&quot;4.25&quot;,&quot;iso&quot;:&quot;32&quot;,&quot;shutter_speed&quot;:&quot;0.00048402710551791&quot;,&quot;title&quot;:&quot;&quot;,&quot;orientation&quot;:&quot;1&quot;}\" data-image-title=\"IMG-0493\" data-image-description=\"&lt;p&gt;S\u00e6tre, str\u00f8mstolpe&lt;\/p&gt;\n\" data-image-caption=\"&lt;p&gt;Nye str\u00f8mstolper&lt;\/p&gt;\n\" data-large-file=\"https:\/\/i0.wp.com\/pequod.nesodd1.no\/wp-content\/uploads\/2020\/10\/IMG-0493.jpg?fit=400%2C533&amp;ssl=1\" class=\"wp-image-20294 size-medium\" src=\"https:\/\/i0.wp.com\/pequod.nesodd1.no\/wp-content\/uploads\/2020\/10\/IMG-0493.jpg?resize=225%2C300&#038;ssl=1\" alt=\"\" width=\"225\" height=\"300\" srcset=\"https:\/\/i0.wp.com\/pequod.nesodd1.no\/wp-content\/uploads\/2020\/10\/IMG-0493.jpg?resize=225%2C300&amp;ssl=1 225w, https:\/\/i0.wp.com\/pequod.nesodd1.no\/wp-content\/uploads\/2020\/10\/IMG-0493.jpg?resize=60%2C80&amp;ssl=1 60w, https:\/\/i0.wp.com\/pequod.nesodd1.no\/wp-content\/uploads\/2020\/10\/IMG-0493.jpg?w=400&amp;ssl=1 400w\" sizes=\"auto, (max-width: 225px) 100vw, 225px\" \/><\/a><figcaption id=\"caption-attachment-20294\" class=\"wp-caption-text\">Nye str\u00f8mstolper<\/figcaption><\/figure>\n<p><strong>OPPDATERING 2020:&nbsp;<\/strong>Jeg har v\u00e6rt her ganske mange ganger de siste \u00e5rene, og det har v\u00e6rt en rivende utvikling p\u00e5 land med flere nye bygg, restauranter og puber. Den kommunale gjestehavna har imidlertid ikke v\u00e6rt s\u00e6rlig opprustet f\u00f8r i \u00e5r. Det har n\u00e5 kommet ordentlige str\u00f8mstolper p\u00e5 bryggene &#8211; alts\u00e5 slike bl\u00e5 tre-pins-kontakter, og ikke de vanlige &laquo;kj\u00f8kkenkontaktene&raquo; som har v\u00e6rt der i alle \u00e5r.<\/p>\n<p>Havneleia er den samme som f\u00f8rste gang jeg var her, men fra 2020 m\u00e5 man ogs\u00e5 betale ekstra for str\u00f8m. Bruker du appen m\u00e5 du betale 10 kroner ekstra for hver transaksjon. det slipper du om du bruker automaten. For\u00f8vrig litt uferdig system &#8211; n\u00e5r du f\u00e5r kvittering om betalt leie og str\u00f8m f\u00e5r du ikke noen beskjed om hvilken str\u00f8mstolpe eller uttak du skal bruke, s\u00e5 du m\u00e5 pr\u00f8ve deg fram. Og benevnelsen p\u00e5 uttakene i meldingen korresponderer ikke med merkingen p\u00e5 selve stolpene&#8230;<\/p>\n<p>Jeg fikk str\u00f8m da jeg koblet meg opp rett etter ankomst, men den forsvant mens jeg var i butikken og handlet. Jeg var ikke helt sikker p\u00e5 om det ble overnatting, s\u00e5 da jeg bestemte meg for \u00e5 bli og betalte, s\u00e5 kom str\u00f8mmen tilbake, men i et annet uttak enn det jeg hadde koblet meg opp til, s\u00e5 jeg m\u00e5tte pr\u00f8ve meg fram. Litt rotete system, og nok en ny app \u00e5 legge til&#8230; Jeg har n\u00e5 seks forskjellige slike havnebetalingsapper p\u00e5 mobilen, i tillegg til Vipps, som flere ogs\u00e5 benytter seg av!<\/p>\n<p><a href=\"https:\/\/i0.wp.com\/pequod.nesodd1.no\/wp-content\/uploads\/2020\/10\/122198427_10157369844917032_8685250257726738778_n.jpg?ssl=1\"><img data-recalc-dims=\"1\" loading=\"lazy\" decoding=\"async\" data-attachment-id=\"20296\" data-permalink=\"https:\/\/pequod.nesodd1.no\/?attachment_id=20296\" data-orig-file=\"https:\/\/i0.wp.com\/pequod.nesodd1.no\/wp-content\/uploads\/2020\/10\/122198427_10157369844917032_8685250257726738778_n.jpg?fit=960%2C720&amp;ssl=1\" data-orig-size=\"960,720\" data-comments-opened=\"1\" data-image-meta=\"{&quot;aperture&quot;:&quot;0&quot;,&quot;credit&quot;:&quot;&quot;,&quot;camera&quot;:&quot;&quot;,&quot;caption&quot;:&quot;&quot;,&quot;created_timestamp&quot;:&quot;0&quot;,&quot;copyright&quot;:&quot;&quot;,&quot;focal_length&quot;:&quot;0&quot;,&quot;iso&quot;:&quot;0&quot;,&quot;shutter_speed&quot;:&quot;0&quot;,&quot;title&quot;:&quot;&quot;,&quot;orientation&quot;:&quot;0&quot;}\" data-image-title=\"122198427_10157369844917032_8685250257726738778_n\" data-image-description=\"&lt;p&gt;S\u00e6tre&lt;\/p&gt;\n\" data-image-caption=\"\" data-large-file=\"https:\/\/i0.wp.com\/pequod.nesodd1.no\/wp-content\/uploads\/2020\/10\/122198427_10157369844917032_8685250257726738778_n.jpg?fit=940%2C705&amp;ssl=1\" class=\"aligncenter size-full wp-image-20296\" src=\"https:\/\/i0.wp.com\/pequod.nesodd1.no\/wp-content\/uploads\/2020\/10\/122198427_10157369844917032_8685250257726738778_n.jpg?resize=940%2C705&#038;ssl=1\" alt=\"\" width=\"940\" height=\"705\" srcset=\"https:\/\/i0.wp.com\/pequod.nesodd1.no\/wp-content\/uploads\/2020\/10\/122198427_10157369844917032_8685250257726738778_n.jpg?w=960&amp;ssl=1 960w, https:\/\/i0.wp.com\/pequod.nesodd1.no\/wp-content\/uploads\/2020\/10\/122198427_10157369844917032_8685250257726738778_n.jpg?resize=300%2C225&amp;ssl=1 300w, https:\/\/i0.wp.com\/pequod.nesodd1.no\/wp-content\/uploads\/2020\/10\/122198427_10157369844917032_8685250257726738778_n.jpg?resize=100%2C75&amp;ssl=1 100w, https:\/\/i0.wp.com\/pequod.nesodd1.no\/wp-content\/uploads\/2020\/10\/122198427_10157369844917032_8685250257726738778_n.jpg?resize=768%2C576&amp;ssl=1 768w\" sizes=\"auto, (max-width: 940px) 100vw, 940px\" \/><\/a><\/p>\n<p>&nbsp;<\/p>\n<p>&nbsp;<\/p>\n<p>&nbsp;<\/p>\n<h3>Related Images:<\/h3>","protected":false},"excerpt":{"rendered":"<p>Vurdering (5 anker er best):&nbsp; Bes\u00f8kt antall ganger: 19&nbsp;Sist bes\u00f8kt: Mai 2023 Hjemmeside Posisjon: 59\u00b041&#8217;2.1&#8243;N 10\u00b031&#8217;47.8&#8243;E Fasiliteter: Str\u00f8m, vann, s\u00f8ppel. Toalett, dusj. Butikker, restauranter i umiddelbar n\u00e6rhet. Drivstoff i marinaen. Havneavgift (for 29-foter): 200 NOK d\u00f8gn pluss str\u00f8m. Kreves av havnevakt som g\u00e5r runde etter kl.18, tar bilde av b\u00e5ten og legger igjen lapp med &hellip;<br \/><a href=\"https:\/\/pequod.nesodd1.no\/?page_id=7080\" class=\"more-link pen_element_default pen_icon_arrow_double\">Les<\/a><\/p>\n","protected":false},"author":1,"featured_media":20304,"parent":5493,"menu_order":0,"comment_status":"open","ping_status":"open","template":"","meta":{"_crdt_document":"","ngg_post_thumbnail":0,"jetpack_post_was_ever_published":false,"footnotes":""},"class_list":["post-7080","page","type-page","status-publish","has-post-thumbnail","hentry"],"jetpack_shortlink":"https:\/\/wp.me\/P3Zd9b-1Qc","jetpack_sharing_enabled":true,"jetpack_likes_enabled":true,"jetpack-related-posts":[],"_links":{"self":[{"href":"https:\/\/pequod.nesodd1.no\/index.php?rest_route=\/wp\/v2\/pages\/7080","targetHints":{"allow":["GET"]}}],"collection":[{"href":"https:\/\/pequod.nesodd1.no\/index.php?rest_route=\/wp\/v2\/pages"}],"about":[{"href":"https:\/\/pequod.nesodd1.no\/index.php?rest_route=\/wp\/v2\/types\/page"}],"author":[{"embeddable":true,"href":"https:\/\/pequod.nesodd1.no\/index.php?rest_route=\/wp\/v2\/users\/1"}],"replies":[{"embeddable":true,"href":"https:\/\/pequod.nesodd1.no\/index.php?rest_route=%2Fwp%2Fv2%2Fcomments&post=7080"}],"version-history":[{"count":23,"href":"https:\/\/pequod.nesodd1.no\/index.php?rest_route=\/wp\/v2\/pages\/7080\/revisions"}],"predecessor-version":[{"id":27806,"href":"https:\/\/pequod.nesodd1.no\/index.php?rest_route=\/wp\/v2\/pages\/7080\/revisions\/27806"}],"up":[{"embeddable":true,"href":"https:\/\/pequod.nesodd1.no\/index.php?rest_route=\/wp\/v2\/pages\/5493"}],"wp:featuredmedia":[{"embeddable":true,"href":"https:\/\/pequod.nesodd1.no\/index.php?rest_route=\/wp\/v2\/media\/20304"}],"wp:attachment":[{"href":"https:\/\/pequod.nesodd1.no\/index.php?rest_route=%2Fwp%2Fv2%2Fmedia&parent=7080"}],"curies":[{"name":"wp","href":"https:\/\/api.w.org\/{rel}","templated":true}]}}