{"id":7264,"date":"2015-10-06T16:00:13","date_gmt":"2015-10-06T14:00:13","guid":{"rendered":"https:\/\/pequod.nesodd1.no\/?page_id=7264"},"modified":"2025-12-22T13:28:50","modified_gmt":"2025-12-22T12:28:50","slug":"halden-gjestehavn","status":"publish","type":"page","link":"https:\/\/pequod.nesodd1.no\/?page_id=7264","title":{"rendered":"Halden gjestehavn"},"content":{"rendered":"<p><strong>Vurdering (5 anker er best): <a href=\"https:\/\/i0.wp.com\/pequod.nesodd1.no\/wp-content\/uploads\/2019\/10\/klistremerker-anker-og-tau-design.jpg.jpg?ssl=1\"><img data-recalc-dims=\"1\" loading=\"lazy\" decoding=\"async\" data-attachment-id=\"16489\" data-permalink=\"https:\/\/pequod.nesodd1.no\/?attachment_id=16489\" data-orig-file=\"https:\/\/i0.wp.com\/pequod.nesodd1.no\/wp-content\/uploads\/2019\/10\/klistremerker-anker-og-tau-design.jpg.jpg?fit=25%2C25&amp;ssl=1\" data-orig-size=\"25,25\" data-comments-opened=\"1\" data-image-meta=\"{&quot;aperture&quot;:&quot;0&quot;,&quot;credit&quot;:&quot;tribalium81&quot;,&quot;camera&quot;:&quot;&quot;,&quot;caption&quot;:&quot;&quot;,&quot;created_timestamp&quot;:&quot;0&quot;,&quot;copyright&quot;:&quot;tribalium81&quot;,&quot;focal_length&quot;:&quot;0&quot;,&quot;iso&quot;:&quot;0&quot;,&quot;shutter_speed&quot;:&quot;0&quot;,&quot;title&quot;:&quot;anchor and rope design&quot;,&quot;orientation&quot;:&quot;1&quot;}\" data-image-title=\"anchor and rope design\" data-image-description=\"\" data-image-caption=\"\" data-large-file=\"https:\/\/i0.wp.com\/pequod.nesodd1.no\/wp-content\/uploads\/2019\/10\/klistremerker-anker-og-tau-design.jpg.jpg?fit=25%2C25&amp;ssl=1\" class=\"alignnone size-full wp-image-16489\" src=\"https:\/\/i0.wp.com\/pequod.nesodd1.no\/wp-content\/uploads\/2019\/10\/klistremerker-anker-og-tau-design.jpg.jpg?resize=25%2C25&#038;ssl=1\" alt=\"\" width=\"25\" height=\"25\"><\/a><a href=\"https:\/\/i0.wp.com\/pequod.nesodd1.no\/wp-content\/uploads\/2019\/10\/klistremerker-anker-og-tau-design.jpg.jpg?ssl=1\"><img data-recalc-dims=\"1\" loading=\"lazy\" decoding=\"async\" data-attachment-id=\"16489\" data-permalink=\"https:\/\/pequod.nesodd1.no\/?attachment_id=16489\" data-orig-file=\"https:\/\/i0.wp.com\/pequod.nesodd1.no\/wp-content\/uploads\/2019\/10\/klistremerker-anker-og-tau-design.jpg.jpg?fit=25%2C25&amp;ssl=1\" data-orig-size=\"25,25\" data-comments-opened=\"1\" data-image-meta=\"{&quot;aperture&quot;:&quot;0&quot;,&quot;credit&quot;:&quot;tribalium81&quot;,&quot;camera&quot;:&quot;&quot;,&quot;caption&quot;:&quot;&quot;,&quot;created_timestamp&quot;:&quot;0&quot;,&quot;copyright&quot;:&quot;tribalium81&quot;,&quot;focal_length&quot;:&quot;0&quot;,&quot;iso&quot;:&quot;0&quot;,&quot;shutter_speed&quot;:&quot;0&quot;,&quot;title&quot;:&quot;anchor and rope design&quot;,&quot;orientation&quot;:&quot;1&quot;}\" data-image-title=\"anchor and rope design\" data-image-description=\"\" data-image-caption=\"\" data-large-file=\"https:\/\/i0.wp.com\/pequod.nesodd1.no\/wp-content\/uploads\/2019\/10\/klistremerker-anker-og-tau-design.jpg.jpg?fit=25%2C25&amp;ssl=1\" class=\"alignnone size-full wp-image-16489\" src=\"https:\/\/i0.wp.com\/pequod.nesodd1.no\/wp-content\/uploads\/2019\/10\/klistremerker-anker-og-tau-design.jpg.jpg?resize=25%2C25&#038;ssl=1\" alt=\"\" width=\"25\" height=\"25\"><\/a><a href=\"https:\/\/i0.wp.com\/pequod.nesodd1.no\/wp-content\/uploads\/2019\/10\/klistremerker-anker-og-tau-design.jpg.jpg?ssl=1\"><img data-recalc-dims=\"1\" loading=\"lazy\" decoding=\"async\" data-attachment-id=\"16489\" data-permalink=\"https:\/\/pequod.nesodd1.no\/?attachment_id=16489\" data-orig-file=\"https:\/\/i0.wp.com\/pequod.nesodd1.no\/wp-content\/uploads\/2019\/10\/klistremerker-anker-og-tau-design.jpg.jpg?fit=25%2C25&amp;ssl=1\" data-orig-size=\"25,25\" data-comments-opened=\"1\" data-image-meta=\"{&quot;aperture&quot;:&quot;0&quot;,&quot;credit&quot;:&quot;tribalium81&quot;,&quot;camera&quot;:&quot;&quot;,&quot;caption&quot;:&quot;&quot;,&quot;created_timestamp&quot;:&quot;0&quot;,&quot;copyright&quot;:&quot;tribalium81&quot;,&quot;focal_length&quot;:&quot;0&quot;,&quot;iso&quot;:&quot;0&quot;,&quot;shutter_speed&quot;:&quot;0&quot;,&quot;title&quot;:&quot;anchor and rope design&quot;,&quot;orientation&quot;:&quot;1&quot;}\" data-image-title=\"anchor and rope design\" data-image-description=\"\" data-image-caption=\"\" data-large-file=\"https:\/\/i0.wp.com\/pequod.nesodd1.no\/wp-content\/uploads\/2019\/10\/klistremerker-anker-og-tau-design.jpg.jpg?fit=25%2C25&amp;ssl=1\" class=\"alignnone size-full wp-image-16489\" src=\"https:\/\/i0.wp.com\/pequod.nesodd1.no\/wp-content\/uploads\/2019\/10\/klistremerker-anker-og-tau-design.jpg.jpg?resize=25%2C25&#038;ssl=1\" alt=\"\" width=\"25\" height=\"25\">&nbsp;<\/a><\/strong><br \/>\n<strong>Posisjon:<\/strong> N59 7.059, E011 23.182<br \/>\n<b>Bes\u00f8kt antall ganger: <\/b>11&nbsp; <b>Sist bes\u00f8kt:<\/b>&nbsp; April 2025. <a href=\"https:\/\/kunde.byggekamera.no\/?u=fredriksten-halden&amp;camera=BKPROMO01&amp;width=fullsize\" target=\"_blank\" rel=\"noopener\">Webkamera<\/a>&nbsp; &nbsp;<a href=\"https:\/\/www.halden.kommune.no\/tjenester\/miljo-og-teknisk\/havn\/gjestehavn\/\" target=\"_blank\" rel=\"noopener noreferrer\">Hjemmeside<\/a><br \/>\n<b>Fasiliteter:<\/b> Str\u00f8m, vann, toalett, dusj, vaskerom, s\u00f8ppel, wi-fi. Drivstoffbrygge og septikt\u00f8mming. Butikker og restauranter i umiddelbar n\u00e6rhet.&nbsp;<br \/>\n<b>Havneavgift (for 29-foter):<\/b> 200 NOK lavsesong, 300 NOK h\u00f8ysesong, kortautomat.&nbsp;<br \/>\n<b>Tilrettelagt for funksjonshemmede:<\/b> Nja. Legger du til ytterst p\u00e5 drivstoffbrygga kan en rullestol dyttes opp p\u00e5 land. Det er ogs\u00e5 mulig for en rullestol \u00e5 komme opp p\u00e5 land fra brygga med b\u00e5ser, men der vil problemet best\u00e5 i \u00e5 f\u00e5 rullestolen med innhold p\u00e5 land fra b\u00e5ten&#8230;Med krykker g\u00e5r det greit.<\/p>\n<p>Gjestehavna i Halden ligger midt i sm\u00f8r\u00f8yet, rett ved byens sentrum og torg med et vell av kafeer, restauranter og butikker rett ved siden av. &nbsp;Innl\u00f8pet til havna, via Sau\u00f8ysundet, er noe trangt, men idyllisk og godt merket.<\/p>\n<figure id=\"attachment_7263\" aria-describedby=\"caption-attachment-7263\" style=\"width: 331px\" class=\"wp-caption alignleft\"><a href=\"https:\/\/i0.wp.com\/pequod.nesodd1.no\/wp-content\/uploads\/2015\/10\/IMG_0771.jpg?ssl=1\"><img data-recalc-dims=\"1\" loading=\"lazy\" decoding=\"async\" data-attachment-id=\"7263\" data-permalink=\"https:\/\/pequod.nesodd1.no\/?attachment_id=7263\" data-orig-file=\"https:\/\/i0.wp.com\/pequod.nesodd1.no\/wp-content\/uploads\/2015\/10\/IMG_0771.jpg?fit=2689%2C1879&amp;ssl=1\" data-orig-size=\"2689,1879\" data-comments-opened=\"1\" data-image-meta=\"{&quot;aperture&quot;:&quot;2.2&quot;,&quot;credit&quot;:&quot;&quot;,&quot;camera&quot;:&quot;iPhone 6&quot;,&quot;caption&quot;:&quot;&quot;,&quot;created_timestamp&quot;:&quot;1444042436&quot;,&quot;copyright&quot;:&quot;&quot;,&quot;focal_length&quot;:&quot;4.15&quot;,&quot;iso&quot;:&quot;32&quot;,&quot;shutter_speed&quot;:&quot;0.000125992188484&quot;,&quot;title&quot;:&quot;&quot;,&quot;orientation&quot;:&quot;1&quot;}\" data-image-title=\"IMG_0771.JPG\" data-image-description=\"&lt;p&gt;Halden&lt;\/p&gt;\n\" data-image-caption=\"\" data-large-file=\"https:\/\/i0.wp.com\/pequod.nesodd1.no\/wp-content\/uploads\/2015\/10\/IMG_0771.jpg?fit=940%2C657&amp;ssl=1\" class=\"wp-image-7263 \" src=\"https:\/\/i0.wp.com\/pequod.nesodd1.no\/wp-content\/uploads\/2015\/10\/IMG_0771.jpg?resize=331%2C232&#038;ssl=1\" alt=\"\" width=\"331\" height=\"232\" srcset=\"https:\/\/i0.wp.com\/pequod.nesodd1.no\/wp-content\/uploads\/2015\/10\/IMG_0771.jpg?resize=300%2C210&amp;ssl=1 300w, https:\/\/i0.wp.com\/pequod.nesodd1.no\/wp-content\/uploads\/2015\/10\/IMG_0771.jpg?resize=1024%2C716&amp;ssl=1 1024w, https:\/\/i0.wp.com\/pequod.nesodd1.no\/wp-content\/uploads\/2015\/10\/IMG_0771.jpg?w=1880&amp;ssl=1 1880w\" sizes=\"auto, (max-width: 331px) 100vw, 331px\" \/><\/a><figcaption id=\"caption-attachment-7263\" class=\"wp-caption-text\">Oktober 2015<\/figcaption><\/figure>\n<p>&nbsp;Jeg kom inn i havna f\u00f8rste gang etter m\u00f8rkets frembrudd, men det var lett \u00e5 finne fram, og god plass en sen h\u00f8stkveld i oktober! Fort\u00f8yning skjer i enkle b\u00e5ser med utrigger eller langs kaipromenaden. Det siste passer nok best for litt st\u00f8rre b\u00e5ter enn min.<\/p>\n<p>Servicebygget ligger like ved siden av den ytre flytebrygga og der er ogs\u00e5 betalingsautomaten. For \u00e5 f\u00e5 tilgang til dusj, vaskerom, toaletter og slikt m\u00e5 du kj\u00f8pe et havnekort til 30 kroner. Har du ikke behov for dette, slipper du unna med vanlig havneavgift.<\/p>\n<p>F\u00f8rste gang du kj\u00f8per kortet m\u00e5 du ogs\u00e5 ut med 30 kroner i gebyr. Det kan imidlertid fylles opp med penger til framtidig bruk. Toalettene er rene, og dusjene og vaskerommet s\u00e5 ogs\u00e5 innbydende ut.<\/p>\n<p>Jeg er imidlertid litt forundret over ordningen med havnekortet. Det viser seg at det bare varer i rundt 14 dager. Da kan du bare kaste det, for det g\u00e5r ikke an \u00e5 fylle det opp igjen! Det synes jeg er ekstremt lite milj\u00f8vennlig, og ikke minst un\u00f8dvendig!<\/p>\n<p><img data-recalc-dims=\"1\" loading=\"lazy\" decoding=\"async\" data-attachment-id=\"7423\" data-permalink=\"https:\/\/pequod.nesodd1.no\/?attachment_id=7423\" data-orig-file=\"https:\/\/i0.wp.com\/pequod.nesodd1.no\/wp-content\/uploads\/2015\/10\/image1.jpg?fit=1082%2C1714&amp;ssl=1\" data-orig-size=\"1082,1714\" data-comments-opened=\"1\" data-image-meta=\"{&quot;aperture&quot;:&quot;0&quot;,&quot;credit&quot;:&quot;&quot;,&quot;camera&quot;:&quot;&quot;,&quot;caption&quot;:&quot;&quot;,&quot;created_timestamp&quot;:&quot;0&quot;,&quot;copyright&quot;:&quot;&quot;,&quot;focal_length&quot;:&quot;0&quot;,&quot;iso&quot;:&quot;0&quot;,&quot;shutter_speed&quot;:&quot;0&quot;,&quot;title&quot;:&quot;&quot;,&quot;orientation&quot;:&quot;1&quot;}\" data-image-title=\"image\" data-image-description=\"\" data-image-caption=\"\" data-large-file=\"https:\/\/i0.wp.com\/pequod.nesodd1.no\/wp-content\/uploads\/2015\/10\/image1.jpg?fit=646%2C1024&amp;ssl=1\" class=\"alignright wp-image-7423 \" src=\"https:\/\/i0.wp.com\/pequod.nesodd1.no\/wp-content\/uploads\/2015\/10\/image1.jpg?resize=161%2C256&#038;ssl=1\" alt=\"image\" width=\"161\" height=\"256\" srcset=\"https:\/\/i0.wp.com\/pequod.nesodd1.no\/wp-content\/uploads\/2015\/10\/image1.jpg?resize=189%2C300&amp;ssl=1 189w, https:\/\/i0.wp.com\/pequod.nesodd1.no\/wp-content\/uploads\/2015\/10\/image1.jpg?resize=646%2C1024&amp;ssl=1 646w, https:\/\/i0.wp.com\/pequod.nesodd1.no\/wp-content\/uploads\/2015\/10\/image1.jpg?w=1082&amp;ssl=1 1082w\" sizes=\"auto, (max-width: 161px) 100vw, 161px\" \/><\/p>\n<p>Da jeg bes\u00f8kte gjestehavna sommer 2016 hadde jeg tatt vare p\u00e5 kortet fra forrige bes\u00f8k h\u00f8sten 2015. Jeg tror ikke det var noe mer penger p\u00e5 det ettersom jeg ikke hadde fylt det opp ekstra forrige gang, skulle bare bruke det for \u00e5 f\u00e5 adgang til toalettet (s\u00e5nt sett ble det et dyrt toalettbes\u00f8k&#8230;), men tenkte (ganske logisk vil jeg si) at jeg vel kunne bruke det til \u00e5 fylle opp med mer penger hvis jeg skulle benytte dusjen denne gangen. Men nei, det gikk alts\u00e5 ikke. Kortet var ugyldig, s\u00e5 jeg m\u00e5tte kj\u00f8pe og fylle opp et nytt kort. Helt un\u00f8dvendig!<\/p>\n<p>Beliggenheten til gjestehavna er jo fantastisk og Halden er en veldig koselig by. Samtidig er vel kanskje aberet at havna ligger s\u00e5 sentralt. Jeg kan tenke meg at det blir adskillig mer st\u00f8y og slikt fra utestedene en varm sommerkveld enn en sen s\u00f8ndag i oktober.<\/p>\n<p>Gjestehavna best\u00e5r av en brygge som stikker ut bak drivstoffbrygga, og den er merket med &laquo;Velkommen til Halden gjestehavn&raquo;. Den har veldig enkle b\u00e5ser, helt tydelig beregnet p\u00e5 noe st\u00f8rre b\u00e5ter enn min eller at man ligger dobbelt i \u00e9n b\u00e5s &#8211; men de var liksom ikke helt S\u00c5 brede heller&#8230;. I tillegg kan de enda st\u00f8rre b\u00e5tene legge til longside langs kaipromenaden.<\/p>\n<p>Da jeg skulle fylle drivstoff fra drivstoffbrygga dagen etter p\u00e5 min f\u00f8rste tur dit, viste det seg at pumpa ute p\u00e5 flytebrygga ikke virket, s\u00e5 jeg m\u00e5tte g\u00e5 ned i b\u00e5ten, kaste loss og kj\u00f8re inn til den st\u00f8rre kaikanten for \u00e5 pr\u00f8ve pumpe nummer to &#8211; som heldigvis virket!<\/p>\n<p>De andre gangene har pumpa virket, men prisniv\u00e5et er et par hakk for h\u00f8yt etter det jeg er vant til.<\/p>\n<p><strong>OPPDATERING 2023:&nbsp;<\/strong>L\u00e5 her to netter rett f\u00f8r pinse. Prisen har g\u00e5tt opp med 30 kroner siden sist gang jeg var her i 2017 &#8211; det er jo absolutt ikke s\u00e5 ille! I tillegg ser det ut til at de har g\u00e5tt bort fra kortsystemet &#8211; jeg fikk i alle fall ikke noe kort, men en kvittering p\u00e5 SMS og i automaten i tillegg til selve havnebilletten. Prisen inkluderer n\u00e5 adgang til b\u00e5de toaletter, dusj og vaskemaskin\/t\u00f8rketrommel &#8211; UTEN at du beh\u00f8ver \u00e5 betale ekstra! Det er jo utrolig i disse dager!<\/p>\n<p>Kudos ogs\u00e5 til en avslappet og hyggelig havnevakt. Han kom ikke s\u00e5 veldig lenge etter at jeg hadde lagt til, og da jeg forklarte at jeg nettopp hadde kommet og straks skulle p\u00e5 land for \u00e5 betale, s\u00e5 var det bare smil og alt var greit! Her har bedritne Krager\u00f8 noe \u00e5 l\u00e6re! Sier ikke mer&#8230;<\/p>\n<h3>Related Images:<\/h3>","protected":false},"excerpt":{"rendered":"<p>Vurdering (5 anker er best): &nbsp; Posisjon: N59 7.059, E011 23.182 Bes\u00f8kt antall ganger: 11&nbsp; Sist bes\u00f8kt:&nbsp; April 2025. Webkamera&nbsp; &nbsp;Hjemmeside Fasiliteter: Str\u00f8m, vann, toalett, dusj, vaskerom, s\u00f8ppel, wi-fi. Drivstoffbrygge og septikt\u00f8mming. Butikker og restauranter i umiddelbar n\u00e6rhet.&nbsp; Havneavgift (for 29-foter): 200 NOK lavsesong, 300 NOK h\u00f8ysesong, kortautomat.&nbsp; Tilrettelagt for funksjonshemmede: Nja. Legger du til &hellip;<br \/><a href=\"https:\/\/pequod.nesodd1.no\/?page_id=7264\" class=\"more-link pen_element_default pen_icon_arrow_double\">Les<\/a><\/p>\n","protected":false},"author":1,"featured_media":9510,"parent":5493,"menu_order":0,"comment_status":"closed","ping_status":"closed","template":"","meta":{"_crdt_document":"","ngg_post_thumbnail":0,"jetpack_post_was_ever_published":false,"footnotes":""},"class_list":["post-7264","page","type-page","status-publish","has-post-thumbnail","hentry"],"jetpack_shortlink":"https:\/\/wp.me\/P3Zd9b-1Ta","jetpack_sharing_enabled":true,"jetpack_likes_enabled":true,"jetpack-related-posts":[],"_links":{"self":[{"href":"https:\/\/pequod.nesodd1.no\/index.php?rest_route=\/wp\/v2\/pages\/7264","targetHints":{"allow":["GET"]}}],"collection":[{"href":"https:\/\/pequod.nesodd1.no\/index.php?rest_route=\/wp\/v2\/pages"}],"about":[{"href":"https:\/\/pequod.nesodd1.no\/index.php?rest_route=\/wp\/v2\/types\/page"}],"author":[{"embeddable":true,"href":"https:\/\/pequod.nesodd1.no\/index.php?rest_route=\/wp\/v2\/users\/1"}],"replies":[{"embeddable":true,"href":"https:\/\/pequod.nesodd1.no\/index.php?rest_route=%2Fwp%2Fv2%2Fcomments&post=7264"}],"version-history":[{"count":30,"href":"https:\/\/pequod.nesodd1.no\/index.php?rest_route=\/wp\/v2\/pages\/7264\/revisions"}],"predecessor-version":[{"id":31082,"href":"https:\/\/pequod.nesodd1.no\/index.php?rest_route=\/wp\/v2\/pages\/7264\/revisions\/31082"}],"up":[{"embeddable":true,"href":"https:\/\/pequod.nesodd1.no\/index.php?rest_route=\/wp\/v2\/pages\/5493"}],"wp:featuredmedia":[{"embeddable":true,"href":"https:\/\/pequod.nesodd1.no\/index.php?rest_route=\/wp\/v2\/media\/9510"}],"wp:attachment":[{"href":"https:\/\/pequod.nesodd1.no\/index.php?rest_route=%2Fwp%2Fv2%2Fmedia&parent=7264"}],"curies":[{"name":"wp","href":"https:\/\/api.w.org\/{rel}","templated":true}]}}