{"id":7550,"date":"2015-11-11T00:30:07","date_gmt":"2015-11-10T23:30:07","guid":{"rendered":"https:\/\/pequod.nesodd1.no\/?page_id=7550"},"modified":"2023-06-09T19:43:54","modified_gmt":"2023-06-09T17:43:54","slug":"stromtangen-fyr","status":"publish","type":"page","link":"https:\/\/pequod.nesodd1.no\/?page_id=7550","title":{"rendered":"Str\u00f8mtangen fyr (Fredrikstad)"},"content":{"rendered":"<p><strong>Vurdering (5 anker er best): <a href=\"https:\/\/i0.wp.com\/pequod.nesodd1.no\/wp-content\/uploads\/2019\/10\/klistremerker-anker-og-tau-design.jpg.jpg?ssl=1\"><img data-recalc-dims=\"1\" loading=\"lazy\" decoding=\"async\" data-attachment-id=\"16489\" data-permalink=\"https:\/\/pequod.nesodd1.no\/?attachment_id=16489\" data-orig-file=\"https:\/\/i0.wp.com\/pequod.nesodd1.no\/wp-content\/uploads\/2019\/10\/klistremerker-anker-og-tau-design.jpg.jpg?fit=25%2C25&amp;ssl=1\" data-orig-size=\"25,25\" data-comments-opened=\"1\" data-image-meta=\"{&quot;aperture&quot;:&quot;0&quot;,&quot;credit&quot;:&quot;tribalium81&quot;,&quot;camera&quot;:&quot;&quot;,&quot;caption&quot;:&quot;&quot;,&quot;created_timestamp&quot;:&quot;0&quot;,&quot;copyright&quot;:&quot;tribalium81&quot;,&quot;focal_length&quot;:&quot;0&quot;,&quot;iso&quot;:&quot;0&quot;,&quot;shutter_speed&quot;:&quot;0&quot;,&quot;title&quot;:&quot;anchor and rope design&quot;,&quot;orientation&quot;:&quot;1&quot;}\" data-image-title=\"anchor and rope design\" data-image-description=\"\" data-image-caption=\"\" data-large-file=\"https:\/\/i0.wp.com\/pequod.nesodd1.no\/wp-content\/uploads\/2019\/10\/klistremerker-anker-og-tau-design.jpg.jpg?fit=25%2C25&amp;ssl=1\" class=\"alignnone size-full wp-image-16489\" src=\"https:\/\/i0.wp.com\/pequod.nesodd1.no\/wp-content\/uploads\/2019\/10\/klistremerker-anker-og-tau-design.jpg.jpg?resize=25%2C25&#038;ssl=1\" alt=\"\" width=\"25\" height=\"25\"><\/a><a href=\"https:\/\/i0.wp.com\/pequod.nesodd1.no\/wp-content\/uploads\/2019\/10\/klistremerker-anker-og-tau-design.jpg.jpg?ssl=1\"><img data-recalc-dims=\"1\" loading=\"lazy\" decoding=\"async\" data-attachment-id=\"16489\" data-permalink=\"https:\/\/pequod.nesodd1.no\/?attachment_id=16489\" data-orig-file=\"https:\/\/i0.wp.com\/pequod.nesodd1.no\/wp-content\/uploads\/2019\/10\/klistremerker-anker-og-tau-design.jpg.jpg?fit=25%2C25&amp;ssl=1\" data-orig-size=\"25,25\" data-comments-opened=\"1\" data-image-meta=\"{&quot;aperture&quot;:&quot;0&quot;,&quot;credit&quot;:&quot;tribalium81&quot;,&quot;camera&quot;:&quot;&quot;,&quot;caption&quot;:&quot;&quot;,&quot;created_timestamp&quot;:&quot;0&quot;,&quot;copyright&quot;:&quot;tribalium81&quot;,&quot;focal_length&quot;:&quot;0&quot;,&quot;iso&quot;:&quot;0&quot;,&quot;shutter_speed&quot;:&quot;0&quot;,&quot;title&quot;:&quot;anchor and rope design&quot;,&quot;orientation&quot;:&quot;1&quot;}\" data-image-title=\"anchor and rope design\" data-image-description=\"\" data-image-caption=\"\" data-large-file=\"https:\/\/i0.wp.com\/pequod.nesodd1.no\/wp-content\/uploads\/2019\/10\/klistremerker-anker-og-tau-design.jpg.jpg?fit=25%2C25&amp;ssl=1\" class=\"alignnone size-full wp-image-16489\" src=\"https:\/\/i0.wp.com\/pequod.nesodd1.no\/wp-content\/uploads\/2019\/10\/klistremerker-anker-og-tau-design.jpg.jpg?resize=25%2C25&#038;ssl=1\" alt=\"\" width=\"25\" height=\"25\"><\/a><\/strong><br \/>\n<b>Posisjon:<\/b> 59\u00b09&#8217;18.9&#8243;N 10\u00b049&#8217;48.1&#8243;E<br \/>\n<b>Antall bes\u00f8k:<\/b> 3 <b>Sist bes\u00f8kt:<\/b> Mai 2023 <a href=\"http:\/\/www.stromtangen.no\" target=\"_blank\" rel=\"noopener noreferrer\">Hjemmeside.<\/a><br \/>\n<b>Fasiliteter:&nbsp;<\/b>Grillplass, utedo.<br \/>\n<strong>Fort\u00f8yning:<\/strong> Langsides. Mulig baug med anker i toppsesongen.&nbsp;<br \/>\n<b>Tilrettelagt for funksjonshemmede: <\/b>Nei.<\/p>\n<p>F\u00e5r to anker for idyllen og stemningen. Bryggene som er bygget opp p\u00e5 frivillig basis p\u00e5 \u00f8stsiden av fyrholmen, kan brukes av fritidsb\u00e5ter. Endel av bryggene er forbeholdt de som leier bygningene. B\u00e5de fyrmesterboligen og et av de restaurerte naustene kan nemlig leies til selskap og overnattinger via Oslofjordens Friluftsr\u00e5d.<\/p>\n<p><a href=\"https:\/\/i0.wp.com\/pequod.nesodd1.no\/wp-content\/uploads\/2015\/11\/image40.jpg?ssl=1\"><img data-recalc-dims=\"1\" loading=\"lazy\" decoding=\"async\" data-attachment-id=\"7557\" data-permalink=\"https:\/\/pequod.nesodd1.no\/?attachment_id=7557\" data-orig-file=\"https:\/\/i0.wp.com\/pequod.nesodd1.no\/wp-content\/uploads\/2015\/11\/image40.jpg?fit=3003%2C2268&amp;ssl=1\" data-orig-size=\"3003,2268\" data-comments-opened=\"1\" data-image-meta=\"{&quot;aperture&quot;:&quot;0&quot;,&quot;credit&quot;:&quot;&quot;,&quot;camera&quot;:&quot;&quot;,&quot;caption&quot;:&quot;&quot;,&quot;created_timestamp&quot;:&quot;0&quot;,&quot;copyright&quot;:&quot;&quot;,&quot;focal_length&quot;:&quot;0&quot;,&quot;iso&quot;:&quot;0&quot;,&quot;shutter_speed&quot;:&quot;0&quot;,&quot;title&quot;:&quot;&quot;,&quot;orientation&quot;:&quot;1&quot;}\" data-image-title=\"image\" data-image-description=\"&lt;p&gt;Str\u00f8mtangen&lt;\/p&gt;\n\" data-image-caption=\"\" data-large-file=\"https:\/\/i0.wp.com\/pequod.nesodd1.no\/wp-content\/uploads\/2015\/11\/image40.jpg?fit=940%2C710&amp;ssl=1\" class=\"alignleft size-medium wp-image-7557\" src=\"https:\/\/i0.wp.com\/pequod.nesodd1.no\/wp-content\/uploads\/2015\/11\/image40.jpg?resize=300%2C227&#038;ssl=1\" alt=\"\" width=\"300\" height=\"227\" srcset=\"https:\/\/i0.wp.com\/pequod.nesodd1.no\/wp-content\/uploads\/2015\/11\/image40.jpg?resize=300%2C227&amp;ssl=1 300w, https:\/\/i0.wp.com\/pequod.nesodd1.no\/wp-content\/uploads\/2015\/11\/image40.jpg?resize=1024%2C773&amp;ssl=1 1024w, https:\/\/i0.wp.com\/pequod.nesodd1.no\/wp-content\/uploads\/2015\/11\/image40.jpg?w=1880&amp;ssl=1 1880w, https:\/\/i0.wp.com\/pequod.nesodd1.no\/wp-content\/uploads\/2015\/11\/image40.jpg?w=2820&amp;ssl=1 2820w\" sizes=\"auto, (max-width: 300px) 100vw, 300px\" \/><\/a>Str\u00f8mtangen er et veldig enkelt og rustikt sted. Bryggene er fine og velholdte, og de tre naustene ved bryggene er pusset opp og restaurert. Mellom to av dem er det anlagt en liten plass med en stor utegrillplass, samt benker til \u00e5 sitte p\u00e5.<\/p>\n<p>Litt lenger ut i skogen skal det ogs\u00e5 finnes en utedo, noe jeg ikke s\u00e5 etter da jeg bes\u00f8kte stedet!<\/p>\n<p><a href=\"https:\/\/i0.wp.com\/pequod.nesodd1.no\/wp-content\/uploads\/2015\/11\/image39.jpg\"><img data-recalc-dims=\"1\" loading=\"lazy\" decoding=\"async\" data-attachment-id=\"7556\" data-permalink=\"https:\/\/pequod.nesodd1.no\/?attachment_id=7556\" data-orig-file=\"https:\/\/i0.wp.com\/pequod.nesodd1.no\/wp-content\/uploads\/2015\/11\/image39.jpg?fit=2516%2C1650&amp;ssl=1\" data-orig-size=\"2516,1650\" data-comments-opened=\"1\" data-image-meta=\"{&quot;aperture&quot;:&quot;0&quot;,&quot;credit&quot;:&quot;&quot;,&quot;camera&quot;:&quot;&quot;,&quot;caption&quot;:&quot;&quot;,&quot;created_timestamp&quot;:&quot;0&quot;,&quot;copyright&quot;:&quot;&quot;,&quot;focal_length&quot;:&quot;0&quot;,&quot;iso&quot;:&quot;0&quot;,&quot;shutter_speed&quot;:&quot;0&quot;,&quot;title&quot;:&quot;&quot;,&quot;orientation&quot;:&quot;1&quot;}\" data-image-title=\"image\" data-image-description=\"&lt;p&gt;Str\u00f8mtangen&lt;\/p&gt;\n\" data-image-caption=\"\" data-large-file=\"https:\/\/i0.wp.com\/pequod.nesodd1.no\/wp-content\/uploads\/2015\/11\/image39.jpg?fit=940%2C617&amp;ssl=1\" class=\"alignright size-medium wp-image-7556\" src=\"https:\/\/i0.wp.com\/pequod.nesodd1.no\/wp-content\/uploads\/2015\/11\/image39-300x197.jpg?resize=300%2C197\" alt=\"image\" width=\"300\" height=\"197\" srcset=\"https:\/\/i0.wp.com\/pequod.nesodd1.no\/wp-content\/uploads\/2015\/11\/image39.jpg?resize=300%2C197&amp;ssl=1 300w, https:\/\/i0.wp.com\/pequod.nesodd1.no\/wp-content\/uploads\/2015\/11\/image39.jpg?resize=1024%2C672&amp;ssl=1 1024w, https:\/\/i0.wp.com\/pequod.nesodd1.no\/wp-content\/uploads\/2015\/11\/image39.jpg?w=1880&amp;ssl=1 1880w\" sizes=\"auto, (max-width: 300px) 100vw, 300px\" \/><\/a>Dette er helt klart en liten bortgjemt sommeridyll! Selv i november var det noe idyllisk, men samtidig t\u00f8ft preg over stedet. Det g\u00e5r en sti fra bryggene p\u00e5 \u00f8stsiden til selve fyret og fyrmesterboligen p\u00e5 s\u00f8rvestsiden av holmen. Det er ogs\u00e5 en bitteliten sandstrand p\u00e5 nordsiden.<\/p>\n<p>For funksjonshemmede byr nok et bes\u00f8k p\u00e5 Str\u00f8mtangen p\u00e5 utfordringer. \u00c5 komme seg til selve fyret er umulig hvis man sitter i rullestol. Det samme gjelder nok stien til utedoen ogs\u00e5. Ved \u00e5 fort\u00f8ye longside (som strengt tatt er eneste mulighet) kan man imidlertid komme seg i land p\u00e5 bryggene og benytte grillplassen.<\/p>\n<p>Selve ankomsten skjer fra s\u00f8r inn Str\u00f8msund, eller fra vest gjennom den trange og grunne bukta. Der er maks dybde 1 meter, &nbsp;man m\u00e5 holde seg midt i og utvise stor forsiktighet.&nbsp;Selv valgte jeg ved mitt bes\u00f8k, siden jeg var alene om bord og med tanke p\u00e5 at det var i november, \u00e5 kj\u00f8re ut via Str\u00f8msund og deretter runde fyret p\u00e5 vestsiden p\u00e5 vei nordover.<\/p>\n<p>Man kan betale for \u00e5 overnatting\/dagbes\u00f8k, men jeg glemte \u00e5 ta bilde av oppslaget med prisene. Det er dog mer et symbolsk bel\u00f8p, som g\u00e5r til foreningen Ons\u00f8y-Beviset, som st\u00e5r for oppussing og vedlikehold. Man kan enten legge penger i en konvolutt som man legger i en kasse, eller vippse.<\/p>\n<p><strong>OPPDATERING 2023:<\/strong><\/p>\n<p>Da har jeg v\u00e6rt her med nyb\u00e5ten ogs\u00e5, endelig! Og denne gangen var v\u00e6ret s\u00e5 flott at jeg fikk tatt turen ut til selve fyrbygningene og tatt en titt. De kan leies ut for overnatting via Oslofjorden Friluftsr\u00e5d.<\/p>\n<p><a href=\"https:\/\/i0.wp.com\/pequod.nesodd1.no\/wp-content\/uploads\/2023\/05\/346048389_3525579161094371_2823495336207172629_n.jpg?ssl=1\"><img data-recalc-dims=\"1\" loading=\"lazy\" decoding=\"async\" data-attachment-id=\"26787\" data-permalink=\"https:\/\/pequod.nesodd1.no\/?attachment_id=26787\" data-orig-file=\"https:\/\/i0.wp.com\/pequod.nesodd1.no\/wp-content\/uploads\/2023\/05\/346048389_3525579161094371_2823495336207172629_n.jpg?fit=2048%2C1536&amp;ssl=1\" data-orig-size=\"2048,1536\" data-comments-opened=\"1\" data-image-meta=\"{&quot;aperture&quot;:&quot;0&quot;,&quot;credit&quot;:&quot;&quot;,&quot;camera&quot;:&quot;&quot;,&quot;caption&quot;:&quot;&quot;,&quot;created_timestamp&quot;:&quot;0&quot;,&quot;copyright&quot;:&quot;&quot;,&quot;focal_length&quot;:&quot;0&quot;,&quot;iso&quot;:&quot;0&quot;,&quot;shutter_speed&quot;:&quot;0&quot;,&quot;title&quot;:&quot;&quot;,&quot;orientation&quot;:&quot;0&quot;}\" data-image-title=\"346048389_3525579161094371_2823495336207172629_n\" data-image-description=\"&lt;p&gt;Str\u00f8mtangen fyr&lt;\/p&gt;\n\" data-image-caption=\"\" data-large-file=\"https:\/\/i0.wp.com\/pequod.nesodd1.no\/wp-content\/uploads\/2023\/05\/346048389_3525579161094371_2823495336207172629_n.jpg?fit=940%2C705&amp;ssl=1\" class=\"aligncenter size-large wp-image-26787\" src=\"https:\/\/i0.wp.com\/pequod.nesodd1.no\/wp-content\/uploads\/2023\/05\/346048389_3525579161094371_2823495336207172629_n.jpg?resize=940%2C705&#038;ssl=1\" alt=\"\" width=\"940\" height=\"705\" srcset=\"https:\/\/i0.wp.com\/pequod.nesodd1.no\/wp-content\/uploads\/2023\/05\/346048389_3525579161094371_2823495336207172629_n.jpg?resize=1024%2C768&amp;ssl=1 1024w, https:\/\/i0.wp.com\/pequod.nesodd1.no\/wp-content\/uploads\/2023\/05\/346048389_3525579161094371_2823495336207172629_n.jpg?resize=300%2C225&amp;ssl=1 300w, https:\/\/i0.wp.com\/pequod.nesodd1.no\/wp-content\/uploads\/2023\/05\/346048389_3525579161094371_2823495336207172629_n.jpg?resize=100%2C75&amp;ssl=1 100w, https:\/\/i0.wp.com\/pequod.nesodd1.no\/wp-content\/uploads\/2023\/05\/346048389_3525579161094371_2823495336207172629_n.jpg?resize=768%2C576&amp;ssl=1 768w, https:\/\/i0.wp.com\/pequod.nesodd1.no\/wp-content\/uploads\/2023\/05\/346048389_3525579161094371_2823495336207172629_n.jpg?resize=1536%2C1152&amp;ssl=1 1536w, https:\/\/i0.wp.com\/pequod.nesodd1.no\/wp-content\/uploads\/2023\/05\/346048389_3525579161094371_2823495336207172629_n.jpg?w=2048&amp;ssl=1 2048w, https:\/\/i0.wp.com\/pequod.nesodd1.no\/wp-content\/uploads\/2023\/05\/346048389_3525579161094371_2823495336207172629_n.jpg?w=1880&amp;ssl=1 1880w\" sizes=\"auto, (max-width: 940px) 100vw, 940px\" \/><\/a><\/p>\n<p>&nbsp;<\/p>\n<p>&nbsp;<\/p>\n<h3>Related Images:<\/h3>","protected":false},"excerpt":{"rendered":"<p>Vurdering (5 anker er best): Posisjon: 59\u00b09&#8217;18.9&#8243;N 10\u00b049&#8217;48.1&#8243;E Antall bes\u00f8k: 3 Sist bes\u00f8kt: Mai 2023 Hjemmeside. Fasiliteter:&nbsp;Grillplass, utedo. Fort\u00f8yning: Langsides. Mulig baug med anker i toppsesongen.&nbsp; Tilrettelagt for funksjonshemmede: Nei. F\u00e5r to anker for idyllen og stemningen. Bryggene som er bygget opp p\u00e5 frivillig basis p\u00e5 \u00f8stsiden av fyrholmen, kan brukes av fritidsb\u00e5ter. Endel av &hellip;<br \/><a href=\"https:\/\/pequod.nesodd1.no\/?page_id=7550\" class=\"more-link pen_element_default pen_icon_arrow_double\">Les<\/a><\/p>\n","protected":false},"author":1,"featured_media":20144,"parent":5495,"menu_order":0,"comment_status":"closed","ping_status":"closed","template":"","meta":{"_crdt_document":"","ngg_post_thumbnail":0,"jetpack_post_was_ever_published":false,"footnotes":""},"class_list":["post-7550","page","type-page","status-publish","has-post-thumbnail","hentry"],"jetpack_shortlink":"https:\/\/wp.me\/P3Zd9b-1XM","jetpack_sharing_enabled":true,"jetpack_likes_enabled":true,"jetpack-related-posts":[],"_links":{"self":[{"href":"https:\/\/pequod.nesodd1.no\/index.php?rest_route=\/wp\/v2\/pages\/7550","targetHints":{"allow":["GET"]}}],"collection":[{"href":"https:\/\/pequod.nesodd1.no\/index.php?rest_route=\/wp\/v2\/pages"}],"about":[{"href":"https:\/\/pequod.nesodd1.no\/index.php?rest_route=\/wp\/v2\/types\/page"}],"author":[{"embeddable":true,"href":"https:\/\/pequod.nesodd1.no\/index.php?rest_route=\/wp\/v2\/users\/1"}],"replies":[{"embeddable":true,"href":"https:\/\/pequod.nesodd1.no\/index.php?rest_route=%2Fwp%2Fv2%2Fcomments&post=7550"}],"version-history":[{"count":14,"href":"https:\/\/pequod.nesodd1.no\/index.php?rest_route=\/wp\/v2\/pages\/7550\/revisions"}],"predecessor-version":[{"id":26973,"href":"https:\/\/pequod.nesodd1.no\/index.php?rest_route=\/wp\/v2\/pages\/7550\/revisions\/26973"}],"up":[{"embeddable":true,"href":"https:\/\/pequod.nesodd1.no\/index.php?rest_route=\/wp\/v2\/pages\/5495"}],"wp:featuredmedia":[{"embeddable":true,"href":"https:\/\/pequod.nesodd1.no\/index.php?rest_route=\/wp\/v2\/media\/20144"}],"wp:attachment":[{"href":"https:\/\/pequod.nesodd1.no\/index.php?rest_route=%2Fwp%2Fv2%2Fmedia&parent=7550"}],"curies":[{"name":"wp","href":"https:\/\/api.w.org\/{rel}","templated":true}]}}