{"id":773,"date":"2013-10-30T21:52:54","date_gmt":"2013-10-30T20:52:54","guid":{"rendered":"https:\/\/pequod.nesodd1.no\/?page_id=773"},"modified":"2014-11-15T13:55:49","modified_gmt":"2014-11-15T12:55:49","slug":"oslotur-30-oktober-2013","status":"publish","type":"page","link":"https:\/\/pequod.nesodd1.no\/?page_id=773","title":{"rendered":"Oslotur 30.oktober 2013"},"content":{"rendered":"<p>Ville ut i b\u00e5ten etter \u00e5 ha v\u00e6rt i London i helga. Tilb\u00f8d meg \u00e5 hente yngstedatter Victoria og tre venninner som hadde shoppet i byen. Plukket dem opp p\u00e5 steinbrygga ved R\u00e5dhusplassen, og tanket p\u00e5 Lind\u00f8ya. Slapp jentene av p\u00e5 Nesoddtangen brygge f\u00f8r jeg satte kursen mot hjemmehavna p\u00e5 Oksval. Var ute p\u00e5 sj\u00f8en 2 timer og 15 minutter. Kos!<\/p>\n<p>&nbsp;<\/p>\n\n            <!-- Blueimp gallery -->\n            <div id=\"blueimp-gallery-6210\" class=\"blueimp-gallery blueimp-gallery-controls\">\n                <div class=\"slides\"><\/div>\n                <h3 class=\"title\"><\/h3>\n                <a class=\"prev\">\u2039<\/a>\n                <a class=\"next\">\u203a<\/a>\n                <a class=\"close\">\u00d7<\/a>\n                <a class=\"play-pause\"><\/a>\n                <ol class=\"indicator\"><\/ol>\n                <div class=\"modal fade\">\n                    <div class=\"modal-dialog\">\n                        <div class=\"modal-content\">\n                            <div class=\"modal-header\">\n                                <button type=\"button\" class=\"close\" aria-hidden=\"true\">\u00d7<\/button>\n                                <h4 class=\"modal-title\"><\/h4>\n                            <\/div>\n                            <div class=\"modal-body next\"><\/div>\n                            <div class=\"modal-footer\">\n                                <button type=\"button\" class=\"btn btn-default pull-left prev\">\n                                    <i class=\"glyphicon glyphicon-chevron-left\"><\/i>\n                                    Previous                                <\/button>\n                                <button type=\"button\" class=\"btn btn-primary next\">\n                                    Next                                    <i class=\"glyphicon glyphicon-chevron-right\"><\/i>\n                                <\/button>\n                            <\/div>\n                        <\/div>\n                    <\/div>\n                <\/div>\n            <\/div>\n\n            <script data-jetpack-boost=\"ignore\" type=\"text\/javascript\">\n            jQuery(function() {\n                jQuery.extend(blueimp.Gallery.prototype.options, {\n                    useBootstrapModal: false,\n                    hidePageScrollbars: false,\n                    container: \"#blueimp-gallery-6210\",\n                });\n            });\n            <\/script>\n\n            \n<h3>Related Images:<\/h3>","protected":false},"excerpt":{"rendered":"<p>Ville ut i b\u00e5ten etter \u00e5 ha v\u00e6rt i London i helga. Tilb\u00f8d meg \u00e5 hente yngstedatter Victoria og tre venninner som hadde shoppet i byen. Plukket dem opp p\u00e5 steinbrygga ved R\u00e5dhusplassen, og tanket p\u00e5 Lind\u00f8ya. Slapp jentene av p\u00e5 Nesoddtangen brygge f\u00f8r jeg satte kursen mot hjemmehavna p\u00e5 Oksval. Var ute p\u00e5 sj\u00f8en &hellip;<br \/><a href=\"https:\/\/pequod.nesodd1.no\/?p=6210\" class=\"more-link pen_element_default pen_icon_arrow_double\">Les<\/a><\/p>\n","protected":false},"author":1,"featured_media":0,"parent":122,"menu_order":0,"comment_status":"open","ping_status":"open","template":"","meta":{"_crdt_document":"","ngg_post_thumbnail":0,"jetpack_post_was_ever_published":false,"footnotes":""},"class_list":["post-773","page","type-page","status-publish","hentry"],"jetpack_shortlink":"https:\/\/wp.me\/P3Zd9b-ct","jetpack_sharing_enabled":true,"jetpack_likes_enabled":true,"jetpack-related-posts":[],"_links":{"self":[{"href":"https:\/\/pequod.nesodd1.no\/index.php?rest_route=\/wp\/v2\/pages\/773","targetHints":{"allow":["GET"]}}],"collection":[{"href":"https:\/\/pequod.nesodd1.no\/index.php?rest_route=\/wp\/v2\/pages"}],"about":[{"href":"https:\/\/pequod.nesodd1.no\/index.php?rest_route=\/wp\/v2\/types\/page"}],"author":[{"embeddable":true,"href":"https:\/\/pequod.nesodd1.no\/index.php?rest_route=\/wp\/v2\/users\/1"}],"replies":[{"embeddable":true,"href":"https:\/\/pequod.nesodd1.no\/index.php?rest_route=%2Fwp%2Fv2%2Fcomments&post=773"}],"version-history":[{"count":3,"href":"https:\/\/pequod.nesodd1.no\/index.php?rest_route=\/wp\/v2\/pages\/773\/revisions"}],"predecessor-version":[{"id":6211,"href":"https:\/\/pequod.nesodd1.no\/index.php?rest_route=\/wp\/v2\/pages\/773\/revisions\/6211"}],"up":[{"embeddable":true,"href":"https:\/\/pequod.nesodd1.no\/index.php?rest_route=\/wp\/v2\/pages\/122"}],"wp:attachment":[{"href":"https:\/\/pequod.nesodd1.no\/index.php?rest_route=%2Fwp%2Fv2%2Fmedia&parent=773"}],"curies":[{"name":"wp","href":"https:\/\/api.w.org\/{rel}","templated":true}]}}