{"id":7896,"date":"2016-02-15T17:34:23","date_gmt":"2016-02-15T16:34:23","guid":{"rendered":"https:\/\/pequod.nesodd1.no\/?page_id=7896"},"modified":"2016-03-02T23:13:22","modified_gmt":"2016-03-02T22:13:22","slug":"batvedlikehold","status":"publish","type":"page","link":"https:\/\/pequod.nesodd1.no\/?page_id=7896","title":{"rendered":"Tips og veiledning &#8211; B\u00e5t- og motorvedlikehold, oppussing og man\u00f8vrering"},"content":{"rendered":"<p><strong>Sist oppdatert: <span style=\"color: red;\">02.03.2016<\/span><\/strong><\/p>\n<p>P\u00e5 denne siden vil jeg samle\u00a0artikler jeg skriver om vedlikehold, oppussing og andre praktiske tips om b\u00e5ten. Meningen er \u00e5 illustrere det jeg gj\u00f8r enten med bilder eller video. N\u00e5r jeg kj\u00f8pte b\u00e5ten visste jeg null og niks om spesielt motorvedlikehold, men noe har jeg jo l\u00e6rt etterhvert. Kanskje kan dette hjelpe andre landkrabber ogs\u00e5?<\/p>\n<p>Artiklene er satt opp i alfabetisk rekkef\u00f8lge og delt opp i fire kategorier som jeg skal fylle opp etterhvert. Jeg har forel\u00f8pig bare satt opp forslag til temaer\/emner og disse vil bli omgjort til linker n\u00e5r sakene er skrevet. Men alle forslagene som er satt opp har jeg enten allerede gjennomf\u00f8rt eller har tenkt \u00e5 gjennomf\u00f8re.<\/p>\n<p><strong><u>B\u00e5toppussing<\/u><\/strong><\/p>\n<p>Montering av baughylle.<\/p>\n<p>Montering av kj\u00f8leskap.<\/p>\n<p>Montering av septiktank.<\/p>\n<p>&nbsp;<\/p>\n<p><strong><u>B\u00e5tman\u00f8vrering<\/u><\/strong><\/p>\n<p>Legge til og fra b\u00e5s.<\/p>\n<p><a href=\"https:\/\/pequod.nesodd1.no\/?page_id=8104\">Legge til og fra brygge. VIDEO<\/a>\u00a0<em>Publisert 02.03.2016.<\/em><\/p>\n<p>Legge til med baug mot land og anker akter.<\/p>\n<p>Legge til brygge med baug mot land og tau i b\u00f8ye akter.<\/p>\n<p>Legge til b\u00f8ye p\u00e5 svai.<\/p>\n<p>&nbsp;<\/p>\n<p><strong><u>B\u00e5tvedlikehold<\/u><\/strong> (Nidelv 24, 1974-modell)<\/p>\n<p>Bunnstoffp\u00e5f\u00f8ring.<\/p>\n<p>Bytte av rorgjennomf\u00f8ring.<\/p>\n<p>Bytte av skroggjennomf\u00f8ring.<\/p>\n<p>Pakkboks &#8211; bytte av sm\u00f8repatron.<\/p>\n<p>Polering av b\u00e5t.<\/p>\n<p>Vask\u00a0av b\u00e5t.<\/p>\n<p>&nbsp;<\/p>\n<p><strong><u>Motorvedlikehold<\/u><\/strong> (Yanmar 3GMD, 22HK)<\/p>\n<p>Dieselfilterbytte.<\/p>\n<p><a href=\"https:\/\/pequod.nesodd1.no\/?page_id=7923\">Impellerskifte.\u00a0<\/a>\u00a0<em>Publisert 18.02.2016.<\/em><\/p>\n<p>Lufting av dieselmotor.<\/p>\n<p>Montering av sj\u00f8vannsfilter.<\/p>\n<p>Oljeskift, motor og gear.<\/p>\n<p>Oljefilterbytte.<\/p>\n<p>Zinkanodebytte.<\/p>\n<p>&nbsp;<\/p>\n<p>&nbsp;<\/p>\n<p>&nbsp;<\/p>\n<h3>Related Images:<\/h3>","protected":false},"excerpt":{"rendered":"<p>Sist oppdatert: 02.03.2016 P\u00e5 denne siden vil jeg samle\u00a0artikler jeg skriver om vedlikehold, oppussing og andre praktiske tips om b\u00e5ten. Meningen er \u00e5 illustrere det jeg gj\u00f8r enten med bilder eller video. N\u00e5r jeg kj\u00f8pte b\u00e5ten visste jeg null og niks om spesielt motorvedlikehold, men noe har jeg jo l\u00e6rt etterhvert. Kanskje kan dette hjelpe &hellip;<br \/><a href=\"https:\/\/pequod.nesodd1.no\/?page_id=7896\" class=\"more-link pen_element_default pen_icon_arrow_double\">Les<\/a><\/p>\n","protected":false},"author":1,"featured_media":0,"parent":0,"menu_order":0,"comment_status":"closed","ping_status":"closed","template":"","meta":{"_crdt_document":"","ngg_post_thumbnail":0,"jetpack_post_was_ever_published":false,"footnotes":""},"class_list":["post-7896","page","type-page","status-publish","hentry"],"jetpack_shortlink":"https:\/\/wp.me\/P3Zd9b-23m","jetpack_sharing_enabled":true,"jetpack_likes_enabled":true,"jetpack-related-posts":[],"_links":{"self":[{"href":"https:\/\/pequod.nesodd1.no\/index.php?rest_route=\/wp\/v2\/pages\/7896","targetHints":{"allow":["GET"]}}],"collection":[{"href":"https:\/\/pequod.nesodd1.no\/index.php?rest_route=\/wp\/v2\/pages"}],"about":[{"href":"https:\/\/pequod.nesodd1.no\/index.php?rest_route=\/wp\/v2\/types\/page"}],"author":[{"embeddable":true,"href":"https:\/\/pequod.nesodd1.no\/index.php?rest_route=\/wp\/v2\/users\/1"}],"replies":[{"embeddable":true,"href":"https:\/\/pequod.nesodd1.no\/index.php?rest_route=%2Fwp%2Fv2%2Fcomments&post=7896"}],"version-history":[{"count":19,"href":"https:\/\/pequod.nesodd1.no\/index.php?rest_route=\/wp\/v2\/pages\/7896\/revisions"}],"predecessor-version":[{"id":8109,"href":"https:\/\/pequod.nesodd1.no\/index.php?rest_route=\/wp\/v2\/pages\/7896\/revisions\/8109"}],"wp:attachment":[{"href":"https:\/\/pequod.nesodd1.no\/index.php?rest_route=%2Fwp%2Fv2%2Fmedia&parent=7896"}],"curies":[{"name":"wp","href":"https:\/\/api.w.org\/{rel}","templated":true}]}}