{"id":7923,"date":"2016-02-18T08:08:22","date_gmt":"2016-02-18T07:08:22","guid":{"rendered":"https:\/\/pequod.nesodd1.no\/?page_id=7923"},"modified":"2016-10-02T00:39:16","modified_gmt":"2016-10-01T22:39:16","slug":"bytte-av-impeller","status":"publish","type":"page","link":"https:\/\/pequod.nesodd1.no\/?page_id=7923","title":{"rendered":"Bytte av impeller"},"content":{"rendered":"<p><strong>Verkt\u00f8y du trenger:\u00a0<\/strong>Skiftn\u00f8kkel, skrujern, impellertang\/annen passende tang.<br \/>\n<strong>Tidsbruk: <\/strong>Cirka 1 time &#8211; avhengig av plass og plassering i motorrommet.<br \/>\n<strong>Vanskelighetsgrad: <\/strong>Middels<\/p>\n<p>Her f\u00f8lger en oppskrift med bilder av hvordan du bytter en impeller i sj\u00f8vannspumpa p\u00e5 en Yanmar 3GMD (sj\u00f8vannskj\u00f8lt). Jeg garanterer ikke at det er helt riktig gjort, men byttet fungerte i alle fall, s\u00e5 da regner jeg med det!<\/p>\n<p>Da jeg kj\u00f8pte b\u00e5ten i oktober 2013 ante jeg ingenting om motorer, og s\u00f8kte p\u00e5 nett samt kj\u00f8pte b\u00f8ker om vedlikehold, str\u00f8m om bord, dieselmotor osv. Jeg har derfor bestemt meg for \u00e5 ta bilder og kanskje etterhvert video ogs\u00e5, n\u00e5r jeg foretar bytte av filtre, impellere, sinkanoder og slike ting. Dette kan kanskje hjelpe andre som er like gr\u00f8nne p\u00e5 dette!<\/p>\n<p><a href=\"https:\/\/pequod.nesodd1.no\/?attachment_id=7855\" rel=\"attachment wp-att-7855\"><img data-recalc-dims=\"1\" loading=\"lazy\" decoding=\"async\" data-attachment-id=\"7855\" data-permalink=\"https:\/\/pequod.nesodd1.no\/?attachment_id=7855\" data-orig-file=\"https:\/\/i0.wp.com\/pequod.nesodd1.no\/wp-content\/uploads\/2016\/02\/IMG_1066.jpg?fit=2250%2C3000&amp;ssl=1\" data-orig-size=\"2250,3000\" data-comments-opened=\"1\" data-image-meta=\"{&quot;aperture&quot;:&quot;2.2&quot;,&quot;credit&quot;:&quot;&quot;,&quot;camera&quot;:&quot;iPhone 6&quot;,&quot;caption&quot;:&quot;&quot;,&quot;created_timestamp&quot;:&quot;1455459253&quot;,&quot;copyright&quot;:&quot;&quot;,&quot;focal_length&quot;:&quot;4.15&quot;,&quot;iso&quot;:&quot;250&quot;,&quot;shutter_speed&quot;:&quot;0.0416666666667&quot;,&quot;title&quot;:&quot;&quot;,&quot;orientation&quot;:&quot;1&quot;}\" data-image-title=\"IMG_1066.JPG\" data-image-description=\"\" data-image-caption=\"\" data-large-file=\"https:\/\/i0.wp.com\/pequod.nesodd1.no\/wp-content\/uploads\/2016\/02\/IMG_1066.jpg?fit=768%2C1024&amp;ssl=1\" class=\"alignleft wp-image-7855\" src=\"https:\/\/i0.wp.com\/pequod.nesodd1.no\/wp-content\/uploads\/2016\/02\/IMG_1066-225x300.jpg?resize=168%2C224\" alt=\"IMG_1066.JPG\" width=\"168\" height=\"224\" srcset=\"https:\/\/i0.wp.com\/pequod.nesodd1.no\/wp-content\/uploads\/2016\/02\/IMG_1066.jpg?resize=225%2C300&amp;ssl=1 225w, https:\/\/i0.wp.com\/pequod.nesodd1.no\/wp-content\/uploads\/2016\/02\/IMG_1066.jpg?resize=768%2C1024&amp;ssl=1 768w, https:\/\/i0.wp.com\/pequod.nesodd1.no\/wp-content\/uploads\/2016\/02\/IMG_1066.jpg?w=1880&amp;ssl=1 1880w\" sizes=\"auto, (max-width: 168px) 100vw, 168px\" \/><\/a>Selve sj\u00f8vannspumpa finner du nederst til h\u00f8yre foran p\u00e5 motoren (\u00f8verst til h\u00f8yre p\u00e5 bildet til venstre). Du m\u00e5 l\u00f8sne denne samt l\u00f8sne slangene som er koblet til. Husk \u00e5 stenge sj\u00f8vannskrana f\u00f8r du gj\u00f8r dette! Og husk hvilken slange som skal hvor etterp\u00e5!<\/p>\n<p>Det er litt kronglete \u00e5 komme til i det lille motorrommet p\u00e5 en snekke, men etter\u00a0litt plundring til \u00e5 begynne med s\u00e5 gikk det greit.<\/p>\n<p>Selve impelleren ligger bak sj\u00f8vannspumpa, som drives av en reim. P\u00e5 3GMD er det to skruer som fester sj\u00f8vannspumpa til motoren.<\/p>\n<p>&nbsp;<\/p>\n<p><a href=\"https:\/\/pequod.nesodd1.no\/?attachment_id=7856\" rel=\"attachment wp-att-7856\"><img data-recalc-dims=\"1\" loading=\"lazy\" decoding=\"async\" data-attachment-id=\"7856\" data-permalink=\"https:\/\/pequod.nesodd1.no\/?attachment_id=7856\" data-orig-file=\"https:\/\/i0.wp.com\/pequod.nesodd1.no\/wp-content\/uploads\/2016\/02\/IMG_1067.jpg?fit=2250%2C3000&amp;ssl=1\" data-orig-size=\"2250,3000\" data-comments-opened=\"1\" data-image-meta=\"{&quot;aperture&quot;:&quot;2.2&quot;,&quot;credit&quot;:&quot;&quot;,&quot;camera&quot;:&quot;iPhone 6&quot;,&quot;caption&quot;:&quot;&quot;,&quot;created_timestamp&quot;:&quot;1455459889&quot;,&quot;copyright&quot;:&quot;&quot;,&quot;focal_length&quot;:&quot;4.15&quot;,&quot;iso&quot;:&quot;32&quot;,&quot;shutter_speed&quot;:&quot;0.0222222222222&quot;,&quot;title&quot;:&quot;&quot;,&quot;orientation&quot;:&quot;1&quot;}\" data-image-title=\"IMG_1067.JPG\" data-image-description=\"\" data-image-caption=\"\" data-large-file=\"https:\/\/i0.wp.com\/pequod.nesodd1.no\/wp-content\/uploads\/2016\/02\/IMG_1067.jpg?fit=768%2C1024&amp;ssl=1\" class=\"size-thumbnail wp-image-7856 alignleft\" src=\"https:\/\/i0.wp.com\/pequod.nesodd1.no\/wp-content\/uploads\/2016\/02\/IMG_1067-150x150.jpg?resize=150%2C150\" alt=\"IMG_1067.JPG\" width=\"150\" height=\"150\" srcset=\"https:\/\/i0.wp.com\/pequod.nesodd1.no\/wp-content\/uploads\/2016\/02\/IMG_1067.jpg?resize=150%2C150&amp;ssl=1 150w, https:\/\/i0.wp.com\/pequod.nesodd1.no\/wp-content\/uploads\/2016\/02\/IMG_1067.jpg?zoom=2&amp;resize=150%2C150&amp;ssl=1 300w, https:\/\/i0.wp.com\/pequod.nesodd1.no\/wp-content\/uploads\/2016\/02\/IMG_1067.jpg?zoom=3&amp;resize=150%2C150&amp;ssl=1 450w\" sizes=\"auto, (max-width: 150px) 100vw, 150px\" \/><\/a>P\u00e5 dette bildet\u00a0ser du at jeg har l\u00f8snet den f\u00f8rste skruen. Den andre, den som p\u00e5 dette bildet har litt gr\u00f8nt irr p\u00e5 seg, fungerer ogs\u00e5 som strammer for reima til sj\u00f8vannspumpa. Det er viktig at reima\u00a0er strammet riktig, den skal sitte tett og godt, ikke slarkete, n\u00e5r du skrur den fast igjen. Sitter den for l\u00f8st vil ikke pumpa virke ordentlig og motoren vil f\u00e5 for lite vann (tror i alle fall at det er slik det fungerer&#8230;)<\/p>\n<p>&nbsp;<\/p>\n<p><a href=\"https:\/\/pequod.nesodd1.no\/?attachment_id=7857\" rel=\"attachment wp-att-7857\"><img data-recalc-dims=\"1\" loading=\"lazy\" decoding=\"async\" data-attachment-id=\"7857\" data-permalink=\"https:\/\/pequod.nesodd1.no\/?attachment_id=7857\" data-orig-file=\"https:\/\/i0.wp.com\/pequod.nesodd1.no\/wp-content\/uploads\/2016\/02\/IMG_1070.jpg?fit=3000%2C2250&amp;ssl=1\" data-orig-size=\"3000,2250\" data-comments-opened=\"1\" data-image-meta=\"{&quot;aperture&quot;:&quot;2.2&quot;,&quot;credit&quot;:&quot;&quot;,&quot;camera&quot;:&quot;iPhone 6&quot;,&quot;caption&quot;:&quot;&quot;,&quot;created_timestamp&quot;:&quot;1455460313&quot;,&quot;copyright&quot;:&quot;&quot;,&quot;focal_length&quot;:&quot;4.15&quot;,&quot;iso&quot;:&quot;250&quot;,&quot;shutter_speed&quot;:&quot;0.0333333333333&quot;,&quot;title&quot;:&quot;&quot;,&quot;orientation&quot;:&quot;1&quot;}\" data-image-title=\"IMG_1070.JPG\" data-image-description=\"\" data-image-caption=\"\" data-large-file=\"https:\/\/i0.wp.com\/pequod.nesodd1.no\/wp-content\/uploads\/2016\/02\/IMG_1070.jpg?fit=940%2C705&amp;ssl=1\" class=\"size-thumbnail wp-image-7857 alignleft\" src=\"https:\/\/i0.wp.com\/pequod.nesodd1.no\/wp-content\/uploads\/2016\/02\/IMG_1070-150x150.jpg?resize=150%2C150\" alt=\"IMG_1070.JPG\" width=\"150\" height=\"150\" srcset=\"https:\/\/i0.wp.com\/pequod.nesodd1.no\/wp-content\/uploads\/2016\/02\/IMG_1070.jpg?resize=150%2C150&amp;ssl=1 150w, https:\/\/i0.wp.com\/pequod.nesodd1.no\/wp-content\/uploads\/2016\/02\/IMG_1070.jpg?zoom=2&amp;resize=150%2C150&amp;ssl=1 300w, https:\/\/i0.wp.com\/pequod.nesodd1.no\/wp-content\/uploads\/2016\/02\/IMG_1070.jpg?zoom=3&amp;resize=150%2C150&amp;ssl=1 450w\" sizes=\"auto, (max-width: 150px) 100vw, 150px\" \/><\/a><\/p>\n<p>P\u00e5 dette\u00a0tredje bildet er hele pumpehuset skrudd l\u00f8s og ligger p\u00e5 d\u00f8rken. Ogs\u00e5 de to slangene er l\u00f8snet.<\/p>\n<p>Lokket til impellerhuset er festet med seks sm\u00e5 skruer. Her har jeg l\u00f8snet en av dem og har fem igjen&#8230;<\/p>\n<p>&nbsp;<\/p>\n<p>&nbsp;<\/p>\n<p><a href=\"https:\/\/pequod.nesodd1.no\/?attachment_id=7858\" rel=\"attachment wp-att-7858\"><img data-recalc-dims=\"1\" loading=\"lazy\" decoding=\"async\" data-attachment-id=\"7858\" data-permalink=\"https:\/\/pequod.nesodd1.no\/?attachment_id=7858\" data-orig-file=\"https:\/\/i0.wp.com\/pequod.nesodd1.no\/wp-content\/uploads\/2016\/02\/IMG_1071.jpg?fit=3000%2C2250&amp;ssl=1\" data-orig-size=\"3000,2250\" data-comments-opened=\"1\" data-image-meta=\"{&quot;aperture&quot;:&quot;2.2&quot;,&quot;credit&quot;:&quot;&quot;,&quot;camera&quot;:&quot;iPhone 6&quot;,&quot;caption&quot;:&quot;&quot;,&quot;created_timestamp&quot;:&quot;1455460626&quot;,&quot;copyright&quot;:&quot;&quot;,&quot;focal_length&quot;:&quot;4.15&quot;,&quot;iso&quot;:&quot;250&quot;,&quot;shutter_speed&quot;:&quot;0.0333333333333&quot;,&quot;title&quot;:&quot;&quot;,&quot;orientation&quot;:&quot;1&quot;}\" data-image-title=\"IMG_1071.JPG\" data-image-description=\"\" data-image-caption=\"\" data-large-file=\"https:\/\/i0.wp.com\/pequod.nesodd1.no\/wp-content\/uploads\/2016\/02\/IMG_1071.jpg?fit=940%2C705&amp;ssl=1\" class=\"alignleft size-thumbnail wp-image-7858\" src=\"https:\/\/i0.wp.com\/pequod.nesodd1.no\/wp-content\/uploads\/2016\/02\/IMG_1071-150x150.jpg?resize=150%2C150\" alt=\"IMG_1071.JPG\" width=\"150\" height=\"150\" srcset=\"https:\/\/i0.wp.com\/pequod.nesodd1.no\/wp-content\/uploads\/2016\/02\/IMG_1071.jpg?resize=150%2C150&amp;ssl=1 150w, https:\/\/i0.wp.com\/pequod.nesodd1.no\/wp-content\/uploads\/2016\/02\/IMG_1071.jpg?zoom=2&amp;resize=150%2C150&amp;ssl=1 300w, https:\/\/i0.wp.com\/pequod.nesodd1.no\/wp-content\/uploads\/2016\/02\/IMG_1071.jpg?zoom=3&amp;resize=150%2C150&amp;ssl=1 450w\" sizes=\"auto, (max-width: 150px) 100vw, 150px\" \/><\/a>P\u00e5 bilde nummer fire er lokket l\u00f8snet og du ser impelleren. Den ser ikke veldig d\u00e5rlig ut, men en av vingene ser ut til \u00e5 ha f\u00e5tt en knekk, s\u00e5 den er moden for utskiftning for sikkerhets skyld.<\/p>\n<p>Under lokket ligger det ogs\u00e5 en pakning rundt, som jeg har fjernet her for \u00e5 skifte samtidig. Legg ogs\u00e5 merke til retningen som vingene p\u00e5 impelleren har, for n\u00e5r du skal sette inn den nye, skal vingene ligge i samme retning.<\/p>\n<p>&nbsp;<\/p>\n<p><a href=\"https:\/\/pequod.nesodd1.no\/?attachment_id=7859\" rel=\"attachment wp-att-7859\"><img data-recalc-dims=\"1\" loading=\"lazy\" decoding=\"async\" data-attachment-id=\"7859\" data-permalink=\"https:\/\/pequod.nesodd1.no\/?attachment_id=7859\" data-orig-file=\"https:\/\/i0.wp.com\/pequod.nesodd1.no\/wp-content\/uploads\/2016\/02\/IMG_1072.jpg?fit=3000%2C2250&amp;ssl=1\" data-orig-size=\"3000,2250\" data-comments-opened=\"1\" data-image-meta=\"{&quot;aperture&quot;:&quot;2.2&quot;,&quot;credit&quot;:&quot;&quot;,&quot;camera&quot;:&quot;iPhone 6&quot;,&quot;caption&quot;:&quot;&quot;,&quot;created_timestamp&quot;:&quot;1455461099&quot;,&quot;copyright&quot;:&quot;&quot;,&quot;focal_length&quot;:&quot;4.15&quot;,&quot;iso&quot;:&quot;200&quot;,&quot;shutter_speed&quot;:&quot;0.0333333333333&quot;,&quot;title&quot;:&quot;&quot;,&quot;orientation&quot;:&quot;1&quot;}\" data-image-title=\"IMG_1072.JPG\" data-image-description=\"\" data-image-caption=\"\" data-large-file=\"https:\/\/i0.wp.com\/pequod.nesodd1.no\/wp-content\/uploads\/2016\/02\/IMG_1072.jpg?fit=940%2C705&amp;ssl=1\" class=\"size-thumbnail wp-image-7859 alignleft\" src=\"https:\/\/i0.wp.com\/pequod.nesodd1.no\/wp-content\/uploads\/2016\/02\/IMG_1072-150x150.jpg?resize=150%2C150\" alt=\"IMG_1072.JPG\" width=\"150\" height=\"150\" srcset=\"https:\/\/i0.wp.com\/pequod.nesodd1.no\/wp-content\/uploads\/2016\/02\/IMG_1072.jpg?resize=150%2C150&amp;ssl=1 150w, https:\/\/i0.wp.com\/pequod.nesodd1.no\/wp-content\/uploads\/2016\/02\/IMG_1072.jpg?zoom=2&amp;resize=150%2C150&amp;ssl=1 300w, https:\/\/i0.wp.com\/pequod.nesodd1.no\/wp-content\/uploads\/2016\/02\/IMG_1072.jpg?zoom=3&amp;resize=150%2C150&amp;ssl=1 450w\" sizes=\"auto, (max-width: 150px) 100vw, 150px\" \/><\/a>Til \u00e5 ta ut impelleren bruker jeg en impellertang (bildet).<\/p>\n<p>Jeg kj\u00f8pte den som fersk b\u00e5tbruker og den kan kanskje virke veldig sv\u00e6r til en slik liten impeller, men den fungerer fint, s\u00e5 jeg bruker den.<\/p>\n<p>Andre bruker en helt vanlig tang, men som nybegynner synes jeg det var greit \u00e5 benytte denne, s\u00e5 jeg har fortsatt med det.<\/p>\n<p>&nbsp;<\/p>\n<p><a href=\"https:\/\/pequod.nesodd1.no\/?attachment_id=7860\" rel=\"attachment wp-att-7860\"><img data-recalc-dims=\"1\" loading=\"lazy\" decoding=\"async\" data-attachment-id=\"7860\" data-permalink=\"https:\/\/pequod.nesodd1.no\/?attachment_id=7860\" data-orig-file=\"https:\/\/i0.wp.com\/pequod.nesodd1.no\/wp-content\/uploads\/2016\/02\/IMG_1073.jpg?fit=3000%2C2250&amp;ssl=1\" data-orig-size=\"3000,2250\" data-comments-opened=\"1\" data-image-meta=\"{&quot;aperture&quot;:&quot;2.2&quot;,&quot;credit&quot;:&quot;&quot;,&quot;camera&quot;:&quot;iPhone 6&quot;,&quot;caption&quot;:&quot;&quot;,&quot;created_timestamp&quot;:&quot;1455461530&quot;,&quot;copyright&quot;:&quot;&quot;,&quot;focal_length&quot;:&quot;4.15&quot;,&quot;iso&quot;:&quot;200&quot;,&quot;shutter_speed&quot;:&quot;0.0333333333333&quot;,&quot;title&quot;:&quot;&quot;,&quot;orientation&quot;:&quot;1&quot;}\" data-image-title=\"IMG_1073.JPG\" data-image-description=\"\" data-image-caption=\"\" data-large-file=\"https:\/\/i0.wp.com\/pequod.nesodd1.no\/wp-content\/uploads\/2016\/02\/IMG_1073.jpg?fit=940%2C705&amp;ssl=1\" class=\"alignleft size-thumbnail wp-image-7860\" src=\"https:\/\/i0.wp.com\/pequod.nesodd1.no\/wp-content\/uploads\/2016\/02\/IMG_1073-150x150.jpg?resize=150%2C150\" alt=\"IMG_1073.JPG\" width=\"150\" height=\"150\" srcset=\"https:\/\/i0.wp.com\/pequod.nesodd1.no\/wp-content\/uploads\/2016\/02\/IMG_1073.jpg?resize=150%2C150&amp;ssl=1 150w, https:\/\/i0.wp.com\/pequod.nesodd1.no\/wp-content\/uploads\/2016\/02\/IMG_1073.jpg?zoom=2&amp;resize=150%2C150&amp;ssl=1 300w, https:\/\/i0.wp.com\/pequod.nesodd1.no\/wp-content\/uploads\/2016\/02\/IMG_1073.jpg?zoom=3&amp;resize=150%2C150&amp;ssl=1 450w\" sizes=\"auto, (max-width: 150px) 100vw, 150px\" \/><\/a>Ny impeller er satt inn, vingene er b\u00f8yd i riktig retning, og en ny pakning er lagt p\u00e5 plass. Det er viktig at du setter inn den nye impelleren med\u00a0vingene b\u00f8yd i samme retning som den gamle.<\/p>\n<p>Du kan bruke en liten strips for \u00e5 b\u00f8ye vingene riktig n\u00e5r du setter inn impelleren, og fjerne stripsen n\u00e5r impelleren er p\u00e5 plass.<\/p>\n<p>N\u00e5 skal lokket skrues p\u00e5 igjen og alt skrus tilbake p\u00e5 motoren.<\/p>\n<p>Alt fungerte bra da jeg startet motoren igjen, og kj\u00f8levannet kom ut sammen med eksosen bak &#8211; noe det ikke gjorde f\u00f8r jeg byttet &#8211; s\u00e5 dermed kan jeg trekke den slutningen at byttet var korrekt utf\u00f8rt!<\/p>\n<h3>Related Images:<\/h3>","protected":false},"excerpt":{"rendered":"<p>Verkt\u00f8y du trenger:\u00a0Skiftn\u00f8kkel, skrujern, impellertang\/annen passende tang. Tidsbruk: Cirka 1 time &#8211; avhengig av plass og plassering i motorrommet. Vanskelighetsgrad: Middels Her f\u00f8lger en oppskrift med bilder av hvordan du bytter en impeller i sj\u00f8vannspumpa p\u00e5 en Yanmar 3GMD (sj\u00f8vannskj\u00f8lt). Jeg garanterer ikke at det er helt riktig gjort, men byttet fungerte i alle fall, &hellip;<br \/><a href=\"https:\/\/pequod.nesodd1.no\/?page_id=7923\" class=\"more-link pen_element_default pen_icon_arrow_double\">Les<\/a><\/p>\n","protected":false},"author":1,"featured_media":0,"parent":7896,"menu_order":0,"comment_status":"closed","ping_status":"closed","template":"","meta":{"_crdt_document":"","ngg_post_thumbnail":0,"jetpack_post_was_ever_published":false,"footnotes":""},"class_list":["post-7923","page","type-page","status-publish","hentry"],"jetpack_shortlink":"https:\/\/wp.me\/P3Zd9b-23N","jetpack_sharing_enabled":true,"jetpack_likes_enabled":true,"jetpack-related-posts":[],"_links":{"self":[{"href":"https:\/\/pequod.nesodd1.no\/index.php?rest_route=\/wp\/v2\/pages\/7923","targetHints":{"allow":["GET"]}}],"collection":[{"href":"https:\/\/pequod.nesodd1.no\/index.php?rest_route=\/wp\/v2\/pages"}],"about":[{"href":"https:\/\/pequod.nesodd1.no\/index.php?rest_route=\/wp\/v2\/types\/page"}],"author":[{"embeddable":true,"href":"https:\/\/pequod.nesodd1.no\/index.php?rest_route=\/wp\/v2\/users\/1"}],"replies":[{"embeddable":true,"href":"https:\/\/pequod.nesodd1.no\/index.php?rest_route=%2Fwp%2Fv2%2Fcomments&post=7923"}],"version-history":[{"count":3,"href":"https:\/\/pequod.nesodd1.no\/index.php?rest_route=\/wp\/v2\/pages\/7923\/revisions"}],"predecessor-version":[{"id":10257,"href":"https:\/\/pequod.nesodd1.no\/index.php?rest_route=\/wp\/v2\/pages\/7923\/revisions\/10257"}],"up":[{"embeddable":true,"href":"https:\/\/pequod.nesodd1.no\/index.php?rest_route=\/wp\/v2\/pages\/7896"}],"wp:attachment":[{"href":"https:\/\/pequod.nesodd1.no\/index.php?rest_route=%2Fwp%2Fv2%2Fmedia&parent=7923"}],"curies":[{"name":"wp","href":"https:\/\/api.w.org\/{rel}","templated":true}]}}