{"id":835,"date":"2013-11-05T21:47:55","date_gmt":"2013-11-05T20:47:55","guid":{"rendered":"https:\/\/pequod.nesodd1.no\/?page_id=835"},"modified":"2014-11-19T23:04:16","modified_gmt":"2014-11-19T22:04:16","slug":"tvers-over-oslofjorden-5-november-2013","status":"publish","type":"page","link":"https:\/\/pequod.nesodd1.no\/?page_id=835","title":{"rendered":"Tvers over Oslofjorden 5. november 2013"},"content":{"rendered":"<p>Min f\u00f8rste tur rett over Oslofjorden, ikke p\u00e5 langs. Tok sikte p\u00e5 Asker\/B\u00e6rumsiden og Vassholmene. Kj\u00f8rte gjennom Vassholmene og mot Snar\u00f8ysundet f\u00f8r jeg valgte \u00e5 snu p\u00e5 grunn av at det begynte \u00e5 m\u00f8rkne. Kj\u00f8rte deretter rett over fjorden mot Nesodden og havnet litt f\u00f8r Flaskebekk i n\u00e6rheten av Hestel\u00f8kkagrunnen f\u00f8r jeg kj\u00f8rte langsetter land, og rundet Nesoddtangen p\u00e5 vei tilbake til Oksval.<\/p>\n<p>&nbsp;<\/p>\n\n            <!-- Blueimp gallery -->\n            <div id=\"blueimp-gallery-6222\" class=\"blueimp-gallery blueimp-gallery-controls\">\n                <div class=\"slides\"><\/div>\n                <h3 class=\"title\"><\/h3>\n                <a class=\"prev\">\u2039<\/a>\n                <a class=\"next\">\u203a<\/a>\n                <a class=\"close\">\u00d7<\/a>\n                <a class=\"play-pause\"><\/a>\n                <ol class=\"indicator\"><\/ol>\n                <div class=\"modal fade\">\n                    <div class=\"modal-dialog\">\n                        <div class=\"modal-content\">\n                            <div class=\"modal-header\">\n                                <button type=\"button\" class=\"close\" aria-hidden=\"true\">\u00d7<\/button>\n                                <h4 class=\"modal-title\"><\/h4>\n                            <\/div>\n                            <div class=\"modal-body next\"><\/div>\n                            <div class=\"modal-footer\">\n                                <button type=\"button\" class=\"btn btn-default pull-left prev\">\n                                    <i class=\"glyphicon glyphicon-chevron-left\"><\/i>\n                                    Previous                                <\/button>\n                                <button type=\"button\" class=\"btn btn-primary next\">\n                                    Next                                    <i class=\"glyphicon glyphicon-chevron-right\"><\/i>\n                                <\/button>\n                            <\/div>\n                        <\/div>\n                    <\/div>\n                <\/div>\n            <\/div>\n\n            <script data-jetpack-boost=\"ignore\" type=\"text\/javascript\">\n            jQuery(function() {\n                jQuery.extend(blueimp.Gallery.prototype.options, {\n                    useBootstrapModal: false,\n                    hidePageScrollbars: false,\n                    container: \"#blueimp-gallery-6222\",\n                });\n            });\n            <\/script>\n\n            \n<h3>Related Images:<\/h3>","protected":false},"excerpt":{"rendered":"<p>Min f\u00f8rste tur rett over Oslofjorden, ikke p\u00e5 langs. Tok sikte p\u00e5 Asker\/B\u00e6rumsiden og Vassholmene. Kj\u00f8rte gjennom Vassholmene og mot Snar\u00f8ysundet f\u00f8r jeg valgte \u00e5 snu p\u00e5 grunn av at det begynte \u00e5 m\u00f8rkne. Kj\u00f8rte deretter rett over fjorden mot Nesodden og havnet litt f\u00f8r Flaskebekk i n\u00e6rheten av Hestel\u00f8kkagrunnen f\u00f8r jeg kj\u00f8rte langsetter land, &hellip;<br \/><a href=\"https:\/\/pequod.nesodd1.no\/?p=6222\" class=\"more-link pen_element_default pen_icon_arrow_double\">Les<\/a><\/p>\n","protected":false},"author":1,"featured_media":0,"parent":122,"menu_order":0,"comment_status":"open","ping_status":"open","template":"","meta":{"_crdt_document":"","ngg_post_thumbnail":0,"jetpack_post_was_ever_published":false,"footnotes":""},"class_list":["post-835","page","type-page","status-publish","hentry"],"jetpack_shortlink":"https:\/\/wp.me\/P3Zd9b-dt","jetpack_sharing_enabled":true,"jetpack_likes_enabled":true,"jetpack-related-posts":[],"_links":{"self":[{"href":"https:\/\/pequod.nesodd1.no\/index.php?rest_route=\/wp\/v2\/pages\/835","targetHints":{"allow":["GET"]}}],"collection":[{"href":"https:\/\/pequod.nesodd1.no\/index.php?rest_route=\/wp\/v2\/pages"}],"about":[{"href":"https:\/\/pequod.nesodd1.no\/index.php?rest_route=\/wp\/v2\/types\/page"}],"author":[{"embeddable":true,"href":"https:\/\/pequod.nesodd1.no\/index.php?rest_route=\/wp\/v2\/users\/1"}],"replies":[{"embeddable":true,"href":"https:\/\/pequod.nesodd1.no\/index.php?rest_route=%2Fwp%2Fv2%2Fcomments&post=835"}],"version-history":[{"count":3,"href":"https:\/\/pequod.nesodd1.no\/index.php?rest_route=\/wp\/v2\/pages\/835\/revisions"}],"predecessor-version":[{"id":6223,"href":"https:\/\/pequod.nesodd1.no\/index.php?rest_route=\/wp\/v2\/pages\/835\/revisions\/6223"}],"up":[{"embeddable":true,"href":"https:\/\/pequod.nesodd1.no\/index.php?rest_route=\/wp\/v2\/pages\/122"}],"wp:attachment":[{"href":"https:\/\/pequod.nesodd1.no\/index.php?rest_route=%2Fwp%2Fv2%2Fmedia&parent=835"}],"curies":[{"name":"wp","href":"https:\/\/api.w.org\/{rel}","templated":true}]}}