{"id":8393,"date":"2016-03-29T13:15:42","date_gmt":"2016-03-29T11:15:42","guid":{"rendered":"https:\/\/pequod.nesodd1.no\/?page_id=8393"},"modified":"2017-03-30T22:43:22","modified_gmt":"2017-03-30T20:43:22","slug":"forste-battur-etter-amputasjonen-25-mai-2015","status":"publish","type":"page","link":"https:\/\/pequod.nesodd1.no\/?page_id=8393","title":{"rendered":"F\u00f8rste b\u00e5ttur etter amputasjonen &#8211; 25. mai 2015"},"content":{"rendered":"<p>Dr\u00f8ye \u00e9n m\u00e5ned etter at jeg ble amputert, og uten protese, fikk jeg meg en b\u00e5ttur igjen, godt assistert av Richard Adams. Bilder tatt av meg, Richard og Kathrine Berg. Det ble ikke s\u00e5 mange bilder da jeg var mer opptatt av \u00e5 endelig v\u00e6re tilbake p\u00e5 sj\u00f8en igjen!<\/p>\n<p>&nbsp;<\/p>\n\n            <!-- Blueimp gallery -->\n            <div id=\"blueimp-gallery-8392\" class=\"blueimp-gallery blueimp-gallery-controls\">\n                <div class=\"slides\"><\/div>\n                <h3 class=\"title\"><\/h3>\n                <a class=\"prev\">\u2039<\/a>\n                <a class=\"next\">\u203a<\/a>\n                <a class=\"close\">\u00d7<\/a>\n                <a class=\"play-pause\"><\/a>\n                <ol class=\"indicator\"><\/ol>\n                <div class=\"modal fade\">\n                    <div class=\"modal-dialog\">\n                        <div class=\"modal-content\">\n                            <div class=\"modal-header\">\n                                <button type=\"button\" class=\"close\" aria-hidden=\"true\">\u00d7<\/button>\n                                <h4 class=\"modal-title\"><\/h4>\n                            <\/div>\n                            <div class=\"modal-body next\"><\/div>\n                            <div class=\"modal-footer\">\n                                <button type=\"button\" class=\"btn btn-default pull-left prev\">\n                                    <i class=\"glyphicon glyphicon-chevron-left\"><\/i>\n                                    Previous                                <\/button>\n                                <button type=\"button\" class=\"btn btn-primary next\">\n                                    Next                                    <i class=\"glyphicon glyphicon-chevron-right\"><\/i>\n                                <\/button>\n                            <\/div>\n                        <\/div>\n                    <\/div>\n                <\/div>\n            <\/div>\n\n            <script data-jetpack-boost=\"ignore\" type=\"text\/javascript\">\n            jQuery(function() {\n                jQuery.extend(blueimp.Gallery.prototype.options, {\n                    useBootstrapModal: false,\n                    hidePageScrollbars: false,\n                    container: \"#blueimp-gallery-8392\",\n                });\n            });\n            <\/script>\n\n            \n<h3>Related Images:<\/h3>","protected":false},"excerpt":{"rendered":"<p>Dr\u00f8ye \u00e9n m\u00e5ned etter at jeg ble amputert, og uten protese, fikk jeg meg en b\u00e5ttur igjen, godt assistert av Richard Adams. Bilder tatt av meg, Richard og Kathrine Berg. Det ble ikke s\u00e5 mange bilder da jeg var mer opptatt av \u00e5 endelig v\u00e6re tilbake p\u00e5 sj\u00f8en igjen! &nbsp; Related Images:<\/p>\n","protected":false},"author":1,"featured_media":6836,"parent":6605,"menu_order":0,"comment_status":"closed","ping_status":"closed","template":"","meta":{"_crdt_document":"","ngg_post_thumbnail":0,"jetpack_post_was_ever_published":false,"footnotes":""},"class_list":["post-8393","page","type-page","status-publish","has-post-thumbnail","hentry"],"jetpack_shortlink":"https:\/\/wp.me\/P3Zd9b-2bn","jetpack_sharing_enabled":true,"jetpack_likes_enabled":true,"jetpack-related-posts":[],"_links":{"self":[{"href":"https:\/\/pequod.nesodd1.no\/index.php?rest_route=\/wp\/v2\/pages\/8393","targetHints":{"allow":["GET"]}}],"collection":[{"href":"https:\/\/pequod.nesodd1.no\/index.php?rest_route=\/wp\/v2\/pages"}],"about":[{"href":"https:\/\/pequod.nesodd1.no\/index.php?rest_route=\/wp\/v2\/types\/page"}],"author":[{"embeddable":true,"href":"https:\/\/pequod.nesodd1.no\/index.php?rest_route=\/wp\/v2\/users\/1"}],"replies":[{"embeddable":true,"href":"https:\/\/pequod.nesodd1.no\/index.php?rest_route=%2Fwp%2Fv2%2Fcomments&post=8393"}],"version-history":[{"count":1,"href":"https:\/\/pequod.nesodd1.no\/index.php?rest_route=\/wp\/v2\/pages\/8393\/revisions"}],"predecessor-version":[{"id":8394,"href":"https:\/\/pequod.nesodd1.no\/index.php?rest_route=\/wp\/v2\/pages\/8393\/revisions\/8394"}],"up":[{"embeddable":true,"href":"https:\/\/pequod.nesodd1.no\/index.php?rest_route=\/wp\/v2\/pages\/6605"}],"wp:featuredmedia":[{"embeddable":true,"href":"https:\/\/pequod.nesodd1.no\/index.php?rest_route=\/wp\/v2\/media\/6836"}],"wp:attachment":[{"href":"https:\/\/pequod.nesodd1.no\/index.php?rest_route=%2Fwp%2Fv2%2Fmedia&parent=8393"}],"curies":[{"name":"wp","href":"https:\/\/api.w.org\/{rel}","templated":true}]}}