{"id":8553,"date":"2016-04-11T19:33:41","date_gmt":"2016-04-11T17:33:41","guid":{"rendered":"https:\/\/pequod.nesodd1.no\/?page_id=8553"},"modified":"2025-03-30T19:45:16","modified_gmt":"2025-03-30T17:45:16","slug":"asgardstrand-gjestehavn","status":"publish","type":"page","link":"https:\/\/pequod.nesodd1.no\/?page_id=8553","title":{"rendered":"\u00c5sg\u00e5rdstrand gjestehavn"},"content":{"rendered":"<p><strong>Vurdering (5 anker er best): <a href=\"https:\/\/i0.wp.com\/pequod.nesodd1.no\/wp-content\/uploads\/2019\/10\/klistremerker-anker-og-tau-design.jpg.jpg?ssl=1\"><img data-recalc-dims=\"1\" loading=\"lazy\" decoding=\"async\" data-attachment-id=\"16489\" data-permalink=\"https:\/\/pequod.nesodd1.no\/?attachment_id=16489\" data-orig-file=\"https:\/\/i0.wp.com\/pequod.nesodd1.no\/wp-content\/uploads\/2019\/10\/klistremerker-anker-og-tau-design.jpg.jpg?fit=25%2C25&amp;ssl=1\" data-orig-size=\"25,25\" data-comments-opened=\"1\" data-image-meta=\"{&quot;aperture&quot;:&quot;0&quot;,&quot;credit&quot;:&quot;tribalium81&quot;,&quot;camera&quot;:&quot;&quot;,&quot;caption&quot;:&quot;&quot;,&quot;created_timestamp&quot;:&quot;0&quot;,&quot;copyright&quot;:&quot;tribalium81&quot;,&quot;focal_length&quot;:&quot;0&quot;,&quot;iso&quot;:&quot;0&quot;,&quot;shutter_speed&quot;:&quot;0&quot;,&quot;title&quot;:&quot;anchor and rope design&quot;,&quot;orientation&quot;:&quot;1&quot;}\" data-image-title=\"anchor and rope design\" data-image-description=\"\" data-image-caption=\"\" data-large-file=\"https:\/\/i0.wp.com\/pequod.nesodd1.no\/wp-content\/uploads\/2019\/10\/klistremerker-anker-og-tau-design.jpg.jpg?fit=25%2C25&amp;ssl=1\" class=\"alignnone size-full wp-image-16489\" src=\"https:\/\/i0.wp.com\/pequod.nesodd1.no\/wp-content\/uploads\/2019\/10\/klistremerker-anker-og-tau-design.jpg.jpg?resize=25%2C25&#038;ssl=1\" alt=\"\" width=\"25\" height=\"25\"><\/a><a href=\"https:\/\/i0.wp.com\/pequod.nesodd1.no\/wp-content\/uploads\/2019\/10\/klistremerker-anker-og-tau-design.jpg.jpg?ssl=1\"><img data-recalc-dims=\"1\" loading=\"lazy\" decoding=\"async\" data-attachment-id=\"16489\" data-permalink=\"https:\/\/pequod.nesodd1.no\/?attachment_id=16489\" data-orig-file=\"https:\/\/i0.wp.com\/pequod.nesodd1.no\/wp-content\/uploads\/2019\/10\/klistremerker-anker-og-tau-design.jpg.jpg?fit=25%2C25&amp;ssl=1\" data-orig-size=\"25,25\" data-comments-opened=\"1\" data-image-meta=\"{&quot;aperture&quot;:&quot;0&quot;,&quot;credit&quot;:&quot;tribalium81&quot;,&quot;camera&quot;:&quot;&quot;,&quot;caption&quot;:&quot;&quot;,&quot;created_timestamp&quot;:&quot;0&quot;,&quot;copyright&quot;:&quot;tribalium81&quot;,&quot;focal_length&quot;:&quot;0&quot;,&quot;iso&quot;:&quot;0&quot;,&quot;shutter_speed&quot;:&quot;0&quot;,&quot;title&quot;:&quot;anchor and rope design&quot;,&quot;orientation&quot;:&quot;1&quot;}\" data-image-title=\"anchor and rope design\" data-image-description=\"\" data-image-caption=\"\" data-large-file=\"https:\/\/i0.wp.com\/pequod.nesodd1.no\/wp-content\/uploads\/2019\/10\/klistremerker-anker-og-tau-design.jpg.jpg?fit=25%2C25&amp;ssl=1\" class=\"alignnone size-full wp-image-16489\" src=\"https:\/\/i0.wp.com\/pequod.nesodd1.no\/wp-content\/uploads\/2019\/10\/klistremerker-anker-og-tau-design.jpg.jpg?resize=25%2C25&#038;ssl=1\" alt=\"\" width=\"25\" height=\"25\"><\/a><a href=\"https:\/\/i0.wp.com\/pequod.nesodd1.no\/wp-content\/uploads\/2019\/10\/klistremerker-anker-og-tau-design.jpg.jpg?ssl=1\"><img data-recalc-dims=\"1\" loading=\"lazy\" decoding=\"async\" data-attachment-id=\"16489\" data-permalink=\"https:\/\/pequod.nesodd1.no\/?attachment_id=16489\" data-orig-file=\"https:\/\/i0.wp.com\/pequod.nesodd1.no\/wp-content\/uploads\/2019\/10\/klistremerker-anker-og-tau-design.jpg.jpg?fit=25%2C25&amp;ssl=1\" data-orig-size=\"25,25\" data-comments-opened=\"1\" data-image-meta=\"{&quot;aperture&quot;:&quot;0&quot;,&quot;credit&quot;:&quot;tribalium81&quot;,&quot;camera&quot;:&quot;&quot;,&quot;caption&quot;:&quot;&quot;,&quot;created_timestamp&quot;:&quot;0&quot;,&quot;copyright&quot;:&quot;tribalium81&quot;,&quot;focal_length&quot;:&quot;0&quot;,&quot;iso&quot;:&quot;0&quot;,&quot;shutter_speed&quot;:&quot;0&quot;,&quot;title&quot;:&quot;anchor and rope design&quot;,&quot;orientation&quot;:&quot;1&quot;}\" data-image-title=\"anchor and rope design\" data-image-description=\"\" data-image-caption=\"\" data-large-file=\"https:\/\/i0.wp.com\/pequod.nesodd1.no\/wp-content\/uploads\/2019\/10\/klistremerker-anker-og-tau-design.jpg.jpg?fit=25%2C25&amp;ssl=1\" class=\"alignnone size-full wp-image-16489\" src=\"https:\/\/i0.wp.com\/pequod.nesodd1.no\/wp-content\/uploads\/2019\/10\/klistremerker-anker-og-tau-design.jpg.jpg?resize=25%2C25&#038;ssl=1\" alt=\"\" width=\"25\" height=\"25\"><\/a><\/strong><br \/>\n<b>Posisjon:<\/b> 59\u00b021&#8217;1.4&#8243;N 10\u00b028&#8217;20.7&#8243;E<br \/>\n<b>Bes\u00f8kt antall ganger:<\/b> 2 <b>Sist bes\u00f8kt:<\/b> 30.6-01.07.2020 <a href=\"https:\/\/www.hortenhavn.no\/vaer-og-vind-webkamera\/#cam-3\" target=\"_blank\" rel=\"noopener\">Webkamera<\/a><br \/>\n<b>Fasiliteter:<\/b> Servicebygg med dusj og toaletter. Str\u00f8m og vann. Butikker og restauranter s\u00e5 og si p\u00e5 bryggekanten. Drivstoff.<br \/>\n<b>Havneavgift (for 29-foter): 250 NOK<\/b>. Betalingsautomat<br \/>\n<strong>Fort\u00f8yning:&nbsp;<\/strong>Langsides, b\u00e5s.<br \/>\n<b>Tilrettelagt for funksjonshemmede:&nbsp;<\/b>Nei. Det er handicaptoalett, men vanskelig \u00e5 komme seg dit. Fra longsideplassene er det umulig for en rullestolbruker. Og det er ikke noe s\u00e6rlig bedre fra b\u00e5splassene. Noe enklere fra de nye b\u00e5sene, men fortsatt en liten fysisk hindring \u00e5 komme seg opp fra utriggeren og opp p\u00e5 brygga ved moloen.<\/p>\n<figure id=\"attachment_8589\" aria-describedby=\"caption-attachment-8589\" style=\"width: 300px\" class=\"wp-caption alignleft\"><a href=\"https:\/\/pequod.nesodd1.no\/?attachment_id=8589\" rel=\"attachment wp-att-8589\"><img data-recalc-dims=\"1\" loading=\"lazy\" decoding=\"async\" data-attachment-id=\"8589\" data-permalink=\"https:\/\/pequod.nesodd1.no\/?attachment_id=8589\" data-orig-file=\"https:\/\/i0.wp.com\/pequod.nesodd1.no\/wp-content\/uploads\/2016\/04\/IMG_9674.jpg?fit=800%2C534&amp;ssl=1\" data-orig-size=\"800,534\" data-comments-opened=\"1\" data-image-meta=\"{&quot;aperture&quot;:&quot;7.1&quot;,&quot;credit&quot;:&quot;Picasa&quot;,&quot;camera&quot;:&quot;Canon EOS 700D&quot;,&quot;caption&quot;:&quot;&quot;,&quot;created_timestamp&quot;:&quot;1460271360&quot;,&quot;copyright&quot;:&quot;&quot;,&quot;focal_length&quot;:&quot;18&quot;,&quot;iso&quot;:&quot;100&quot;,&quot;shutter_speed&quot;:&quot;0.008&quot;,&quot;title&quot;:&quot;&quot;,&quot;orientation&quot;:&quot;0&quot;}\" data-image-title=\"IMG_9674\" data-image-description=\"&lt;p&gt;\u00c5sg\u00e5rdstrand&lt;\/p&gt;\n\" data-image-caption=\"&lt;p&gt;Kronglete for en enbent skipper&amp;#8230;&lt;\/p&gt;\n\" data-large-file=\"https:\/\/i0.wp.com\/pequod.nesodd1.no\/wp-content\/uploads\/2016\/04\/IMG_9674.jpg?fit=800%2C534&amp;ssl=1\" class=\"size-medium wp-image-8589\" src=\"https:\/\/i0.wp.com\/pequod.nesodd1.no\/wp-content\/uploads\/2016\/04\/IMG_9674-300x200.jpg?resize=300%2C200\" alt=\"Kronglete for en enbent skipper...\" width=\"300\" height=\"200\" srcset=\"https:\/\/i0.wp.com\/pequod.nesodd1.no\/wp-content\/uploads\/2016\/04\/IMG_9674.jpg?resize=300%2C200&amp;ssl=1 300w, https:\/\/i0.wp.com\/pequod.nesodd1.no\/wp-content\/uploads\/2016\/04\/IMG_9674.jpg?resize=768%2C513&amp;ssl=1 768w, https:\/\/i0.wp.com\/pequod.nesodd1.no\/wp-content\/uploads\/2016\/04\/IMG_9674.jpg?w=800&amp;ssl=1 800w\" sizes=\"auto, (max-width: 300px) 100vw, 300px\" \/><\/a><figcaption id=\"caption-attachment-8589\" class=\"wp-caption-text\">Kronglete for en enbent skipper&#8230;<\/figcaption><\/figure>\n<p>\u00c5 bes\u00f8ke \u00c5sg\u00e5rdstrand i begynnelsen av april er kanskje ikke noe sjakktrekk. S\u00f8rlandsidyllen i Vestfold er noe mindre idyllisk enn stedet har godt av en sen l\u00f8rdagskveld. Det var nemlig d\u00f8dt. helt d\u00f8dt. Eneste jeg fant \u00e5pent var et lite pizzasted egentlig beregnet p\u00e5 utkj\u00f8ring.<\/p>\n<p>Gjestehavna var fors\u00e5vidt grei den. Mange longsideplasser og et hj\u00f8rne med b\u00e5splasser. Ellers s\u00e5 den noe uferdig ut tidlig i april.&nbsp; P\u00e5 den longsideplassen jeg la meg til var det ikke noe str\u00f8m i sikte, men det var ikke vann i kranene heller, s\u00e5 jeg tror kanskje ikke str\u00f8mmen heller var tilkoblet.<\/p>\n<p>Tror nok dette stedet er adskillig mer koselig og travelt om sommeren ja, gjestehavna er relativt grei, men ikke for meg med krykke og protese.<\/p>\n<p><strong><a href=\"https:\/\/i0.wp.com\/pequod.nesodd1.no\/wp-content\/uploads\/2020\/07\/IMG-6902.jpg?ssl=1\"><img data-recalc-dims=\"1\" loading=\"lazy\" decoding=\"async\" data-attachment-id=\"19200\" data-permalink=\"https:\/\/pequod.nesodd1.no\/?attachment_id=19200\" data-orig-file=\"https:\/\/i0.wp.com\/pequod.nesodd1.no\/wp-content\/uploads\/2020\/07\/IMG-6902.jpg?fit=800%2C600&amp;ssl=1\" data-orig-size=\"800,600\" data-comments-opened=\"1\" data-image-meta=\"{&quot;aperture&quot;:&quot;1.8&quot;,&quot;credit&quot;:&quot;&quot;,&quot;camera&quot;:&quot;iPhone 8 Plus&quot;,&quot;caption&quot;:&quot;&quot;,&quot;created_timestamp&quot;:&quot;1593529081&quot;,&quot;copyright&quot;:&quot;&quot;,&quot;focal_length&quot;:&quot;3.99&quot;,&quot;iso&quot;:&quot;20&quot;,&quot;shutter_speed&quot;:&quot;0.00025&quot;,&quot;title&quot;:&quot;&quot;,&quot;orientation&quot;:&quot;1&quot;}\" data-image-title=\"IMG-6902\" data-image-description=\"&lt;p&gt;\u00c5sg\u00e5rdstrand&lt;\/p&gt;\n\" data-image-caption=\"\" data-large-file=\"https:\/\/i0.wp.com\/pequod.nesodd1.no\/wp-content\/uploads\/2020\/07\/IMG-6902.jpg?fit=800%2C600&amp;ssl=1\" class=\"size-medium wp-image-19200 alignright\" src=\"https:\/\/i0.wp.com\/pequod.nesodd1.no\/wp-content\/uploads\/2020\/07\/IMG-6902.jpg?resize=300%2C225&#038;ssl=1\" alt=\"\" width=\"300\" height=\"225\" srcset=\"https:\/\/i0.wp.com\/pequod.nesodd1.no\/wp-content\/uploads\/2020\/07\/IMG-6902.jpg?resize=300%2C225&amp;ssl=1 300w, https:\/\/i0.wp.com\/pequod.nesodd1.no\/wp-content\/uploads\/2020\/07\/IMG-6902.jpg?resize=100%2C75&amp;ssl=1 100w, https:\/\/i0.wp.com\/pequod.nesodd1.no\/wp-content\/uploads\/2020\/07\/IMG-6902.jpg?resize=768%2C576&amp;ssl=1 768w, https:\/\/i0.wp.com\/pequod.nesodd1.no\/wp-content\/uploads\/2020\/07\/IMG-6902.jpg?w=800&amp;ssl=1 800w\" sizes=\"auto, (max-width: 300px) 100vw, 300px\" \/><\/a>Oppdatering 2020:&nbsp;<\/strong>Gjestehavna er blitt forbedret noe etter mitt forrige bes\u00f8k i 2016. Nyoppusset molo med ny brygge og b\u00e5ser (istedenfor b\u00f8yer som f\u00f8r) og vanlig str\u00f8msystem. Bes\u00f8kte ikke servicebygget, men det s\u00e5 ut som om det var helt ordin\u00e6r standard.<\/p>\n<p>Det var veldig mye svell i havna under mitt siste bes\u00f8k, s\u00e5 selv om jeg fort\u00f8yde etter alle kunstens regler s\u00e5 l\u00e5 jeg litt urolig. Godt beskyttet for vind, men ikke for str\u00f8m og svell.<\/p>\n<p>Hotellet har \u00e5pnet en egen kaf\u00e9 nede i havneomr\u00e5det som skal ha blitt veldig popul\u00e6r. Bes\u00f8kte den ikke, men s\u00e6rlig pen var den ikke, bygd p\u00e5 enkleste m\u00e5te med brakker\/moduler.<\/p>\n<p>Selve havneomr\u00e5det var noe opprustet siden sist, med plen og sitteplasser&nbsp; s\u00e5 gjestehavna f\u00e5r et ekstra anker p\u00e5 grunn av det.<\/p>\n<p><a href=\"https:\/\/i0.wp.com\/pequod.nesodd1.no\/wp-content\/uploads\/2020\/07\/IMG-6913.jpg?ssl=1\"><img data-recalc-dims=\"1\" loading=\"lazy\" decoding=\"async\" data-attachment-id=\"19209\" data-permalink=\"https:\/\/pequod.nesodd1.no\/?attachment_id=19209\" data-orig-file=\"https:\/\/i0.wp.com\/pequod.nesodd1.no\/wp-content\/uploads\/2020\/07\/IMG-6913.jpg?fit=800%2C600&amp;ssl=1\" data-orig-size=\"800,600\" data-comments-opened=\"1\" data-image-meta=\"{&quot;aperture&quot;:&quot;1.8&quot;,&quot;credit&quot;:&quot;&quot;,&quot;camera&quot;:&quot;iPhone 8 Plus&quot;,&quot;caption&quot;:&quot;&quot;,&quot;created_timestamp&quot;:&quot;1593544381&quot;,&quot;copyright&quot;:&quot;&quot;,&quot;focal_length&quot;:&quot;3.99&quot;,&quot;iso&quot;:&quot;20&quot;,&quot;shutter_speed&quot;:&quot;0.00079176563737134&quot;,&quot;title&quot;:&quot;&quot;,&quot;orientation&quot;:&quot;1&quot;}\" data-image-title=\"IMG-6913\" data-image-description=\"\" data-image-caption=\"\" data-large-file=\"https:\/\/i0.wp.com\/pequod.nesodd1.no\/wp-content\/uploads\/2020\/07\/IMG-6913.jpg?fit=800%2C600&amp;ssl=1\" class=\"aligncenter size-full wp-image-19209\" src=\"https:\/\/i0.wp.com\/pequod.nesodd1.no\/wp-content\/uploads\/2020\/07\/IMG-6913.jpg?resize=800%2C600&#038;ssl=1\" alt=\"\" width=\"800\" height=\"600\" srcset=\"https:\/\/i0.wp.com\/pequod.nesodd1.no\/wp-content\/uploads\/2020\/07\/IMG-6913.jpg?w=800&amp;ssl=1 800w, https:\/\/i0.wp.com\/pequod.nesodd1.no\/wp-content\/uploads\/2020\/07\/IMG-6913.jpg?resize=300%2C225&amp;ssl=1 300w, https:\/\/i0.wp.com\/pequod.nesodd1.no\/wp-content\/uploads\/2020\/07\/IMG-6913.jpg?resize=100%2C75&amp;ssl=1 100w, https:\/\/i0.wp.com\/pequod.nesodd1.no\/wp-content\/uploads\/2020\/07\/IMG-6913.jpg?resize=768%2C576&amp;ssl=1 768w\" sizes=\"auto, (max-width: 800px) 100vw, 800px\" \/><\/a><\/p>\n<p>&nbsp;<\/p>\n<h3>Related Images:<\/h3>","protected":false},"excerpt":{"rendered":"<p>Vurdering (5 anker er best): Posisjon: 59\u00b021&#8217;1.4&#8243;N 10\u00b028&#8217;20.7&#8243;E Bes\u00f8kt antall ganger: 2 Sist bes\u00f8kt: 30.6-01.07.2020 Webkamera Fasiliteter: Servicebygg med dusj og toaletter. Str\u00f8m og vann. Butikker og restauranter s\u00e5 og si p\u00e5 bryggekanten. Drivstoff. Havneavgift (for 29-foter): 250 NOK. Betalingsautomat Fort\u00f8yning:&nbsp;Langsides, b\u00e5s. Tilrettelagt for funksjonshemmede:&nbsp;Nei. Det er handicaptoalett, men vanskelig \u00e5 komme seg dit. Fra &hellip;<br \/><a href=\"https:\/\/pequod.nesodd1.no\/?page_id=8553\" class=\"more-link pen_element_default pen_icon_arrow_double\">Les<\/a><\/p>\n","protected":false},"author":1,"featured_media":19199,"parent":5493,"menu_order":0,"comment_status":"closed","ping_status":"closed","template":"","meta":{"_crdt_document":"","ngg_post_thumbnail":0,"jetpack_post_was_ever_published":false,"footnotes":""},"class_list":["post-8553","page","type-page","status-publish","has-post-thumbnail","hentry"],"jetpack_shortlink":"https:\/\/wp.me\/P3Zd9b-2dX","jetpack_sharing_enabled":true,"jetpack_likes_enabled":true,"jetpack-related-posts":[],"_links":{"self":[{"href":"https:\/\/pequod.nesodd1.no\/index.php?rest_route=\/wp\/v2\/pages\/8553","targetHints":{"allow":["GET"]}}],"collection":[{"href":"https:\/\/pequod.nesodd1.no\/index.php?rest_route=\/wp\/v2\/pages"}],"about":[{"href":"https:\/\/pequod.nesodd1.no\/index.php?rest_route=\/wp\/v2\/types\/page"}],"author":[{"embeddable":true,"href":"https:\/\/pequod.nesodd1.no\/index.php?rest_route=\/wp\/v2\/users\/1"}],"replies":[{"embeddable":true,"href":"https:\/\/pequod.nesodd1.no\/index.php?rest_route=%2Fwp%2Fv2%2Fcomments&post=8553"}],"version-history":[{"count":21,"href":"https:\/\/pequod.nesodd1.no\/index.php?rest_route=\/wp\/v2\/pages\/8553\/revisions"}],"predecessor-version":[{"id":29999,"href":"https:\/\/pequod.nesodd1.no\/index.php?rest_route=\/wp\/v2\/pages\/8553\/revisions\/29999"}],"up":[{"embeddable":true,"href":"https:\/\/pequod.nesodd1.no\/index.php?rest_route=\/wp\/v2\/pages\/5493"}],"wp:featuredmedia":[{"embeddable":true,"href":"https:\/\/pequod.nesodd1.no\/index.php?rest_route=\/wp\/v2\/media\/19199"}],"wp:attachment":[{"href":"https:\/\/pequod.nesodd1.no\/index.php?rest_route=%2Fwp%2Fv2%2Fmedia&parent=8553"}],"curies":[{"name":"wp","href":"https:\/\/api.w.org\/{rel}","templated":true}]}}