{"id":8557,"date":"2016-04-11T19:34:53","date_gmt":"2016-04-11T17:34:53","guid":{"rendered":"https:\/\/pequod.nesodd1.no\/?page_id=8557"},"modified":"2025-09-24T20:08:45","modified_gmt":"2025-09-24T18:08:45","slug":"ostre-bolaerne-gjestehavn","status":"publish","type":"page","link":"https:\/\/pequod.nesodd1.no\/?page_id=8557","title":{"rendered":"\u00d8stre Bol\u00e6rne gjestehavn"},"content":{"rendered":"<p><strong>Vurdering:<\/strong> <a href=\"https:\/\/i0.wp.com\/pequod.nesodd1.no\/wp-content\/uploads\/2019\/10\/klistremerker-anker-og-tau-design.jpg.jpg?ssl=1\"><img data-recalc-dims=\"1\" loading=\"lazy\" decoding=\"async\" data-attachment-id=\"16489\" data-permalink=\"https:\/\/pequod.nesodd1.no\/?attachment_id=16489\" data-orig-file=\"https:\/\/i0.wp.com\/pequod.nesodd1.no\/wp-content\/uploads\/2019\/10\/klistremerker-anker-og-tau-design.jpg.jpg?fit=25%2C25&amp;ssl=1\" data-orig-size=\"25,25\" data-comments-opened=\"1\" data-image-meta=\"{&quot;aperture&quot;:&quot;0&quot;,&quot;credit&quot;:&quot;tribalium81&quot;,&quot;camera&quot;:&quot;&quot;,&quot;caption&quot;:&quot;&quot;,&quot;created_timestamp&quot;:&quot;0&quot;,&quot;copyright&quot;:&quot;tribalium81&quot;,&quot;focal_length&quot;:&quot;0&quot;,&quot;iso&quot;:&quot;0&quot;,&quot;shutter_speed&quot;:&quot;0&quot;,&quot;title&quot;:&quot;anchor and rope design&quot;,&quot;orientation&quot;:&quot;1&quot;}\" data-image-title=\"anchor and rope design\" data-image-description=\"\" data-image-caption=\"\" data-large-file=\"https:\/\/i0.wp.com\/pequod.nesodd1.no\/wp-content\/uploads\/2019\/10\/klistremerker-anker-og-tau-design.jpg.jpg?fit=25%2C25&amp;ssl=1\" class=\"alignnone wp-image-16489\" src=\"https:\/\/i0.wp.com\/pequod.nesodd1.no\/wp-content\/uploads\/2019\/10\/klistremerker-anker-og-tau-design.jpg.jpg?resize=25%2C25&#038;ssl=1\" alt=\"\" width=\"25\" height=\"25\"><\/a><a href=\"https:\/\/i0.wp.com\/pequod.nesodd1.no\/wp-content\/uploads\/2019\/10\/klistremerker-anker-og-tau-design.jpg.jpg?ssl=1\"><img data-recalc-dims=\"1\" loading=\"lazy\" decoding=\"async\" data-attachment-id=\"16489\" data-permalink=\"https:\/\/pequod.nesodd1.no\/?attachment_id=16489\" data-orig-file=\"https:\/\/i0.wp.com\/pequod.nesodd1.no\/wp-content\/uploads\/2019\/10\/klistremerker-anker-og-tau-design.jpg.jpg?fit=25%2C25&amp;ssl=1\" data-orig-size=\"25,25\" data-comments-opened=\"1\" data-image-meta=\"{&quot;aperture&quot;:&quot;0&quot;,&quot;credit&quot;:&quot;tribalium81&quot;,&quot;camera&quot;:&quot;&quot;,&quot;caption&quot;:&quot;&quot;,&quot;created_timestamp&quot;:&quot;0&quot;,&quot;copyright&quot;:&quot;tribalium81&quot;,&quot;focal_length&quot;:&quot;0&quot;,&quot;iso&quot;:&quot;0&quot;,&quot;shutter_speed&quot;:&quot;0&quot;,&quot;title&quot;:&quot;anchor and rope design&quot;,&quot;orientation&quot;:&quot;1&quot;}\" data-image-title=\"anchor and rope design\" data-image-description=\"\" data-image-caption=\"\" data-large-file=\"https:\/\/i0.wp.com\/pequod.nesodd1.no\/wp-content\/uploads\/2019\/10\/klistremerker-anker-og-tau-design.jpg.jpg?fit=25%2C25&amp;ssl=1\" class=\"alignnone size-full wp-image-16489\" src=\"https:\/\/i0.wp.com\/pequod.nesodd1.no\/wp-content\/uploads\/2019\/10\/klistremerker-anker-og-tau-design.jpg.jpg?resize=25%2C25&#038;ssl=1\" alt=\"\" width=\"25\" height=\"25\"><\/a><a href=\"https:\/\/i0.wp.com\/pequod.nesodd1.no\/wp-content\/uploads\/2019\/10\/klistremerker-anker-og-tau-design.jpg.jpg?ssl=1\"><img data-recalc-dims=\"1\" loading=\"lazy\" decoding=\"async\" data-attachment-id=\"16489\" data-permalink=\"https:\/\/pequod.nesodd1.no\/?attachment_id=16489\" data-orig-file=\"https:\/\/i0.wp.com\/pequod.nesodd1.no\/wp-content\/uploads\/2019\/10\/klistremerker-anker-og-tau-design.jpg.jpg?fit=25%2C25&amp;ssl=1\" data-orig-size=\"25,25\" data-comments-opened=\"1\" data-image-meta=\"{&quot;aperture&quot;:&quot;0&quot;,&quot;credit&quot;:&quot;tribalium81&quot;,&quot;camera&quot;:&quot;&quot;,&quot;caption&quot;:&quot;&quot;,&quot;created_timestamp&quot;:&quot;0&quot;,&quot;copyright&quot;:&quot;tribalium81&quot;,&quot;focal_length&quot;:&quot;0&quot;,&quot;iso&quot;:&quot;0&quot;,&quot;shutter_speed&quot;:&quot;0&quot;,&quot;title&quot;:&quot;anchor and rope design&quot;,&quot;orientation&quot;:&quot;1&quot;}\" data-image-title=\"anchor and rope design\" data-image-description=\"\" data-image-caption=\"\" data-large-file=\"https:\/\/i0.wp.com\/pequod.nesodd1.no\/wp-content\/uploads\/2019\/10\/klistremerker-anker-og-tau-design.jpg.jpg?fit=25%2C25&amp;ssl=1\" class=\"alignnone size-full wp-image-16489\" src=\"https:\/\/i0.wp.com\/pequod.nesodd1.no\/wp-content\/uploads\/2019\/10\/klistremerker-anker-og-tau-design.jpg.jpg?resize=25%2C25&#038;ssl=1\" alt=\"\" width=\"25\" height=\"25\"><\/a><br \/>\n<strong>Posisjon:<\/strong> 59\u00b012&#8217;1.9&#8243;N 10\u00b034&#8217;6.3&#8243;E<br \/>\n<strong>Antall bes\u00f8k<\/strong>: 5 <strong>Sist bes\u00f8kt:<\/strong> September 2025 <strong>Webkamera:<\/strong> <a href=\"http:\/\/www.tenvik.info\/webcam\/bolaerensyd.jpg\" target=\"_blank\" rel=\"noopener noreferrer\">1<\/a> <a href=\"http:\/\/www.tenvik.info\/webcam\/bolaerennord.jpg\" target=\"_blank\" rel=\"noopener noreferrer\">2<\/a>&nbsp; &nbsp;<a title=\"Oscarsborg\" href=\"https:\/\/www.bolaerne.no\/gjestehavn\/\" target=\"_blank\" rel=\"noopener noreferrer\">Hjemmeside<\/a><br \/>\n<strong>Fasiliteter:<\/strong>&nbsp; Str\u00f8m, vann, toaletter, dusj, internett. Kafe\/restaurant, kiosk.<br \/>\n<strong>Havneavgift (for 29-foter):<\/strong> NOK 315. Vipps, i kiosken eller til havnevakt. Ettersesongpris p\u00e5 215 kr inkl. str\u00f8m, og Wifi som faktisk fungerer!<br \/>\n<strong>Fort\u00f8yning:<\/strong> Langsides, baug\/anker, b\u00e5ser<br \/>\n<b>Tilrettelagt for funksjonshemmede:<\/b> Ja.&nbsp;Man legger hovedsakelig til longside p\u00e5 bryggene. Det er egen rullestolrampe ned til sj\u00f8en for \u00e5 bade, og rampe til toalettene og dusjanlegget. Men noe tungvint \u00e5 komme seg rundt p\u00e5 \u00f8ya ellers. Grei adgang til et av utsiktspunktene dog, for den med sterke armer eller elektrisk rullestol. Krykke- og protesebrukere klarer seg fint.<\/p>\n<p><a href=\"https:\/\/pequod.nesodd1.no\/?attachment_id=8850\" rel=\"attachment wp-att-8850\"><img data-recalc-dims=\"1\" loading=\"lazy\" decoding=\"async\" data-attachment-id=\"8850\" data-permalink=\"https:\/\/pequod.nesodd1.no\/?attachment_id=8850\" data-orig-file=\"https:\/\/i0.wp.com\/pequod.nesodd1.no\/wp-content\/uploads\/2016\/04\/IMG_7203.jpg?fit=640%2C480&amp;ssl=1\" data-orig-size=\"640,480\" data-comments-opened=\"1\" data-image-meta=\"{&quot;aperture&quot;:&quot;2.2&quot;,&quot;credit&quot;:&quot;&quot;,&quot;camera&quot;:&quot;iPhone 6&quot;,&quot;caption&quot;:&quot;&quot;,&quot;created_timestamp&quot;:&quot;1460300414&quot;,&quot;copyright&quot;:&quot;&quot;,&quot;focal_length&quot;:&quot;4.15&quot;,&quot;iso&quot;:&quot;32&quot;,&quot;shutter_speed&quot;:&quot;0.00030303030303&quot;,&quot;title&quot;:&quot;&quot;,&quot;orientation&quot;:&quot;1&quot;}\" data-image-title=\"IMG_7203\" data-image-description=\"\" data-image-caption=\"\" data-large-file=\"https:\/\/i0.wp.com\/pequod.nesodd1.no\/wp-content\/uploads\/2016\/04\/IMG_7203.jpg?fit=640%2C480&amp;ssl=1\" class=\"alignright size-medium wp-image-8850\" src=\"https:\/\/i0.wp.com\/pequod.nesodd1.no\/wp-content\/uploads\/2016\/04\/IMG_7203-300x225.jpg?resize=300%2C225\" alt=\"IMG_7203\" width=\"300\" height=\"225\" srcset=\"https:\/\/i0.wp.com\/pequod.nesodd1.no\/wp-content\/uploads\/2016\/04\/IMG_7203.jpg?resize=300%2C225&amp;ssl=1 300w, https:\/\/i0.wp.com\/pequod.nesodd1.no\/wp-content\/uploads\/2016\/04\/IMG_7203.jpg?w=640&amp;ssl=1 640w\" sizes=\"auto, (max-width: 300px) 100vw, 300px\" \/><\/a>Mitt f\u00f8rste bes\u00f8k p\u00e5 \u00d8stre Bol\u00e6rne fant sted f\u00f8r sesongen hadde startet. Jeg fant derfor ikke ut hverken hva det koster \u00e5 ligge der eller noen \u00e5pen kafe. De andre gangene har kiosken v\u00e6rt \u00e5pen.<\/p>\n<p>Kommunens hjemmeside (F\u00e6rder kommune har overtatt ansvaret for driften) har ingen opplysninger om priser og slikt, og omtaler havna konsekvent som b\u00e5thavn, ikke gjestehavn&#8230;<\/p>\n<p>Toalettanlegget s\u00e5 relativt nytt ut og hadde helt grei standard, men ikke noe mer. Dusjanlegget tar 20-kroninger, og vannet var litt for varmt etter min smak. Ingen mulighet til \u00e5 regulere varmen heller.<\/p>\n<p>Tok en runde p\u00e5 \u00f8ya og n\u00f8t utsikten i flott v\u00e5rv\u00e6r. Litt kupert terreng hvis du skal nyte utsikten. Et sted jeg har bes\u00f8kt flere ganger.<\/p>\n<p><strong>OPPDATERT 2019:<\/strong> Har v\u00e6rt her to ganger til, sist med nyb\u00e5ten i 2019. Man kan n\u00e5 betale med Vipps eller til havnevakta kommer innom (da med et ekstra gebyr). Har ogs\u00e5 kommet b\u00e5ser p\u00e5 to av bryggene, og bedre str\u00f8mstolper.<\/p>\n<p><strong>OPPDATERT 2023:&nbsp;<\/strong>Kan man forsvare \u00e5 kreve 305 kroner n\u00e5r det eneste tilbudet p\u00e5 \u00f8ya er en kiosk, en pizzarestaurant og noen forsvarsruiner og kanonstillinger uten kanoner? Etter min mening nei.&nbsp;<\/p>\n<p><a href=\"https:\/\/i0.wp.com\/pequod.nesodd1.no\/wp-content\/uploads\/2016\/04\/1-IMG_9879.jpg?ssl=1\"><img data-recalc-dims=\"1\" loading=\"lazy\" decoding=\"async\" data-attachment-id=\"8648\" data-permalink=\"https:\/\/pequod.nesodd1.no\/?attachment_id=8648\" data-orig-file=\"https:\/\/i0.wp.com\/pequod.nesodd1.no\/wp-content\/uploads\/2016\/04\/1-IMG_9879.jpg?fit=800%2C534&amp;ssl=1\" data-orig-size=\"800,534\" data-comments-opened=\"1\" data-image-meta=\"{&quot;aperture&quot;:&quot;11&quot;,&quot;credit&quot;:&quot;Picasa&quot;,&quot;camera&quot;:&quot;Canon EOS 700D&quot;,&quot;caption&quot;:&quot;&quot;,&quot;created_timestamp&quot;:&quot;1460300316&quot;,&quot;copyright&quot;:&quot;&quot;,&quot;focal_length&quot;:&quot;18&quot;,&quot;iso&quot;:&quot;200&quot;,&quot;shutter_speed&quot;:&quot;0.003125&quot;,&quot;title&quot;:&quot;&quot;,&quot;orientation&quot;:&quot;0&quot;}\" data-image-title=\"1-IMG_9879\" data-image-description=\"&lt;p&gt;\u00d8stre Bol\u00e6rne&lt;\/p&gt;\n\" data-image-caption=\"\" data-large-file=\"https:\/\/i0.wp.com\/pequod.nesodd1.no\/wp-content\/uploads\/2016\/04\/1-IMG_9879.jpg?fit=800%2C534&amp;ssl=1\" class=\"aligncenter size-full wp-image-8648\" src=\"https:\/\/i0.wp.com\/pequod.nesodd1.no\/wp-content\/uploads\/2016\/04\/1-IMG_9879.jpg?resize=800%2C534&#038;ssl=1\" alt=\"\" width=\"800\" height=\"534\" srcset=\"https:\/\/i0.wp.com\/pequod.nesodd1.no\/wp-content\/uploads\/2016\/04\/1-IMG_9879.jpg?w=800&amp;ssl=1 800w, https:\/\/i0.wp.com\/pequod.nesodd1.no\/wp-content\/uploads\/2016\/04\/1-IMG_9879.jpg?resize=300%2C200&amp;ssl=1 300w, https:\/\/i0.wp.com\/pequod.nesodd1.no\/wp-content\/uploads\/2016\/04\/1-IMG_9879.jpg?resize=768%2C513&amp;ssl=1 768w\" sizes=\"auto, (max-width: 800px) 100vw, 800px\" \/><\/a><\/p>\n<h3>Related Images:<\/h3>","protected":false},"excerpt":{"rendered":"<p>Vurdering: Posisjon: 59\u00b012&#8217;1.9&#8243;N 10\u00b034&#8217;6.3&#8243;E Antall bes\u00f8k: 5 Sist bes\u00f8kt: September 2025 Webkamera: 1 2&nbsp; &nbsp;Hjemmeside Fasiliteter:&nbsp; Str\u00f8m, vann, toaletter, dusj, internett. Kafe\/restaurant, kiosk. Havneavgift (for 29-foter): NOK 315. Vipps, i kiosken eller til havnevakt. Ettersesongpris p\u00e5 215 kr inkl. str\u00f8m, og Wifi som faktisk fungerer! Fort\u00f8yning: Langsides, baug\/anker, b\u00e5ser Tilrettelagt for funksjonshemmede: Ja.&nbsp;Man legger hovedsakelig &hellip;<br \/><a href=\"https:\/\/pequod.nesodd1.no\/?page_id=8557\" class=\"more-link pen_element_default pen_icon_arrow_double\">Les<\/a><\/p>\n","protected":false},"author":1,"featured_media":16073,"parent":5493,"menu_order":0,"comment_status":"closed","ping_status":"closed","template":"","meta":{"_crdt_document":"","ngg_post_thumbnail":0,"jetpack_post_was_ever_published":false,"footnotes":""},"class_list":["post-8557","page","type-page","status-publish","has-post-thumbnail","hentry"],"jetpack_shortlink":"https:\/\/wp.me\/P3Zd9b-2e1","jetpack_sharing_enabled":true,"jetpack_likes_enabled":true,"jetpack-related-posts":[],"_links":{"self":[{"href":"https:\/\/pequod.nesodd1.no\/index.php?rest_route=\/wp\/v2\/pages\/8557","targetHints":{"allow":["GET"]}}],"collection":[{"href":"https:\/\/pequod.nesodd1.no\/index.php?rest_route=\/wp\/v2\/pages"}],"about":[{"href":"https:\/\/pequod.nesodd1.no\/index.php?rest_route=\/wp\/v2\/types\/page"}],"author":[{"embeddable":true,"href":"https:\/\/pequod.nesodd1.no\/index.php?rest_route=\/wp\/v2\/users\/1"}],"replies":[{"embeddable":true,"href":"https:\/\/pequod.nesodd1.no\/index.php?rest_route=%2Fwp%2Fv2%2Fcomments&post=8557"}],"version-history":[{"count":18,"href":"https:\/\/pequod.nesodd1.no\/index.php?rest_route=\/wp\/v2\/pages\/8557\/revisions"}],"predecessor-version":[{"id":30874,"href":"https:\/\/pequod.nesodd1.no\/index.php?rest_route=\/wp\/v2\/pages\/8557\/revisions\/30874"}],"up":[{"embeddable":true,"href":"https:\/\/pequod.nesodd1.no\/index.php?rest_route=\/wp\/v2\/pages\/5493"}],"wp:featuredmedia":[{"embeddable":true,"href":"https:\/\/pequod.nesodd1.no\/index.php?rest_route=\/wp\/v2\/media\/16073"}],"wp:attachment":[{"href":"https:\/\/pequod.nesodd1.no\/index.php?rest_route=%2Fwp%2Fv2%2Fmedia&parent=8557"}],"curies":[{"name":"wp","href":"https:\/\/api.w.org\/{rel}","templated":true}]}}