{"id":8559,"date":"2016-04-11T19:35:20","date_gmt":"2016-04-11T17:35:20","guid":{"rendered":"https:\/\/pequod.nesodd1.no\/?page_id=8559"},"modified":"2024-03-13T16:30:13","modified_gmt":"2024-03-13T15:30:13","slug":"moss-gjestehavn","status":"publish","type":"page","link":"https:\/\/pequod.nesodd1.no\/?page_id=8559","title":{"rendered":"Moss Gjestehavn"},"content":{"rendered":"<p><strong>Vurdering:<\/strong> <a href=\"https:\/\/i0.wp.com\/pequod.nesodd1.no\/wp-content\/uploads\/2019\/10\/klistremerker-anker-og-tau-design.jpg.jpg?ssl=1\"><img data-recalc-dims=\"1\" loading=\"lazy\" decoding=\"async\" data-attachment-id=\"16489\" data-permalink=\"https:\/\/pequod.nesodd1.no\/?attachment_id=16489\" data-orig-file=\"https:\/\/i0.wp.com\/pequod.nesodd1.no\/wp-content\/uploads\/2019\/10\/klistremerker-anker-og-tau-design.jpg.jpg?fit=25%2C25&amp;ssl=1\" data-orig-size=\"25,25\" data-comments-opened=\"1\" data-image-meta=\"{&quot;aperture&quot;:&quot;0&quot;,&quot;credit&quot;:&quot;tribalium81&quot;,&quot;camera&quot;:&quot;&quot;,&quot;caption&quot;:&quot;&quot;,&quot;created_timestamp&quot;:&quot;0&quot;,&quot;copyright&quot;:&quot;tribalium81&quot;,&quot;focal_length&quot;:&quot;0&quot;,&quot;iso&quot;:&quot;0&quot;,&quot;shutter_speed&quot;:&quot;0&quot;,&quot;title&quot;:&quot;anchor and rope design&quot;,&quot;orientation&quot;:&quot;1&quot;}\" data-image-title=\"anchor and rope design\" data-image-description=\"\" data-image-caption=\"\" data-large-file=\"https:\/\/i0.wp.com\/pequod.nesodd1.no\/wp-content\/uploads\/2019\/10\/klistremerker-anker-og-tau-design.jpg.jpg?fit=25%2C25&amp;ssl=1\" class=\"alignnone size-full wp-image-16489\" src=\"https:\/\/i0.wp.com\/pequod.nesodd1.no\/wp-content\/uploads\/2019\/10\/klistremerker-anker-og-tau-design.jpg.jpg?resize=25%2C25&#038;ssl=1\" alt=\"\" width=\"25\" height=\"25\"><\/a><a href=\"https:\/\/i0.wp.com\/pequod.nesodd1.no\/wp-content\/uploads\/2019\/10\/klistremerker-anker-og-tau-design.jpg.jpg?ssl=1\"><img data-recalc-dims=\"1\" loading=\"lazy\" decoding=\"async\" data-attachment-id=\"16489\" data-permalink=\"https:\/\/pequod.nesodd1.no\/?attachment_id=16489\" data-orig-file=\"https:\/\/i0.wp.com\/pequod.nesodd1.no\/wp-content\/uploads\/2019\/10\/klistremerker-anker-og-tau-design.jpg.jpg?fit=25%2C25&amp;ssl=1\" data-orig-size=\"25,25\" data-comments-opened=\"1\" data-image-meta=\"{&quot;aperture&quot;:&quot;0&quot;,&quot;credit&quot;:&quot;tribalium81&quot;,&quot;camera&quot;:&quot;&quot;,&quot;caption&quot;:&quot;&quot;,&quot;created_timestamp&quot;:&quot;0&quot;,&quot;copyright&quot;:&quot;tribalium81&quot;,&quot;focal_length&quot;:&quot;0&quot;,&quot;iso&quot;:&quot;0&quot;,&quot;shutter_speed&quot;:&quot;0&quot;,&quot;title&quot;:&quot;anchor and rope design&quot;,&quot;orientation&quot;:&quot;1&quot;}\" data-image-title=\"anchor and rope design\" data-image-description=\"\" data-image-caption=\"\" data-large-file=\"https:\/\/i0.wp.com\/pequod.nesodd1.no\/wp-content\/uploads\/2019\/10\/klistremerker-anker-og-tau-design.jpg.jpg?fit=25%2C25&amp;ssl=1\" class=\"alignnone size-full wp-image-16489\" src=\"https:\/\/i0.wp.com\/pequod.nesodd1.no\/wp-content\/uploads\/2019\/10\/klistremerker-anker-og-tau-design.jpg.jpg?resize=25%2C25&#038;ssl=1\" alt=\"\" width=\"25\" height=\"25\"><\/a><a href=\"https:\/\/i0.wp.com\/pequod.nesodd1.no\/wp-content\/uploads\/2019\/10\/klistremerker-anker-og-tau-design.jpg.jpg?ssl=1\"><img data-recalc-dims=\"1\" loading=\"lazy\" decoding=\"async\" data-attachment-id=\"16489\" data-permalink=\"https:\/\/pequod.nesodd1.no\/?attachment_id=16489\" data-orig-file=\"https:\/\/i0.wp.com\/pequod.nesodd1.no\/wp-content\/uploads\/2019\/10\/klistremerker-anker-og-tau-design.jpg.jpg?fit=25%2C25&amp;ssl=1\" data-orig-size=\"25,25\" data-comments-opened=\"1\" data-image-meta=\"{&quot;aperture&quot;:&quot;0&quot;,&quot;credit&quot;:&quot;tribalium81&quot;,&quot;camera&quot;:&quot;&quot;,&quot;caption&quot;:&quot;&quot;,&quot;created_timestamp&quot;:&quot;0&quot;,&quot;copyright&quot;:&quot;tribalium81&quot;,&quot;focal_length&quot;:&quot;0&quot;,&quot;iso&quot;:&quot;0&quot;,&quot;shutter_speed&quot;:&quot;0&quot;,&quot;title&quot;:&quot;anchor and rope design&quot;,&quot;orientation&quot;:&quot;1&quot;}\" data-image-title=\"anchor and rope design\" data-image-description=\"\" data-image-caption=\"\" data-large-file=\"https:\/\/i0.wp.com\/pequod.nesodd1.no\/wp-content\/uploads\/2019\/10\/klistremerker-anker-og-tau-design.jpg.jpg?fit=25%2C25&amp;ssl=1\" class=\"alignnone size-full wp-image-16489\" src=\"https:\/\/i0.wp.com\/pequod.nesodd1.no\/wp-content\/uploads\/2019\/10\/klistremerker-anker-og-tau-design.jpg.jpg?resize=25%2C25&#038;ssl=1\" alt=\"\" width=\"25\" height=\"25\"><\/a><br \/>\n<strong>Posisjon:&nbsp;<\/strong>59\u00b026&#8217;6.1&#8243;N 10\u00b039&#8217;10.9&#8243;E<br \/>\n<b>Bes\u00f8kt antall ganger:<\/b> 15 <b>Sist bes\u00f8kt:<\/b> September 2019 &nbsp;<a href=\"https:\/\/www.moss-havn.no\/ship\" target=\"_blank\" rel=\"noopener\">Hjemmeside<\/a><br \/>\n<b>Fasiliteter: <\/b>Str\u00f8m, vann, toalett, dusj, vaskerom, s\u00f8ppel. Butikker, restauranter i umiddelbar n\u00e6rhet.<br \/>\n<b>Fort\u00f8yning:<\/b> B\u00e5s og langsides. ved brygge i nord\u00f8st og langs kanalen.<br \/>\n<b>Havneavgift (for 29-foter): <\/b>235NOK d\u00f8gn med str\u00f8m og vann. Automat. Man kan ligge gratis i inntil fire timer, men da uten str\u00f8m.<br \/>\n<b>Tilrettelagt for funksjonshemmede: <\/b>Delvis. F\u00e5r du lagt til ved flytebryggene nord\u00f8st for kanalen er det rampe opp fra brygga til land og rullestolramper fra brygga og opp til gateniv\u00e5. Men automaten ligger helt ved brua i kanalen, s\u00e5 det er et stykke \u00e5 g\u00e5. Der ligger ogs\u00e5 servicebygget. Legger du deg i selve kanalen, som ogs\u00e5 er en del av gjestehavna, m\u00e5 du ha stor\/h\u00f8y b\u00e5t for \u00e5 komme uproblematisk i land. Med snekke blir det en klatreutfordring&#8230;<\/p>\n<figure id=\"attachment_9305\" aria-describedby=\"caption-attachment-9305\" style=\"width: 300px\" class=\"wp-caption alignleft\"><a href=\"https:\/\/pequod.nesodd1.no\/?attachment_id=9305\" rel=\"attachment wp-att-9305\"><img data-recalc-dims=\"1\" loading=\"lazy\" decoding=\"async\" data-attachment-id=\"9305\" data-permalink=\"https:\/\/pequod.nesodd1.no\/?attachment_id=9305\" data-orig-file=\"https:\/\/i0.wp.com\/pequod.nesodd1.no\/wp-content\/uploads\/2016\/04\/image.jpg?fit=3264%2C2448&amp;ssl=1\" data-orig-size=\"3264,2448\" data-comments-opened=\"1\" data-image-meta=\"{&quot;aperture&quot;:&quot;0&quot;,&quot;credit&quot;:&quot;&quot;,&quot;camera&quot;:&quot;&quot;,&quot;caption&quot;:&quot;&quot;,&quot;created_timestamp&quot;:&quot;0&quot;,&quot;copyright&quot;:&quot;&quot;,&quot;focal_length&quot;:&quot;0&quot;,&quot;iso&quot;:&quot;0&quot;,&quot;shutter_speed&quot;:&quot;0&quot;,&quot;title&quot;:&quot;&quot;,&quot;orientation&quot;:&quot;1&quot;}\" data-image-title=\"image\" data-image-description=\"&lt;p&gt;Moss&lt;\/p&gt;\n\" data-image-caption=\"\" data-large-file=\"https:\/\/i0.wp.com\/pequod.nesodd1.no\/wp-content\/uploads\/2016\/04\/image.jpg?fit=940%2C705&amp;ssl=1\" class=\"wp-image-9305 size-medium\" src=\"https:\/\/i0.wp.com\/pequod.nesodd1.no\/wp-content\/uploads\/2016\/04\/image.jpg?resize=300%2C225&#038;ssl=1\" alt=\"image\" width=\"300\" height=\"225\" srcset=\"https:\/\/i0.wp.com\/pequod.nesodd1.no\/wp-content\/uploads\/2016\/04\/image.jpg?resize=300%2C225&amp;ssl=1 300w, https:\/\/i0.wp.com\/pequod.nesodd1.no\/wp-content\/uploads\/2016\/04\/image.jpg?resize=768%2C576&amp;ssl=1 768w, https:\/\/i0.wp.com\/pequod.nesodd1.no\/wp-content\/uploads\/2016\/04\/image.jpg?resize=1024%2C768&amp;ssl=1 1024w, https:\/\/i0.wp.com\/pequod.nesodd1.no\/wp-content\/uploads\/2016\/04\/image.jpg?w=1880&amp;ssl=1 1880w, https:\/\/i0.wp.com\/pequod.nesodd1.no\/wp-content\/uploads\/2016\/04\/image.jpg?w=2820&amp;ssl=1 2820w\" sizes=\"auto, (max-width: 300px) 100vw, 300px\" \/><\/a><figcaption id=\"caption-attachment-9305\" class=\"wp-caption-text\">Nordsiden<\/figcaption><\/figure>\n<p>Gjestehavna i Moss er et sentralt alternativ for deg som er p\u00e5 vei s\u00f8rover eller nordover p\u00e5 \u00f8stsiden av Oslofjorden. Det blir fort fullt ved flytebrygga i nord\u00f8st.<\/p>\n<p>Servicebygget ligger litt anonymt til, s\u00e5 jeg m\u00e5tte lete litt rundt f\u00f8r jeg fant det. N\u00e5r du st\u00e5r ved betalingsautomaten snur du deg helt rundt. da har du en liten rampe til h\u00f8yre, mot uteserveringen som er der. G\u00e5 opp rampa. Til h\u00f8yre er det en d\u00f8r, det er d\u00f8ren inn til toalett, dusj og vaskemaskin. Koden finner du p\u00e5 kvitteringen.<\/p>\n<figure id=\"attachment_8660\" aria-describedby=\"caption-attachment-8660\" style=\"width: 300px\" class=\"wp-caption alignright\"><a href=\"https:\/\/i0.wp.com\/pequod.nesodd1.no\/wp-content\/uploads\/2016\/04\/13006759_10153389137447032_7363359758932273356_n.jpg?ssl=1\"><img data-recalc-dims=\"1\" loading=\"lazy\" decoding=\"async\" data-attachment-id=\"8660\" data-permalink=\"https:\/\/pequod.nesodd1.no\/?attachment_id=8660\" data-orig-file=\"https:\/\/i0.wp.com\/pequod.nesodd1.no\/wp-content\/uploads\/2016\/04\/13006759_10153389137447032_7363359758932273356_n.jpg?fit=960%2C720&amp;ssl=1\" data-orig-size=\"960,720\" data-comments-opened=\"1\" data-image-meta=\"{&quot;aperture&quot;:&quot;0&quot;,&quot;credit&quot;:&quot;&quot;,&quot;camera&quot;:&quot;&quot;,&quot;caption&quot;:&quot;&quot;,&quot;created_timestamp&quot;:&quot;0&quot;,&quot;copyright&quot;:&quot;&quot;,&quot;focal_length&quot;:&quot;0&quot;,&quot;iso&quot;:&quot;0&quot;,&quot;shutter_speed&quot;:&quot;0&quot;,&quot;title&quot;:&quot;&quot;,&quot;orientation&quot;:&quot;0&quot;}\" data-image-title=\"13006759_10153389137447032_7363359758932273356_n\" data-image-description=\"&lt;p&gt;Moss&lt;\/p&gt;\n\" data-image-caption=\"&lt;p&gt;Moss mandag morgen&lt;\/p&gt;\n\" data-large-file=\"https:\/\/i0.wp.com\/pequod.nesodd1.no\/wp-content\/uploads\/2016\/04\/13006759_10153389137447032_7363359758932273356_n.jpg?fit=940%2C705&amp;ssl=1\" class=\"size-medium wp-image-8660\" src=\"https:\/\/i0.wp.com\/pequod.nesodd1.no\/wp-content\/uploads\/2016\/04\/13006759_10153389137447032_7363359758932273356_n.jpg?resize=300%2C225&#038;ssl=1\" alt=\"\" width=\"300\" height=\"225\" srcset=\"https:\/\/i0.wp.com\/pequod.nesodd1.no\/wp-content\/uploads\/2016\/04\/13006759_10153389137447032_7363359758932273356_n.jpg?resize=300%2C225&amp;ssl=1 300w, https:\/\/i0.wp.com\/pequod.nesodd1.no\/wp-content\/uploads\/2016\/04\/13006759_10153389137447032_7363359758932273356_n.jpg?resize=768%2C576&amp;ssl=1 768w, https:\/\/i0.wp.com\/pequod.nesodd1.no\/wp-content\/uploads\/2016\/04\/13006759_10153389137447032_7363359758932273356_n.jpg?w=960&amp;ssl=1 960w\" sizes=\"auto, (max-width: 300px) 100vw, 300px\" \/><\/a><figcaption id=\"caption-attachment-8660\" class=\"wp-caption-text\">Moss, kanalen sett fra broen nordover<\/figcaption><\/figure>\n<p>Toalettene var rene og pene da jeg var der, men rommene er litt slitne.<\/p>\n<p>Det er kort vei til det meste, til togstasjonen og til butikker. Rema 1000 ligger p\u00e5 vestre side av kanalen like ved brygga, Kiwi ligger lenger s\u00f8rover p\u00e5 samme side (g\u00e5 mot enden av kanalen og deretter til h\u00f8yre).<\/p>\n<p>Skal du sove m\u00e5 du regne med noe st\u00f8y fra utestedene i n\u00e6rheten. Peppes Pizza ligger rett ved siden av flytebryggene i nord\u00f8st og der blir det lett br\u00e5kete sen kveldstid og nattestid.<\/p>\n<p>Jeg har bes\u00f8kt Moss flere ganger med b\u00e5ten enn det som st\u00e5r registrert her, men har da ligget p\u00e5 privat plass og ikke i gjestehavna. Jeg har alltid, bortsett fra i et tilfelle, ligget ved flytebryggene i nord og ikke i kanalen n\u00e5r jeg har brukt gjestehavna.<\/p>\n<figure id=\"attachment_13274\" aria-describedby=\"caption-attachment-13274\" style=\"width: 1000px\" class=\"wp-caption aligncenter\"><a href=\"https:\/\/i0.wp.com\/pequod.nesodd1.no\/wp-content\/uploads\/2018\/01\/IMG_7184.JPG.a86570e793a1a74ef81201a73504143f.jpg?ssl=1\"><img data-recalc-dims=\"1\" loading=\"lazy\" decoding=\"async\" data-attachment-id=\"13274\" data-permalink=\"https:\/\/pequod.nesodd1.no\/?attachment_id=13274\" data-orig-file=\"https:\/\/i0.wp.com\/pequod.nesodd1.no\/wp-content\/uploads\/2018\/01\/IMG_7184.JPG.a86570e793a1a74ef81201a73504143f.jpg?fit=1000%2C750&amp;ssl=1\" data-orig-size=\"1000,750\" data-comments-opened=\"1\" data-image-meta=\"{&quot;aperture&quot;:&quot;0&quot;,&quot;credit&quot;:&quot;&quot;,&quot;camera&quot;:&quot;&quot;,&quot;caption&quot;:&quot;&quot;,&quot;created_timestamp&quot;:&quot;0&quot;,&quot;copyright&quot;:&quot;&quot;,&quot;focal_length&quot;:&quot;0&quot;,&quot;iso&quot;:&quot;0&quot;,&quot;shutter_speed&quot;:&quot;0&quot;,&quot;title&quot;:&quot;&quot;,&quot;orientation&quot;:&quot;0&quot;}\" data-image-title=\"IMG_7184.JPG.a86570e793a1a74ef81201a73504143f\" data-image-description=\"&lt;p&gt;Moss&lt;\/p&gt;\n\" data-image-caption=\"&lt;p&gt;P\u00e5 plass i Moss.&lt;\/p&gt;\n\" data-large-file=\"https:\/\/i0.wp.com\/pequod.nesodd1.no\/wp-content\/uploads\/2018\/01\/IMG_7184.JPG.a86570e793a1a74ef81201a73504143f.jpg?fit=940%2C705&amp;ssl=1\" class=\"size-full wp-image-13274\" src=\"https:\/\/i0.wp.com\/pequod.nesodd1.no\/wp-content\/uploads\/2018\/01\/IMG_7184.JPG.a86570e793a1a74ef81201a73504143f.jpg?resize=940%2C705&#038;ssl=1\" alt=\"\" width=\"940\" height=\"705\" srcset=\"https:\/\/i0.wp.com\/pequod.nesodd1.no\/wp-content\/uploads\/2018\/01\/IMG_7184.JPG.a86570e793a1a74ef81201a73504143f.jpg?w=1000&amp;ssl=1 1000w, https:\/\/i0.wp.com\/pequod.nesodd1.no\/wp-content\/uploads\/2018\/01\/IMG_7184.JPG.a86570e793a1a74ef81201a73504143f.jpg?resize=100%2C75&amp;ssl=1 100w, https:\/\/i0.wp.com\/pequod.nesodd1.no\/wp-content\/uploads\/2018\/01\/IMG_7184.JPG.a86570e793a1a74ef81201a73504143f.jpg?resize=300%2C225&amp;ssl=1 300w, https:\/\/i0.wp.com\/pequod.nesodd1.no\/wp-content\/uploads\/2018\/01\/IMG_7184.JPG.a86570e793a1a74ef81201a73504143f.jpg?resize=768%2C576&amp;ssl=1 768w\" sizes=\"auto, (max-width: 940px) 100vw, 940px\" \/><\/a><figcaption id=\"caption-attachment-13274\" class=\"wp-caption-text\">P\u00e5 plass i Moss.<\/figcaption><\/figure>\n<p>&nbsp;<\/p>\n<h3>Related Images:<\/h3>","protected":false},"excerpt":{"rendered":"<p>Vurdering: Posisjon:&nbsp;59\u00b026&#8217;6.1&#8243;N 10\u00b039&#8217;10.9&#8243;E Bes\u00f8kt antall ganger: 15 Sist bes\u00f8kt: September 2019 &nbsp;Hjemmeside Fasiliteter: Str\u00f8m, vann, toalett, dusj, vaskerom, s\u00f8ppel. Butikker, restauranter i umiddelbar n\u00e6rhet. Fort\u00f8yning: B\u00e5s og langsides. ved brygge i nord\u00f8st og langs kanalen. Havneavgift (for 29-foter): 235NOK d\u00f8gn med str\u00f8m og vann. Automat. Man kan ligge gratis i inntil fire timer, men da &hellip;<br \/><a href=\"https:\/\/pequod.nesodd1.no\/?page_id=8559\" class=\"more-link pen_element_default pen_icon_arrow_double\">Les<\/a><\/p>\n","protected":false},"author":1,"featured_media":15665,"parent":5493,"menu_order":0,"comment_status":"closed","ping_status":"closed","template":"","meta":{"_crdt_document":"","ngg_post_thumbnail":0,"jetpack_post_was_ever_published":false,"footnotes":""},"class_list":["post-8559","page","type-page","status-publish","has-post-thumbnail","hentry"],"jetpack_shortlink":"https:\/\/wp.me\/P3Zd9b-2e3","jetpack_sharing_enabled":true,"jetpack_likes_enabled":true,"jetpack-related-posts":[],"_links":{"self":[{"href":"https:\/\/pequod.nesodd1.no\/index.php?rest_route=\/wp\/v2\/pages\/8559","targetHints":{"allow":["GET"]}}],"collection":[{"href":"https:\/\/pequod.nesodd1.no\/index.php?rest_route=\/wp\/v2\/pages"}],"about":[{"href":"https:\/\/pequod.nesodd1.no\/index.php?rest_route=\/wp\/v2\/types\/page"}],"author":[{"embeddable":true,"href":"https:\/\/pequod.nesodd1.no\/index.php?rest_route=\/wp\/v2\/users\/1"}],"replies":[{"embeddable":true,"href":"https:\/\/pequod.nesodd1.no\/index.php?rest_route=%2Fwp%2Fv2%2Fcomments&post=8559"}],"version-history":[{"count":21,"href":"https:\/\/pequod.nesodd1.no\/index.php?rest_route=\/wp\/v2\/pages\/8559\/revisions"}],"predecessor-version":[{"id":28138,"href":"https:\/\/pequod.nesodd1.no\/index.php?rest_route=\/wp\/v2\/pages\/8559\/revisions\/28138"}],"up":[{"embeddable":true,"href":"https:\/\/pequod.nesodd1.no\/index.php?rest_route=\/wp\/v2\/pages\/5493"}],"wp:featuredmedia":[{"embeddable":true,"href":"https:\/\/pequod.nesodd1.no\/index.php?rest_route=\/wp\/v2\/media\/15665"}],"wp:attachment":[{"href":"https:\/\/pequod.nesodd1.no\/index.php?rest_route=%2Fwp%2Fv2%2Fmedia&parent=8559"}],"curies":[{"name":"wp","href":"https:\/\/api.w.org\/{rel}","templated":true}]}}