{"id":8577,"date":"2016-04-12T01:28:00","date_gmt":"2016-04-11T23:28:00","guid":{"rendered":"https:\/\/pequod.nesodd1.no\/?page_id=8577"},"modified":"2016-04-12T13:54:39","modified_gmt":"2016-04-12T11:54:39","slug":"tur-med-victoria-11-juli-2015","status":"publish","type":"page","link":"https:\/\/pequod.nesodd1.no\/?page_id=8577","title":{"rendered":"Tur med Victoria 11.juli 2015"},"content":{"rendered":"<p>Turen gikk fra Oksval og over til B\u00e6rumsskj\u00e6rg\u00e5rden med en tur gjennom Vendelsundet og kabelfergen. I Middagsbukta pr\u00f8vde vi \u00e5 praie en isb\u00e5t, men\u00a0guttungen som kj\u00f8rte den var b\u00e5de d\u00f8v og blind, s\u00e5 vi ga opp og dro tilbake til Oslo. I Bj\u00f8rvika, utenfor jobben, hoppet Victoria istedenfor av og gikk til Hennig Olsen-kiosken som st\u00e5r der om sommeren og kj\u00f8pte softis til oss. S\u00e5 is ble det!<\/p>\n\n            \n<h3>Related Images:<\/h3>","protected":false},"excerpt":{"rendered":"<p>Turen gikk fra Oksval og over til B\u00e6rumsskj\u00e6rg\u00e5rden med en tur gjennom Vendelsundet og kabelfergen. I Middagsbukta pr\u00f8vde vi \u00e5 praie en isb\u00e5t, men\u00a0guttungen som kj\u00f8rte den var b\u00e5de d\u00f8v og blind, s\u00e5 vi ga opp og dro tilbake til Oslo. I Bj\u00f8rvika, utenfor jobben, hoppet Victoria istedenfor av og gikk til Hennig Olsen-kiosken som &hellip;<br \/><a href=\"https:\/\/pequod.nesodd1.no\/?fa_gallery=tur-med-victoria-11-juli-2015\" class=\"more-link pen_element_default pen_icon_arrow_double\">Les<\/a><\/p>\n","protected":false},"author":1,"featured_media":0,"parent":8418,"menu_order":0,"comment_status":"closed","ping_status":"closed","template":"","meta":{"_crdt_document":"","ngg_post_thumbnail":0,"footnotes":""},"class_list":["post-8577","page","type-page","status-publish","hentry"],"jetpack_shortlink":"https:\/\/wp.me\/P3Zd9b-2el","jetpack_sharing_enabled":true,"jetpack_likes_enabled":true,"jetpack-related-posts":[],"_links":{"self":[{"href":"https:\/\/pequod.nesodd1.no\/index.php?rest_route=\/wp\/v2\/pages\/8577","targetHints":{"allow":["GET"]}}],"collection":[{"href":"https:\/\/pequod.nesodd1.no\/index.php?rest_route=\/wp\/v2\/pages"}],"about":[{"href":"https:\/\/pequod.nesodd1.no\/index.php?rest_route=\/wp\/v2\/types\/page"}],"author":[{"embeddable":true,"href":"https:\/\/pequod.nesodd1.no\/index.php?rest_route=\/wp\/v2\/users\/1"}],"replies":[{"embeddable":true,"href":"https:\/\/pequod.nesodd1.no\/index.php?rest_route=%2Fwp%2Fv2%2Fcomments&post=8577"}],"version-history":[{"count":2,"href":"https:\/\/pequod.nesodd1.no\/index.php?rest_route=\/wp\/v2\/pages\/8577\/revisions"}],"predecessor-version":[{"id":8580,"href":"https:\/\/pequod.nesodd1.no\/index.php?rest_route=\/wp\/v2\/pages\/8577\/revisions\/8580"}],"up":[{"embeddable":true,"href":"https:\/\/pequod.nesodd1.no\/index.php?rest_route=\/wp\/v2\/pages\/8418"}],"wp:attachment":[{"href":"https:\/\/pequod.nesodd1.no\/index.php?rest_route=%2Fwp%2Fv2%2Fmedia&parent=8577"}],"curies":[{"name":"wp","href":"https:\/\/api.w.org\/{rel}","templated":true}]}}