{"id":8613,"date":"2016-04-14T08:24:28","date_gmt":"2016-04-14T06:24:28","guid":{"rendered":"https:\/\/pequod.nesodd1.no\/?page_id=8613"},"modified":"2016-04-14T08:24:28","modified_gmt":"2016-04-14T06:24:28","slug":"retur-til-bakke-3-5-10-2015","status":"publish","type":"page","link":"https:\/\/pequod.nesodd1.no\/?page_id=8613","title":{"rendered":"Retur til Bakke 3.-5.10.2015"},"content":{"rendered":"<p>Etter amputasjon av stort\u00e5a i juli og et nytt, langt sykehusopphold, var jeg klar til et nytt rehabiliteringsopphold p\u00e5 Bakke utenfor Halden fra oktober. Jeg tok b\u00e5ten min nedover i tre etapper. F\u00f8rste gikk fra Oksval til Son, andre etappe fra Son til Halden og siste etappe p\u00e5 en dr\u00f8y time fra Halden og inn i Iddefjorden til Bakke.<\/p>\n\n            <!-- Blueimp gallery -->\n            <div id=\"blueimp-gallery-8612\" class=\"blueimp-gallery blueimp-gallery-controls\">\n                <div class=\"slides\"><\/div>\n                <h3 class=\"title\"><\/h3>\n                <a class=\"prev\">\u2039<\/a>\n                <a class=\"next\">\u203a<\/a>\n                <a class=\"close\">\u00d7<\/a>\n                <a class=\"play-pause\"><\/a>\n                <ol class=\"indicator\"><\/ol>\n                <div class=\"modal fade\">\n                    <div class=\"modal-dialog\">\n                        <div class=\"modal-content\">\n                            <div class=\"modal-header\">\n                                <button type=\"button\" class=\"close\" aria-hidden=\"true\">\u00d7<\/button>\n                                <h4 class=\"modal-title\"><\/h4>\n                            <\/div>\n                            <div class=\"modal-body next\"><\/div>\n                            <div class=\"modal-footer\">\n                                <button type=\"button\" class=\"btn btn-default pull-left prev\">\n                                    <i class=\"glyphicon glyphicon-chevron-left\"><\/i>\n                                    Previous                                <\/button>\n                                <button type=\"button\" class=\"btn btn-primary next\">\n                                    Next                                    <i class=\"glyphicon glyphicon-chevron-right\"><\/i>\n                                <\/button>\n                            <\/div>\n                        <\/div>\n                    <\/div>\n                <\/div>\n            <\/div>\n\n            <script data-jetpack-boost=\"ignore\" type=\"text\/javascript\">\n            jQuery(function() {\n                jQuery.extend(blueimp.Gallery.prototype.options, {\n                    useBootstrapModal: false,\n                    hidePageScrollbars: false,\n                    container: \"#blueimp-gallery-8612\",\n                });\n            });\n            <\/script>\n\n            \n<h3>Related Images:<\/h3>","protected":false},"excerpt":{"rendered":"<p>Etter amputasjon av stort\u00e5a i juli og et nytt, langt sykehusopphold, var jeg klar til et nytt rehabiliteringsopphold p\u00e5 Bakke utenfor Halden fra oktober. Jeg tok b\u00e5ten min nedover i tre etapper. F\u00f8rste gikk fra Oksval til Son, andre etappe fra Son til Halden og siste etappe p\u00e5 en dr\u00f8y time fra Halden og inn &hellip;<br \/><a href=\"https:\/\/pequod.nesodd1.no\/?p=8612\" class=\"more-link pen_element_default pen_icon_arrow_double\">Les<\/a><\/p>\n","protected":false},"author":1,"featured_media":0,"parent":8424,"menu_order":0,"comment_status":"closed","ping_status":"closed","template":"","meta":{"_crdt_document":"","ngg_post_thumbnail":0,"jetpack_post_was_ever_published":false,"footnotes":""},"class_list":["post-8613","page","type-page","status-publish","hentry"],"jetpack_shortlink":"https:\/\/wp.me\/P3Zd9b-2eV","jetpack_sharing_enabled":true,"jetpack_likes_enabled":true,"jetpack-related-posts":[],"_links":{"self":[{"href":"https:\/\/pequod.nesodd1.no\/index.php?rest_route=\/wp\/v2\/pages\/8613","targetHints":{"allow":["GET"]}}],"collection":[{"href":"https:\/\/pequod.nesodd1.no\/index.php?rest_route=\/wp\/v2\/pages"}],"about":[{"href":"https:\/\/pequod.nesodd1.no\/index.php?rest_route=\/wp\/v2\/types\/page"}],"author":[{"embeddable":true,"href":"https:\/\/pequod.nesodd1.no\/index.php?rest_route=\/wp\/v2\/users\/1"}],"replies":[{"embeddable":true,"href":"https:\/\/pequod.nesodd1.no\/index.php?rest_route=%2Fwp%2Fv2%2Fcomments&post=8613"}],"version-history":[{"count":1,"href":"https:\/\/pequod.nesodd1.no\/index.php?rest_route=\/wp\/v2\/pages\/8613\/revisions"}],"predecessor-version":[{"id":8614,"href":"https:\/\/pequod.nesodd1.no\/index.php?rest_route=\/wp\/v2\/pages\/8613\/revisions\/8614"}],"up":[{"embeddable":true,"href":"https:\/\/pequod.nesodd1.no\/index.php?rest_route=\/wp\/v2\/pages\/8424"}],"wp:attachment":[{"href":"https:\/\/pequod.nesodd1.no\/index.php?rest_route=%2Fwp%2Fv2%2Fmedia&parent=8613"}],"curies":[{"name":"wp","href":"https:\/\/api.w.org\/{rel}","templated":true}]}}