{"id":8714,"date":"2016-04-18T19:50:22","date_gmt":"2016-04-18T17:50:22","guid":{"rendered":"https:\/\/pequod.nesodd1.no\/?page_id=8714"},"modified":"2016-04-18T19:51:42","modified_gmt":"2016-04-18T17:51:42","slug":"konserttur-til-saetre-6-911-2015","status":"publish","type":"page","link":"https:\/\/pequod.nesodd1.no\/?page_id=8714","title":{"rendered":"Konserttur til S\u00e6tre 6-9.11.2015"},"content":{"rendered":"<p>Tok b\u00e5ten fra Bakke i Iddefjorden og til S\u00e6tre i Hurum for to konserter med mitt norske favorittband, The Windmill. Overnattet p\u00e5 Str\u00f8mtangen fyr og i Son. Meningen var retur til Bakke etter konsertene, men d\u00e5rlig v\u00e6rvarsel s\u00f8rget for at jeg m\u00e5tte ta b\u00e5ten hjem til Nesodden istedenfor.<\/p>\n<p>&nbsp;<\/p>\n\n            \n<h3>Related Images:<\/h3>","protected":false},"excerpt":{"rendered":"<p>Tok b\u00e5ten fra Bakke i Iddefjorden og til S\u00e6tre i Hurum for to konserter med mitt norske favorittband, The Windmill. Overnattet p\u00e5 Str\u00f8mtangen fyr og i Son. Meningen var retur til Bakke etter konsertene, men d\u00e5rlig v\u00e6rvarsel s\u00f8rget for at jeg m\u00e5tte ta b\u00e5ten hjem til Nesodden istedenfor. &nbsp; Related Images:<\/p>\n","protected":false},"author":1,"featured_media":0,"parent":8426,"menu_order":0,"comment_status":"closed","ping_status":"closed","template":"","meta":{"_crdt_document":"","ngg_post_thumbnail":0,"jetpack_post_was_ever_published":false,"footnotes":""},"class_list":["post-8714","page","type-page","status-publish","hentry"],"jetpack_shortlink":"https:\/\/wp.me\/P3Zd9b-2gy","jetpack_sharing_enabled":true,"jetpack_likes_enabled":true,"jetpack-related-posts":[],"_links":{"self":[{"href":"https:\/\/pequod.nesodd1.no\/index.php?rest_route=\/wp\/v2\/pages\/8714","targetHints":{"allow":["GET"]}}],"collection":[{"href":"https:\/\/pequod.nesodd1.no\/index.php?rest_route=\/wp\/v2\/pages"}],"about":[{"href":"https:\/\/pequod.nesodd1.no\/index.php?rest_route=\/wp\/v2\/types\/page"}],"author":[{"embeddable":true,"href":"https:\/\/pequod.nesodd1.no\/index.php?rest_route=\/wp\/v2\/users\/1"}],"replies":[{"embeddable":true,"href":"https:\/\/pequod.nesodd1.no\/index.php?rest_route=%2Fwp%2Fv2%2Fcomments&post=8714"}],"version-history":[{"count":2,"href":"https:\/\/pequod.nesodd1.no\/index.php?rest_route=\/wp\/v2\/pages\/8714\/revisions"}],"predecessor-version":[{"id":8717,"href":"https:\/\/pequod.nesodd1.no\/index.php?rest_route=\/wp\/v2\/pages\/8714\/revisions\/8717"}],"up":[{"embeddable":true,"href":"https:\/\/pequod.nesodd1.no\/index.php?rest_route=\/wp\/v2\/pages\/8426"}],"wp:attachment":[{"href":"https:\/\/pequod.nesodd1.no\/index.php?rest_route=%2Fwp%2Fv2%2Fmedia&parent=8714"}],"curies":[{"name":"wp","href":"https:\/\/api.w.org\/{rel}","templated":true}]}}