{"id":886,"date":"2013-11-07T21:43:44","date_gmt":"2013-11-07T20:43:44","guid":{"rendered":"https:\/\/pequod.nesodd1.no\/?page_id=886"},"modified":"2014-11-27T19:24:21","modified_gmt":"2014-11-27T18:24:21","slug":"liten-kosetur-torsdag-7-november-2","status":"publish","type":"page","link":"https:\/\/pequod.nesodd1.no\/?page_id=886","title":{"rendered":"Liten kosetur torsdag 7. november"},"content":{"rendered":"<p>Litt d\u00e5rligere v\u00e6r denne torsdagen enn p\u00e5 tirsdag, og det ble fort m\u00f8rkt. Endte opp med \u00e5 ta en tur til Lind\u00f8ya for \u00e5 tanke, deretter kj\u00f8rte jeg forbi Gressholmen og Ramberg\u00f8ya, videre forbi Lang\u00f8yene og til slutt kj\u00f8rte jeg i sundet mellom S\u00f8ndra Lang\u00f8ya (som det het f\u00f8r) og Husberg\u00f8ya i retning Oksval.<\/p>\n<p>&nbsp;<\/p>\n\n            <!-- Blueimp gallery -->\n            <div id=\"blueimp-gallery-6279\" class=\"blueimp-gallery blueimp-gallery-controls\">\n                <div class=\"slides\"><\/div>\n                <h3 class=\"title\"><\/h3>\n                <a class=\"prev\">\u2039<\/a>\n                <a class=\"next\">\u203a<\/a>\n                <a class=\"close\">\u00d7<\/a>\n                <a class=\"play-pause\"><\/a>\n                <ol class=\"indicator\"><\/ol>\n                <div class=\"modal fade\">\n                    <div class=\"modal-dialog\">\n                        <div class=\"modal-content\">\n                            <div class=\"modal-header\">\n                                <button type=\"button\" class=\"close\" aria-hidden=\"true\">\u00d7<\/button>\n                                <h4 class=\"modal-title\"><\/h4>\n                            <\/div>\n                            <div class=\"modal-body next\"><\/div>\n                            <div class=\"modal-footer\">\n                                <button type=\"button\" class=\"btn btn-default pull-left prev\">\n                                    <i class=\"glyphicon glyphicon-chevron-left\"><\/i>\n                                    Previous                                <\/button>\n                                <button type=\"button\" class=\"btn btn-primary next\">\n                                    Next                                    <i class=\"glyphicon glyphicon-chevron-right\"><\/i>\n                                <\/button>\n                            <\/div>\n                        <\/div>\n                    <\/div>\n                <\/div>\n            <\/div>\n\n            <script data-jetpack-boost=\"ignore\" type=\"text\/javascript\">\n            jQuery(function() {\n                jQuery.extend(blueimp.Gallery.prototype.options, {\n                    useBootstrapModal: false,\n                    hidePageScrollbars: false,\n                    container: \"#blueimp-gallery-6279\",\n                });\n            });\n            <\/script>\n\n            \n<h3>Related Images:<\/h3>","protected":false},"excerpt":{"rendered":"<p>Litt d\u00e5rligere v\u00e6r denne torsdagen enn p\u00e5 tirsdag, og det ble fort m\u00f8rkt. Endte opp med \u00e5 ta en tur til Lind\u00f8ya for \u00e5 tanke, deretter kj\u00f8rte jeg forbi Gressholmen og Ramberg\u00f8ya, videre forbi Lang\u00f8yene og til slutt kj\u00f8rte jeg i sundet mellom S\u00f8ndra Lang\u00f8ya (som det het f\u00f8r) og Husberg\u00f8ya i retning Oksval. &nbsp; &hellip;<br \/><a href=\"https:\/\/pequod.nesodd1.no\/?p=6279\" class=\"more-link pen_element_default pen_icon_arrow_double\">Les<\/a><\/p>\n","protected":false},"author":1,"featured_media":0,"parent":122,"menu_order":0,"comment_status":"open","ping_status":"open","template":"","meta":{"_crdt_document":"","ngg_post_thumbnail":0,"jetpack_post_was_ever_published":false,"footnotes":""},"class_list":["post-886","page","type-page","status-publish","hentry"],"jetpack_shortlink":"https:\/\/wp.me\/P3Zd9b-ei","jetpack_sharing_enabled":true,"jetpack_likes_enabled":true,"jetpack-related-posts":[],"_links":{"self":[{"href":"https:\/\/pequod.nesodd1.no\/index.php?rest_route=\/wp\/v2\/pages\/886","targetHints":{"allow":["GET"]}}],"collection":[{"href":"https:\/\/pequod.nesodd1.no\/index.php?rest_route=\/wp\/v2\/pages"}],"about":[{"href":"https:\/\/pequod.nesodd1.no\/index.php?rest_route=\/wp\/v2\/types\/page"}],"author":[{"embeddable":true,"href":"https:\/\/pequod.nesodd1.no\/index.php?rest_route=\/wp\/v2\/users\/1"}],"replies":[{"embeddable":true,"href":"https:\/\/pequod.nesodd1.no\/index.php?rest_route=%2Fwp%2Fv2%2Fcomments&post=886"}],"version-history":[{"count":4,"href":"https:\/\/pequod.nesodd1.no\/index.php?rest_route=\/wp\/v2\/pages\/886\/revisions"}],"predecessor-version":[{"id":6281,"href":"https:\/\/pequod.nesodd1.no\/index.php?rest_route=\/wp\/v2\/pages\/886\/revisions\/6281"}],"up":[{"embeddable":true,"href":"https:\/\/pequod.nesodd1.no\/index.php?rest_route=\/wp\/v2\/pages\/122"}],"wp:attachment":[{"href":"https:\/\/pequod.nesodd1.no\/index.php?rest_route=%2Fwp%2Fv2%2Fmedia&parent=886"}],"curies":[{"name":"wp","href":"https:\/\/api.w.org\/{rel}","templated":true}]}}