{"id":8957,"date":"2016-05-14T14:21:11","date_gmt":"2016-05-14T12:21:11","guid":{"rendered":"https:\/\/pequod.nesodd1.no\/?page_id=8957"},"modified":"2016-05-14T14:21:11","modified_gmt":"2016-05-14T12:21:11","slug":"sjoen-for-alle-2016","status":"publish","type":"page","link":"https:\/\/pequod.nesodd1.no\/?page_id=8957","title":{"rendered":"Sj\u00f8en for Alle 2016"},"content":{"rendered":"<p>Bilder fra \u00e5rets utstilling som fant sted fra 9 til 13. mars. Forel\u00f8pig bare iPhone-bilder, det kommer flere etterhvert.<\/p>\n\n            \n<h3>Related Images:<\/h3>","protected":false},"excerpt":{"rendered":"<p>Bilder fra \u00e5rets utstilling som fant sted fra 9 til 13. mars. Forel\u00f8pig bare iPhone-bilder, det kommer flere etterhvert. Related Images:<\/p>\n","protected":false},"author":1,"featured_media":0,"parent":8430,"menu_order":0,"comment_status":"closed","ping_status":"closed","template":"","meta":{"_crdt_document":"","ngg_post_thumbnail":0,"footnotes":""},"class_list":["post-8957","page","type-page","status-publish","hentry"],"jetpack_shortlink":"https:\/\/wp.me\/P3Zd9b-2kt","jetpack_sharing_enabled":true,"jetpack_likes_enabled":true,"jetpack-related-posts":[],"_links":{"self":[{"href":"https:\/\/pequod.nesodd1.no\/index.php?rest_route=\/wp\/v2\/pages\/8957","targetHints":{"allow":["GET"]}}],"collection":[{"href":"https:\/\/pequod.nesodd1.no\/index.php?rest_route=\/wp\/v2\/pages"}],"about":[{"href":"https:\/\/pequod.nesodd1.no\/index.php?rest_route=\/wp\/v2\/types\/page"}],"author":[{"embeddable":true,"href":"https:\/\/pequod.nesodd1.no\/index.php?rest_route=\/wp\/v2\/users\/1"}],"replies":[{"embeddable":true,"href":"https:\/\/pequod.nesodd1.no\/index.php?rest_route=%2Fwp%2Fv2%2Fcomments&post=8957"}],"version-history":[{"count":1,"href":"https:\/\/pequod.nesodd1.no\/index.php?rest_route=\/wp\/v2\/pages\/8957\/revisions"}],"predecessor-version":[{"id":8958,"href":"https:\/\/pequod.nesodd1.no\/index.php?rest_route=\/wp\/v2\/pages\/8957\/revisions\/8958"}],"up":[{"embeddable":true,"href":"https:\/\/pequod.nesodd1.no\/index.php?rest_route=\/wp\/v2\/pages\/8430"}],"wp:attachment":[{"href":"https:\/\/pequod.nesodd1.no\/index.php?rest_route=%2Fwp%2Fv2%2Fmedia&parent=8957"}],"curies":[{"name":"wp","href":"https:\/\/api.w.org\/{rel}","templated":true}]}}