{"id":899,"date":"2013-11-08T17:59:15","date_gmt":"2013-11-08T16:59:15","guid":{"rendered":"https:\/\/pequod.nesodd1.no\/?page_id=899"},"modified":"2014-11-27T19:39:42","modified_gmt":"2014-11-27T18:39:42","slug":"fredagstur-8-november-2013","status":"publish","type":"page","link":"https:\/\/pequod.nesodd1.no\/?page_id=899","title":{"rendered":"Fredagstur 8. november 2013"},"content":{"rendered":"<p>Det ble en lang og fin tur i dag. Fra Oksval rundet jeg Nesoddtangen, satte kursen mot Vassholmene og kj\u00f8rte mellom de to holmene, deretter inn Snar\u00f8ysundet, forbi Holsa og Langodden p\u00e5 styrbord side og Grims\u00f8y p\u00e5 babord side. Deretter forbi Kjeholmen p\u00e5 babord side, videre mellom Bor\u00f8ya og Ost\u00f8ya for jeg kj\u00f8rte ut Store Ostsundet og mellom Ost\u00f8ya og G\u00e5s\u00f8ya. Satte deretter kursen tvers over fjorden mot Ildjernet og kj\u00f8rte langsetter Nesoddlandet tilbake over Nesoddtangen og til Oksval. Tok 2,25 timer i varierende hastighet.<\/p>\n\n            <!-- Blueimp gallery -->\n            <div id=\"blueimp-gallery-6282\" class=\"blueimp-gallery blueimp-gallery-controls\">\n                <div class=\"slides\"><\/div>\n                <h3 class=\"title\"><\/h3>\n                <a class=\"prev\">\u2039<\/a>\n                <a class=\"next\">\u203a<\/a>\n                <a class=\"close\">\u00d7<\/a>\n                <a class=\"play-pause\"><\/a>\n                <ol class=\"indicator\"><\/ol>\n                <div class=\"modal fade\">\n                    <div class=\"modal-dialog\">\n                        <div class=\"modal-content\">\n                            <div class=\"modal-header\">\n                                <button type=\"button\" class=\"close\" aria-hidden=\"true\">\u00d7<\/button>\n                                <h4 class=\"modal-title\"><\/h4>\n                            <\/div>\n                            <div class=\"modal-body next\"><\/div>\n                            <div class=\"modal-footer\">\n                                <button type=\"button\" class=\"btn btn-default pull-left prev\">\n                                    <i class=\"glyphicon glyphicon-chevron-left\"><\/i>\n                                    Previous                                <\/button>\n                                <button type=\"button\" class=\"btn btn-primary next\">\n                                    Next                                    <i class=\"glyphicon glyphicon-chevron-right\"><\/i>\n                                <\/button>\n                            <\/div>\n                        <\/div>\n                    <\/div>\n                <\/div>\n            <\/div>\n\n            <script data-jetpack-boost=\"ignore\" type=\"text\/javascript\">\n            jQuery(function() {\n                jQuery.extend(blueimp.Gallery.prototype.options, {\n                    useBootstrapModal: false,\n                    hidePageScrollbars: false,\n                    container: \"#blueimp-gallery-6282\",\n                });\n            });\n            <\/script>\n\n            \n<h3>Related Images:<\/h3>","protected":false},"excerpt":{"rendered":"<p>Det ble en lang og fin tur i dag. Fra Oksval rundet jeg Nesoddtangen, satte kursen mot Vassholmene og kj\u00f8rte mellom de to holmene, deretter inn Snar\u00f8ysundet, forbi Holsa og Langodden p\u00e5 styrbord side og Grims\u00f8y p\u00e5 babord side. Deretter forbi Kjeholmen p\u00e5 babord side, videre mellom Bor\u00f8ya og Ost\u00f8ya for jeg kj\u00f8rte ut Store &hellip;<br \/><a href=\"https:\/\/pequod.nesodd1.no\/?p=6282\" class=\"more-link pen_element_default pen_icon_arrow_double\">Les<\/a><\/p>\n","protected":false},"author":1,"featured_media":0,"parent":122,"menu_order":0,"comment_status":"open","ping_status":"open","template":"","meta":{"_crdt_document":"","ngg_post_thumbnail":0,"jetpack_post_was_ever_published":false,"footnotes":""},"class_list":["post-899","page","type-page","status-publish","hentry"],"jetpack_shortlink":"https:\/\/wp.me\/P3Zd9b-ev","jetpack_sharing_enabled":true,"jetpack_likes_enabled":true,"jetpack-related-posts":[],"_links":{"self":[{"href":"https:\/\/pequod.nesodd1.no\/index.php?rest_route=\/wp\/v2\/pages\/899","targetHints":{"allow":["GET"]}}],"collection":[{"href":"https:\/\/pequod.nesodd1.no\/index.php?rest_route=\/wp\/v2\/pages"}],"about":[{"href":"https:\/\/pequod.nesodd1.no\/index.php?rest_route=\/wp\/v2\/types\/page"}],"author":[{"embeddable":true,"href":"https:\/\/pequod.nesodd1.no\/index.php?rest_route=\/wp\/v2\/users\/1"}],"replies":[{"embeddable":true,"href":"https:\/\/pequod.nesodd1.no\/index.php?rest_route=%2Fwp%2Fv2%2Fcomments&post=899"}],"version-history":[{"count":4,"href":"https:\/\/pequod.nesodd1.no\/index.php?rest_route=\/wp\/v2\/pages\/899\/revisions"}],"predecessor-version":[{"id":6283,"href":"https:\/\/pequod.nesodd1.no\/index.php?rest_route=\/wp\/v2\/pages\/899\/revisions\/6283"}],"up":[{"embeddable":true,"href":"https:\/\/pequod.nesodd1.no\/index.php?rest_route=\/wp\/v2\/pages\/122"}],"wp:attachment":[{"href":"https:\/\/pequod.nesodd1.no\/index.php?rest_route=%2Fwp%2Fv2%2Fmedia&parent=899"}],"curies":[{"name":"wp","href":"https:\/\/api.w.org\/{rel}","templated":true}]}}