{"id":9189,"date":"2016-06-07T17:32:21","date_gmt":"2016-06-07T15:32:21","guid":{"rendered":"https:\/\/pequod.nesodd1.no\/?page_id=9189"},"modified":"2018-07-16T07:39:11","modified_gmt":"2018-07-16T05:39:11","slug":"bytte-av-sinkanode","status":"publish","type":"page","link":"https:\/\/pequod.nesodd1.no\/?page_id=9189","title":{"rendered":"Bytte av sinkanode"},"content":{"rendered":"<p>Bytte av sinkanode p\u00e5 Yanmar 3GMD.<\/p>\n<p>Har du sj\u00f8vannskj\u00f8lt motor slik som jeg er det viktig \u00e5 bytte sinkanodene regelmessig.<\/p>\n<p>Dette innlegget handler om bytte av sinkanoden som befinner seg akter p\u00e5 selve motor blokka. Yanmar 3GMD har ogs\u00e5 to anoder festet p\u00e5 h\u00f8yre\/babord side, men der er det vanskelig \u00e5 komme til, s\u00e5 jeg har ikke f\u00e5tt gjort det enn\u00e5.&nbsp;Framgangsm\u00e5ten&nbsp;er uansett akkurat den samme.<\/p>\n<p>&nbsp;<\/p>\n<p><a href=\"https:\/\/pequod.nesodd1.no\/?attachment_id=9199\" rel=\"attachment wp-att-9199\"><img data-recalc-dims=\"1\" loading=\"lazy\" decoding=\"async\" data-attachment-id=\"9199\" data-permalink=\"https:\/\/pequod.nesodd1.no\/?attachment_id=9199\" data-orig-file=\"https:\/\/i0.wp.com\/pequod.nesodd1.no\/wp-content\/uploads\/2016\/06\/1-IMG_8459.jpg?fit=478%2C332&amp;ssl=1\" data-orig-size=\"478,332\" data-comments-opened=\"1\" data-image-meta=\"{&quot;aperture&quot;:&quot;2.2&quot;,&quot;credit&quot;:&quot;Picasa&quot;,&quot;camera&quot;:&quot;iPhone 6&quot;,&quot;caption&quot;:&quot;&quot;,&quot;created_timestamp&quot;:&quot;1465231062&quot;,&quot;copyright&quot;:&quot;&quot;,&quot;focal_length&quot;:&quot;4.15&quot;,&quot;iso&quot;:&quot;250&quot;,&quot;shutter_speed&quot;:&quot;0.0666666666667&quot;,&quot;title&quot;:&quot;&quot;,&quot;orientation&quot;:&quot;0&quot;}\" data-image-title=\"1-IMG_8459\" data-image-description=\"\" data-image-caption=\"\" data-large-file=\"https:\/\/i0.wp.com\/pequod.nesodd1.no\/wp-content\/uploads\/2016\/06\/1-IMG_8459.jpg?fit=478%2C332&amp;ssl=1\" class=\"alignleft wp-image-9199 size-medium\" src=\"https:\/\/i0.wp.com\/pequod.nesodd1.no\/wp-content\/uploads\/2016\/06\/1-IMG_8459-300x208.jpg?resize=300%2C208\" alt=\"1-IMG_8459\" width=\"300\" height=\"208\" srcset=\"https:\/\/i0.wp.com\/pequod.nesodd1.no\/wp-content\/uploads\/2016\/06\/1-IMG_8459.jpg?resize=300%2C208&amp;ssl=1 300w, https:\/\/i0.wp.com\/pequod.nesodd1.no\/wp-content\/uploads\/2016\/06\/1-IMG_8459.jpg?w=478&amp;ssl=1 478w\" sizes=\"auto, (max-width: 300px) 100vw, 300px\" \/><\/a>P\u00e5 det f\u00f8rste bildet til venstre ser du festet til sinkanoden p\u00e5 selve motoren.<\/p>\n<p>Du bruker en skiften\u00f8kkel eller kanskje helst en pipen\u00f8kkel.<\/p>\n<p>Mener jeg brukte en 24 mm p\u00e5 min motor for \u00e5 l\u00f8sne bolten.<\/p>\n<p>Det kan hende du m\u00e5 bruke en rustl\u00f8ser p\u00e5 bolten for \u00e5 f\u00e5 l\u00f8snet den.<\/p>\n<p>&nbsp;<\/p>\n<p><a href=\"https:\/\/pequod.nesodd1.no\/?attachment_id=9191\" rel=\"attachment wp-att-9191\"><img data-recalc-dims=\"1\" loading=\"lazy\" decoding=\"async\" data-attachment-id=\"9191\" data-permalink=\"https:\/\/pequod.nesodd1.no\/?attachment_id=9191\" data-orig-file=\"https:\/\/i0.wp.com\/pequod.nesodd1.no\/wp-content\/uploads\/2016\/06\/IMG_8460.jpg?fit=640%2C480&amp;ssl=1\" data-orig-size=\"640,480\" data-comments-opened=\"1\" data-image-meta=\"{&quot;aperture&quot;:&quot;2.2&quot;,&quot;credit&quot;:&quot;&quot;,&quot;camera&quot;:&quot;iPhone 6&quot;,&quot;caption&quot;:&quot;&quot;,&quot;created_timestamp&quot;:&quot;1465231096&quot;,&quot;copyright&quot;:&quot;&quot;,&quot;focal_length&quot;:&quot;4.15&quot;,&quot;iso&quot;:&quot;32&quot;,&quot;shutter_speed&quot;:&quot;0.0333333333333&quot;,&quot;title&quot;:&quot;&quot;,&quot;orientation&quot;:&quot;6&quot;}\" data-image-title=\"IMG_8460\" data-image-description=\"\" data-image-caption=\"\" data-large-file=\"https:\/\/i0.wp.com\/pequod.nesodd1.no\/wp-content\/uploads\/2016\/06\/IMG_8460.jpg?fit=640%2C480&amp;ssl=1\" class=\"alignleft wp-image-9191 size-medium\" src=\"https:\/\/i0.wp.com\/pequod.nesodd1.no\/wp-content\/uploads\/2016\/06\/IMG_8460-300x225.jpg?resize=300%2C225\" alt=\"IMG_8460\" width=\"300\" height=\"225\" srcset=\"https:\/\/i0.wp.com\/pequod.nesodd1.no\/wp-content\/uploads\/2016\/06\/IMG_8460.jpg?resize=300%2C225&amp;ssl=1 300w, https:\/\/i0.wp.com\/pequod.nesodd1.no\/wp-content\/uploads\/2016\/06\/IMG_8460.jpg?w=640&amp;ssl=1 640w\" sizes=\"auto, (max-width: 300px) 100vw, 300px\" \/><\/a><\/p>\n<p>P\u00e5 bilde to ser du den \u00f8delagte sinkanoden skrudd l\u00f8s fra bolten.<\/p>\n<p>Den kalles ogs\u00e5 for offeranode, fordi den ofrer seg slik at sj\u00f8vannet t\u00e6rer p\u00e5 den og ikke p\u00e5 motoren.<\/p>\n<p>Det er vel s\u00e5nn det er tenkt i alle fall.<\/p>\n<p>Denne ser relativt sliten ut.<\/p>\n<p><a href=\"https:\/\/pequod.nesodd1.no\/?attachment_id=9192\" rel=\"attachment wp-att-9192\"><img data-recalc-dims=\"1\" loading=\"lazy\" decoding=\"async\" data-attachment-id=\"9192\" data-permalink=\"https:\/\/pequod.nesodd1.no\/?attachment_id=9192\" data-orig-file=\"https:\/\/i0.wp.com\/pequod.nesodd1.no\/wp-content\/uploads\/2016\/06\/IMG_8461.jpg?fit=640%2C480&amp;ssl=1\" data-orig-size=\"640,480\" data-comments-opened=\"1\" data-image-meta=\"{&quot;aperture&quot;:&quot;2.2&quot;,&quot;credit&quot;:&quot;&quot;,&quot;camera&quot;:&quot;iPhone 6&quot;,&quot;caption&quot;:&quot;&quot;,&quot;created_timestamp&quot;:&quot;1465231101&quot;,&quot;copyright&quot;:&quot;&quot;,&quot;focal_length&quot;:&quot;4.15&quot;,&quot;iso&quot;:&quot;32&quot;,&quot;shutter_speed&quot;:&quot;0.0333333333333&quot;,&quot;title&quot;:&quot;&quot;,&quot;orientation&quot;:&quot;6&quot;}\" data-image-title=\"IMG_8461\" data-image-description=\"\" data-image-caption=\"\" data-large-file=\"https:\/\/i0.wp.com\/pequod.nesodd1.no\/wp-content\/uploads\/2016\/06\/IMG_8461.jpg?fit=640%2C480&amp;ssl=1\" class=\"alignleft wp-image-9192 size-medium\" src=\"https:\/\/i0.wp.com\/pequod.nesodd1.no\/wp-content\/uploads\/2016\/06\/IMG_8461-300x225.jpg?resize=300%2C225\" alt=\"IMG_8461\" width=\"300\" height=\"225\" srcset=\"https:\/\/i0.wp.com\/pequod.nesodd1.no\/wp-content\/uploads\/2016\/06\/IMG_8461.jpg?resize=300%2C225&amp;ssl=1 300w, https:\/\/i0.wp.com\/pequod.nesodd1.no\/wp-content\/uploads\/2016\/06\/IMG_8461.jpg?w=640&amp;ssl=1 640w\" sizes=\"auto, (max-width: 300px) 100vw, 300px\" \/><\/a><\/p>\n<p>&nbsp;<\/p>\n<p>&nbsp;<\/p>\n<p>&nbsp;<\/p>\n<p>&nbsp;<\/p>\n<p>&nbsp;<\/p>\n<p>&nbsp;<\/p>\n<p>P\u00e5 det tredje bildet ser vi b\u00e5de den nye anoden,<\/p>\n<p>den gamle og bolten som den skal skrues p\u00e5.<\/p>\n<p>Det er ogs\u00e5 en liten, svart pakning som skal byttes.<\/p>\n<p>&nbsp;<\/p>\n<p>&nbsp;<\/p>\n<p><a href=\"https:\/\/pequod.nesodd1.no\/?attachment_id=9193\" rel=\"attachment wp-att-9193\"><img data-recalc-dims=\"1\" loading=\"lazy\" decoding=\"async\" data-attachment-id=\"9193\" data-permalink=\"https:\/\/pequod.nesodd1.no\/?attachment_id=9193\" data-orig-file=\"https:\/\/i0.wp.com\/pequod.nesodd1.no\/wp-content\/uploads\/2016\/06\/IMG_8462.jpg?fit=640%2C480&amp;ssl=1\" data-orig-size=\"640,480\" data-comments-opened=\"1\" data-image-meta=\"{&quot;aperture&quot;:&quot;2.2&quot;,&quot;credit&quot;:&quot;&quot;,&quot;camera&quot;:&quot;iPhone 6&quot;,&quot;caption&quot;:&quot;&quot;,&quot;created_timestamp&quot;:&quot;1465231123&quot;,&quot;copyright&quot;:&quot;&quot;,&quot;focal_length&quot;:&quot;4.15&quot;,&quot;iso&quot;:&quot;32&quot;,&quot;shutter_speed&quot;:&quot;0.0333333333333&quot;,&quot;title&quot;:&quot;&quot;,&quot;orientation&quot;:&quot;6&quot;}\" data-image-title=\"IMG_8462\" data-image-description=\"\" data-image-caption=\"\" data-large-file=\"https:\/\/i0.wp.com\/pequod.nesodd1.no\/wp-content\/uploads\/2016\/06\/IMG_8462.jpg?fit=640%2C480&amp;ssl=1\" class=\"alignleft wp-image-9193 size-medium\" src=\"https:\/\/i0.wp.com\/pequod.nesodd1.no\/wp-content\/uploads\/2016\/06\/IMG_8462-300x225.jpg?resize=300%2C225\" alt=\"IMG_8462\" width=\"300\" height=\"225\" srcset=\"https:\/\/i0.wp.com\/pequod.nesodd1.no\/wp-content\/uploads\/2016\/06\/IMG_8462.jpg?resize=300%2C225&amp;ssl=1 300w, https:\/\/i0.wp.com\/pequod.nesodd1.no\/wp-content\/uploads\/2016\/06\/IMG_8462.jpg?w=640&amp;ssl=1 640w\" sizes=\"auto, (max-width: 300px) 100vw, 300px\" \/><\/a><\/p>\n<p>&nbsp;<\/p>\n<p>&nbsp;<\/p>\n<p>&nbsp;<\/p>\n<p>&nbsp;<\/p>\n<p>&nbsp;<\/p>\n<p>P\u00e5 det fjerde og siste bildet ser du den nye sinkanoden skrudd p\u00e5 bolten.<\/p>\n<p>Deretter skrues bolten godt fast p\u00e5 motoren igjen!<\/p>\n<p>Det er viktig \u00e5 feste den godt, slik at det ikke lekker sj\u00f8vann ut fra motoren n\u00e5r den startes igjen.<\/p>\n<p>Men alt med m\u00e5te, du m\u00e5 ikke skru den s\u00e5 godt fast at du f\u00e5r problemer med \u00e5 l\u00f8sne den igjen!<\/p>\n<p>&nbsp;<\/p>\n<p>&nbsp;<\/p>\n<p>&nbsp;<\/p>\n<p>&nbsp;<\/p>\n<p>&nbsp;<\/p>\n<p>Bytte av sinkanoder er egentlig noe av det enkleste vedlikeholdet du kan gj\u00f8re p\u00e5 en sj\u00f8vannskj\u00f8lt motor, og kanskje ogs\u00e5 noe av det viktigste!<\/p>\n<p>Hvor ofte det skal gj\u00f8res kommer an p\u00e5 mange forhold, s\u00e5 jeg kan ikke komme med noe bastant r\u00e5d. Selv bytter jeg sinkanoder omtrent annethvert \u00e5r.<\/p>\n<p>&nbsp;<\/p>\n<p>&nbsp;<\/p>\n<p>&nbsp;<\/p>\n<h3>Related Images:<\/h3>","protected":false},"excerpt":{"rendered":"<p>Bytte av sinkanode p\u00e5 Yanmar 3GMD. Har du sj\u00f8vannskj\u00f8lt motor slik som jeg er det viktig \u00e5 bytte sinkanodene regelmessig. Dette innlegget handler om bytte av sinkanoden som befinner seg akter p\u00e5 selve motor blokka. Yanmar 3GMD har ogs\u00e5 to anoder festet p\u00e5 h\u00f8yre\/babord side, men der er det vanskelig \u00e5 komme til, s\u00e5 jeg &hellip;<br \/><a href=\"https:\/\/pequod.nesodd1.no\/?page_id=9189\" class=\"more-link pen_element_default pen_icon_arrow_double\">Les<\/a><\/p>\n","protected":false},"author":1,"featured_media":0,"parent":7935,"menu_order":0,"comment_status":"closed","ping_status":"closed","template":"","meta":{"_crdt_document":"","ngg_post_thumbnail":0,"footnotes":""},"class_list":["post-9189","page","type-page","status-publish","hentry"],"jetpack_shortlink":"https:\/\/wp.me\/P3Zd9b-2od","jetpack_sharing_enabled":true,"jetpack_likes_enabled":true,"jetpack-related-posts":[],"_links":{"self":[{"href":"https:\/\/pequod.nesodd1.no\/index.php?rest_route=\/wp\/v2\/pages\/9189","targetHints":{"allow":["GET"]}}],"collection":[{"href":"https:\/\/pequod.nesodd1.no\/index.php?rest_route=\/wp\/v2\/pages"}],"about":[{"href":"https:\/\/pequod.nesodd1.no\/index.php?rest_route=\/wp\/v2\/types\/page"}],"author":[{"embeddable":true,"href":"https:\/\/pequod.nesodd1.no\/index.php?rest_route=\/wp\/v2\/users\/1"}],"replies":[{"embeddable":true,"href":"https:\/\/pequod.nesodd1.no\/index.php?rest_route=%2Fwp%2Fv2%2Fcomments&post=9189"}],"version-history":[{"count":20,"href":"https:\/\/pequod.nesodd1.no\/index.php?rest_route=\/wp\/v2\/pages\/9189\/revisions"}],"predecessor-version":[{"id":14228,"href":"https:\/\/pequod.nesodd1.no\/index.php?rest_route=\/wp\/v2\/pages\/9189\/revisions\/14228"}],"up":[{"embeddable":true,"href":"https:\/\/pequod.nesodd1.no\/index.php?rest_route=\/wp\/v2\/pages\/7935"}],"wp:attachment":[{"href":"https:\/\/pequod.nesodd1.no\/index.php?rest_route=%2Fwp%2Fv2%2Fmedia&parent=9189"}],"curies":[{"name":"wp","href":"https:\/\/api.w.org\/{rel}","templated":true}]}}