{"id":9242,"date":"2016-06-10T00:37:35","date_gmt":"2016-06-09T22:37:35","guid":{"rendered":"https:\/\/pequod.nesodd1.no\/?page_id=9242"},"modified":"2020-10-26T09:25:07","modified_gmt":"2020-10-26T08:25:07","slug":"bergholmen-nord","status":"publish","type":"page","link":"https:\/\/pequod.nesodd1.no\/?page_id=9242","title":{"rendered":"Bergholmen (nord)"},"content":{"rendered":"<p><strong>Vurdering (5 anker er best): <a href=\"https:\/\/i0.wp.com\/pequod.nesodd1.no\/wp-content\/uploads\/2019\/10\/klistremerker-anker-og-tau-design.jpg.jpg?ssl=1\"><img data-recalc-dims=\"1\" loading=\"lazy\" decoding=\"async\" data-attachment-id=\"16489\" data-permalink=\"https:\/\/pequod.nesodd1.no\/?attachment_id=16489\" data-orig-file=\"https:\/\/i0.wp.com\/pequod.nesodd1.no\/wp-content\/uploads\/2019\/10\/klistremerker-anker-og-tau-design.jpg.jpg?fit=25%2C25&amp;ssl=1\" data-orig-size=\"25,25\" data-comments-opened=\"1\" data-image-meta=\"{&quot;aperture&quot;:&quot;0&quot;,&quot;credit&quot;:&quot;tribalium81&quot;,&quot;camera&quot;:&quot;&quot;,&quot;caption&quot;:&quot;&quot;,&quot;created_timestamp&quot;:&quot;0&quot;,&quot;copyright&quot;:&quot;tribalium81&quot;,&quot;focal_length&quot;:&quot;0&quot;,&quot;iso&quot;:&quot;0&quot;,&quot;shutter_speed&quot;:&quot;0&quot;,&quot;title&quot;:&quot;anchor and rope design&quot;,&quot;orientation&quot;:&quot;1&quot;}\" data-image-title=\"anchor and rope design\" data-image-description=\"\" data-image-caption=\"\" data-large-file=\"https:\/\/i0.wp.com\/pequod.nesodd1.no\/wp-content\/uploads\/2019\/10\/klistremerker-anker-og-tau-design.jpg.jpg?fit=25%2C25&amp;ssl=1\" class=\"alignnone size-full wp-image-16489\" src=\"https:\/\/i0.wp.com\/pequod.nesodd1.no\/wp-content\/uploads\/2019\/10\/klistremerker-anker-og-tau-design.jpg.jpg?resize=25%2C25&#038;ssl=1\" alt=\"\" width=\"25\" height=\"25\"><\/a><a href=\"https:\/\/i0.wp.com\/pequod.nesodd1.no\/wp-content\/uploads\/2019\/10\/klistremerker-anker-og-tau-design.jpg.jpg?ssl=1\"><img data-recalc-dims=\"1\" loading=\"lazy\" decoding=\"async\" data-attachment-id=\"16489\" data-permalink=\"https:\/\/pequod.nesodd1.no\/?attachment_id=16489\" data-orig-file=\"https:\/\/i0.wp.com\/pequod.nesodd1.no\/wp-content\/uploads\/2019\/10\/klistremerker-anker-og-tau-design.jpg.jpg?fit=25%2C25&amp;ssl=1\" data-orig-size=\"25,25\" data-comments-opened=\"1\" data-image-meta=\"{&quot;aperture&quot;:&quot;0&quot;,&quot;credit&quot;:&quot;tribalium81&quot;,&quot;camera&quot;:&quot;&quot;,&quot;caption&quot;:&quot;&quot;,&quot;created_timestamp&quot;:&quot;0&quot;,&quot;copyright&quot;:&quot;tribalium81&quot;,&quot;focal_length&quot;:&quot;0&quot;,&quot;iso&quot;:&quot;0&quot;,&quot;shutter_speed&quot;:&quot;0&quot;,&quot;title&quot;:&quot;anchor and rope design&quot;,&quot;orientation&quot;:&quot;1&quot;}\" data-image-title=\"anchor and rope design\" data-image-description=\"\" data-image-caption=\"\" data-large-file=\"https:\/\/i0.wp.com\/pequod.nesodd1.no\/wp-content\/uploads\/2019\/10\/klistremerker-anker-og-tau-design.jpg.jpg?fit=25%2C25&amp;ssl=1\" class=\"alignnone size-full wp-image-16489\" src=\"https:\/\/i0.wp.com\/pequod.nesodd1.no\/wp-content\/uploads\/2019\/10\/klistremerker-anker-og-tau-design.jpg.jpg?resize=25%2C25&#038;ssl=1\" alt=\"\" width=\"25\" height=\"25\"><\/a><\/strong><br \/>\n<strong>Posisjon:<\/strong> 59\u00b040&#8217;31.1&#8243;N 10\u00b035&#8217;4.8&#8243;E<br \/>\n<strong>Antall bes\u00f8k<\/strong>: 1&nbsp;<strong>Sist bes\u00f8kt:&nbsp;<\/strong>09.06.2016.<br \/>\n<strong>Fasiliteter:<\/strong>&nbsp; Sittebenker i kaiomr\u00e5det. P\u00e5 andre siden av \u00f8ya, mot s\u00f8rvest, skal det v\u00e6re toaletter, uten at jeg s\u00e5 dem p\u00e5 mitt bes\u00f8k. Kan hende det er toaletter i bygningene der jeg l\u00e5 ogs\u00e5, men alt var stengt n\u00e5r jeg var der.<br \/>\n<b>Fort\u00f8yning: <\/b>Langsides, baug og anker.<br \/>\n<b>Tilrettelagt for funksjonshemmede:<\/b> Nei. Man kan komme seg ned til den andre havna der Kystled-hytta og Jacobine-hytta ligger, men m\u00e5 forsere noen trapper. Ellers er \u00f8ya sv\u00e6rt kupert p\u00e5 \u00f8stsiden mot H\u00e5\u00f8ya.<\/p>\n<p><a href=\"https:\/\/pequod.nesodd1.no\/?attachment_id=9248\" rel=\"attachment wp-att-9248\"><img data-recalc-dims=\"1\" loading=\"lazy\" decoding=\"async\" data-attachment-id=\"9248\" data-permalink=\"https:\/\/pequod.nesodd1.no\/?attachment_id=9248\" data-orig-file=\"https:\/\/i0.wp.com\/pequod.nesodd1.no\/wp-content\/uploads\/2016\/06\/IMG_8505.jpg?fit=640%2C480&amp;ssl=1\" data-orig-size=\"640,480\" data-comments-opened=\"1\" data-image-meta=\"{&quot;aperture&quot;:&quot;2.2&quot;,&quot;credit&quot;:&quot;&quot;,&quot;camera&quot;:&quot;iPhone 6&quot;,&quot;caption&quot;:&quot;&quot;,&quot;created_timestamp&quot;:&quot;1465457809&quot;,&quot;copyright&quot;:&quot;&quot;,&quot;focal_length&quot;:&quot;4.15&quot;,&quot;iso&quot;:&quot;32&quot;,&quot;shutter_speed&quot;:&quot;0.000454959053685&quot;,&quot;title&quot;:&quot;&quot;,&quot;orientation&quot;:&quot;1&quot;}\" data-image-title=\"IMG_8505\" data-image-description=\"&lt;p&gt;Bergholmen&lt;\/p&gt;\n\" data-image-caption=\"\" data-large-file=\"https:\/\/i0.wp.com\/pequod.nesodd1.no\/wp-content\/uploads\/2016\/06\/IMG_8505.jpg?fit=640%2C480&amp;ssl=1\" class=\"size-medium wp-image-9248 alignleft\" src=\"https:\/\/i0.wp.com\/pequod.nesodd1.no\/wp-content\/uploads\/2016\/06\/IMG_8505-300x225.jpg?resize=300%2C225\" alt=\"IMG_8505\" width=\"300\" height=\"225\" srcset=\"https:\/\/i0.wp.com\/pequod.nesodd1.no\/wp-content\/uploads\/2016\/06\/IMG_8505.jpg?resize=300%2C225&amp;ssl=1 300w, https:\/\/i0.wp.com\/pequod.nesodd1.no\/wp-content\/uploads\/2016\/06\/IMG_8505.jpg?w=640&amp;ssl=1 640w\" sizes=\"auto, (max-width: 300px) 100vw, 300px\" \/><\/a><\/p>\n<p>Bergholmen ligger p\u00e5 vestsiden av H\u00e5\u00f8ya, sentralt plassert med kort avstand til Dr\u00f8bak\/Oscarsborg p\u00e5 \u00f8stsiden og S\u00e6tre p\u00e5 vestsiden. Er tidligere eid av Forsvaret, men er n\u00e5 \u00e5pent for allmennheten. P\u00e5 s\u00f8rsiden er det ogs\u00e5 mulig \u00e5 leie en Kystled-hytte fra Oslofjorden Friluftsr\u00e5d.<\/p>\n<p>Det er enkle trebrygger laget i en slags firkantet U. Midt i innseilingen ligger det et skj\u00e6r, merket med stake. P\u00e5 kaien p\u00e5 styrbord side synes jeg det s\u00e5 ganske grunt ut og det stakk noe fram helt innerst under vann, s\u00e5 jeg tok ikke sjansen p\u00e5 \u00e5 legge meg til der.<\/p>\n<p>Jeg la meg derfor p\u00e5 brygga p\u00e5 midten, som er merket med r\u00f8dt og reservert de som har tilsyn med anlegget og bygningene. Men for meg passet den best, s\u00e5 da la jeg meg der. Og i 10-tiden en torsdag formiddag l\u00e5 jeg neppe i veien&#8230;<\/p>\n<p>Bryggene mot H\u00e5\u00f8ya-siden er litt h\u00f8ye igjen, og ikke ideelle for meg, s\u00e5 de unngikk jeg denne gangen.<\/p>\n<p>Det er ogs\u00e5 brygger p\u00e5 s\u00f8rsiden, men der har jeg ikke v\u00e6rt enn\u00e5, selv om jeg har hatt planer om det i flere \u00e5r&#8230;<\/p>\n<p>I n\u00f8dstilfelle er det ogs\u00e5 en halvveis \u00f8delagt trebrygge p\u00e5 s\u00f8r\u00f8stsiden i Kloasundet. Den er skr\u00f8pelig og det stikker ut \u00f8delagte stokker og spikre, men med god fendring er det mulig \u00e5 legge til der om det er krise&#8230; Ser dog vanskelig ut \u00e5 komme seg rundt p\u00e5 \u00f8ya fra det stedet.<\/p>\n<p>Om sommeren blir det fort fullt p\u00e5 Bergholmen.&nbsp;<\/p>\n<p><a href=\"https:\/\/i0.wp.com\/pequod.nesodd1.no\/wp-content\/uploads\/2020\/03\/IMG-8563.jpg?ssl=1\"><img data-recalc-dims=\"1\" loading=\"lazy\" decoding=\"async\" data-attachment-id=\"17890\" data-permalink=\"https:\/\/pequod.nesodd1.no\/?attachment_id=17890\" data-orig-file=\"https:\/\/i0.wp.com\/pequod.nesodd1.no\/wp-content\/uploads\/2020\/03\/IMG-8563.jpg?fit=800%2C600&amp;ssl=1\" data-orig-size=\"800,600\" data-comments-opened=\"1\" data-image-meta=\"{&quot;aperture&quot;:&quot;2.2&quot;,&quot;credit&quot;:&quot;&quot;,&quot;camera&quot;:&quot;iPhone 6&quot;,&quot;caption&quot;:&quot;&quot;,&quot;created_timestamp&quot;:&quot;1465476522&quot;,&quot;copyright&quot;:&quot;&quot;,&quot;focal_length&quot;:&quot;4.15&quot;,&quot;iso&quot;:&quot;32&quot;,&quot;shutter_speed&quot;:&quot;0.00048007681228997&quot;,&quot;title&quot;:&quot;&quot;,&quot;orientation&quot;:&quot;1&quot;}\" data-image-title=\"IMG-8563\" data-image-description=\"&lt;p&gt;Bergholmen&lt;\/p&gt;\n\" data-image-caption=\"\" data-large-file=\"https:\/\/i0.wp.com\/pequod.nesodd1.no\/wp-content\/uploads\/2020\/03\/IMG-8563.jpg?fit=800%2C600&amp;ssl=1\" class=\"aligncenter size-full wp-image-17890\" src=\"https:\/\/i0.wp.com\/pequod.nesodd1.no\/wp-content\/uploads\/2020\/03\/IMG-8563.jpg?resize=800%2C600&#038;ssl=1\" alt=\"\" width=\"800\" height=\"600\" srcset=\"https:\/\/i0.wp.com\/pequod.nesodd1.no\/wp-content\/uploads\/2020\/03\/IMG-8563.jpg?w=800&amp;ssl=1 800w, https:\/\/i0.wp.com\/pequod.nesodd1.no\/wp-content\/uploads\/2020\/03\/IMG-8563.jpg?resize=300%2C225&amp;ssl=1 300w, https:\/\/i0.wp.com\/pequod.nesodd1.no\/wp-content\/uploads\/2020\/03\/IMG-8563.jpg?resize=100%2C75&amp;ssl=1 100w, https:\/\/i0.wp.com\/pequod.nesodd1.no\/wp-content\/uploads\/2020\/03\/IMG-8563.jpg?resize=768%2C576&amp;ssl=1 768w\" sizes=\"auto, (max-width: 800px) 100vw, 800px\" \/><\/a><\/p>\n<h3>Related Images:<\/h3>","protected":false},"excerpt":{"rendered":"<p>Vurdering (5 anker er best): Posisjon: 59\u00b040&#8217;31.1&#8243;N 10\u00b035&#8217;4.8&#8243;E Antall bes\u00f8k: 1&nbsp;Sist bes\u00f8kt:&nbsp;09.06.2016. Fasiliteter:&nbsp; Sittebenker i kaiomr\u00e5det. P\u00e5 andre siden av \u00f8ya, mot s\u00f8rvest, skal det v\u00e6re toaletter, uten at jeg s\u00e5 dem p\u00e5 mitt bes\u00f8k. Kan hende det er toaletter i bygningene der jeg l\u00e5 ogs\u00e5, men alt var stengt n\u00e5r jeg var der. Fort\u00f8yning: &hellip;<br \/><a href=\"https:\/\/pequod.nesodd1.no\/?page_id=9242\" class=\"more-link pen_element_default pen_icon_arrow_double\">Les<\/a><\/p>\n","protected":false},"author":1,"featured_media":9262,"parent":5495,"menu_order":0,"comment_status":"closed","ping_status":"closed","template":"","meta":{"_crdt_document":"","ngg_post_thumbnail":0,"jetpack_post_was_ever_published":false,"footnotes":""},"class_list":["post-9242","page","type-page","status-publish","has-post-thumbnail","hentry"],"jetpack_shortlink":"https:\/\/wp.me\/P3Zd9b-2p4","jetpack_sharing_enabled":true,"jetpack_likes_enabled":true,"jetpack-related-posts":[],"_links":{"self":[{"href":"https:\/\/pequod.nesodd1.no\/index.php?rest_route=\/wp\/v2\/pages\/9242","targetHints":{"allow":["GET"]}}],"collection":[{"href":"https:\/\/pequod.nesodd1.no\/index.php?rest_route=\/wp\/v2\/pages"}],"about":[{"href":"https:\/\/pequod.nesodd1.no\/index.php?rest_route=\/wp\/v2\/types\/page"}],"author":[{"embeddable":true,"href":"https:\/\/pequod.nesodd1.no\/index.php?rest_route=\/wp\/v2\/users\/1"}],"replies":[{"embeddable":true,"href":"https:\/\/pequod.nesodd1.no\/index.php?rest_route=%2Fwp%2Fv2%2Fcomments&post=9242"}],"version-history":[{"count":11,"href":"https:\/\/pequod.nesodd1.no\/index.php?rest_route=\/wp\/v2\/pages\/9242\/revisions"}],"predecessor-version":[{"id":20477,"href":"https:\/\/pequod.nesodd1.no\/index.php?rest_route=\/wp\/v2\/pages\/9242\/revisions\/20477"}],"up":[{"embeddable":true,"href":"https:\/\/pequod.nesodd1.no\/index.php?rest_route=\/wp\/v2\/pages\/5495"}],"wp:featuredmedia":[{"embeddable":true,"href":"https:\/\/pequod.nesodd1.no\/index.php?rest_route=\/wp\/v2\/media\/9262"}],"wp:attachment":[{"href":"https:\/\/pequod.nesodd1.no\/index.php?rest_route=%2Fwp%2Fv2%2Fmedia&parent=9242"}],"curies":[{"name":"wp","href":"https:\/\/api.w.org\/{rel}","templated":true}]}}