{"id":9244,"date":"2016-06-10T00:47:42","date_gmt":"2016-06-09T22:47:42","guid":{"rendered":"https:\/\/pequod.nesodd1.no\/?page_id=9244"},"modified":"2020-10-26T09:27:51","modified_gmt":"2020-10-26T08:27:51","slug":"dragsund-haoya","status":"publish","type":"page","link":"https:\/\/pequod.nesodd1.no\/?page_id=9244","title":{"rendered":"Dragsund (H\u00e5\u00f8ya)"},"content":{"rendered":"<p><strong>Vurdering (5 anker er best): <a href=\"https:\/\/i0.wp.com\/pequod.nesodd1.no\/wp-content\/uploads\/2019\/10\/klistremerker-anker-og-tau-design.jpg.jpg?ssl=1\"><img data-recalc-dims=\"1\" loading=\"lazy\" decoding=\"async\" data-attachment-id=\"16489\" data-permalink=\"https:\/\/pequod.nesodd1.no\/?attachment_id=16489\" data-orig-file=\"https:\/\/i0.wp.com\/pequod.nesodd1.no\/wp-content\/uploads\/2019\/10\/klistremerker-anker-og-tau-design.jpg.jpg?fit=25%2C25&amp;ssl=1\" data-orig-size=\"25,25\" data-comments-opened=\"1\" data-image-meta=\"{&quot;aperture&quot;:&quot;0&quot;,&quot;credit&quot;:&quot;tribalium81&quot;,&quot;camera&quot;:&quot;&quot;,&quot;caption&quot;:&quot;&quot;,&quot;created_timestamp&quot;:&quot;0&quot;,&quot;copyright&quot;:&quot;tribalium81&quot;,&quot;focal_length&quot;:&quot;0&quot;,&quot;iso&quot;:&quot;0&quot;,&quot;shutter_speed&quot;:&quot;0&quot;,&quot;title&quot;:&quot;anchor and rope design&quot;,&quot;orientation&quot;:&quot;1&quot;}\" data-image-title=\"anchor and rope design\" data-image-description=\"\" data-image-caption=\"\" data-large-file=\"https:\/\/i0.wp.com\/pequod.nesodd1.no\/wp-content\/uploads\/2019\/10\/klistremerker-anker-og-tau-design.jpg.jpg?fit=25%2C25&amp;ssl=1\" class=\"alignnone size-full wp-image-16489\" src=\"https:\/\/i0.wp.com\/pequod.nesodd1.no\/wp-content\/uploads\/2019\/10\/klistremerker-anker-og-tau-design.jpg.jpg?resize=25%2C25&#038;ssl=1\" alt=\"\" width=\"25\" height=\"25\"><\/a><a href=\"https:\/\/i0.wp.com\/pequod.nesodd1.no\/wp-content\/uploads\/2019\/10\/klistremerker-anker-og-tau-design.jpg.jpg?ssl=1\"><img data-recalc-dims=\"1\" loading=\"lazy\" decoding=\"async\" data-attachment-id=\"16489\" data-permalink=\"https:\/\/pequod.nesodd1.no\/?attachment_id=16489\" data-orig-file=\"https:\/\/i0.wp.com\/pequod.nesodd1.no\/wp-content\/uploads\/2019\/10\/klistremerker-anker-og-tau-design.jpg.jpg?fit=25%2C25&amp;ssl=1\" data-orig-size=\"25,25\" data-comments-opened=\"1\" data-image-meta=\"{&quot;aperture&quot;:&quot;0&quot;,&quot;credit&quot;:&quot;tribalium81&quot;,&quot;camera&quot;:&quot;&quot;,&quot;caption&quot;:&quot;&quot;,&quot;created_timestamp&quot;:&quot;0&quot;,&quot;copyright&quot;:&quot;tribalium81&quot;,&quot;focal_length&quot;:&quot;0&quot;,&quot;iso&quot;:&quot;0&quot;,&quot;shutter_speed&quot;:&quot;0&quot;,&quot;title&quot;:&quot;anchor and rope design&quot;,&quot;orientation&quot;:&quot;1&quot;}\" data-image-title=\"anchor and rope design\" data-image-description=\"\" data-image-caption=\"\" data-large-file=\"https:\/\/i0.wp.com\/pequod.nesodd1.no\/wp-content\/uploads\/2019\/10\/klistremerker-anker-og-tau-design.jpg.jpg?fit=25%2C25&amp;ssl=1\" class=\"alignnone size-full wp-image-16489\" src=\"https:\/\/i0.wp.com\/pequod.nesodd1.no\/wp-content\/uploads\/2019\/10\/klistremerker-anker-og-tau-design.jpg.jpg?resize=25%2C25&#038;ssl=1\" alt=\"\" width=\"25\" height=\"25\"><\/a><\/strong><br \/>\n<strong>Posisjon:<\/strong> 59\u00b042&#8217;25.8&#8243;N 10\u00b033&#8217;18.6&#8243;E<br \/>\n<strong>Antall bes\u00f8k<\/strong>: 3 <strong>Sist bes\u00f8kt:&nbsp;<\/strong>H\u00f8sten 2018<br \/>\n<strong>Fasiliteter:<\/strong>&nbsp;&nbsp;S\u00f8ppelkasser. Mange av dem p\u00e5 rad og rekke. S\u00e5 en slags utedo p\u00e5 nordsiden.<br \/>\n<b>Fort\u00f8yning: <\/b>Langsides, baug og b\u00f8ye, baug og anker (innerst). Ute i Bj\u00f8rnebukta p\u00e5 nordvestsiden er det popul\u00e6rt \u00e5 ligge p\u00e5 svai.<br \/>\n<b>Tilrettelagt for funksjonshemmede:<\/b> Nei. Legger man til ved den nye flytebrygga m\u00e5 man oppover og nedover mange trapper f\u00f8r man er ute p\u00e5 en bred sti\/vei. Greit for meg med protese, men trenger man rullestol eller slikt kan man glemme det! Men har man f\u00f8rst kommet seg ut p\u00e5 den lille veien er den greit framkommelig. Legger man til innerst p\u00e5 holmen er brygga ganske h\u00f8y og det er vanligst \u00e5 legge til med baugen mot brygga og anker akter. Gikk ikke rundt dit, s\u00e5 jeg vet ikke hvor lett\/vanskelig det er \u00e5 komme seg fram der.<\/p>\n<figure id=\"attachment_9249\" aria-describedby=\"caption-attachment-9249\" style=\"width: 300px\" class=\"wp-caption alignleft\"><a href=\"https:\/\/pequod.nesodd1.no\/?attachment_id=9249\" rel=\"attachment wp-att-9249\"><img data-recalc-dims=\"1\" loading=\"lazy\" decoding=\"async\" data-attachment-id=\"9249\" data-permalink=\"https:\/\/pequod.nesodd1.no\/?attachment_id=9249\" data-orig-file=\"https:\/\/i0.wp.com\/pequod.nesodd1.no\/wp-content\/uploads\/2016\/06\/IMG_8567.jpg?fit=640%2C480&amp;ssl=1\" data-orig-size=\"640,480\" data-comments-opened=\"1\" data-image-meta=\"{&quot;aperture&quot;:&quot;2.2&quot;,&quot;credit&quot;:&quot;&quot;,&quot;camera&quot;:&quot;iPhone 6&quot;,&quot;caption&quot;:&quot;&quot;,&quot;created_timestamp&quot;:&quot;1465476317&quot;,&quot;copyright&quot;:&quot;&quot;,&quot;focal_length&quot;:&quot;4.15&quot;,&quot;iso&quot;:&quot;32&quot;,&quot;shutter_speed&quot;:&quot;0.000581057524695&quot;,&quot;title&quot;:&quot;&quot;,&quot;orientation&quot;:&quot;1&quot;}\" data-image-title=\"IMG_8567\" data-image-description=\"&lt;p&gt;Dragsund, H\u00e5\u00f8ya&lt;\/p&gt;\n\" data-image-caption=\"\" data-large-file=\"https:\/\/i0.wp.com\/pequod.nesodd1.no\/wp-content\/uploads\/2016\/06\/IMG_8567.jpg?fit=640%2C480&amp;ssl=1\" class=\"wp-image-9249 size-medium\" src=\"https:\/\/i0.wp.com\/pequod.nesodd1.no\/wp-content\/uploads\/2016\/06\/IMG_8567-300x225.jpg?resize=300%2C225\" alt=\"IMG_8567\" width=\"300\" height=\"225\" srcset=\"https:\/\/i0.wp.com\/pequod.nesodd1.no\/wp-content\/uploads\/2016\/06\/IMG_8567.jpg?resize=300%2C225&amp;ssl=1 300w, https:\/\/i0.wp.com\/pequod.nesodd1.no\/wp-content\/uploads\/2016\/06\/IMG_8567.jpg?w=640&amp;ssl=1 640w\" sizes=\"auto, (max-width: 300px) 100vw, 300px\" \/><\/a><figcaption id=\"caption-attachment-9249\" class=\"wp-caption-text\">Den nye flytebrygga<\/figcaption><\/figure>\n<p>Et veldig popul\u00e6rt sted i helger og om sommeren. Den nye flytebrygga som vel kom i 2015 har jo mer enn doblet kapasiteten. Der kan man p\u00e5 innsiden fort\u00f8ye med b\u00f8ye, mens jeg tror utsiden er ment for longside.<\/p>\n<p>Har h\u00f8rt at det kan bli ganske grunt p\u00e5 utsiden ved fj\u00e6re, men det var flo n\u00e5r jeg l\u00e5 der.<\/p>\n<p>I og med at det er et popul\u00e6rt sted for b\u00e5tfolk \u00e5 legge til, s\u00e5 er det mange s\u00f8ppelkasser plassert p\u00e5 rekke og rad p\u00e5 land. Ikke vann eller str\u00f8m noe sted. Litt overraskende ogs\u00e5 at det ikke er flere toaletter tilgjengelig.<\/p>\n<p>Ikke s\u00e5 veldig langt \u00e5 g\u00e5 til kafeen (H\u00e5\u00f8ya naturverksted) som om sommeren serverer ovnsbakt br\u00f8d fra vedovn og ost laget p\u00e5 melken fra geitene som beiter der.<\/p>\n<p>Geitene s\u00f8rger for \u00e5 vedlikeholde kulturlandskapet og ogs\u00e5 &#8211; noe jeg ikke visste f\u00f8r jeg leste det p\u00e5 plakatene i land &#8211; gj\u00f8r det vanskelig for fl\u00e5tten \u00e5 overleve p\u00e5 \u00f8ya samtidig, nettopp fordi de beiter ned landskapet.<\/p>\n<p>Husk \u00e5 lukke alle porter du g\u00e5r gjennom, ellers s\u00e5 har du plutselig en geit p\u00e5 dollbordet f\u00f8r du aner det! \ud83d\ude00<\/p>\n<figure id=\"attachment_9256\" aria-describedby=\"caption-attachment-9256\" style=\"width: 640px\" class=\"wp-caption aligncenter\"><a href=\"https:\/\/pequod.nesodd1.no\/?attachment_id=9256\" rel=\"attachment wp-att-9256\"><img data-recalc-dims=\"1\" loading=\"lazy\" decoding=\"async\" data-attachment-id=\"9256\" data-permalink=\"https:\/\/pequod.nesodd1.no\/?attachment_id=9256\" data-orig-file=\"https:\/\/i0.wp.com\/pequod.nesodd1.no\/wp-content\/uploads\/2016\/06\/IMG_8572.jpg?fit=640%2C480&amp;ssl=1\" data-orig-size=\"640,480\" data-comments-opened=\"1\" data-image-meta=\"{&quot;aperture&quot;:&quot;2.2&quot;,&quot;credit&quot;:&quot;&quot;,&quot;camera&quot;:&quot;iPhone 6&quot;,&quot;caption&quot;:&quot;&quot;,&quot;created_timestamp&quot;:&quot;1465476604&quot;,&quot;copyright&quot;:&quot;&quot;,&quot;focal_length&quot;:&quot;4.15&quot;,&quot;iso&quot;:&quot;32&quot;,&quot;shutter_speed&quot;:&quot;0.000555864369094&quot;,&quot;title&quot;:&quot;&quot;,&quot;orientation&quot;:&quot;1&quot;}\" data-image-title=\"IMG_8572\" data-image-description=\"&lt;p&gt;Dragsund, H\u00e5\u00f8ya&lt;\/p&gt;\n\" data-image-caption=\"&lt;p&gt;Den gamle plassen kan skimtes mellom tr\u00e6rne.&lt;\/p&gt;\n\" data-large-file=\"https:\/\/i0.wp.com\/pequod.nesodd1.no\/wp-content\/uploads\/2016\/06\/IMG_8572.jpg?fit=640%2C480&amp;ssl=1\" class=\"wp-image-9256 size-full\" src=\"https:\/\/i0.wp.com\/pequod.nesodd1.no\/wp-content\/uploads\/2016\/06\/IMG_8572.jpg?resize=640%2C480&#038;ssl=1\" alt=\"Den gamle plassen kan skimtes mellom tr\u00e6rne.\" width=\"640\" height=\"480\" srcset=\"https:\/\/i0.wp.com\/pequod.nesodd1.no\/wp-content\/uploads\/2016\/06\/IMG_8572.jpg?w=640&amp;ssl=1 640w, https:\/\/i0.wp.com\/pequod.nesodd1.no\/wp-content\/uploads\/2016\/06\/IMG_8572.jpg?resize=300%2C225&amp;ssl=1 300w\" sizes=\"auto, (max-width: 640px) 100vw, 640px\" \/><\/a><figcaption id=\"caption-attachment-9256\" class=\"wp-caption-text\">Den gamle plassen kan skimtes mellom tr\u00e6rne.<\/figcaption><\/figure>\n<p>&nbsp;<\/p>\n<h3>Related Images:<\/h3>","protected":false},"excerpt":{"rendered":"<p>Vurdering (5 anker er best): Posisjon: 59\u00b042&#8217;25.8&#8243;N 10\u00b033&#8217;18.6&#8243;E Antall bes\u00f8k: 3 Sist bes\u00f8kt:&nbsp;H\u00f8sten 2018 Fasiliteter:&nbsp;&nbsp;S\u00f8ppelkasser. Mange av dem p\u00e5 rad og rekke. S\u00e5 en slags utedo p\u00e5 nordsiden. Fort\u00f8yning: Langsides, baug og b\u00f8ye, baug og anker (innerst). Ute i Bj\u00f8rnebukta p\u00e5 nordvestsiden er det popul\u00e6rt \u00e5 ligge p\u00e5 svai. Tilrettelagt for funksjonshemmede: Nei. Legger man &hellip;<br \/><a href=\"https:\/\/pequod.nesodd1.no\/?page_id=9244\" class=\"more-link pen_element_default pen_icon_arrow_double\">Les<\/a><\/p>\n","protected":false},"author":1,"featured_media":7537,"parent":5495,"menu_order":0,"comment_status":"closed","ping_status":"closed","template":"","meta":{"_crdt_document":"","ngg_post_thumbnail":0,"jetpack_post_was_ever_published":false,"footnotes":""},"class_list":["post-9244","page","type-page","status-publish","has-post-thumbnail","hentry"],"jetpack_shortlink":"https:\/\/wp.me\/P3Zd9b-2p6","jetpack_sharing_enabled":true,"jetpack_likes_enabled":true,"jetpack-related-posts":[],"_links":{"self":[{"href":"https:\/\/pequod.nesodd1.no\/index.php?rest_route=\/wp\/v2\/pages\/9244","targetHints":{"allow":["GET"]}}],"collection":[{"href":"https:\/\/pequod.nesodd1.no\/index.php?rest_route=\/wp\/v2\/pages"}],"about":[{"href":"https:\/\/pequod.nesodd1.no\/index.php?rest_route=\/wp\/v2\/types\/page"}],"author":[{"embeddable":true,"href":"https:\/\/pequod.nesodd1.no\/index.php?rest_route=\/wp\/v2\/users\/1"}],"replies":[{"embeddable":true,"href":"https:\/\/pequod.nesodd1.no\/index.php?rest_route=%2Fwp%2Fv2%2Fcomments&post=9244"}],"version-history":[{"count":9,"href":"https:\/\/pequod.nesodd1.no\/index.php?rest_route=\/wp\/v2\/pages\/9244\/revisions"}],"predecessor-version":[{"id":20479,"href":"https:\/\/pequod.nesodd1.no\/index.php?rest_route=\/wp\/v2\/pages\/9244\/revisions\/20479"}],"up":[{"embeddable":true,"href":"https:\/\/pequod.nesodd1.no\/index.php?rest_route=\/wp\/v2\/pages\/5495"}],"wp:featuredmedia":[{"embeddable":true,"href":"https:\/\/pequod.nesodd1.no\/index.php?rest_route=\/wp\/v2\/media\/7537"}],"wp:attachment":[{"href":"https:\/\/pequod.nesodd1.no\/index.php?rest_route=%2Fwp%2Fv2%2Fmedia&parent=9244"}],"curies":[{"name":"wp","href":"https:\/\/api.w.org\/{rel}","templated":true}]}}