{"id":9310,"date":"2016-06-29T12:26:30","date_gmt":"2016-06-29T10:26:30","guid":{"rendered":"https:\/\/pequod.nesodd1.no\/?page_id=9310"},"modified":"2024-03-13T16:32:03","modified_gmt":"2024-03-13T15:32:03","slug":"sand-marina-spjaeroy","status":"publish","type":"page","link":"https:\/\/pequod.nesodd1.no\/?page_id=9310","title":{"rendered":"Sand Marina (Spj\u00e6r\u00f8y)"},"content":{"rendered":"<p><strong>Vurdering (5 anker er best): <a href=\"https:\/\/i0.wp.com\/pequod.nesodd1.no\/wp-content\/uploads\/2019\/10\/klistremerker-anker-og-tau-design.jpg.jpg?ssl=1\"><img data-recalc-dims=\"1\" loading=\"lazy\" decoding=\"async\" data-attachment-id=\"16489\" data-permalink=\"https:\/\/pequod.nesodd1.no\/?attachment_id=16489\" data-orig-file=\"https:\/\/i0.wp.com\/pequod.nesodd1.no\/wp-content\/uploads\/2019\/10\/klistremerker-anker-og-tau-design.jpg.jpg?fit=25%2C25&amp;ssl=1\" data-orig-size=\"25,25\" data-comments-opened=\"1\" data-image-meta=\"{&quot;aperture&quot;:&quot;0&quot;,&quot;credit&quot;:&quot;tribalium81&quot;,&quot;camera&quot;:&quot;&quot;,&quot;caption&quot;:&quot;&quot;,&quot;created_timestamp&quot;:&quot;0&quot;,&quot;copyright&quot;:&quot;tribalium81&quot;,&quot;focal_length&quot;:&quot;0&quot;,&quot;iso&quot;:&quot;0&quot;,&quot;shutter_speed&quot;:&quot;0&quot;,&quot;title&quot;:&quot;anchor and rope design&quot;,&quot;orientation&quot;:&quot;1&quot;}\" data-image-title=\"anchor and rope design\" data-image-description=\"\" data-image-caption=\"\" data-large-file=\"https:\/\/i0.wp.com\/pequod.nesodd1.no\/wp-content\/uploads\/2019\/10\/klistremerker-anker-og-tau-design.jpg.jpg?fit=25%2C25&amp;ssl=1\" class=\"alignnone size-full wp-image-16489\" src=\"https:\/\/i0.wp.com\/pequod.nesodd1.no\/wp-content\/uploads\/2019\/10\/klistremerker-anker-og-tau-design.jpg.jpg?resize=25%2C25&#038;ssl=1\" alt=\"\" width=\"25\" height=\"25\"><\/a><a href=\"https:\/\/i0.wp.com\/pequod.nesodd1.no\/wp-content\/uploads\/2019\/10\/klistremerker-anker-og-tau-design.jpg.jpg?ssl=1\"><img data-recalc-dims=\"1\" loading=\"lazy\" decoding=\"async\" data-attachment-id=\"16489\" data-permalink=\"https:\/\/pequod.nesodd1.no\/?attachment_id=16489\" data-orig-file=\"https:\/\/i0.wp.com\/pequod.nesodd1.no\/wp-content\/uploads\/2019\/10\/klistremerker-anker-og-tau-design.jpg.jpg?fit=25%2C25&amp;ssl=1\" data-orig-size=\"25,25\" data-comments-opened=\"1\" data-image-meta=\"{&quot;aperture&quot;:&quot;0&quot;,&quot;credit&quot;:&quot;tribalium81&quot;,&quot;camera&quot;:&quot;&quot;,&quot;caption&quot;:&quot;&quot;,&quot;created_timestamp&quot;:&quot;0&quot;,&quot;copyright&quot;:&quot;tribalium81&quot;,&quot;focal_length&quot;:&quot;0&quot;,&quot;iso&quot;:&quot;0&quot;,&quot;shutter_speed&quot;:&quot;0&quot;,&quot;title&quot;:&quot;anchor and rope design&quot;,&quot;orientation&quot;:&quot;1&quot;}\" data-image-title=\"anchor and rope design\" data-image-description=\"\" data-image-caption=\"\" data-large-file=\"https:\/\/i0.wp.com\/pequod.nesodd1.no\/wp-content\/uploads\/2019\/10\/klistremerker-anker-og-tau-design.jpg.jpg?fit=25%2C25&amp;ssl=1\" class=\"alignnone size-full wp-image-16489\" src=\"https:\/\/i0.wp.com\/pequod.nesodd1.no\/wp-content\/uploads\/2019\/10\/klistremerker-anker-og-tau-design.jpg.jpg?resize=25%2C25&#038;ssl=1\" alt=\"\" width=\"25\" height=\"25\"><\/a><\/strong><br \/>\n<b>Posisjon:<\/b> 59\u00b04&#8217;54.5&#8243;N 10\u00b055&#8217;56.9&#8243;E<br \/>\n<b>Bes\u00f8kt antall ganger:<\/b> 5<b>&nbsp;Sist bes\u00f8kt:<\/b> Juni 2019 &nbsp;<a href=\"http:\/\/www.sandmarina.no\/\" target=\"_blank\" rel=\"noopener noreferrer\">Hjemmeside&nbsp;<\/a><br \/>\n<b>Fasiliteter:<\/b> Str\u00f8m, vann, toaletter, dusj (20 kr automat), vaskemaskin, drivstoff, s\u00f8ppelt\u00f8mming.. Kiosk med brus, is, sjokolade og noe b\u00e5tutstyr. Restaurant.&nbsp;<br \/>\n<b>Fort\u00f8yning: <\/b>B\u00e5s og sidelengs.<br \/>\n<b>Havneavgift (for 24-foter): <\/b>250 NOK. M\u00e5 betales manuelt i kiosken eller med Vipps hvis kiosken er stengt..<br \/>\n<b>Tilrettelagt for funksjonshemmede:&nbsp;<\/b>Tja. Der jeg l\u00e5 ved en vanlig flytebrygge var det den vanlige rampen opp fra brygga og til land, men deretter fulgte noen trappetrinn. Adgangen til selve toaletter og vaskerom var greit i bakkeplan. Dusjen var plassert innerst p\u00e5 de respektive herre- og dametoalettene (s\u00e5 ikke noe eget handicaptoalett) med myntautomat. Det var trangt der&#8230;<\/p>\n<p><a href=\"https:\/\/pequod.nesodd1.no\/?attachment_id=9439\" rel=\"attachment wp-att-9439\"><img data-recalc-dims=\"1\" loading=\"lazy\" decoding=\"async\" data-attachment-id=\"9439\" data-permalink=\"https:\/\/pequod.nesodd1.no\/?attachment_id=9439\" data-orig-file=\"https:\/\/i0.wp.com\/pequod.nesodd1.no\/wp-content\/uploads\/2016\/06\/1-IMG_4373.jpg?fit=1024%2C683&amp;ssl=1\" data-orig-size=\"1024,683\" data-comments-opened=\"1\" data-image-meta=\"{&quot;aperture&quot;:&quot;10&quot;,&quot;credit&quot;:&quot;Picasa&quot;,&quot;camera&quot;:&quot;Canon EOS 700D&quot;,&quot;caption&quot;:&quot;&quot;,&quot;created_timestamp&quot;:&quot;1466241027&quot;,&quot;copyright&quot;:&quot;&quot;,&quot;focal_length&quot;:&quot;18&quot;,&quot;iso&quot;:&quot;100&quot;,&quot;shutter_speed&quot;:&quot;0.004&quot;,&quot;title&quot;:&quot;&quot;,&quot;orientation&quot;:&quot;0&quot;}\" data-image-title=\"1-IMG_4373\" data-image-description=\"&lt;p&gt;Sand marina, Spj\u00e6r\u00f8y&lt;\/p&gt;\n\" data-image-caption=\"\" data-large-file=\"https:\/\/i0.wp.com\/pequod.nesodd1.no\/wp-content\/uploads\/2016\/06\/1-IMG_4373.jpg?fit=940%2C627&amp;ssl=1\" class=\"alignleft size-medium wp-image-9439\" src=\"https:\/\/i0.wp.com\/pequod.nesodd1.no\/wp-content\/uploads\/2016\/06\/1-IMG_4373-300x200.jpg?resize=300%2C200\" alt=\"1-IMG_4373\" width=\"300\" height=\"200\" srcset=\"https:\/\/i0.wp.com\/pequod.nesodd1.no\/wp-content\/uploads\/2016\/06\/1-IMG_4373.jpg?resize=300%2C200&amp;ssl=1 300w, https:\/\/i0.wp.com\/pequod.nesodd1.no\/wp-content\/uploads\/2016\/06\/1-IMG_4373.jpg?resize=768%2C512&amp;ssl=1 768w, https:\/\/i0.wp.com\/pequod.nesodd1.no\/wp-content\/uploads\/2016\/06\/1-IMG_4373.jpg?w=1024&amp;ssl=1 1024w\" sizes=\"auto, (max-width: 300px) 100vw, 300px\" \/><\/a>Bes\u00f8kte Sand Marina for f\u00f8rste gang under \u00d8stfoldtreffet 2016. Da var det stappfullt og jeg ble anvist plass. Gjesteplassene ligger litt lenger inn i marinaen, etter at man har passert drivstoffbrygga. Det betyr kort vei til servicebygget, kiosken og restauranten, hvorav den siste nok var best! Spaserturen til s\u00f8ppelcontainerene i enden av parkeringsplassen (mot bruen) var dr\u00f8y.<\/p>\n<p>Kiosken var ytterst sparsom, det var stort sett bare is og brus og aviser, samt&nbsp;en hyllerekke med ting til b\u00e5ten. Det er ogs\u00e5 i kiosken man betaler havneavgiften ettersom det ikke er noen automat der.<\/p>\n<p>P\u00e5 andre siden av sundet ligger det en dagligvarebutikk med bryggeplass, s\u00e5 har du en jolle er det ikke langt unna hvis du trenger \u00e5 handle mer en et basisutvalg med kioskvarer.<\/p>\n<p>WC og dusj var i samme rom, bare adskilt med tynne vegger og med &laquo;luft&raquo; nederst. S\u00e5 her m\u00e5tte man alts\u00e5 dusje mens andre satt i b\u00e5sen ved siden av og gjorde sitt&#8230; Ikke en veldig delikat l\u00f8sning, for \u00e5 si det slik. Man m\u00e5 betale 20 kr for dusjen og da varer dusjingen i underkant av fem minutter.<\/p>\n<p>Det var ikke akkurat rent og pent i toalettomr\u00e5det n\u00e5r jeg var der, men jeg m\u00e5 jo ta h\u00f8yde for at det var b\u00e5ttreff og noe mer trafikk enn marinaen nok vanligvis har. Noe nedslitt var det uansett.<\/p>\n<p>Restauranten kan varmt anbefales, god mat og hyggelig betjening i alle fall sist gang jeg var der. Men ble noe irritert da jeg ikke fikk brukt et gavekort jeg vant p\u00e5 \u00d8stfoldtreffet andre gang. Jeg brukte det f\u00f8rst under selve treffet, men hadde mer igjen p\u00e5 det. Det sto ikke noen utl\u00f8psdato p\u00e5 det, men n\u00e5r jeg bes\u00f8kte dem \u00e5ret etter (bor jo tross alt ikke i omr\u00e5det) s\u00e5 nektet de meg \u00e5 bruke restbel\u00f8pet. En filleting, men d\u00e5rlig service. Litt synd, for maten er jo god der, men n\u00e5r man f\u00e5r d\u00e5rlig service s\u00e5 frister det ikke til gjenbes\u00f8k. Og jeg har ikke v\u00e6rt der etterp\u00e5 heller&#8230; Med b\u00e5ten ja, men ikke som gjest p\u00e5 restauranten.<\/p>\n<p>&nbsp;<\/p>\n<figure id=\"attachment_12920\" aria-describedby=\"caption-attachment-12920\" style=\"width: 640px\" class=\"wp-caption aligncenter\"><a href=\"https:\/\/i0.wp.com\/pequod.nesodd1.no\/wp-content\/uploads\/2017\/10\/IMG_5957.jpg?ssl=1\"><img data-recalc-dims=\"1\" loading=\"lazy\" decoding=\"async\" data-attachment-id=\"12920\" data-permalink=\"https:\/\/pequod.nesodd1.no\/?attachment_id=12920\" data-orig-file=\"https:\/\/i0.wp.com\/pequod.nesodd1.no\/wp-content\/uploads\/2017\/10\/IMG_5957.jpg?fit=640%2C480&amp;ssl=1\" data-orig-size=\"640,480\" data-comments-opened=\"1\" data-image-meta=\"{&quot;aperture&quot;:&quot;1.8&quot;,&quot;credit&quot;:&quot;&quot;,&quot;camera&quot;:&quot;iPhone 7&quot;,&quot;caption&quot;:&quot;&quot;,&quot;created_timestamp&quot;:&quot;1502870168&quot;,&quot;copyright&quot;:&quot;&quot;,&quot;focal_length&quot;:&quot;3.99&quot;,&quot;iso&quot;:&quot;20&quot;,&quot;shutter_speed&quot;:&quot;0.0010764262648&quot;,&quot;title&quot;:&quot;&quot;,&quot;orientation&quot;:&quot;1&quot;}\" data-image-title=\"IMG_5957\" data-image-description=\"&lt;p&gt;Sand, Spj\u00e6r\u00f8y&lt;\/p&gt;\n\" data-image-caption=\"&lt;p&gt;Bergtatt p\u00e5 Sand marina&lt;\/p&gt;\n\" data-large-file=\"https:\/\/i0.wp.com\/pequod.nesodd1.no\/wp-content\/uploads\/2017\/10\/IMG_5957.jpg?fit=640%2C480&amp;ssl=1\" class=\"size-full wp-image-12920\" src=\"https:\/\/i0.wp.com\/pequod.nesodd1.no\/wp-content\/uploads\/2017\/10\/IMG_5957.jpg?resize=640%2C480&#038;ssl=1\" alt=\"\" width=\"640\" height=\"480\" srcset=\"https:\/\/i0.wp.com\/pequod.nesodd1.no\/wp-content\/uploads\/2017\/10\/IMG_5957.jpg?w=640&amp;ssl=1 640w, https:\/\/i0.wp.com\/pequod.nesodd1.no\/wp-content\/uploads\/2017\/10\/IMG_5957.jpg?resize=100%2C75&amp;ssl=1 100w, https:\/\/i0.wp.com\/pequod.nesodd1.no\/wp-content\/uploads\/2017\/10\/IMG_5957.jpg?resize=300%2C225&amp;ssl=1 300w\" sizes=\"auto, (max-width: 640px) 100vw, 640px\" \/><\/a><figcaption id=\"caption-attachment-12920\" class=\"wp-caption-text\">Bergtatt I p\u00e5 Sand Marina<\/figcaption><\/figure>\n<p>&nbsp;<\/p>\n<h3>Related Images:<\/h3>","protected":false},"excerpt":{"rendered":"<p>Vurdering (5 anker er best): Posisjon: 59\u00b04&#8217;54.5&#8243;N 10\u00b055&#8217;56.9&#8243;E Bes\u00f8kt antall ganger: 5&nbsp;Sist bes\u00f8kt: Juni 2019 &nbsp;Hjemmeside&nbsp; Fasiliteter: Str\u00f8m, vann, toaletter, dusj (20 kr automat), vaskemaskin, drivstoff, s\u00f8ppelt\u00f8mming.. Kiosk med brus, is, sjokolade og noe b\u00e5tutstyr. Restaurant.&nbsp; Fort\u00f8yning: B\u00e5s og sidelengs. Havneavgift (for 24-foter): 250 NOK. M\u00e5 betales manuelt i kiosken eller med Vipps hvis kiosken &hellip;<br \/><a href=\"https:\/\/pequod.nesodd1.no\/?page_id=9310\" class=\"more-link pen_element_default pen_icon_arrow_double\">Les<\/a><\/p>\n","protected":false},"author":1,"featured_media":12486,"parent":7004,"menu_order":0,"comment_status":"closed","ping_status":"closed","template":"","meta":{"_crdt_document":"","ngg_post_thumbnail":0,"jetpack_post_was_ever_published":false,"footnotes":""},"class_list":["post-9310","page","type-page","status-publish","has-post-thumbnail","hentry"],"jetpack_shortlink":"https:\/\/wp.me\/P3Zd9b-2qa","jetpack_sharing_enabled":true,"jetpack_likes_enabled":true,"jetpack-related-posts":[],"_links":{"self":[{"href":"https:\/\/pequod.nesodd1.no\/index.php?rest_route=\/wp\/v2\/pages\/9310","targetHints":{"allow":["GET"]}}],"collection":[{"href":"https:\/\/pequod.nesodd1.no\/index.php?rest_route=\/wp\/v2\/pages"}],"about":[{"href":"https:\/\/pequod.nesodd1.no\/index.php?rest_route=\/wp\/v2\/types\/page"}],"author":[{"embeddable":true,"href":"https:\/\/pequod.nesodd1.no\/index.php?rest_route=\/wp\/v2\/users\/1"}],"replies":[{"embeddable":true,"href":"https:\/\/pequod.nesodd1.no\/index.php?rest_route=%2Fwp%2Fv2%2Fcomments&post=9310"}],"version-history":[{"count":17,"href":"https:\/\/pequod.nesodd1.no\/index.php?rest_route=\/wp\/v2\/pages\/9310\/revisions"}],"predecessor-version":[{"id":28140,"href":"https:\/\/pequod.nesodd1.no\/index.php?rest_route=\/wp\/v2\/pages\/9310\/revisions\/28140"}],"up":[{"embeddable":true,"href":"https:\/\/pequod.nesodd1.no\/index.php?rest_route=\/wp\/v2\/pages\/7004"}],"wp:featuredmedia":[{"embeddable":true,"href":"https:\/\/pequod.nesodd1.no\/index.php?rest_route=\/wp\/v2\/media\/12486"}],"wp:attachment":[{"href":"https:\/\/pequod.nesodd1.no\/index.php?rest_route=%2Fwp%2Fv2%2Fmedia&parent=9310"}],"curies":[{"name":"wp","href":"https:\/\/api.w.org\/{rel}","templated":true}]}}