{"id":9616,"date":"2016-07-20T00:43:42","date_gmt":"2016-07-19T22:43:42","guid":{"rendered":"https:\/\/pequod.nesodd1.no\/?page_id=9616"},"modified":"2016-07-20T00:43:42","modified_gmt":"2016-07-19T22:43:42","slug":"batferie-til-sverige-16-26-juni-2016","status":"publish","type":"page","link":"https:\/\/pequod.nesodd1.no\/?page_id=9616","title":{"rendered":"B\u00e5tferie til Sverige 16-26. juni 2016"},"content":{"rendered":"<p>Den f\u00f8rste b\u00e5tferien med rederinnen. Jeg startet fra Nesodden 16. juni, var innom \u00d8stfoldtreffet p\u00e5 Spj\u00e6r\u00f8y 17-18. juni for s\u00e5 \u00e5 hente rederinnen i Halden 19. juni. Deretter Str\u00f8mstad, og ned til Fj\u00e4llbacka via Daft\u00f6-Vall\u00f6, Havstensund og Gula Humpen, samt retur. Avleverte rederinnen i Halden 24. juni, og dro deretter hjem via Skj\u00e6rhalden, Hvaler, Fredrikstad, Str\u00f8mtangem og Moss.<\/p>\n<p>&nbsp;<\/p>\n\n            \n<h3>Related Images:<\/h3>","protected":false},"excerpt":{"rendered":"<p>Den f\u00f8rste b\u00e5tferien med rederinnen. Jeg startet fra Nesodden 16. juni, var innom \u00d8stfoldtreffet p\u00e5 Spj\u00e6r\u00f8y 17-18. juni for s\u00e5 \u00e5 hente rederinnen i Halden 19. juni. Deretter Str\u00f8mstad, og ned til Fj\u00e4llbacka via Daft\u00f6-Vall\u00f6, Havstensund og Gula Humpen, samt retur. Avleverte rederinnen i Halden 24. juni, og dro deretter hjem via Skj\u00e6rhalden, Hvaler, Fredrikstad, &hellip;<br \/><a href=\"https:\/\/pequod.nesodd1.no\/?fa_gallery=batferien-2016-med-rederinnen\" class=\"more-link pen_element_default pen_icon_arrow_double\">Les<\/a><\/p>\n","protected":false},"author":1,"featured_media":0,"parent":8430,"menu_order":0,"comment_status":"closed","ping_status":"closed","template":"","meta":{"_crdt_document":"","ngg_post_thumbnail":0,"jetpack_post_was_ever_published":false,"footnotes":""},"class_list":["post-9616","page","type-page","status-publish","hentry"],"jetpack_shortlink":"https:\/\/wp.me\/P3Zd9b-2v6","jetpack_sharing_enabled":true,"jetpack_likes_enabled":true,"jetpack-related-posts":[],"_links":{"self":[{"href":"https:\/\/pequod.nesodd1.no\/index.php?rest_route=\/wp\/v2\/pages\/9616","targetHints":{"allow":["GET"]}}],"collection":[{"href":"https:\/\/pequod.nesodd1.no\/index.php?rest_route=\/wp\/v2\/pages"}],"about":[{"href":"https:\/\/pequod.nesodd1.no\/index.php?rest_route=\/wp\/v2\/types\/page"}],"author":[{"embeddable":true,"href":"https:\/\/pequod.nesodd1.no\/index.php?rest_route=\/wp\/v2\/users\/1"}],"replies":[{"embeddable":true,"href":"https:\/\/pequod.nesodd1.no\/index.php?rest_route=%2Fwp%2Fv2%2Fcomments&post=9616"}],"version-history":[{"count":1,"href":"https:\/\/pequod.nesodd1.no\/index.php?rest_route=\/wp\/v2\/pages\/9616\/revisions"}],"predecessor-version":[{"id":9617,"href":"https:\/\/pequod.nesodd1.no\/index.php?rest_route=\/wp\/v2\/pages\/9616\/revisions\/9617"}],"up":[{"embeddable":true,"href":"https:\/\/pequod.nesodd1.no\/index.php?rest_route=\/wp\/v2\/pages\/8430"}],"wp:attachment":[{"href":"https:\/\/pequod.nesodd1.no\/index.php?rest_route=%2Fwp%2Fv2%2Fmedia&parent=9616"}],"curies":[{"name":"wp","href":"https:\/\/api.w.org\/{rel}","templated":true}]}}