{"id":9848,"date":"2016-08-28T14:35:30","date_gmt":"2016-08-28T12:35:30","guid":{"rendered":"https:\/\/pequod.nesodd1.no\/?page_id=9848"},"modified":"2024-07-16T21:11:15","modified_gmt":"2024-07-16T19:11:15","slug":"reso-gjestehavn","status":"publish","type":"page","link":"https:\/\/pequod.nesodd1.no\/?page_id=9848","title":{"rendered":"Res\u00f6 gjestehavn (Sverige)"},"content":{"rendered":"<p><strong>Vurdering (5 anker er best): <a href=\"https:\/\/i0.wp.com\/pequod.nesodd1.no\/wp-content\/uploads\/2019\/10\/klistremerker-anker-og-tau-design.jpg.jpg?ssl=1\"><img data-recalc-dims=\"1\" loading=\"lazy\" decoding=\"async\" data-attachment-id=\"16489\" data-permalink=\"https:\/\/pequod.nesodd1.no\/?attachment_id=16489\" data-orig-file=\"https:\/\/i0.wp.com\/pequod.nesodd1.no\/wp-content\/uploads\/2019\/10\/klistremerker-anker-og-tau-design.jpg.jpg?fit=25%2C25&amp;ssl=1\" data-orig-size=\"25,25\" data-comments-opened=\"1\" data-image-meta=\"{&quot;aperture&quot;:&quot;0&quot;,&quot;credit&quot;:&quot;tribalium81&quot;,&quot;camera&quot;:&quot;&quot;,&quot;caption&quot;:&quot;&quot;,&quot;created_timestamp&quot;:&quot;0&quot;,&quot;copyright&quot;:&quot;tribalium81&quot;,&quot;focal_length&quot;:&quot;0&quot;,&quot;iso&quot;:&quot;0&quot;,&quot;shutter_speed&quot;:&quot;0&quot;,&quot;title&quot;:&quot;anchor and rope design&quot;,&quot;orientation&quot;:&quot;1&quot;}\" data-image-title=\"anchor and rope design\" data-image-description=\"\" data-image-caption=\"\" data-medium-file=\"https:\/\/i0.wp.com\/pequod.nesodd1.no\/wp-content\/uploads\/2019\/10\/klistremerker-anker-og-tau-design.jpg.jpg?fit=25%2C25&amp;ssl=1\" data-large-file=\"https:\/\/i0.wp.com\/pequod.nesodd1.no\/wp-content\/uploads\/2019\/10\/klistremerker-anker-og-tau-design.jpg.jpg?fit=25%2C25&amp;ssl=1\" class=\"alignnone size-full wp-image-16489\" src=\"https:\/\/i0.wp.com\/pequod.nesodd1.no\/wp-content\/uploads\/2019\/10\/klistremerker-anker-og-tau-design.jpg.jpg?resize=25%2C25&#038;ssl=1\" alt=\"\" width=\"25\" height=\"25\"><\/a><a href=\"https:\/\/i0.wp.com\/pequod.nesodd1.no\/wp-content\/uploads\/2019\/10\/klistremerker-anker-og-tau-design.jpg.jpg?ssl=1\"><img data-recalc-dims=\"1\" loading=\"lazy\" decoding=\"async\" data-attachment-id=\"16489\" data-permalink=\"https:\/\/pequod.nesodd1.no\/?attachment_id=16489\" data-orig-file=\"https:\/\/i0.wp.com\/pequod.nesodd1.no\/wp-content\/uploads\/2019\/10\/klistremerker-anker-og-tau-design.jpg.jpg?fit=25%2C25&amp;ssl=1\" data-orig-size=\"25,25\" data-comments-opened=\"1\" data-image-meta=\"{&quot;aperture&quot;:&quot;0&quot;,&quot;credit&quot;:&quot;tribalium81&quot;,&quot;camera&quot;:&quot;&quot;,&quot;caption&quot;:&quot;&quot;,&quot;created_timestamp&quot;:&quot;0&quot;,&quot;copyright&quot;:&quot;tribalium81&quot;,&quot;focal_length&quot;:&quot;0&quot;,&quot;iso&quot;:&quot;0&quot;,&quot;shutter_speed&quot;:&quot;0&quot;,&quot;title&quot;:&quot;anchor and rope design&quot;,&quot;orientation&quot;:&quot;1&quot;}\" data-image-title=\"anchor and rope design\" data-image-description=\"\" data-image-caption=\"\" data-medium-file=\"https:\/\/i0.wp.com\/pequod.nesodd1.no\/wp-content\/uploads\/2019\/10\/klistremerker-anker-og-tau-design.jpg.jpg?fit=25%2C25&amp;ssl=1\" data-large-file=\"https:\/\/i0.wp.com\/pequod.nesodd1.no\/wp-content\/uploads\/2019\/10\/klistremerker-anker-og-tau-design.jpg.jpg?fit=25%2C25&amp;ssl=1\" class=\"alignnone size-full wp-image-16489\" src=\"https:\/\/i0.wp.com\/pequod.nesodd1.no\/wp-content\/uploads\/2019\/10\/klistremerker-anker-og-tau-design.jpg.jpg?resize=25%2C25&#038;ssl=1\" alt=\"\" width=\"25\" height=\"25\"><\/a><a href=\"https:\/\/i0.wp.com\/pequod.nesodd1.no\/wp-content\/uploads\/2019\/10\/klistremerker-anker-og-tau-design.jpg.jpg?ssl=1\"><img data-recalc-dims=\"1\" loading=\"lazy\" decoding=\"async\" data-attachment-id=\"16489\" data-permalink=\"https:\/\/pequod.nesodd1.no\/?attachment_id=16489\" data-orig-file=\"https:\/\/i0.wp.com\/pequod.nesodd1.no\/wp-content\/uploads\/2019\/10\/klistremerker-anker-og-tau-design.jpg.jpg?fit=25%2C25&amp;ssl=1\" data-orig-size=\"25,25\" data-comments-opened=\"1\" data-image-meta=\"{&quot;aperture&quot;:&quot;0&quot;,&quot;credit&quot;:&quot;tribalium81&quot;,&quot;camera&quot;:&quot;&quot;,&quot;caption&quot;:&quot;&quot;,&quot;created_timestamp&quot;:&quot;0&quot;,&quot;copyright&quot;:&quot;tribalium81&quot;,&quot;focal_length&quot;:&quot;0&quot;,&quot;iso&quot;:&quot;0&quot;,&quot;shutter_speed&quot;:&quot;0&quot;,&quot;title&quot;:&quot;anchor and rope design&quot;,&quot;orientation&quot;:&quot;1&quot;}\" data-image-title=\"anchor and rope design\" data-image-description=\"\" data-image-caption=\"\" data-medium-file=\"https:\/\/i0.wp.com\/pequod.nesodd1.no\/wp-content\/uploads\/2019\/10\/klistremerker-anker-og-tau-design.jpg.jpg?fit=25%2C25&amp;ssl=1\" data-large-file=\"https:\/\/i0.wp.com\/pequod.nesodd1.no\/wp-content\/uploads\/2019\/10\/klistremerker-anker-og-tau-design.jpg.jpg?fit=25%2C25&amp;ssl=1\" class=\"alignnone size-full wp-image-16489\" src=\"https:\/\/i0.wp.com\/pequod.nesodd1.no\/wp-content\/uploads\/2019\/10\/klistremerker-anker-og-tau-design.jpg.jpg?resize=25%2C25&#038;ssl=1\" alt=\"\" width=\"25\" height=\"25\"><\/a><\/strong><br \/>\n<strong>Posisjon:<\/strong> 58\u00b048&#8217;4.0&#8243;N 11\u00b09&#8217;47.8&#8243;E<br \/>\n<strong>Antall bes\u00f8k:<\/strong> 4&nbsp;<strong>Sist bes\u00f8kt:<\/strong> Juni 2024 <strong>Webkamera:<\/strong> Nei <a title=\"Sykehusbrygga\" href=\"https:\/\/reso.se\/reso-gasthamn-2-2\/\" target=\"_blank\" rel=\"noopener noreferrer\">Hjemmeside<\/a><br \/>\n<strong>Fasiliteter:<\/strong> Str\u00f8m og vann. Drivstoff. Kafeer, restauranter, bakeri og butikk i n\u00e6rheten. Servicebygg med toaletter, dusjer, vaskemaskiner og t\u00f8rketromler. Septikt\u00f8mming innerst p\u00e5 den nordvestre flytebryggen.<br \/>\n<strong>Fort\u00f8yning:&nbsp;<\/strong>Longside p\u00e5 flytebryggene, stort sett baug\/anker ellers.<br \/>\n<strong>Havneavgift (for 29-foter):<\/strong> 310 SEK inkludert str\u00f8m i opptakten til hovedsesongen (450 i hovedsesongen). Mulighet for \u00e5 ligge der kun p\u00e5 dagtid til egen takst. Automat.&nbsp;<br \/>\n<b>Tilrettelagt for funksjonshemmede:<\/b> Ikke utpreget. Var ikke i serviceanlegget, s\u00e5 jeg vet ikke hvordan det er lagt opp, men legger du til ved flytebryggene er det en vanlig rampe opp til land som kan forseres uten store problemer.&nbsp;<\/p>\n<p><a href=\"https:\/\/i0.wp.com\/pequod.nesodd1.no\/wp-content\/uploads\/2017\/08\/IMG_5129.jpg?ssl=1\"><img data-recalc-dims=\"1\" loading=\"lazy\" decoding=\"async\" data-attachment-id=\"12805\" data-permalink=\"https:\/\/pequod.nesodd1.no\/?attachment_id=12805\" data-orig-file=\"https:\/\/i0.wp.com\/pequod.nesodd1.no\/wp-content\/uploads\/2017\/08\/IMG_5129.jpg?fit=4032%2C3024&amp;ssl=1\" data-orig-size=\"4032,3024\" data-comments-opened=\"1\" data-image-meta=\"{&quot;aperture&quot;:&quot;1.8&quot;,&quot;credit&quot;:&quot;&quot;,&quot;camera&quot;:&quot;iPhone 7&quot;,&quot;caption&quot;:&quot;&quot;,&quot;created_timestamp&quot;:&quot;1502375278&quot;,&quot;copyright&quot;:&quot;&quot;,&quot;focal_length&quot;:&quot;3.99&quot;,&quot;iso&quot;:&quot;20&quot;,&quot;shutter_speed&quot;:&quot;0.000271002710027&quot;,&quot;title&quot;:&quot;&quot;,&quot;orientation&quot;:&quot;1&quot;}\" data-image-title=\"IMG_5129\" data-image-description=\"&lt;p&gt;Res\u00f6 gjestehavn, Sverige&lt;\/p&gt;\n\" data-image-caption=\"&lt;p&gt;Res\u00f6 har jeg kun bes\u00f8kt med gamleb\u00e5ten, f\u00e5r kanskje ta en stopp der i \u00e5r?&lt;\/p&gt;\n\" data-medium-file=\"https:\/\/i0.wp.com\/pequod.nesodd1.no\/wp-content\/uploads\/2017\/08\/IMG_5129.jpg?fit=300%2C225&amp;ssl=1\" data-large-file=\"https:\/\/i0.wp.com\/pequod.nesodd1.no\/wp-content\/uploads\/2017\/08\/IMG_5129.jpg?fit=940%2C705&amp;ssl=1\" class=\"wp-image-12805 size-medium alignleft\" src=\"https:\/\/i0.wp.com\/pequod.nesodd1.no\/wp-content\/uploads\/2017\/08\/IMG_5129.jpg?resize=300%2C225&#038;ssl=1\" alt=\"\" width=\"300\" height=\"225\" srcset=\"https:\/\/i0.wp.com\/pequod.nesodd1.no\/wp-content\/uploads\/2017\/08\/IMG_5129.jpg?resize=300%2C225&amp;ssl=1 300w, https:\/\/i0.wp.com\/pequod.nesodd1.no\/wp-content\/uploads\/2017\/08\/IMG_5129.jpg?resize=100%2C75&amp;ssl=1 100w, https:\/\/i0.wp.com\/pequod.nesodd1.no\/wp-content\/uploads\/2017\/08\/IMG_5129.jpg?resize=768%2C576&amp;ssl=1 768w, https:\/\/i0.wp.com\/pequod.nesodd1.no\/wp-content\/uploads\/2017\/08\/IMG_5129.jpg?resize=1024%2C768&amp;ssl=1 1024w, https:\/\/i0.wp.com\/pequod.nesodd1.no\/wp-content\/uploads\/2017\/08\/IMG_5129.jpg?w=1880&amp;ssl=1 1880w, https:\/\/i0.wp.com\/pequod.nesodd1.no\/wp-content\/uploads\/2017\/08\/IMG_5129.jpg?w=2820&amp;ssl=1 2820w\" sizes=\"auto, (max-width: 300px) 100vw, 300px\" \/><\/a>Bes\u00f8kte Res\u00f6 p\u00e5 tampen av hovedsesongen. Synes ikke en pris p\u00e5 300 kroner for overnatting kan forsvares av tilbudet p\u00e5 stedet, s\u00e5 vi valgte \u00e5 kj\u00f8re videre etter en liten titt og endte opp i Str\u00f8mstad der overnattingen koster 70 kroner mindre og mulighetene til shopping og uteliv er 95% st\u00f8rre enn her&#8230; P\u00e5 den annen side er det adskillig roligere her, s\u00e5 var det bare meg alene ville jeg kanskje ikke brydd meg. Jentene vil dog shoppe i Str\u00f6mstad&#8230;<\/p>\n<p>Men Res\u00f6 virket som et koselig sted, dog noe overpriset. Den er ogs\u00e5 en aktiv havn for fiskeb\u00e5ter, som har sin egen kai innenfor flytebryggene. G\u00e5r du til h\u00f8yre n\u00e5r du kommer opp fra flytebryggene (OBS: b\u00e5sene p\u00e5 den ene siden av flytebryggene er private, gjesteplassene er longside), og forbi fiskeb\u00e5tbryggen, kommer du til servicebygget der det ogs\u00e5 er en restaurant.&nbsp;<\/p>\n<p>G\u00e5r du til venstre kommer du til en Tempo-butikk som har det n\u00f8dvendigste av dagligvarer, men ikke spesielt billig. Bare en pakke sm\u00f8r kostet fem kroner mer her enn p\u00e5 ICA i Str\u00f6mstad&#8230;<\/p>\n<p><strong><a href=\"https:\/\/i0.wp.com\/pequod.nesodd1.no\/wp-content\/uploads\/2023\/06\/92758E95-C678-468F-A7DA-3F472E9AEA30.jpeg.babd6efa9b84454865438bfe3cd879ec.jpeg?ssl=1\"><img data-recalc-dims=\"1\" loading=\"lazy\" decoding=\"async\" data-attachment-id=\"27111\" data-permalink=\"https:\/\/pequod.nesodd1.no\/?attachment_id=27111\" data-orig-file=\"https:\/\/i0.wp.com\/pequod.nesodd1.no\/wp-content\/uploads\/2023\/06\/92758E95-C678-468F-A7DA-3F472E9AEA30.jpeg.babd6efa9b84454865438bfe3cd879ec.jpeg?fit=1000%2C750&amp;ssl=1\" data-orig-size=\"1000,750\" data-comments-opened=\"1\" data-image-meta=\"{&quot;aperture&quot;:&quot;0&quot;,&quot;credit&quot;:&quot;&quot;,&quot;camera&quot;:&quot;&quot;,&quot;caption&quot;:&quot;&quot;,&quot;created_timestamp&quot;:&quot;0&quot;,&quot;copyright&quot;:&quot;&quot;,&quot;focal_length&quot;:&quot;0&quot;,&quot;iso&quot;:&quot;0&quot;,&quot;shutter_speed&quot;:&quot;0&quot;,&quot;title&quot;:&quot;&quot;,&quot;orientation&quot;:&quot;0&quot;}\" data-image-title=\"92758E95-C678-468F-A7DA-3F472E9AEA30.jpeg.babd6efa9b84454865438bfe3cd879ec\" data-image-description=\"&lt;p&gt;Res\u00f6&lt;\/p&gt;\n\" data-image-caption=\"\" data-medium-file=\"https:\/\/i0.wp.com\/pequod.nesodd1.no\/wp-content\/uploads\/2023\/06\/92758E95-C678-468F-A7DA-3F472E9AEA30.jpeg.babd6efa9b84454865438bfe3cd879ec.jpeg?fit=300%2C225&amp;ssl=1\" data-large-file=\"https:\/\/i0.wp.com\/pequod.nesodd1.no\/wp-content\/uploads\/2023\/06\/92758E95-C678-468F-A7DA-3F472E9AEA30.jpeg.babd6efa9b84454865438bfe3cd879ec.jpeg?fit=940%2C705&amp;ssl=1\" class=\"alignleft size-medium wp-image-27111\" src=\"https:\/\/i0.wp.com\/pequod.nesodd1.no\/wp-content\/uploads\/2023\/06\/92758E95-C678-468F-A7DA-3F472E9AEA30.jpeg.babd6efa9b84454865438bfe3cd879ec.jpeg?resize=300%2C225&#038;ssl=1\" alt=\"\" width=\"300\" height=\"225\" srcset=\"https:\/\/i0.wp.com\/pequod.nesodd1.no\/wp-content\/uploads\/2023\/06\/92758E95-C678-468F-A7DA-3F472E9AEA30.jpeg.babd6efa9b84454865438bfe3cd879ec.jpeg?resize=300%2C225&amp;ssl=1 300w, https:\/\/i0.wp.com\/pequod.nesodd1.no\/wp-content\/uploads\/2023\/06\/92758E95-C678-468F-A7DA-3F472E9AEA30.jpeg.babd6efa9b84454865438bfe3cd879ec.jpeg?resize=100%2C75&amp;ssl=1 100w, https:\/\/i0.wp.com\/pequod.nesodd1.no\/wp-content\/uploads\/2023\/06\/92758E95-C678-468F-A7DA-3F472E9AEA30.jpeg.babd6efa9b84454865438bfe3cd879ec.jpeg?resize=768%2C576&amp;ssl=1 768w, https:\/\/i0.wp.com\/pequod.nesodd1.no\/wp-content\/uploads\/2023\/06\/92758E95-C678-468F-A7DA-3F472E9AEA30.jpeg.babd6efa9b84454865438bfe3cd879ec.jpeg?w=1000&amp;ssl=1 1000w\" sizes=\"auto, (max-width: 300px) 100vw, 300px\" \/><\/a>OPPDATERT:<\/strong> Under andre bes\u00f8k her i august 2017 hadde butikken skiftet kjede og tilh\u00f8rer n\u00e5 kjeden Handlarn. Fortsatt ganske dyr, men man er jo med p\u00e5 \u00e5 st\u00f8tte opp om den lokale butikken, s\u00e5 da t\u00e5ler vel man det.<\/p>\n<p>Bak butikken ligger bakeriet og kafeen Panget. Vi kom dit p\u00e5 den siste \u00e5pningsdagen deres og fikk kj\u00f8pt med noen bakervarer som smakte aldeles utmerket! S\u00e5 vi anbefaler et bes\u00f8k der. Ikke spesielt billig der heller, 20 kroner for en Karlsbader-bolle er vel n\u00e6rmest norsk prisniv\u00e5, men den smakte aldeles utmerket og betjeningen var veldig hyggelig. P\u00e5 mitt andre bes\u00f8k hadde de stengt dagen f\u00f8r jeg kom&#8230; Kort sommersesong, synes jeg!<\/p>\n<p>S\u00e5 veldig mye mer av Res\u00f6 s\u00e5 vi ikke, men jeg kommer sikkert til \u00e5 ta en tur dit neste gang jeg er p\u00e5 Sverigetur. Idyllisk sted, s\u00e5 jeg kan vel spandere p\u00e5 meg en overnatting neste gang, hvis det passer seg slik. Har egentlig for liten kjennskap til Res\u00f6 til \u00e5 gi stedet mer enn to anker, vi f\u00e5r se om jeg kan oppgradere etter mitt neste bes\u00f8k.<\/p>\n<p><strong>OPPDATERING 2023:<\/strong> Har endelig v\u00e6rt her med nyb\u00e5ten, Ble tatt imot av to hyggelige havnevakter som hjalp til med fort\u00f8yning. Like f\u00f8r butikken har det kommet et nytt anlegg med b\u00e5de toaletter og handicaptoalett samt en utstilling. Det ligger for \u00f8vrig en brygge ikke s\u00e5 langt fra butikken som kan benyttes hvis man bare skal opp og handle.<\/p>\n<p><strong>OPPDATERING 2024:&nbsp;<\/strong>Str\u00f8msystemet er endret. P\u00e5 kvitteringen p\u00e5 automaten f\u00e5r du en seks-sifret kode som du m\u00e5 sl\u00e5 inn p\u00e5 str\u00f8mstolpen og deretter velge uttak. Ved mitt bes\u00f8k i juni var det ikke str\u00f8m p\u00e5 den nord\u00f8stre flytebryggen p\u00e5 grunn av lynnedslag. Jeg l\u00e5 som vanlig ved den nordvestre.<\/p>\n<p><a href=\"https:\/\/i0.wp.com\/pequod.nesodd1.no\/wp-content\/uploads\/2023\/06\/356408407_10159123184637032_1759357401973047344_n.jpg?ssl=1\"><img data-recalc-dims=\"1\" loading=\"lazy\" decoding=\"async\" data-attachment-id=\"27147\" data-permalink=\"https:\/\/pequod.nesodd1.no\/?attachment_id=27147\" data-orig-file=\"https:\/\/i0.wp.com\/pequod.nesodd1.no\/wp-content\/uploads\/2023\/06\/356408407_10159123184637032_1759357401973047344_n.jpg?fit=2048%2C1536&amp;ssl=1\" data-orig-size=\"2048,1536\" data-comments-opened=\"1\" data-image-meta=\"{&quot;aperture&quot;:&quot;0&quot;,&quot;credit&quot;:&quot;&quot;,&quot;camera&quot;:&quot;&quot;,&quot;caption&quot;:&quot;&quot;,&quot;created_timestamp&quot;:&quot;0&quot;,&quot;copyright&quot;:&quot;&quot;,&quot;focal_length&quot;:&quot;0&quot;,&quot;iso&quot;:&quot;0&quot;,&quot;shutter_speed&quot;:&quot;0&quot;,&quot;title&quot;:&quot;&quot;,&quot;orientation&quot;:&quot;0&quot;}\" data-image-title=\"356408407_10159123184637032_1759357401973047344_n\" data-image-description=\"&lt;p&gt;Res\u00f6, Tresfjord&lt;\/p&gt;\n\" data-image-caption=\"\" data-medium-file=\"https:\/\/i0.wp.com\/pequod.nesodd1.no\/wp-content\/uploads\/2023\/06\/356408407_10159123184637032_1759357401973047344_n.jpg?fit=300%2C225&amp;ssl=1\" data-large-file=\"https:\/\/i0.wp.com\/pequod.nesodd1.no\/wp-content\/uploads\/2023\/06\/356408407_10159123184637032_1759357401973047344_n.jpg?fit=940%2C705&amp;ssl=1\" class=\"aligncenter size-large wp-image-27147\" src=\"https:\/\/i0.wp.com\/pequod.nesodd1.no\/wp-content\/uploads\/2023\/06\/356408407_10159123184637032_1759357401973047344_n.jpg?resize=940%2C705&#038;ssl=1\" alt=\"\" width=\"940\" height=\"705\" srcset=\"https:\/\/i0.wp.com\/pequod.nesodd1.no\/wp-content\/uploads\/2023\/06\/356408407_10159123184637032_1759357401973047344_n.jpg?resize=1024%2C768&amp;ssl=1 1024w, https:\/\/i0.wp.com\/pequod.nesodd1.no\/wp-content\/uploads\/2023\/06\/356408407_10159123184637032_1759357401973047344_n.jpg?resize=300%2C225&amp;ssl=1 300w, https:\/\/i0.wp.com\/pequod.nesodd1.no\/wp-content\/uploads\/2023\/06\/356408407_10159123184637032_1759357401973047344_n.jpg?resize=100%2C75&amp;ssl=1 100w, https:\/\/i0.wp.com\/pequod.nesodd1.no\/wp-content\/uploads\/2023\/06\/356408407_10159123184637032_1759357401973047344_n.jpg?resize=768%2C576&amp;ssl=1 768w, https:\/\/i0.wp.com\/pequod.nesodd1.no\/wp-content\/uploads\/2023\/06\/356408407_10159123184637032_1759357401973047344_n.jpg?resize=1536%2C1152&amp;ssl=1 1536w, https:\/\/i0.wp.com\/pequod.nesodd1.no\/wp-content\/uploads\/2023\/06\/356408407_10159123184637032_1759357401973047344_n.jpg?w=2048&amp;ssl=1 2048w, https:\/\/i0.wp.com\/pequod.nesodd1.no\/wp-content\/uploads\/2023\/06\/356408407_10159123184637032_1759357401973047344_n.jpg?w=1880&amp;ssl=1 1880w\" sizes=\"auto, (max-width: 940px) 100vw, 940px\" \/><\/a><\/p>\n<h3>Related Images:<\/h3>","protected":false},"excerpt":{"rendered":"<p>Vurdering (5 anker er best): Posisjon: 58\u00b048&#8217;4.0&#8243;N 11\u00b09&#8217;47.8&#8243;E Antall bes\u00f8k: 4&nbsp;Sist bes\u00f8kt: Juni 2024 Webkamera: Nei Hjemmeside Fasiliteter: Str\u00f8m og vann. Drivstoff. Kafeer, restauranter, bakeri og butikk i n\u00e6rheten. Servicebygg med toaletter, dusjer, vaskemaskiner og t\u00f8rketromler. Septikt\u00f8mming innerst p\u00e5 den nordvestre flytebryggen. Fort\u00f8yning:&nbsp;Longside p\u00e5 flytebryggene, stort sett baug\/anker ellers. Havneavgift (for 29-foter): 310 SEK inkludert &hellip;<br \/><a href=\"https:\/\/pequod.nesodd1.no\/?page_id=9848\" class=\"more-link pen_element_default pen_icon_arrow_double\">Les<\/a><\/p>\n","protected":false},"author":1,"featured_media":12806,"parent":7002,"menu_order":0,"comment_status":"closed","ping_status":"closed","template":"","meta":{"_crdt_document":"","ngg_post_thumbnail":0,"jetpack_post_was_ever_published":false,"footnotes":""},"class_list":["post-9848","page","type-page","status-publish","has-post-thumbnail","hentry"],"jetpack_shortlink":"https:\/\/wp.me\/P3Zd9b-2yQ","jetpack_sharing_enabled":true,"jetpack_likes_enabled":true,"jetpack-related-posts":[],"_links":{"self":[{"href":"https:\/\/pequod.nesodd1.no\/index.php?rest_route=\/wp\/v2\/pages\/9848","targetHints":{"allow":["GET"]}}],"collection":[{"href":"https:\/\/pequod.nesodd1.no\/index.php?rest_route=\/wp\/v2\/pages"}],"about":[{"href":"https:\/\/pequod.nesodd1.no\/index.php?rest_route=\/wp\/v2\/types\/page"}],"author":[{"embeddable":true,"href":"https:\/\/pequod.nesodd1.no\/index.php?rest_route=\/wp\/v2\/users\/1"}],"replies":[{"embeddable":true,"href":"https:\/\/pequod.nesodd1.no\/index.php?rest_route=%2Fwp%2Fv2%2Fcomments&post=9848"}],"version-history":[{"count":24,"href":"https:\/\/pequod.nesodd1.no\/index.php?rest_route=\/wp\/v2\/pages\/9848\/revisions"}],"predecessor-version":[{"id":28888,"href":"https:\/\/pequod.nesodd1.no\/index.php?rest_route=\/wp\/v2\/pages\/9848\/revisions\/28888"}],"up":[{"embeddable":true,"href":"https:\/\/pequod.nesodd1.no\/index.php?rest_route=\/wp\/v2\/pages\/7002"}],"wp:featuredmedia":[{"embeddable":true,"href":"https:\/\/pequod.nesodd1.no\/index.php?rest_route=\/wp\/v2\/media\/12806"}],"wp:attachment":[{"href":"https:\/\/pequod.nesodd1.no\/index.php?rest_route=%2Fwp%2Fv2%2Fmedia&parent=9848"}],"curies":[{"name":"wp","href":"https:\/\/api.w.org\/{rel}","templated":true}]}}