{"id":9856,"date":"2016-08-28T15:35:04","date_gmt":"2016-08-28T13:35:04","guid":{"rendered":"https:\/\/pequod.nesodd1.no\/?page_id=9856"},"modified":"2023-04-03T11:10:26","modified_gmt":"2023-04-03T09:10:26","slug":"hanko-vestre-vikene","status":"publish","type":"page","link":"https:\/\/pequod.nesodd1.no\/?page_id=9856","title":{"rendered":"Hank\u00f8, Vestre Vikene"},"content":{"rendered":"<p><strong>Vurdering (5 anker er best):<\/strong> <a href=\"https:\/\/i0.wp.com\/pequod.nesodd1.no\/wp-content\/uploads\/2019\/10\/klistremerker-anker-og-tau-design.jpg.jpg?ssl=1\"><img data-recalc-dims=\"1\" loading=\"lazy\" decoding=\"async\" data-attachment-id=\"16489\" data-permalink=\"https:\/\/pequod.nesodd1.no\/?attachment_id=16489\" data-orig-file=\"https:\/\/i0.wp.com\/pequod.nesodd1.no\/wp-content\/uploads\/2019\/10\/klistremerker-anker-og-tau-design.jpg.jpg?fit=25%2C25&amp;ssl=1\" data-orig-size=\"25,25\" data-comments-opened=\"1\" data-image-meta=\"{&quot;aperture&quot;:&quot;0&quot;,&quot;credit&quot;:&quot;tribalium81&quot;,&quot;camera&quot;:&quot;&quot;,&quot;caption&quot;:&quot;&quot;,&quot;created_timestamp&quot;:&quot;0&quot;,&quot;copyright&quot;:&quot;tribalium81&quot;,&quot;focal_length&quot;:&quot;0&quot;,&quot;iso&quot;:&quot;0&quot;,&quot;shutter_speed&quot;:&quot;0&quot;,&quot;title&quot;:&quot;anchor and rope design&quot;,&quot;orientation&quot;:&quot;1&quot;}\" data-image-title=\"anchor and rope design\" data-image-description=\"\" data-image-caption=\"\" data-large-file=\"https:\/\/i0.wp.com\/pequod.nesodd1.no\/wp-content\/uploads\/2019\/10\/klistremerker-anker-og-tau-design.jpg.jpg?fit=25%2C25&amp;ssl=1\" class=\"alignnone size-full wp-image-16489\" src=\"https:\/\/i0.wp.com\/pequod.nesodd1.no\/wp-content\/uploads\/2019\/10\/klistremerker-anker-og-tau-design.jpg.jpg?resize=25%2C25&#038;ssl=1\" alt=\"\" width=\"25\" height=\"25\"><\/a><br \/>\n<strong>Posisjon:<\/strong> 59\u00b013&#8217;1.5&#8243;N 10\u00b047&#8217;24.4&#8243;E<br \/>\n<b>Antall bes\u00f8k:<\/b> 1 <b>Sist bes\u00f8kt:<\/b>&nbsp;03.08. 2016<br \/>\n<b>Fasiliteter:<\/b>&nbsp;Toalett, vann, kiosk, b\u00e5tutstyr, drivstoff, dagligvarer.<br \/>\n<b>Tilrettelagt for funksjonshemmede:<\/b> Nei.&nbsp;Den store brygga er ganske h\u00f8y med trapper og slikt som kan gj\u00f8re det vanskelig, men det er en lavere brygge inntil landhandelen der man legger til kloss opptil de som m\u00e5tte sitte og spise og slappe av der.<\/p>\n<p><a href=\"https:\/\/pequod.nesodd1.no\/?attachment_id=9857\" rel=\"attachment wp-att-9857\"><img data-recalc-dims=\"1\" loading=\"lazy\" decoding=\"async\" data-attachment-id=\"9857\" data-permalink=\"https:\/\/pequod.nesodd1.no\/?attachment_id=9857\" data-orig-file=\"https:\/\/i0.wp.com\/pequod.nesodd1.no\/wp-content\/uploads\/2016\/08\/1-IMG_5475-1.jpg?fit=1024%2C683&amp;ssl=1\" data-orig-size=\"1024,683\" data-comments-opened=\"1\" data-image-meta=\"{&quot;aperture&quot;:&quot;8&quot;,&quot;credit&quot;:&quot;Picasa&quot;,&quot;camera&quot;:&quot;Canon EOS 700D&quot;,&quot;caption&quot;:&quot;&quot;,&quot;created_timestamp&quot;:&quot;1470224491&quot;,&quot;copyright&quot;:&quot;&quot;,&quot;focal_length&quot;:&quot;42&quot;,&quot;iso&quot;:&quot;100&quot;,&quot;shutter_speed&quot;:&quot;0.005&quot;,&quot;title&quot;:&quot;&quot;,&quot;orientation&quot;:&quot;0&quot;}\" data-image-title=\"1-IMG_5475\" data-image-description=\"&lt;p&gt;Hank\u00f8, Vestre Vikene&lt;\/p&gt;\n\" data-image-caption=\"\" data-large-file=\"https:\/\/i0.wp.com\/pequod.nesodd1.no\/wp-content\/uploads\/2016\/08\/1-IMG_5475-1.jpg?fit=940%2C627&amp;ssl=1\" class=\"size-medium wp-image-9857 alignleft\" src=\"https:\/\/i0.wp.com\/pequod.nesodd1.no\/wp-content\/uploads\/2016\/08\/1-IMG_5475-1-300x200.jpg?resize=300%2C200\" alt=\"1-IMG_5475\" width=\"300\" height=\"200\" srcset=\"https:\/\/i0.wp.com\/pequod.nesodd1.no\/wp-content\/uploads\/2016\/08\/1-IMG_5475-1.jpg?resize=300%2C200&amp;ssl=1 300w, https:\/\/i0.wp.com\/pequod.nesodd1.no\/wp-content\/uploads\/2016\/08\/1-IMG_5475-1.jpg?resize=768%2C512&amp;ssl=1 768w, https:\/\/i0.wp.com\/pequod.nesodd1.no\/wp-content\/uploads\/2016\/08\/1-IMG_5475-1.jpg?w=1024&amp;ssl=1 1024w\" sizes=\"auto, (max-width: 300px) 100vw, 300px\" \/><\/a>Vi la oss til her p\u00e5 vei til Sverige da vi trengte \u00e5 kj\u00f8re noen innkj\u00f8p. Dette er jo ikke akkurat en gjestehavn, s\u00e5 derfor plasseringen under fanen &laquo;Andre havner&raquo;.<\/p>\n<p>N\u00e5r du kommer nordfra og setter kursen inn fra Rauer via Risholmen og inn Hank\u00f8sundet f\u00e5r du Vestre Vikene, som det st\u00e5r p\u00e5 kartet (andre kilder omtaler stedet som Vikane), p\u00e5 babord side f\u00f8r du &nbsp;kommer til Hank\u00f8 Marina.<\/p>\n<p>Vestre Vikene er vel f\u00f8rst og fremst en plass for \u00e5 tanke drivstoff, men til venstre for pumpene er det bryggeplass til kortidsbes\u00f8kende.&nbsp;Like ved pumpene er det en slags landhandel &#8211; b\u00e5tutstyrsbutikk med litt kioskvarer. Bak denne ligger stedets Joker-butikk med dagligvarer. Og p\u00e5 tvers overfor veien ligger toalett.<\/p>\n<p>Et greit stoppested p\u00e5 vei til noe annet, men ikke noe sted \u00e5 bli lenge. Men hyggelige folk b\u00e5de p\u00e5 brygga og i kiosk og butikker trekker inntrykket opp.<\/p>\n<p>Litt lenger s\u00f8r, p\u00e5 selve marinaen, er det gjesteplasser til dem som m\u00e5tte ha behov for overnatting. Der har jeg ikke v\u00e6rt, bortsett fra bed drivstoffpumpene, som ogs\u00e5 de kan tilby.. P\u00e5 andre siden av sundet er selve Hank\u00f8 gjestehavn. F\u00e5r bes\u00f8ke den ogs\u00e5 en gang&#8230;<\/p>\n<h3>Related Images:<\/h3>","protected":false},"excerpt":{"rendered":"<p>Vurdering (5 anker er best): Posisjon: 59\u00b013&#8217;1.5&#8243;N 10\u00b047&#8217;24.4&#8243;E Antall bes\u00f8k: 1 Sist bes\u00f8kt:&nbsp;03.08. 2016 Fasiliteter:&nbsp;Toalett, vann, kiosk, b\u00e5tutstyr, drivstoff, dagligvarer. Tilrettelagt for funksjonshemmede: Nei.&nbsp;Den store brygga er ganske h\u00f8y med trapper og slikt som kan gj\u00f8re det vanskelig, men det er en lavere brygge inntil landhandelen der man legger til kloss opptil de som m\u00e5tte &hellip;<br \/><a href=\"https:\/\/pequod.nesodd1.no\/?page_id=9856\" class=\"more-link pen_element_default pen_icon_arrow_double\">Les<\/a><\/p>\n","protected":false},"author":1,"featured_media":9742,"parent":5665,"menu_order":0,"comment_status":"closed","ping_status":"closed","template":"","meta":{"_crdt_document":"","ngg_post_thumbnail":0,"jetpack_post_was_ever_published":false,"footnotes":""},"class_list":["post-9856","page","type-page","status-publish","has-post-thumbnail","hentry"],"jetpack_shortlink":"https:\/\/wp.me\/P3Zd9b-2yY","jetpack_sharing_enabled":true,"jetpack_likes_enabled":true,"jetpack-related-posts":[],"_links":{"self":[{"href":"https:\/\/pequod.nesodd1.no\/index.php?rest_route=\/wp\/v2\/pages\/9856","targetHints":{"allow":["GET"]}}],"collection":[{"href":"https:\/\/pequod.nesodd1.no\/index.php?rest_route=\/wp\/v2\/pages"}],"about":[{"href":"https:\/\/pequod.nesodd1.no\/index.php?rest_route=\/wp\/v2\/types\/page"}],"author":[{"embeddable":true,"href":"https:\/\/pequod.nesodd1.no\/index.php?rest_route=\/wp\/v2\/users\/1"}],"replies":[{"embeddable":true,"href":"https:\/\/pequod.nesodd1.no\/index.php?rest_route=%2Fwp%2Fv2%2Fcomments&post=9856"}],"version-history":[{"count":6,"href":"https:\/\/pequod.nesodd1.no\/index.php?rest_route=\/wp\/v2\/pages\/9856\/revisions"}],"predecessor-version":[{"id":26349,"href":"https:\/\/pequod.nesodd1.no\/index.php?rest_route=\/wp\/v2\/pages\/9856\/revisions\/26349"}],"up":[{"embeddable":true,"href":"https:\/\/pequod.nesodd1.no\/index.php?rest_route=\/wp\/v2\/pages\/5665"}],"wp:featuredmedia":[{"embeddable":true,"href":"https:\/\/pequod.nesodd1.no\/index.php?rest_route=\/wp\/v2\/media\/9742"}],"wp:attachment":[{"href":"https:\/\/pequod.nesodd1.no\/index.php?rest_route=%2Fwp%2Fv2%2Fmedia&parent=9856"}],"curies":[{"name":"wp","href":"https:\/\/api.w.org\/{rel}","templated":true}]}}