{"id":9867,"date":"2016-08-28T16:07:32","date_gmt":"2016-08-28T14:07:32","guid":{"rendered":"https:\/\/pequod.nesodd1.no\/?page_id=9867"},"modified":"2021-04-07T17:35:14","modified_gmt":"2021-04-07T15:35:14","slug":"landsteilene","status":"publish","type":"page","link":"https:\/\/pequod.nesodd1.no\/?page_id=9867","title":{"rendered":"Landsteilene (Nesodden)"},"content":{"rendered":"<p><strong>Vurdering (5 anker er best): <a href=\"https:\/\/i0.wp.com\/pequod.nesodd1.no\/wp-content\/uploads\/2019\/10\/klistremerker-anker-og-tau-design.jpg.jpg?ssl=1\"><img data-recalc-dims=\"1\" loading=\"lazy\" decoding=\"async\" data-attachment-id=\"16489\" data-permalink=\"https:\/\/pequod.nesodd1.no\/?attachment_id=16489\" data-orig-file=\"https:\/\/i0.wp.com\/pequod.nesodd1.no\/wp-content\/uploads\/2019\/10\/klistremerker-anker-og-tau-design.jpg.jpg?fit=25%2C25&amp;ssl=1\" data-orig-size=\"25,25\" data-comments-opened=\"1\" data-image-meta=\"{&quot;aperture&quot;:&quot;0&quot;,&quot;credit&quot;:&quot;tribalium81&quot;,&quot;camera&quot;:&quot;&quot;,&quot;caption&quot;:&quot;&quot;,&quot;created_timestamp&quot;:&quot;0&quot;,&quot;copyright&quot;:&quot;tribalium81&quot;,&quot;focal_length&quot;:&quot;0&quot;,&quot;iso&quot;:&quot;0&quot;,&quot;shutter_speed&quot;:&quot;0&quot;,&quot;title&quot;:&quot;anchor and rope design&quot;,&quot;orientation&quot;:&quot;1&quot;}\" data-image-title=\"anchor and rope design\" data-image-description=\"\" data-image-caption=\"\" data-large-file=\"https:\/\/i0.wp.com\/pequod.nesodd1.no\/wp-content\/uploads\/2019\/10\/klistremerker-anker-og-tau-design.jpg.jpg?fit=25%2C25&amp;ssl=1\" class=\"alignnone size-full wp-image-16489\" src=\"https:\/\/i0.wp.com\/pequod.nesodd1.no\/wp-content\/uploads\/2019\/10\/klistremerker-anker-og-tau-design.jpg.jpg?resize=25%2C25&#038;ssl=1\" alt=\"\" width=\"25\" height=\"25\"><\/a><a href=\"https:\/\/i0.wp.com\/pequod.nesodd1.no\/wp-content\/uploads\/2019\/10\/klistremerker-anker-og-tau-design.jpg.jpg?ssl=1\"><img data-recalc-dims=\"1\" loading=\"lazy\" decoding=\"async\" data-attachment-id=\"16489\" data-permalink=\"https:\/\/pequod.nesodd1.no\/?attachment_id=16489\" data-orig-file=\"https:\/\/i0.wp.com\/pequod.nesodd1.no\/wp-content\/uploads\/2019\/10\/klistremerker-anker-og-tau-design.jpg.jpg?fit=25%2C25&amp;ssl=1\" data-orig-size=\"25,25\" data-comments-opened=\"1\" data-image-meta=\"{&quot;aperture&quot;:&quot;0&quot;,&quot;credit&quot;:&quot;tribalium81&quot;,&quot;camera&quot;:&quot;&quot;,&quot;caption&quot;:&quot;&quot;,&quot;created_timestamp&quot;:&quot;0&quot;,&quot;copyright&quot;:&quot;tribalium81&quot;,&quot;focal_length&quot;:&quot;0&quot;,&quot;iso&quot;:&quot;0&quot;,&quot;shutter_speed&quot;:&quot;0&quot;,&quot;title&quot;:&quot;anchor and rope design&quot;,&quot;orientation&quot;:&quot;1&quot;}\" data-image-title=\"anchor and rope design\" data-image-description=\"\" data-image-caption=\"\" data-large-file=\"https:\/\/i0.wp.com\/pequod.nesodd1.no\/wp-content\/uploads\/2019\/10\/klistremerker-anker-og-tau-design.jpg.jpg?fit=25%2C25&amp;ssl=1\" class=\"alignnone size-full wp-image-16489\" src=\"https:\/\/i0.wp.com\/pequod.nesodd1.no\/wp-content\/uploads\/2019\/10\/klistremerker-anker-og-tau-design.jpg.jpg?resize=25%2C25&#038;ssl=1\" alt=\"\" width=\"25\" height=\"25\"><\/a><\/strong><br \/>\n<strong>Posisjon:<\/strong> 59\u00b049&#8217;1.1&#8243;N 10\u00b036&#8217;55.7&#8243;E<br \/>\n<b>Antall bes\u00f8k:<\/b> 7 <b>Sist bes\u00f8kt:<\/b> 21.03.2021 <a href=\"https:\/\/www.facebook.com\/groups\/817917271629885\/\" target=\"_blank\" rel=\"noopener noreferrer\">Facebookside<\/a><br \/>\n<b>Fasiliteter:<\/b> S\u00f8ppel, badeplass. Toalett og mulighet for booking av overnatting i Tapperiet. Ogs\u00e5 utedo. Grillplasser og sittebenker p\u00e5 land..<br \/>\n<strong>Fort\u00f8yning: <\/strong>Langsides, evt. med baug mot brygge og anker akter.<br \/>\n<b>Havneavgift (for 29-foter):<\/b> Vet ikke. Kan visst vippses.<br \/>\n<b>Tilrettelagt for funksjonshemmede:<\/b> Ja, ved den nye langsides kaia som n\u00e5 er ferdig oppgradert, s\u00e5 er det laget en rullestolrampe. Det er ganske flatt p\u00e5 bakken ellers, s\u00e5 man kan greit komme seg fram.<\/p>\n<p><a href=\"https:\/\/i0.wp.com\/pequod.nesodd1.no\/wp-content\/uploads\/2020\/10\/123240039_10157391371127032_7019971217817032370_n.jpg?ssl=1\"><img data-recalc-dims=\"1\" loading=\"lazy\" decoding=\"async\" data-attachment-id=\"20535\" data-permalink=\"https:\/\/pequod.nesodd1.no\/?attachment_id=20535\" data-orig-file=\"https:\/\/i0.wp.com\/pequod.nesodd1.no\/wp-content\/uploads\/2020\/10\/123240039_10157391371127032_7019971217817032370_n.jpg?fit=960%2C720&amp;ssl=1\" data-orig-size=\"960,720\" data-comments-opened=\"1\" data-image-meta=\"{&quot;aperture&quot;:&quot;0&quot;,&quot;credit&quot;:&quot;&quot;,&quot;camera&quot;:&quot;&quot;,&quot;caption&quot;:&quot;&quot;,&quot;created_timestamp&quot;:&quot;0&quot;,&quot;copyright&quot;:&quot;&quot;,&quot;focal_length&quot;:&quot;0&quot;,&quot;iso&quot;:&quot;0&quot;,&quot;shutter_speed&quot;:&quot;0&quot;,&quot;title&quot;:&quot;&quot;,&quot;orientation&quot;:&quot;0&quot;}\" data-image-title=\"123240039_10157391371127032_7019971217817032370_n\" data-image-description=\"&lt;p&gt;Steilene, Landsteilene&lt;\/p&gt;\n\" data-image-caption=\"\" data-large-file=\"https:\/\/i0.wp.com\/pequod.nesodd1.no\/wp-content\/uploads\/2020\/10\/123240039_10157391371127032_7019971217817032370_n.jpg?fit=940%2C705&amp;ssl=1\" class=\"alignleft size-medium wp-image-20535\" src=\"https:\/\/i0.wp.com\/pequod.nesodd1.no\/wp-content\/uploads\/2020\/10\/123240039_10157391371127032_7019971217817032370_n.jpg?resize=300%2C225&#038;ssl=1\" alt=\"\" width=\"300\" height=\"225\" srcset=\"https:\/\/i0.wp.com\/pequod.nesodd1.no\/wp-content\/uploads\/2020\/10\/123240039_10157391371127032_7019971217817032370_n.jpg?resize=300%2C225&amp;ssl=1 300w, https:\/\/i0.wp.com\/pequod.nesodd1.no\/wp-content\/uploads\/2020\/10\/123240039_10157391371127032_7019971217817032370_n.jpg?resize=100%2C75&amp;ssl=1 100w, https:\/\/i0.wp.com\/pequod.nesodd1.no\/wp-content\/uploads\/2020\/10\/123240039_10157391371127032_7019971217817032370_n.jpg?resize=768%2C576&amp;ssl=1 768w, https:\/\/i0.wp.com\/pequod.nesodd1.no\/wp-content\/uploads\/2020\/10\/123240039_10157391371127032_7019971217817032370_n.jpg?w=960&amp;ssl=1 960w\" sizes=\"auto, (max-width: 300px) 100vw, 300px\" \/><\/a>Steilene er jo en samling av flere sm\u00e5 \u00f8yer. Det finnes en gjestehavn som holder til p\u00e5 Persteilene og drives av Nesodden seilforening. Man kan legge til i gjestehavna der og g\u00e5 over \u00f8ya for \u00e5 ta en titt p\u00e5 omr\u00e5det, som etter hvert er blitt pent opparbeidet med sitteplasser og benker. Eller omvendt, legge til her og rusle over til Persteilene&#8230;<\/p>\n<p>Denne havnen holder til p\u00e5 den innerste \u00f8ya, som kalles Landsteilene og som inntil 2020 ble drevet p\u00e5 dugnad av medlemmene i Nesodden Kystlag. Avtalen med kystlaget er sagt opp av kommunen, s\u00e5 hvem som st\u00e5r for driften n\u00e5 vet jeg ikke.<\/p>\n<p>I Tapperiet &#8211; den eldre bygningen ved den store kaia &#8211; finnes det toalett og mulighet for overnatting. Hvis man har bestilt overnatting f\u00e5r man adgang til deler av bygget via en d\u00f8rl\u00e5skode (er man medlem av Nesodden Kystlag f\u00e5r man koden). Ellers er man avhengig av at det er vakt der. Ogs\u00e5 for betaling av havneavgift.<\/p>\n<figure id=\"attachment_14136\" aria-describedby=\"caption-attachment-14136\" style=\"width: 300px\" class=\"wp-caption alignright\"><a href=\"https:\/\/i0.wp.com\/pequod.nesodd1.no\/wp-content\/uploads\/2018\/06\/IMG_15021.jpg?ssl=1\"><img data-recalc-dims=\"1\" loading=\"lazy\" decoding=\"async\" data-attachment-id=\"14136\" data-permalink=\"https:\/\/pequod.nesodd1.no\/?attachment_id=14136\" data-orig-file=\"https:\/\/i0.wp.com\/pequod.nesodd1.no\/wp-content\/uploads\/2018\/06\/IMG_15021.jpg?fit=4032%2C3024&amp;ssl=1\" data-orig-size=\"4032,3024\" data-comments-opened=\"1\" data-image-meta=\"{&quot;aperture&quot;:&quot;1.8&quot;,&quot;credit&quot;:&quot;&quot;,&quot;camera&quot;:&quot;iPhone 7&quot;,&quot;caption&quot;:&quot;&quot;,&quot;created_timestamp&quot;:&quot;1529878010&quot;,&quot;copyright&quot;:&quot;&quot;,&quot;focal_length&quot;:&quot;3.99&quot;,&quot;iso&quot;:&quot;20&quot;,&quot;shutter_speed&quot;:&quot;0.0077519379845&quot;,&quot;title&quot;:&quot;&quot;,&quot;orientation&quot;:&quot;1&quot;}\" data-image-title=\"IMG_1502[1]\" data-image-description=\"&lt;p&gt;Landsteilene, Steilene&lt;\/p&gt;\n\" data-image-caption=\"&lt;p&gt;Passerer Landsteilene&lt;\/p&gt;\n\" data-large-file=\"https:\/\/i0.wp.com\/pequod.nesodd1.no\/wp-content\/uploads\/2018\/06\/IMG_15021.jpg?fit=940%2C705&amp;ssl=1\" class=\"wp-image-14136 size-medium\" src=\"https:\/\/i0.wp.com\/pequod.nesodd1.no\/wp-content\/uploads\/2018\/06\/IMG_15021.jpg?resize=300%2C225&#038;ssl=1\" alt=\"\" width=\"300\" height=\"225\" srcset=\"https:\/\/i0.wp.com\/pequod.nesodd1.no\/wp-content\/uploads\/2018\/06\/IMG_15021.jpg?resize=300%2C225&amp;ssl=1 300w, https:\/\/i0.wp.com\/pequod.nesodd1.no\/wp-content\/uploads\/2018\/06\/IMG_15021.jpg?resize=100%2C75&amp;ssl=1 100w, https:\/\/i0.wp.com\/pequod.nesodd1.no\/wp-content\/uploads\/2018\/06\/IMG_15021.jpg?resize=768%2C576&amp;ssl=1 768w, https:\/\/i0.wp.com\/pequod.nesodd1.no\/wp-content\/uploads\/2018\/06\/IMG_15021.jpg?resize=1024%2C768&amp;ssl=1 1024w, https:\/\/i0.wp.com\/pequod.nesodd1.no\/wp-content\/uploads\/2018\/06\/IMG_15021.jpg?w=1880&amp;ssl=1 1880w, https:\/\/i0.wp.com\/pequod.nesodd1.no\/wp-content\/uploads\/2018\/06\/IMG_15021.jpg?w=2820&amp;ssl=1 2820w\" sizes=\"auto, (max-width: 300px) 100vw, 300px\" \/><\/a><figcaption id=\"caption-attachment-14136\" class=\"wp-caption-text\">Passerer Landsteilene<\/figcaption><\/figure>\n<p><strong>OPPDATERING 2020:&nbsp;<\/strong>Den havarerte flytebrygga som har ligget ved Landsteilene i flere \u00e5r er n\u00e5 fjernet og reparasjonene av brygga ved landsiden ser ut til \u00e5 v\u00e6re ferdiggjort h\u00f8sten 2020. Det er dog noe usikkerhet om det er Nesodden Kystlag eller Nesodden kommune som er ansvarlige, da kommunen kaster ut kystlaget fra lokalene som laget har vedlikeholdt i mange \u00e5r. Gir meg en d\u00e5rlig smak i munnen, for \u00e5 si det slik.<\/p>\n<p>Den nye brygga er p\u00e5 plass og det er mulig \u00e5 legge til der. Vann og str\u00f8m er ikke p\u00e5 plass &#8211; det var det der f\u00f8r &#8211; men mulig det kommer p\u00e5 plass til neste \u00e5r? P\u00e5 land er det flere sittebenker og grillsteder og hele omr\u00e5det framst\u00e5r som ryddig og pent.<\/p>\n<p>Positivt er det ogs\u00e5 n\u00e5 at det er laget en slags rullestolrampe ved den nye kaia. Litt bratt, men det g\u00e5r.<\/p>\n<p>Sjekk ogs\u00e5 ut Nesodden Seilforenings <a href=\"https:\/\/pequod.nesodd1.no\/?page_id=7474\">gjestehavn<\/a> p\u00e5 den andre siden, p\u00e5 Persteilene.<\/p>\n<p><a href=\"https:\/\/i0.wp.com\/pequod.nesodd1.no\/wp-content\/uploads\/2020\/10\/IMG-0601.jpg?ssl=1\"><img data-recalc-dims=\"1\" loading=\"lazy\" decoding=\"async\" data-attachment-id=\"20536\" data-permalink=\"https:\/\/pequod.nesodd1.no\/?attachment_id=20536\" data-orig-file=\"https:\/\/i0.wp.com\/pequod.nesodd1.no\/wp-content\/uploads\/2020\/10\/IMG-0601.jpg?fit=960%2C720&amp;ssl=1\" data-orig-size=\"960,720\" data-comments-opened=\"1\" data-image-meta=\"{&quot;aperture&quot;:&quot;1.8&quot;,&quot;credit&quot;:&quot;&quot;,&quot;camera&quot;:&quot;iPhone 11 Pro Max&quot;,&quot;caption&quot;:&quot;&quot;,&quot;created_timestamp&quot;:&quot;1603976505&quot;,&quot;copyright&quot;:&quot;&quot;,&quot;focal_length&quot;:&quot;4.25&quot;,&quot;iso&quot;:&quot;32&quot;,&quot;shutter_speed&quot;:&quot;0.0022779043280182&quot;,&quot;title&quot;:&quot;&quot;,&quot;orientation&quot;:&quot;1&quot;}\" data-image-title=\"IMG-0601\" data-image-description=\"&lt;p&gt;Landsteilene, Steilene, brygge&lt;\/p&gt;\n\" data-image-caption=\"\" data-large-file=\"https:\/\/i0.wp.com\/pequod.nesodd1.no\/wp-content\/uploads\/2020\/10\/IMG-0601.jpg?fit=940%2C705&amp;ssl=1\" class=\"aligncenter size-full wp-image-20536\" src=\"https:\/\/i0.wp.com\/pequod.nesodd1.no\/wp-content\/uploads\/2020\/10\/IMG-0601.jpg?resize=940%2C705&#038;ssl=1\" alt=\"\" width=\"940\" height=\"705\" srcset=\"https:\/\/i0.wp.com\/pequod.nesodd1.no\/wp-content\/uploads\/2020\/10\/IMG-0601.jpg?w=960&amp;ssl=1 960w, https:\/\/i0.wp.com\/pequod.nesodd1.no\/wp-content\/uploads\/2020\/10\/IMG-0601.jpg?resize=300%2C225&amp;ssl=1 300w, https:\/\/i0.wp.com\/pequod.nesodd1.no\/wp-content\/uploads\/2020\/10\/IMG-0601.jpg?resize=100%2C75&amp;ssl=1 100w, https:\/\/i0.wp.com\/pequod.nesodd1.no\/wp-content\/uploads\/2020\/10\/IMG-0601.jpg?resize=768%2C576&amp;ssl=1 768w\" sizes=\"auto, (max-width: 940px) 100vw, 940px\" \/><\/a><\/p>\n<h3>Related Images:<\/h3>","protected":false},"excerpt":{"rendered":"<p>Vurdering (5 anker er best): Posisjon: 59\u00b049&#8217;1.1&#8243;N 10\u00b036&#8217;55.7&#8243;E Antall bes\u00f8k: 7 Sist bes\u00f8kt: 21.03.2021 Facebookside Fasiliteter: S\u00f8ppel, badeplass. Toalett og mulighet for booking av overnatting i Tapperiet. Ogs\u00e5 utedo. Grillplasser og sittebenker p\u00e5 land.. Fort\u00f8yning: Langsides, evt. med baug mot brygge og anker akter. Havneavgift (for 29-foter): Vet ikke. Kan visst vippses. Tilrettelagt for funksjonshemmede: &hellip;<br \/><a href=\"https:\/\/pequod.nesodd1.no\/?page_id=9867\" class=\"more-link pen_element_default pen_icon_arrow_double\">Les<\/a><\/p>\n","protected":false},"author":1,"featured_media":8199,"parent":5665,"menu_order":0,"comment_status":"closed","ping_status":"closed","template":"","meta":{"_crdt_document":"","ngg_post_thumbnail":0,"jetpack_post_was_ever_published":false,"footnotes":""},"class_list":["post-9867","page","type-page","status-publish","has-post-thumbnail","hentry"],"jetpack_shortlink":"https:\/\/wp.me\/P3Zd9b-2z9","jetpack_sharing_enabled":true,"jetpack_likes_enabled":true,"jetpack-related-posts":[],"_links":{"self":[{"href":"https:\/\/pequod.nesodd1.no\/index.php?rest_route=\/wp\/v2\/pages\/9867","targetHints":{"allow":["GET"]}}],"collection":[{"href":"https:\/\/pequod.nesodd1.no\/index.php?rest_route=\/wp\/v2\/pages"}],"about":[{"href":"https:\/\/pequod.nesodd1.no\/index.php?rest_route=\/wp\/v2\/types\/page"}],"author":[{"embeddable":true,"href":"https:\/\/pequod.nesodd1.no\/index.php?rest_route=\/wp\/v2\/users\/1"}],"replies":[{"embeddable":true,"href":"https:\/\/pequod.nesodd1.no\/index.php?rest_route=%2Fwp%2Fv2%2Fcomments&post=9867"}],"version-history":[{"count":12,"href":"https:\/\/pequod.nesodd1.no\/index.php?rest_route=\/wp\/v2\/pages\/9867\/revisions"}],"predecessor-version":[{"id":21537,"href":"https:\/\/pequod.nesodd1.no\/index.php?rest_route=\/wp\/v2\/pages\/9867\/revisions\/21537"}],"up":[{"embeddable":true,"href":"https:\/\/pequod.nesodd1.no\/index.php?rest_route=\/wp\/v2\/pages\/5665"}],"wp:featuredmedia":[{"embeddable":true,"href":"https:\/\/pequod.nesodd1.no\/index.php?rest_route=\/wp\/v2\/media\/8199"}],"wp:attachment":[{"href":"https:\/\/pequod.nesodd1.no\/index.php?rest_route=%2Fwp%2Fv2%2Fmedia&parent=9867"}],"curies":[{"name":"wp","href":"https:\/\/api.w.org\/{rel}","templated":true}]}}